{"id":3816,"date":"2019-04-28T10:27:19","date_gmt":"2019-04-28T10:27:19","guid":{"rendered":"http:\/\/www.ahnenforschung-jackmuth.de\/?page_id=3816"},"modified":"2019-04-28T11:02:53","modified_gmt":"2019-04-28T11:02:53","slug":"kemmenau-reichard-reichert","status":"publish","type":"page","link":"https:\/\/www.ahnenforschung-jackmuth.de\/?page_id=3816","title":{"rendered":"Kemmenau &#8211; Reichard\/Reichert"},"content":{"rendered":"<p><span style=\"color: #ff0000;\"><strong><em><u>Reichard\/Reichert<\/u><\/em><\/strong><strong>, Johann Anton:<\/strong><\/span> \u201eein zu Kemmenau ad interim gewesener Schulmeister\u201c; s. a. u. <a href=\"http:\/\/www.ahnenforschung-jackmuth.de\/?page_id=3850\">Weber<\/a><\/p>\n<p><strong>oo 02.10.1707 Ems<\/strong><\/p>\n<p>mit <strong><u>V\u00f6llbach<\/u>, Anna Margaretha:<\/strong> Tochter des verst. <a href=\"http:\/\/www.ahnenforschung-jackmuth.de\/?page_id=3842\">Hans Jakob V\u00f6llbach<\/a> aus Kemmenau<\/p>\n<table width=\"576\">\n<tbody>\n<tr>\n<td width=\"161\">1) Johannes<\/td>\n<td width=\"151\">gt. 13.11.1707 Ems<\/td>\n<td width=\"265\"><\/td>\n<\/tr>\n<\/tbody>\n<\/table>\n<p style=\"text-align: justify;\"><strong>Paten:<\/strong><em> Tauffzeugen sind: Johann Hermann Mertz, Johannes Dollfu\u00df vnd Agatha, wei[land] Johannes Zimmerschieds nachgelassene Wittib \/: diese alle zu Kemmenau sich auffhaltende :\/<\/em><\/p>\n<p style=\"text-align: justify;\">Im P\u00f6nitentenregister wegen Ehe kurz vor der Geburt (KB 1, pag. 835): <em>Anno Salutis nostr\u00e6 1707, den 2ten Octobris, war Dom[inica] XV p[ost] Trin[itatis], haben Johannes Reichard, zu Kem[m]enau, ad interim gewesener Schulmeister, vnd Anna Margaretha, weil[and] Hans Jacob V\u00f6llbachs, gewesenen Einwohners daselbst, hinterlassene Tochter, wegen begangener Hurerey, ihre offentliche Kirchen-Poenitentz dem\u00fctig verrichtet.<\/em><\/p>\n<p style=\"text-align: justify;\"><em>\u00a0<\/em><strong><span style=\"font-size: 10pt;\">Letzte \u00c4nderung: 28. April 2019<\/span><\/strong><br \/>\n<strong><span style=\"font-size: 10pt;\">Ralph Jackmuth<\/span><\/strong><\/p>\n","protected":false},"excerpt":{"rendered":"<p>Reichard\/Reichert, Johann Anton: \u201eein zu Kemmenau ad interim gewesener Schulmeister\u201c; s. a. u. Weber oo 02.10.1707 Ems mit V\u00f6llbach, Anna Margaretha: Tochter des verst. Hans Jakob V\u00f6llbach aus Kemmenau 1) Johannes gt. 13.11.1707 Ems Paten: Tauffzeugen sind: Johann Hermann Mertz, Johannes Dollfu\u00df vnd Agatha, wei[land] Johannes Zimmerschieds nachgelassene Wittib \/: diese alle zu Kemmenau sich &hellip; <a href=\"https:\/\/www.ahnenforschung-jackmuth.de\/?page_id=3816\" class=\"more-link\"><span class=\"screen-reader-text\">\u201eKemmenau &#8211; Reichard\/Reichert\u201c<\/span> weiterlesen<\/a><\/p>\n","protected":false},"author":1,"featured_media":0,"parent":0,"menu_order":0,"comment_status":"closed","ping_status":"closed","template":"","meta":{"footnotes":""},"class_list":["post-3816","page","type-page","status-publish","hentry"],"_links":{"self":[{"href":"https:\/\/www.ahnenforschung-jackmuth.de\/index.php?rest_route=\/wp\/v2\/pages\/3816","targetHints":{"allow":["GET"]}}],"collection":[{"href":"https:\/\/www.ahnenforschung-jackmuth.de\/index.php?rest_route=\/wp\/v2\/pages"}],"about":[{"href":"https:\/\/www.ahnenforschung-jackmuth.de\/index.php?rest_route=\/wp\/v2\/types\/page"}],"author":[{"embeddable":true,"href":"https:\/\/www.ahnenforschung-jackmuth.de\/index.php?rest_route=\/wp\/v2\/users\/1"}],"replies":[{"embeddable":true,"href":"https:\/\/www.ahnenforschung-jackmuth.de\/index.php?rest_route=%2Fwp%2Fv2%2Fcomments&post=3816"}],"version-history":[{"count":0,"href":"https:\/\/www.ahnenforschung-jackmuth.de\/index.php?rest_route=\/wp\/v2\/pages\/3816\/revisions"}],"wp:attachment":[{"href":"https:\/\/www.ahnenforschung-jackmuth.de\/index.php?rest_route=%2Fwp%2Fv2%2Fmedia&parent=3816"}],"curies":[{"name":"wp","href":"https:\/\/api.w.org\/{rel}","templated":true}]}}