{"id":3784,"date":"2019-04-28T09:39:17","date_gmt":"2019-04-28T09:39:17","guid":{"rendered":"http:\/\/www.ahnenforschung-jackmuth.de\/?page_id=3784"},"modified":"2019-04-28T11:41:47","modified_gmt":"2019-04-28T11:41:47","slug":"kemmenau-friess","status":"publish","type":"page","link":"https:\/\/www.ahnenforschung-jackmuth.de\/?page_id=3784","title":{"rendered":"Kemmenau &#8211; Frie\u00df"},"content":{"rendered":"<p><span style=\"color: #ff0000;\"><strong><em><u>Frie\u00df<\/u><\/em><\/strong><strong>, Peter:<\/strong><\/span> Einwohner von Kemmenau; bg. 15.12.1683 Ems<\/p>\n<hr \/>\n<p><span style=\"color: #ff0000;\"><strong><em><u>Frie\u00df<\/u><\/em><\/strong><strong>, Jakob:<\/strong> <\/span>Einwohner von Kemmenau: Pate 16.08.1685 bei Johann Nikolaus Honders in Kemmenau<\/p>\n<hr \/>\n<p><span style=\"color: #ff0000;\"><strong><em><u>Frie\u00df<\/u><\/em><\/strong><strong>, Hans Jakob<\/strong><\/span><\/p>\n<p>oo mit <strong>Sophia<\/strong><\/p>\n<table width=\"586\">\n<tbody>\n<tr>\n<td width=\"208\">Johann Georg<\/td>\n<td width=\"161\">gt. 17.02.1686 Ems<\/td>\n<td width=\"217\"><\/td>\n<\/tr>\n<\/tbody>\n<\/table>\n<p style=\"text-align: justify;\"><strong>Paten:<\/strong> <em>Gevattern waren: 1) Johann Nicolaus, Han\u00df Merte Zimmerschids Sohn alhier; 2) Anna Maria, Caroli Mertzen Dochter zu Kemenau; 3) Georg N. au\u00df der Augst<\/em><\/p>\n<hr \/>\n<p style=\"text-align: justify;\"><strong><span style=\"font-size: 10pt;\">Letzte \u00c4nderung: 28. April 2019<\/span><\/strong><br \/>\n<strong><span style=\"font-size: 10pt;\">Ralph Jackmuth<\/span><\/strong><\/p>\n","protected":false},"excerpt":{"rendered":"<p>Frie\u00df, Peter: Einwohner von Kemmenau; bg. 15.12.1683 Ems Frie\u00df, Jakob: Einwohner von Kemmenau: Pate 16.08.1685 bei Johann Nikolaus Honders in Kemmenau Frie\u00df, Hans Jakob oo mit Sophia Johann Georg gt. 17.02.1686 Ems Paten: Gevattern waren: 1) Johann Nicolaus, Han\u00df Merte Zimmerschids Sohn alhier; 2) Anna Maria, Caroli Mertzen Dochter zu Kemenau; 3) Georg N. au\u00df &hellip; <a href=\"https:\/\/www.ahnenforschung-jackmuth.de\/?page_id=3784\" class=\"more-link\"><span class=\"screen-reader-text\">\u201eKemmenau &#8211; Frie\u00df\u201c<\/span> weiterlesen<\/a><\/p>\n","protected":false},"author":1,"featured_media":0,"parent":0,"menu_order":0,"comment_status":"closed","ping_status":"closed","template":"","meta":{"footnotes":""},"class_list":["post-3784","page","type-page","status-publish","hentry"],"_links":{"self":[{"href":"https:\/\/www.ahnenforschung-jackmuth.de\/index.php?rest_route=\/wp\/v2\/pages\/3784","targetHints":{"allow":["GET"]}}],"collection":[{"href":"https:\/\/www.ahnenforschung-jackmuth.de\/index.php?rest_route=\/wp\/v2\/pages"}],"about":[{"href":"https:\/\/www.ahnenforschung-jackmuth.de\/index.php?rest_route=\/wp\/v2\/types\/page"}],"author":[{"embeddable":true,"href":"https:\/\/www.ahnenforschung-jackmuth.de\/index.php?rest_route=\/wp\/v2\/users\/1"}],"replies":[{"embeddable":true,"href":"https:\/\/www.ahnenforschung-jackmuth.de\/index.php?rest_route=%2Fwp%2Fv2%2Fcomments&post=3784"}],"version-history":[{"count":0,"href":"https:\/\/www.ahnenforschung-jackmuth.de\/index.php?rest_route=\/wp\/v2\/pages\/3784\/revisions"}],"wp:attachment":[{"href":"https:\/\/www.ahnenforschung-jackmuth.de\/index.php?rest_route=%2Fwp%2Fv2%2Fmedia&parent=3784"}],"curies":[{"name":"wp","href":"https:\/\/api.w.org\/{rel}","templated":true}]}}