{"id":3773,"date":"2019-04-28T09:33:39","date_gmt":"2019-04-28T09:33:39","guid":{"rendered":"http:\/\/www.ahnenforschung-jackmuth.de\/?page_id=3773"},"modified":"2019-04-28T09:34:18","modified_gmt":"2019-04-28T09:34:18","slug":"kemmenau-dollfuss","status":"publish","type":"page","link":"https:\/\/www.ahnenforschung-jackmuth.de\/?page_id=3773","title":{"rendered":"Kemmenau &#8211; Dollfu\u00df"},"content":{"rendered":"<p style=\"text-align: justify;\"><span style=\"color: #ff0000;\"><strong><u>Dollfu\u00df<\/u><\/strong><strong>, Johann Sebastian:<\/strong><\/span> Arbeiter auf der Emser und umliegenden Schmelz- oder Eisenh\u00fctten; aus Malmedy (<em>Mamdi<\/em>) in Belgien; wohnt in Kemmenau<\/p>\n<p><strong>oo 22.10.1695 Ems<\/strong> (3. Prokl. 20.10.)<\/p>\n<p style=\"text-align: justify;\">mit <strong><em><u>Kn\u00f6tges\/Kneidgen<\/u><\/em>, Maria Katharina:<\/strong> Witwe des <a href=\"http:\/\/www.ahnenforschung-jackmuth.de\/?page_id=3322\">Hermann <em>Kneidgen<\/em><\/a>, gewesener Hofmann im Kastor- oder Zehnthof in Ems<\/p>\n<table width=\"605\">\n<tbody>\n<tr>\n<td width=\"189\">1) Maria Sophia<\/td>\n<td width=\"170\">gt. 19.07.1696 Ems<\/td>\n<td width=\"246\">bg. 20.04.1698 Ems<\/td>\n<\/tr>\n<tr>\n<td width=\"189\">2) Maria Margaretha<\/td>\n<td width=\"170\">gt. 20.02.1698 Ems<\/td>\n<td width=\"246\"><\/td>\n<\/tr>\n<tr>\n<td width=\"189\">3) Johann Hermann<\/td>\n<td width=\"170\">gt. 29.08.1700 Ems<\/td>\n<td width=\"246\">bg. 20.01.1746 Ems<\/td>\n<\/tr>\n<\/tbody>\n<\/table>\n<p style=\"text-align: justify;\"><strong>Taufpaten: zu 1)<\/strong> <em>Tauff-Goden sind: Maria Sophia, weiland Conrad M\u00fcllers zu Kemmenau nachgelassene Tochter, vnd Anna Maria, Michael Rosenbachs, des Schusters Hau\u00dffrau. Der Path ist: Hans Jacob Werner, ein Kramer allhier <\/em>\u2014 <strong>zu 2) <\/strong><em>Tauff-Goden sind: Anna Margretha, weiland Hans Jacob V\u00f6llbachs zu Kemmenau hinterlassene Tochter, vnd Maria Catharina, Joh[ann] Jacob M\u00fcllers zu Kemmenau Hau\u00dffrau. Der Path ist: Johannes Nicolaus Mertz zu Kemmenau <\/em>\u2014 <strong>zu 3) <\/strong><em>Tauffpathen sind: Johann Hermann Mertz, Einwohner v[nd] Schneider zu Kemmenau, vnd Johann Anthonius Lotz, Einwohner v[nd] Schieffmann am Baad. Die Good ist: Anna Catharina, Wendel Lotzen, des zeitlichen Frohners zu Nassau, Weib<\/em><\/p>\n<hr \/>\n<p style=\"text-align: justify;\"><strong><span style=\"font-size: 10pt;\">Letzte \u00c4nderung: 28. April 2019<\/span><\/strong><br \/>\n<strong><span style=\"font-size: 10pt;\">Ralph Jackmuth<\/span><\/strong><\/p>\n","protected":false},"excerpt":{"rendered":"<p>Dollfu\u00df, Johann Sebastian: Arbeiter auf der Emser und umliegenden Schmelz- oder Eisenh\u00fctten; aus Malmedy (Mamdi) in Belgien; wohnt in Kemmenau oo 22.10.1695 Ems (3. Prokl. 20.10.) mit Kn\u00f6tges\/Kneidgen, Maria Katharina: Witwe des Hermann Kneidgen, gewesener Hofmann im Kastor- oder Zehnthof in Ems 1) Maria Sophia gt. 19.07.1696 Ems bg. 20.04.1698 Ems 2) Maria Margaretha gt. &hellip; <a href=\"https:\/\/www.ahnenforschung-jackmuth.de\/?page_id=3773\" class=\"more-link\"><span class=\"screen-reader-text\">\u201eKemmenau &#8211; Dollfu\u00df\u201c<\/span> weiterlesen<\/a><\/p>\n","protected":false},"author":1,"featured_media":0,"parent":0,"menu_order":0,"comment_status":"closed","ping_status":"closed","template":"","meta":{"footnotes":""},"class_list":["post-3773","page","type-page","status-publish","hentry"],"_links":{"self":[{"href":"https:\/\/www.ahnenforschung-jackmuth.de\/index.php?rest_route=\/wp\/v2\/pages\/3773","targetHints":{"allow":["GET"]}}],"collection":[{"href":"https:\/\/www.ahnenforschung-jackmuth.de\/index.php?rest_route=\/wp\/v2\/pages"}],"about":[{"href":"https:\/\/www.ahnenforschung-jackmuth.de\/index.php?rest_route=\/wp\/v2\/types\/page"}],"author":[{"embeddable":true,"href":"https:\/\/www.ahnenforschung-jackmuth.de\/index.php?rest_route=\/wp\/v2\/users\/1"}],"replies":[{"embeddable":true,"href":"https:\/\/www.ahnenforschung-jackmuth.de\/index.php?rest_route=%2Fwp%2Fv2%2Fcomments&post=3773"}],"version-history":[{"count":0,"href":"https:\/\/www.ahnenforschung-jackmuth.de\/index.php?rest_route=\/wp\/v2\/pages\/3773\/revisions"}],"wp:attachment":[{"href":"https:\/\/www.ahnenforschung-jackmuth.de\/index.php?rest_route=%2Fwp%2Fv2%2Fmedia&parent=3773"}],"curies":[{"name":"wp","href":"https:\/\/api.w.org\/{rel}","templated":true}]}}