{"id":3733,"date":"2019-04-27T20:30:30","date_gmt":"2019-04-27T20:30:30","guid":{"rendered":"http:\/\/www.ahnenforschung-jackmuth.de\/?page_id=3733"},"modified":"2019-04-27T20:30:30","modified_gmt":"2019-04-27T20:30:30","slug":"ems-bad-winn-wenn","status":"publish","type":"page","link":"https:\/\/www.ahnenforschung-jackmuth.de\/?page_id=3733","title":{"rendered":"Ems (Bad) &#8211; Winn\/Wenn"},"content":{"rendered":"<p style=\"text-align: justify;\"><span style=\"color: #ff0000;\"><strong><em><u>Winn<\/u><\/em><\/strong><strong>, Philipp:<\/strong> <\/span>ein Schmied auf dem Bad; Pate 30.10.1701 bei Johann Georg Hoffmann in Ems (<em>Philips Winn, ein alter Schmitt allhier<\/em>)<\/p>\n<p>oo mit <strong>N. N.<\/strong><\/p>\n<table width=\"595\">\n<tbody>\n<tr>\n<td width=\"142\">1) &#8230; Philippina<\/td>\n<td width=\"104\"><\/td>\n<td width=\"350\">Patin 12.08.1683 bei Barthel Schepp am Bad<\/td>\n<\/tr>\n<tr>\n<td width=\"142\">2) Anna Margaretha<\/td>\n<td width=\"104\"><\/td>\n<td width=\"350\">Patin 13.12.1685 bei Michael Schupp in Ems und evtl. 17.04.1687 bei dem Kuhirten Wilhelm in Ems<\/td>\n<\/tr>\n<\/tbody>\n<\/table>\n<hr \/>\n<p style=\"text-align: justify;\"><span style=\"color: #ff0000;\"><strong><em><u>Winn<\/u><\/em><\/strong><strong>, Henrich:<\/strong> <\/span>vom Bad; Pate 29.03.1685 bei Barthel Schepp am Bad und 04.09.1687 bei Michel Schupp in Ems<\/p>\n<hr \/>\n<p style=\"text-align: justify;\"><span style=\"color: #ff0000;\"><strong><em><u>Wenn<\/u><\/em><\/strong><strong>, Johannes:<\/strong> <\/span>ein Strohdecker; geb\u00fcrtig aus Boppard und dort * 27.06.1660, Sohn des Andreas <em>Wendt<\/em>, Dachdecker in Boppard (vgl. B\u00fcrgerbuch Boppard W\/128)<\/p>\n<p><strong>oo 23.08.1698 Ems<\/strong> mit <strong><u>Schneider<\/u>, Anna Elisabeth:<\/strong> geb\u00fcrtig zu <em>Mehr&lt;&#8230;&gt;<\/em> in der Eifel<\/p>\n<p style=\"text-align: justify;\">Die Witwe im P\u00f6nitentenregister (KB 1, pag. 836): <em>A<\/em><em>nno 1711, am 7 Junij, war Dom[inica] 1 p[ost] Trin[itatis], hat die verwittibte Anna Elisabetha Wendin, sonsten \u201edie Lahme Lie\u00df\u201c genant, wegen ihres eine Zeit lang \u00fcbel gef\u00fchrten Lebens zu Baad-Embs, die consistorialiter ihr injungirte Kirchen-Bu\u00df in christlichem Gehorsam abgestattet.<\/em><\/p>\n<hr \/>\n<p style=\"text-align: justify;\"><strong><span style=\"font-size: 10pt;\">Letzte \u00c4nderung: 27. April 2019<\/span><\/strong><br \/>\n<strong><span style=\"font-size: 10pt;\">Ralph Jackmuth<\/span><\/strong><\/p>\n","protected":false},"excerpt":{"rendered":"<p>Winn, Philipp: ein Schmied auf dem Bad; Pate 30.10.1701 bei Johann Georg Hoffmann in Ems (Philips Winn, ein alter Schmitt allhier) oo mit N. N. 1) &#8230; Philippina Patin 12.08.1683 bei Barthel Schepp am Bad 2) Anna Margaretha Patin 13.12.1685 bei Michael Schupp in Ems und evtl. 17.04.1687 bei dem Kuhirten Wilhelm in Ems Winn, &hellip; <a href=\"https:\/\/www.ahnenforschung-jackmuth.de\/?page_id=3733\" class=\"more-link\"><span class=\"screen-reader-text\">\u201eEms (Bad) &#8211; Winn\/Wenn\u201c<\/span> weiterlesen<\/a><\/p>\n","protected":false},"author":1,"featured_media":0,"parent":0,"menu_order":0,"comment_status":"closed","ping_status":"closed","template":"","meta":{"footnotes":""},"class_list":["post-3733","page","type-page","status-publish","hentry"],"_links":{"self":[{"href":"https:\/\/www.ahnenforschung-jackmuth.de\/index.php?rest_route=\/wp\/v2\/pages\/3733","targetHints":{"allow":["GET"]}}],"collection":[{"href":"https:\/\/www.ahnenforschung-jackmuth.de\/index.php?rest_route=\/wp\/v2\/pages"}],"about":[{"href":"https:\/\/www.ahnenforschung-jackmuth.de\/index.php?rest_route=\/wp\/v2\/types\/page"}],"author":[{"embeddable":true,"href":"https:\/\/www.ahnenforschung-jackmuth.de\/index.php?rest_route=\/wp\/v2\/users\/1"}],"replies":[{"embeddable":true,"href":"https:\/\/www.ahnenforschung-jackmuth.de\/index.php?rest_route=%2Fwp%2Fv2%2Fcomments&post=3733"}],"version-history":[{"count":0,"href":"https:\/\/www.ahnenforschung-jackmuth.de\/index.php?rest_route=\/wp\/v2\/pages\/3733\/revisions"}],"wp:attachment":[{"href":"https:\/\/www.ahnenforschung-jackmuth.de\/index.php?rest_route=%2Fwp%2Fv2%2Fmedia&parent=3733"}],"curies":[{"name":"wp","href":"https:\/\/api.w.org\/{rel}","templated":true}]}}