{"id":3703,"date":"2019-04-27T20:12:25","date_gmt":"2019-04-27T20:12:25","guid":{"rendered":"http:\/\/www.ahnenforschung-jackmuth.de\/?page_id=3703"},"modified":"2019-04-27T20:12:25","modified_gmt":"2019-04-27T20:12:25","slug":"ems-bad-schneider","status":"publish","type":"page","link":"https:\/\/www.ahnenforschung-jackmuth.de\/?page_id=3703","title":{"rendered":"Ems (Bad) &#8211; Schneider"},"content":{"rendered":"<p style=\"text-align: justify;\"><span style=\"color: #ff0000;\"><strong><u>Schneider<\/u><\/strong><strong>, Johann Jakob:<\/strong> <\/span>\u201eein in dem nach Siegen geh\u00f6rigen Dorf <em>Birbach<\/em> [Burbach ?] geb\u00fcrtiger B\u00e4cker, so sich itzo auf dem Bad aufh\u00e4lt\u201c<\/p>\n<p>oo mit <strong>Elisabeth<\/strong><\/p>\n<table width=\"586\">\n<tbody>\n<tr>\n<td width=\"161\">Johannetta Charlotta<\/td>\n<td width=\"142\">gt. 13.04.1698 Ems<\/td>\n<td width=\"284\"><\/td>\n<\/tr>\n<\/tbody>\n<\/table>\n<p style=\"text-align: justify;\"><strong>Paten:<\/strong> <em>Tauffzeugen sind: J[ung]f[e]r Johannetta Charlotta Hainerin au\u00df Steinfurt vnd Arnold Metzger, ein G\u00e4rtner au\u00df Darmbstatt<\/em><\/p>\n<hr \/>\n<p style=\"text-align: justify;\"><strong><span style=\"font-size: 10pt;\">Letzte \u00c4nderung: 27. April 2019<\/span><\/strong><br \/>\n<strong><span style=\"font-size: 10pt;\">Ralph Jackmuth<\/span><\/strong><\/p>\n","protected":false},"excerpt":{"rendered":"<p>Schneider, Johann Jakob: \u201eein in dem nach Siegen geh\u00f6rigen Dorf Birbach [Burbach ?] geb\u00fcrtiger B\u00e4cker, so sich itzo auf dem Bad aufh\u00e4lt\u201c oo mit Elisabeth Johannetta Charlotta gt. 13.04.1698 Ems Paten: Tauffzeugen sind: J[ung]f[e]r Johannetta Charlotta Hainerin au\u00df Steinfurt vnd Arnold Metzger, ein G\u00e4rtner au\u00df Darmbstatt Letzte \u00c4nderung: 27. April 2019 Ralph Jackmuth<\/p>\n","protected":false},"author":1,"featured_media":0,"parent":0,"menu_order":0,"comment_status":"closed","ping_status":"closed","template":"","meta":{"footnotes":""},"class_list":["post-3703","page","type-page","status-publish","hentry"],"_links":{"self":[{"href":"https:\/\/www.ahnenforschung-jackmuth.de\/index.php?rest_route=\/wp\/v2\/pages\/3703","targetHints":{"allow":["GET"]}}],"collection":[{"href":"https:\/\/www.ahnenforschung-jackmuth.de\/index.php?rest_route=\/wp\/v2\/pages"}],"about":[{"href":"https:\/\/www.ahnenforschung-jackmuth.de\/index.php?rest_route=\/wp\/v2\/types\/page"}],"author":[{"embeddable":true,"href":"https:\/\/www.ahnenforschung-jackmuth.de\/index.php?rest_route=\/wp\/v2\/users\/1"}],"replies":[{"embeddable":true,"href":"https:\/\/www.ahnenforschung-jackmuth.de\/index.php?rest_route=%2Fwp%2Fv2%2Fcomments&post=3703"}],"version-history":[{"count":0,"href":"https:\/\/www.ahnenforschung-jackmuth.de\/index.php?rest_route=\/wp\/v2\/pages\/3703\/revisions"}],"wp:attachment":[{"href":"https:\/\/www.ahnenforschung-jackmuth.de\/index.php?rest_route=%2Fwp%2Fv2%2Fmedia&parent=3703"}],"curies":[{"name":"wp","href":"https:\/\/api.w.org\/{rel}","templated":true}]}}