{"id":3676,"date":"2019-04-27T19:58:47","date_gmt":"2019-04-27T19:58:47","guid":{"rendered":"http:\/\/www.ahnenforschung-jackmuth.de\/?page_id=3676"},"modified":"2019-04-27T19:58:47","modified_gmt":"2019-04-27T19:58:47","slug":"ems-bad-oeser","status":"publish","type":"page","link":"https:\/\/www.ahnenforschung-jackmuth.de\/?page_id=3676","title":{"rendered":"Ems (Bad) &#8211; \u00d6ser"},"content":{"rendered":"<p><span style=\"color: #ff0000;\"><strong><u>\u00d6ser<\/u><\/strong><strong>, Nikolaus Quirin: <\/strong><\/span>ein Schneider am Bad<\/p>\n<p>oo mit <strong>Anna Barbara<\/strong><\/p>\n<table width=\"595\">\n<tbody>\n<tr>\n<td width=\"161\">Anna Christina<\/td>\n<td width=\"227\">gt. 02.02.1709 Ems<\/td>\n<td width=\"208\"><\/td>\n<\/tr>\n<\/tbody>\n<\/table>\n<p style=\"text-align: justify;\"><strong>Paten:<\/strong> <em>Tauff-Goden sind: Frau Anna Magdalena, H[errn] Johann Nicolai Hermann, wohlbestellten Vogts auff dem hochf\u00fcrst[lichen] hessen-darmbst\u00e4ttischen Baad uxor, vnd Frau Christina Maria, H[errn] Johann Christoph G\u00f6decks, wohlbeordneten Vogts auff dem hochf\u00fcrst[lich] nassau-dietzischen Baad, Eheweib. Der Path ist: Herr Georg Jacob Kohlermann, wohlverordneter Pfarrer zu Schweickhau\u00dfen<\/em><\/p>\n<hr \/>\n<p style=\"text-align: justify;\"><strong><span style=\"font-size: 10pt;\">Letzte \u00c4nderung: 27. April 2019<\/span><\/strong><br \/>\n<strong><span style=\"font-size: 10pt;\">Ralph Jackmuth<\/span><\/strong><\/p>\n","protected":false},"excerpt":{"rendered":"<p>\u00d6ser, Nikolaus Quirin: ein Schneider am Bad oo mit Anna Barbara Anna Christina gt. 02.02.1709 Ems Paten: Tauff-Goden sind: Frau Anna Magdalena, H[errn] Johann Nicolai Hermann, wohlbestellten Vogts auff dem hochf\u00fcrst[lichen] hessen-darmbst\u00e4ttischen Baad uxor, vnd Frau Christina Maria, H[errn] Johann Christoph G\u00f6decks, wohlbeordneten Vogts auff dem hochf\u00fcrst[lich] nassau-dietzischen Baad, Eheweib. Der Path ist: Herr Georg &hellip; <a href=\"https:\/\/www.ahnenforschung-jackmuth.de\/?page_id=3676\" class=\"more-link\"><span class=\"screen-reader-text\">\u201eEms (Bad) &#8211; \u00d6ser\u201c<\/span> weiterlesen<\/a><\/p>\n","protected":false},"author":1,"featured_media":0,"parent":0,"menu_order":0,"comment_status":"closed","ping_status":"closed","template":"","meta":{"footnotes":""},"class_list":["post-3676","page","type-page","status-publish","hentry"],"_links":{"self":[{"href":"https:\/\/www.ahnenforschung-jackmuth.de\/index.php?rest_route=\/wp\/v2\/pages\/3676","targetHints":{"allow":["GET"]}}],"collection":[{"href":"https:\/\/www.ahnenforschung-jackmuth.de\/index.php?rest_route=\/wp\/v2\/pages"}],"about":[{"href":"https:\/\/www.ahnenforschung-jackmuth.de\/index.php?rest_route=\/wp\/v2\/types\/page"}],"author":[{"embeddable":true,"href":"https:\/\/www.ahnenforschung-jackmuth.de\/index.php?rest_route=\/wp\/v2\/users\/1"}],"replies":[{"embeddable":true,"href":"https:\/\/www.ahnenforschung-jackmuth.de\/index.php?rest_route=%2Fwp%2Fv2%2Fcomments&post=3676"}],"version-history":[{"count":0,"href":"https:\/\/www.ahnenforschung-jackmuth.de\/index.php?rest_route=\/wp\/v2\/pages\/3676\/revisions"}],"wp:attachment":[{"href":"https:\/\/www.ahnenforschung-jackmuth.de\/index.php?rest_route=%2Fwp%2Fv2%2Fmedia&parent=3676"}],"curies":[{"name":"wp","href":"https:\/\/api.w.org\/{rel}","templated":true}]}}