{"id":3673,"date":"2019-04-27T19:56:32","date_gmt":"2019-04-27T19:56:32","guid":{"rendered":"http:\/\/www.ahnenforschung-jackmuth.de\/?page_id=3673"},"modified":"2019-04-27T19:56:32","modified_gmt":"2019-04-27T19:56:32","slug":"ems-bad-ohlimacher","status":"publish","type":"page","link":"https:\/\/www.ahnenforschung-jackmuth.de\/?page_id=3673","title":{"rendered":"Ems (Bad) &#8211; Ohlimacher"},"content":{"rendered":"<p><span style=\"color: #ff0000;\"><strong><u>Ohlimacher<\/u><\/strong><strong>, (Johann) Georg:<\/strong><\/span> nassau-diezischer Vogt auf dem Bad; bg. 07.06.1688 Ems, 59 Jahre 1 Monat und 12 Tage alt<\/p>\n<p>oo mit <strong>Maria Jakobina:<\/strong> bg. 02.01.1696 Ems, 67 Jahre 7 Monate und 14 Tage alt<\/p>\n<hr \/>\n<p style=\"text-align: justify;\"><span style=\"color: #ff0000;\"><strong><u>Ohlimacher<\/u><\/strong><strong>, Johann Hermann David:<\/strong><\/span> f\u00fcrstl. nassau-diezischer Vogt auf dem Bad; Sohn von (Johann) Georg Ohlimacher; bg. 01.05.1696 Ems, 37 Jahre und 3 Monate alt<\/p>\n<p>oo 09.12.1687 abends 6 Uhr auf dem Bad durch den ref. Inspektor R\u00fccker zu Nassau<\/p>\n<p style=\"text-align: justify;\">mit <strong><u>Fischer<\/u><\/strong>, <strong>Christina Maria: <\/strong>Tochter des Ludwig Wilhelm Fischer, Hauptmann in Koblenz; oo II. (3. Prokl. 26.12.1696 Ems) mit Johann Christoph G\u00f6deck, nassau-diezischer Vogt auf dem Bad<\/p>\n<table width=\"595\">\n<tbody>\n<tr>\n<td width=\"123\">Georg Ludwig<\/td>\n<td width=\"236\">* 27.02.1688 (gt. 02.03.1688 Ems)<\/td>\n<td width=\"236\"><\/td>\n<\/tr>\n<\/tbody>\n<\/table>\n<p style=\"text-align: justify;\"><strong>Paten:<\/strong> <em>De\u00dfen Tauffpathen waren: Herr Georg Ohlimacher vnd H[err] Ludwig Wilhelm Fischer, Capitain in Coblentz, beyde Gro\u00dfe-V\u00e4tter. Die God aber: Anna Hedwig Leporinin, pastoris uxor.<\/em><\/p>\n<p style=\"text-align: justify;\">Zu Georg Ludwig Ohlimacher siehe HHStAW, Abt. 3036, Nachweis 3882: <a href=\"https:\/\/arcinsys.hessen.de\/arcinsys\/detailAction.action?detailid=v5677337&amp;icomefrom=search\">https:\/\/arcinsys.hessen.de\/arcinsys\/detailAction.action?detailid=v5677337&amp;icomefrom=search<\/a><\/p>\n<hr \/>\n<p style=\"text-align: justify;\"><span style=\"color: #ff0000;\"><strong><u>Ohlimacher<\/u><\/strong><strong>, Georg Wilhelm:<\/strong><\/span> Barbier, Chirurg (Wundarzt) und Gasthalter auf dem Bad (ist vermutlich Betreiber des \u201eAdler\u201c auf dem Bad)<\/p>\n<p>oo mit <strong>Susanna Elisabeth: <\/strong>bg. 25.11.1706 Ems, 42 Jahre alt; Patin 19.05.1695 bei Johann Karl Ahler<\/p>\n<table width=\"595\">\n<tbody>\n<tr>\n<td width=\"161\">Maria Jakobina<\/td>\n<td width=\"95\"><\/td>\n<td width=\"340\">Patin 07.08.1701 bei Johann Peter Berle<\/td>\n<\/tr>\n<\/tbody>\n<\/table>\n<hr \/>\n<p style=\"text-align: justify;\"><strong><span style=\"font-size: 10pt;\">Letzte \u00c4nderung: 27. April 2019<\/span><\/strong><br \/>\n<strong><span style=\"font-size: 10pt;\">Ralph Jackmuth<\/span><\/strong><\/p>\n","protected":false},"excerpt":{"rendered":"<p>Ohlimacher, (Johann) Georg: nassau-diezischer Vogt auf dem Bad; bg. 07.06.1688 Ems, 59 Jahre 1 Monat und 12 Tage alt oo mit Maria Jakobina: bg. 02.01.1696 Ems, 67 Jahre 7 Monate und 14 Tage alt Ohlimacher, Johann Hermann David: f\u00fcrstl. nassau-diezischer Vogt auf dem Bad; Sohn von (Johann) Georg Ohlimacher; bg. 01.05.1696 Ems, 37 Jahre und &hellip; <a href=\"https:\/\/www.ahnenforschung-jackmuth.de\/?page_id=3673\" class=\"more-link\"><span class=\"screen-reader-text\">\u201eEms (Bad) &#8211; Ohlimacher\u201c<\/span> weiterlesen<\/a><\/p>\n","protected":false},"author":1,"featured_media":0,"parent":0,"menu_order":0,"comment_status":"closed","ping_status":"closed","template":"","meta":{"footnotes":""},"class_list":["post-3673","page","type-page","status-publish","hentry"],"_links":{"self":[{"href":"https:\/\/www.ahnenforschung-jackmuth.de\/index.php?rest_route=\/wp\/v2\/pages\/3673","targetHints":{"allow":["GET"]}}],"collection":[{"href":"https:\/\/www.ahnenforschung-jackmuth.de\/index.php?rest_route=\/wp\/v2\/pages"}],"about":[{"href":"https:\/\/www.ahnenforschung-jackmuth.de\/index.php?rest_route=\/wp\/v2\/types\/page"}],"author":[{"embeddable":true,"href":"https:\/\/www.ahnenforschung-jackmuth.de\/index.php?rest_route=\/wp\/v2\/users\/1"}],"replies":[{"embeddable":true,"href":"https:\/\/www.ahnenforschung-jackmuth.de\/index.php?rest_route=%2Fwp%2Fv2%2Fcomments&post=3673"}],"version-history":[{"count":0,"href":"https:\/\/www.ahnenforschung-jackmuth.de\/index.php?rest_route=\/wp\/v2\/pages\/3673\/revisions"}],"wp:attachment":[{"href":"https:\/\/www.ahnenforschung-jackmuth.de\/index.php?rest_route=%2Fwp%2Fv2%2Fmedia&parent=3673"}],"curies":[{"name":"wp","href":"https:\/\/api.w.org\/{rel}","templated":true}]}}