{"id":3624,"date":"2019-04-27T19:19:22","date_gmt":"2019-04-27T19:19:22","guid":{"rendered":"http:\/\/www.ahnenforschung-jackmuth.de\/?page_id=3624"},"modified":"2019-04-27T19:21:11","modified_gmt":"2019-04-27T19:21:11","slug":"ems-bad-hermann","status":"publish","type":"page","link":"https:\/\/www.ahnenforschung-jackmuth.de\/?page_id=3624","title":{"rendered":"Ems (Bad) &#8211; Hermann"},"content":{"rendered":"<p><span style=\"color: #ff0000;\"><strong><u>Hermann<\/u><\/strong><strong>, Johann Nikolaus:<\/strong><\/span> f\u00fcrstl. hessen-darmst\u00e4dt. Vogt; wohnt auf dem Bad; bg. 12.09.1710 Ems, 50 Jahre 3 Monate und 8 Tage alt<\/p>\n<p><strong>oo 20.05.1685 Ems<\/strong> mit <strong><u>Archenholtz<\/u>, Anna Magdalena: <\/strong>Witwe des Henrich Archenholtz, gewesener hess. Vogt<\/p>\n<table width=\"595\">\n<tbody>\n<tr>\n<td style=\"width: 262.667px;\">1) Elisabetha Charlotta Ernestina<\/td>\n<td style=\"width: 268.667px;\">* 03.07.1687 <span style=\"font-size: 10pt;\">zw. 02:00 und 03:00<\/span><br \/>\ngt. 06.07.1687 Ems (Kapelle Bad)<br \/>\nkonf. 30.05.1700 (Pfingsten)<\/td>\n<td style=\"width: 262.667px;\">\n<p style=\"text-align: justify;\">oo 27.11.1710 mit Joh. Jakob Kohlermann, hessen-darmst. Hauptmann aus Gie\u00dfen<\/p>\n<\/td>\n<\/tr>\n<tr>\n<td style=\"width: 262.667px;\">2) Friedrich Wilhelm<\/td>\n<td style=\"width: 268.667px;\">* 24.12.1688 <span style=\"font-size: 10pt;\">08:00<\/span><br \/>\ngt. 30.12.1688 Ems<\/td>\n<td style=\"width: 262.667px;\"><\/td>\n<\/tr>\n<tr>\n<td style=\"width: 262.667px;\">3) Johann Ludwig<\/td>\n<td style=\"width: 268.667px;\">gt. 02.11.1690 Ems<\/td>\n<td style=\"width: 262.667px;\">bg. 22.04.1696 Ems<\/td>\n<\/tr>\n<\/tbody>\n<\/table>\n<p><strong>Paten:<\/strong><\/p>\n<p style=\"text-align: justify;\"><strong>zu 1) <\/strong><em>Gevattern waren: 1) die durchl. F\u00fc&lt;rstin&gt; vnd Frau, Fr. Elisabetha Dorothea, Landgr\u00e4fin &lt;zu&gt; Hessen, Vorm\u00fcnderin und Regentin <\/em>[Elisabeth Dorothea von Sachsen-Gotha-Altenburg (1640-1709), Mutter von Pate 3)]; <em>2) die durchl. Princessin von Ansbach Charlotta gebohrnen Margr\u00e4fin von Brandenburg <\/em>[Dorothea Charlotte von Brandenburg-Ansbach (1661-1705), Ehefrau von Pate 3)]; <em>3) der durchl. F\u00fcrst und Herr, H[err] Ernst Ludwig, Landgraf zu Hessen &lt;&#8230;&gt; der gn[\u00e4]d[ig]ste Erbprintz <\/em>[1667-1739, Landgraf von Hessen-Darmstadt]<em>. Deren Stelle vertraten H[err] Nicolaus Elbert, churf\u00fcrst[lich] main&lt;zi&gt;scher Leib-Medic[us] und dessen Eheliebste<\/em><\/p>\n<p style=\"text-align: justify;\"><strong>zu 2) <\/strong><em>Die erbetene Tauffzeugen sind: H[err] Johann Friederich Franciscus, des hochwolgebornen Herrn, Herrn Christoph Ludwigen, Freyherrn von vnd zum Stein, Herr Sohn, vnd Herr Wilhelm Ludwig, des hochedlen, vest vnd hochgelehrten Herrn Conrad von Bentheim, f\u00fcrst[lich] nassau-dietzischen Rath zu Nassau, Sohn. Die God aber ist Fr[au] Anna Catharina, des wohledlen, vest vnd hochgelehrten Herrn Joh[ann] Burckhard Plaustrarij, f\u00fcrst[lich] hessen-d[a]r[m]bst\u00e4ttischen Amtskellners in Br[au]bach Eheliebste <\/em>[Joh. Burkhard Plaustrarius: * 1649,<br \/>\n+ 24.07.1705 Zwingenberg (Bergstra\u00dfe)]<em>.<br \/>\n<\/em><\/p>\n<p style=\"text-align: justify;\"><strong>zu 3) <\/strong><em>Tauffzeugen waren: die durchleuchtigste F\u00fcrstin vnd Frau, Frau Eleonora Edmuth Louyse Marggr\u00e4ffin zu Brandenburg, gebohrne Hertzogin zu Sach\u00dfen, J\u00fclch-Cleve vnd Berg, zu Magdeburg in Preu\u00dfen, Stettin, Pommern, der Cassuben vnd Wenden, auch in Schle\u00dfien, zu Crossen vnd Schwebus Hertzogin, Burckgr\u00e4vin zu N\u00fcrnberg, F\u00fcrstin zu Halberstatt, Minden vnd Carmin, Gr\u00f6fin zu Sayn vnd Witgenstein, modo residirend zu Onoltzbach oder Creilsheim. Deren hochf\u00fcrstliche Stelle bey der h[eiligen] Tauff auff dem Baad hat vertretten Johannes Leporinus.<\/em><\/p>\n<hr \/>\n<p><span style=\"color: #ff0000;\"><strong><u>Hermann<\/u><\/strong><strong>, Johann Christoph:<\/strong><\/span> ein Barbier und Chirurg (Wundarzt) auf dem Bad<\/p>\n<p>oo mit <strong><u>D\u00f6rr<\/u>, Maria Sibylla Elisabeth<\/strong><\/p>\n<table width=\"595\">\n<tbody>\n<tr>\n<td width=\"198\">1) Ferdinand Karl Henrich<\/td>\n<td width=\"208\">* 23.07.1716 Ems (gt. 28.07.)<\/td>\n<td width=\"189\"><\/td>\n<\/tr>\n<tr>\n<td width=\"198\">2) Johann Christian Friedrich<\/td>\n<td width=\"208\">* 26.06.1721 Ems (gt. 29.06.)<\/td>\n<td width=\"189\"><\/td>\n<\/tr>\n<tr>\n<td width=\"198\">3) Johann Philipp<\/td>\n<td width=\"208\">* 22.08.1723 Ems (gt. 26.08.)<\/td>\n<td width=\"189\"><\/td>\n<\/tr>\n<tr>\n<td width=\"198\">4) Johann Karl Gabriel<\/td>\n<td width=\"208\">* 28.04.1725 Ems (gt. 01.05.)<\/td>\n<td width=\"189\">bg. 11.01.1775 Ems<\/td>\n<\/tr>\n<\/tbody>\n<\/table>\n<p style=\"text-align: justify;\"><strong>Paten: zu 1) <\/strong><em>H[err] Georg Henrich D\u00f6rr; H[err] Ferdinand Megerlin; Fr[au] Charlotte, General von Bettendorffs Ehegemahlin <\/em>\u2014 <strong>zu 2) <\/strong><em>H[err] Fridrich Wilhelm Herman, f\u00fcrst[lich] he\u00df[ischer] Cam[m]er-Referendari[us]; Johann Crafft Herman, f\u00fcrst[lich] he\u00df[ischer] Taffeldecker; Fr[au] Pollexina Christiana, H[errn] A[mts]verweser Archenholtzen Ehefrau <\/em>\u2014 <strong>zu 3) <\/strong><em>H[err] Johann Henrich Archenholtz, gr\u00e4ff[licher] Cantzley-Director zu Weilburg; 2) Fr[au] Mariana, H[errn] Cam[m]er-Referend[arii] Hermans Ehefrau zu Darmstatt; H[err] Justus Philipp D\u00f6rr, kayser[licher] Hauptmann, dermahlen unter dem Bettendorffischen Regiment in Sicilien <\/em>\u2014 <strong>zu 4) <\/strong><em>H[err] Johannes Best, Kauffmann in Speyer, auch Rahtsverw[andter] dahier; Gabriel, H[errn] Schulthei\u00df Sohn Georg Ludwig Metzler; Juliana Charlotte, H[errn] Apoth[ekers] Laubers in St. Goar Frau<\/em><\/p>\n<hr \/>\n<p style=\"text-align: justify;\"><strong><span style=\"font-size: 10pt;\">Letzte \u00c4nderung: 27. April 2019<\/span><\/strong><br \/>\n<strong><span style=\"font-size: 10pt;\">Ralph Jackmuth<\/span><\/strong><\/p>\n","protected":false},"excerpt":{"rendered":"<p>Hermann, Johann Nikolaus: f\u00fcrstl. hessen-darmst\u00e4dt. Vogt; wohnt auf dem Bad; bg. 12.09.1710 Ems, 50 Jahre 3 Monate und 8 Tage alt oo 20.05.1685 Ems mit Archenholtz, Anna Magdalena: Witwe des Henrich Archenholtz, gewesener hess. Vogt 1) Elisabetha Charlotta Ernestina * 03.07.1687 zw. 02:00 und 03:00 gt. 06.07.1687 Ems (Kapelle Bad) konf. 30.05.1700 (Pfingsten) oo 27.11.1710 &hellip; <a href=\"https:\/\/www.ahnenforschung-jackmuth.de\/?page_id=3624\" class=\"more-link\"><span class=\"screen-reader-text\">\u201eEms (Bad) &#8211; Hermann\u201c<\/span> weiterlesen<\/a><\/p>\n","protected":false},"author":1,"featured_media":0,"parent":0,"menu_order":0,"comment_status":"closed","ping_status":"closed","template":"","meta":{"footnotes":""},"class_list":["post-3624","page","type-page","status-publish","hentry"],"_links":{"self":[{"href":"https:\/\/www.ahnenforschung-jackmuth.de\/index.php?rest_route=\/wp\/v2\/pages\/3624","targetHints":{"allow":["GET"]}}],"collection":[{"href":"https:\/\/www.ahnenforschung-jackmuth.de\/index.php?rest_route=\/wp\/v2\/pages"}],"about":[{"href":"https:\/\/www.ahnenforschung-jackmuth.de\/index.php?rest_route=\/wp\/v2\/types\/page"}],"author":[{"embeddable":true,"href":"https:\/\/www.ahnenforschung-jackmuth.de\/index.php?rest_route=\/wp\/v2\/users\/1"}],"replies":[{"embeddable":true,"href":"https:\/\/www.ahnenforschung-jackmuth.de\/index.php?rest_route=%2Fwp%2Fv2%2Fcomments&post=3624"}],"version-history":[{"count":0,"href":"https:\/\/www.ahnenforschung-jackmuth.de\/index.php?rest_route=\/wp\/v2\/pages\/3624\/revisions"}],"wp:attachment":[{"href":"https:\/\/www.ahnenforschung-jackmuth.de\/index.php?rest_route=%2Fwp%2Fv2%2Fmedia&parent=3624"}],"curies":[{"name":"wp","href":"https:\/\/api.w.org\/{rel}","templated":true}]}}