{"id":3611,"date":"2019-04-27T19:13:17","date_gmt":"2019-04-27T19:13:17","guid":{"rendered":"http:\/\/www.ahnenforschung-jackmuth.de\/?page_id=3611"},"modified":"2019-04-27T19:13:17","modified_gmt":"2019-04-27T19:13:17","slug":"ems-bad-guenst","status":"publish","type":"page","link":"https:\/\/www.ahnenforschung-jackmuth.de\/?page_id=3611","title":{"rendered":"Ems (Bad) &#8211; G\u00fcnst"},"content":{"rendered":"<p style=\"text-align: justify;\"><span style=\"color: #ff0000;\"><strong><u>G\u00fcnst<\/u><\/strong><strong>, Johann Dietrich:<\/strong><\/span> ein sich zur Zeit am Bad aufhaltender Perr\u00fcckier, geb\u00fcrtig zu Kassel; Pate 08.01.1708 bei Theodor Reiffer auf dem Bad<\/p>\n<hr \/>\n<p style=\"text-align: justify;\"><strong><span style=\"font-size: 10pt;\">Letzte \u00c4nderung: 27. April 2019<\/span><\/strong><br \/>\n<strong><span style=\"font-size: 10pt;\">Ralph Jackmuth<\/span><\/strong><\/p>\n","protected":false},"excerpt":{"rendered":"<p>G\u00fcnst, Johann Dietrich: ein sich zur Zeit am Bad aufhaltender Perr\u00fcckier, geb\u00fcrtig zu Kassel; Pate 08.01.1708 bei Theodor Reiffer auf dem Bad Letzte \u00c4nderung: 27. April 2019 Ralph Jackmuth<\/p>\n","protected":false},"author":1,"featured_media":0,"parent":0,"menu_order":0,"comment_status":"closed","ping_status":"closed","template":"","meta":{"footnotes":""},"class_list":["post-3611","page","type-page","status-publish","hentry"],"_links":{"self":[{"href":"https:\/\/www.ahnenforschung-jackmuth.de\/index.php?rest_route=\/wp\/v2\/pages\/3611","targetHints":{"allow":["GET"]}}],"collection":[{"href":"https:\/\/www.ahnenforschung-jackmuth.de\/index.php?rest_route=\/wp\/v2\/pages"}],"about":[{"href":"https:\/\/www.ahnenforschung-jackmuth.de\/index.php?rest_route=\/wp\/v2\/types\/page"}],"author":[{"embeddable":true,"href":"https:\/\/www.ahnenforschung-jackmuth.de\/index.php?rest_route=\/wp\/v2\/users\/1"}],"replies":[{"embeddable":true,"href":"https:\/\/www.ahnenforschung-jackmuth.de\/index.php?rest_route=%2Fwp%2Fv2%2Fcomments&post=3611"}],"version-history":[{"count":0,"href":"https:\/\/www.ahnenforschung-jackmuth.de\/index.php?rest_route=\/wp\/v2\/pages\/3611\/revisions"}],"wp:attachment":[{"href":"https:\/\/www.ahnenforschung-jackmuth.de\/index.php?rest_route=%2Fwp%2Fv2%2Fmedia&parent=3611"}],"curies":[{"name":"wp","href":"https:\/\/api.w.org\/{rel}","templated":true}]}}