{"id":3608,"date":"2019-04-27T19:12:08","date_gmt":"2019-04-27T19:12:08","guid":{"rendered":"http:\/\/www.ahnenforschung-jackmuth.de\/?page_id=3608"},"modified":"2019-04-27T21:26:08","modified_gmt":"2019-04-27T21:26:08","slug":"ems-bad-gross","status":"publish","type":"page","link":"https:\/\/www.ahnenforschung-jackmuth.de\/?page_id=3608","title":{"rendered":"Ems (Bad) &#8211; Gro\u00df"},"content":{"rendered":"<p style=\"text-align: justify;\"><span style=\"color: #ff0000;\"><strong><u>Gro\u00df<\/u><\/strong><strong>, Johann Anton:<\/strong><\/span> ein Kr\u00e4mer und Schiffmann auf dem Bad; Sohn des Johann Jakob Gro\u00df, \u201ebestellter Hofmann auf dem unfern Dausenau \u00fcber Lahn liegenden nassauischen Hof Misselberg\u201c (VG Bad Ems-Nassau)<\/p>\n<p><strong>oo 03.09.1695 Ems<\/strong> (3. Prokl. 18.08.)<\/p>\n<p style=\"text-align: justify;\">mit <strong><u>Schepp<\/u>, Maria Barbara:<\/strong> Tochter des <a href=\"http:\/\/www.ahnenforschung-jackmuth.de\/?page_id=3697\">Barthel Schepp<\/a>, \u201egegen dem Bad \u00fcber wohnender B\u00e4cker und Schiffmann\u201c<\/p>\n<table width=\"595\">\n<tbody>\n<tr>\n<td width=\"208\">1) Johann Philipp<\/td>\n<td width=\"161\">gt. 29.06.1696 Ems<\/td>\n<td width=\"227\">bg. 07.07.1707 Ems<\/td>\n<\/tr>\n<tr>\n<td width=\"208\">2) Maria Veronika<\/td>\n<td width=\"161\">gt. 17.10.1697 Ems<\/td>\n<td width=\"227\"><\/td>\n<\/tr>\n<tr>\n<td width=\"208\">3) Ferdinand Christoph<\/td>\n<td width=\"161\">gt. 25.07.1702 Ems<\/td>\n<td width=\"227\"><\/td>\n<\/tr>\n<tr>\n<td width=\"208\">4) Johann Wilhelm<\/td>\n<td width=\"161\">gt. 19.02.1706 Ems<\/td>\n<td width=\"227\"><\/td>\n<\/tr>\n<tr>\n<td width=\"208\">5) Maria Magdalena<\/td>\n<td width=\"161\">gt. 18.09.1707 Ems<\/td>\n<td width=\"227\"><\/td>\n<\/tr>\n<\/tbody>\n<\/table>\n<p style=\"text-align: justify;\"><strong>Paten: zu 1) <\/strong><em>Tauffpathen sind: Johann Philips Schab, ein Schneider zu Nassau-Berg, vnd Johann Matth\u00e6us Steuber, ein B\u00fcrger zzu Nassau-Scheuern. Die God ist: Elisabetha Catharina, Matth\u00e6i Georg Reiffers, gemeinen Beckers allhier, Frau <\/em>\u2014 <strong>zu 2) <\/strong><em>Tauff-Goden sind: Elisabetha Veronica, Joh[ann] Jacob Gro\u00dfen auff dem Hoff Misselberg Tochter, vnd Maria Catharina, Henrich R\u00fcbenhoffens auffm steinischen Hoff Mauch Tochter. Der Path ist: Johann Gottfried Schepp <\/em>\u2014 <strong>zu 3) <\/strong><em>Tauffpathen sind: Herr Ferdinand Megerlin, medicin\u00e6 candidatus vnd f\u00fcrst[lich] hessischer Hoff-Apotecker zu Darmbstatt vnd Baad Embs, vnd H&lt;err&gt; Johann Christoph G\u00f6deck, f\u00fcrst[lich] nassau-dietzischer Vogt auff dem Baad Embs. Die God ist: Jungfer Christiana Elisabetha Archenholtzin daselbsten <\/em>\u2014 <strong>zu 4) <\/strong><em>Tauffpathen sind: Joh[ann] Peter Berle, ein Becker auff dem Weg am Baad, vnd Wilhelmus Lanio, ein Metzger am Baad. Die God ist: Anna Louyse, Johann Simeon W\u00f6lfflings, eines allhiesigen Einwohners, Tochter <\/em>\u2014 <strong>zu 5) <\/strong><em>Tauff-Goden sind: 1) Anna Maria, des darmb&lt;st\u00e4tti&gt;schen Glasschnittern H[errn] Christoph Jacobs &lt;&#8230;&gt;; 2) Anna Magdalena, Joh[ann] Carl Ahlers, eines Beckers am Ba&lt;ad&gt; Hau\u00dffrau; 3) der Path ist Meister Joh[ann] Philips Wilbert, der Schreiner am Baad<\/em><\/p>\n<hr \/>\n<p style=\"text-align: justify;\"><strong><span style=\"font-size: 10pt;\">Letzte \u00c4nderung: 27. April 2019<\/span><\/strong><br \/>\n<strong><span style=\"font-size: 10pt;\">Ralph Jackmuth<\/span><\/strong><\/p>\n","protected":false},"excerpt":{"rendered":"<p>Gro\u00df, Johann Anton: ein Kr\u00e4mer und Schiffmann auf dem Bad; Sohn des Johann Jakob Gro\u00df, \u201ebestellter Hofmann auf dem unfern Dausenau \u00fcber Lahn liegenden nassauischen Hof Misselberg\u201c (VG Bad Ems-Nassau) oo 03.09.1695 Ems (3. Prokl. 18.08.) mit Schepp, Maria Barbara: Tochter des Barthel Schepp, \u201egegen dem Bad \u00fcber wohnender B\u00e4cker und Schiffmann\u201c 1) Johann Philipp &hellip; <a href=\"https:\/\/www.ahnenforschung-jackmuth.de\/?page_id=3608\" class=\"more-link\"><span class=\"screen-reader-text\">\u201eEms (Bad) &#8211; Gro\u00df\u201c<\/span> weiterlesen<\/a><\/p>\n","protected":false},"author":1,"featured_media":0,"parent":0,"menu_order":0,"comment_status":"closed","ping_status":"closed","template":"","meta":{"footnotes":""},"class_list":["post-3608","page","type-page","status-publish","hentry"],"_links":{"self":[{"href":"https:\/\/www.ahnenforschung-jackmuth.de\/index.php?rest_route=\/wp\/v2\/pages\/3608","targetHints":{"allow":["GET"]}}],"collection":[{"href":"https:\/\/www.ahnenforschung-jackmuth.de\/index.php?rest_route=\/wp\/v2\/pages"}],"about":[{"href":"https:\/\/www.ahnenforschung-jackmuth.de\/index.php?rest_route=\/wp\/v2\/types\/page"}],"author":[{"embeddable":true,"href":"https:\/\/www.ahnenforschung-jackmuth.de\/index.php?rest_route=\/wp\/v2\/users\/1"}],"replies":[{"embeddable":true,"href":"https:\/\/www.ahnenforschung-jackmuth.de\/index.php?rest_route=%2Fwp%2Fv2%2Fcomments&post=3608"}],"version-history":[{"count":0,"href":"https:\/\/www.ahnenforschung-jackmuth.de\/index.php?rest_route=\/wp\/v2\/pages\/3608\/revisions"}],"wp:attachment":[{"href":"https:\/\/www.ahnenforschung-jackmuth.de\/index.php?rest_route=%2Fwp%2Fv2%2Fmedia&parent=3608"}],"curies":[{"name":"wp","href":"https:\/\/api.w.org\/{rel}","templated":true}]}}