{"id":3601,"date":"2019-04-27T19:10:16","date_gmt":"2019-04-27T19:10:16","guid":{"rendered":"http:\/\/www.ahnenforschung-jackmuth.de\/?page_id=3601"},"modified":"2019-04-27T21:25:22","modified_gmt":"2019-04-27T21:25:22","slug":"ems-bad-goedeck","status":"publish","type":"page","link":"https:\/\/www.ahnenforschung-jackmuth.de\/?page_id=3601","title":{"rendered":"Ems (Bad) &#8211; G\u00f6deck"},"content":{"rendered":"<p style=\"text-align: justify;\"><span style=\"color: #ff0000;\"><strong><u>G\u00f6deck<\/u><\/strong><strong>, Johann Christoph: <\/strong><\/span>nassau-diezischer Vogt auf dem Bad, \u201ewohlbestellter Oberschulthei\u00df in unserer Nachbarschaft des Vierherrischen Landes\u201c (1696); Sohn des Johannes G\u00f6deck, hessen-kasselischer Oberschulthei\u00df in Nast\u00e4tten (s. a. B\u00fcrgerbuch Boppard Nr. S\/351a)<\/p>\n<p>oo (3. Prokl. 26.12.1696 Ems)<\/p>\n<p style=\"text-align: justify;\">mit <strong><u>Ohlimacher geb. Fischer<\/u>,<\/strong> <strong>Christina Maria:<\/strong> Witwe des <a href=\"http:\/\/www.ahnenforschung-jackmuth.de\/?page_id=3673\">Johann Hermann Ohlimacher<\/a>, gewesener nassau-diezischer Vogt auf dem Bad; Patin 02.02.1709 bei Nikolaus Quirin \u00d6ser auf dem Bad<\/p>\n<p style=\"text-align: justify;\">zu Johann Christoph G\u00f6deck siehe HHStAW, Abt. 3036, Nachweis 1469: <a href=\"https:\/\/arcinsys.hessen.de\/arcinsys\/detailAction.action?detailid=v5572135&amp;icomefrom=search\">https:\/\/arcinsys.hessen.de\/arcinsys\/detailAction.action?detailid=v5572135&amp;icomefrom=search<\/a><\/p>\n<hr \/>\n<p style=\"text-align: justify;\"><strong><span style=\"font-size: 10pt;\">Letzte \u00c4nderung: 27. April 2019<\/span><\/strong><br \/>\n<strong><span style=\"font-size: 10pt;\">Ralph Jackmuth<\/span><\/strong><\/p>\n","protected":false},"excerpt":{"rendered":"<p>G\u00f6deck, Johann Christoph: nassau-diezischer Vogt auf dem Bad, \u201ewohlbestellter Oberschulthei\u00df in unserer Nachbarschaft des Vierherrischen Landes\u201c (1696); Sohn des Johannes G\u00f6deck, hessen-kasselischer Oberschulthei\u00df in Nast\u00e4tten (s. a. B\u00fcrgerbuch Boppard Nr. S\/351a) oo (3. Prokl. 26.12.1696 Ems) mit Ohlimacher geb. Fischer, Christina Maria: Witwe des Johann Hermann Ohlimacher, gewesener nassau-diezischer Vogt auf dem Bad; Patin 02.02.1709 &hellip; <a href=\"https:\/\/www.ahnenforschung-jackmuth.de\/?page_id=3601\" class=\"more-link\"><span class=\"screen-reader-text\">\u201eEms (Bad) &#8211; G\u00f6deck\u201c<\/span> weiterlesen<\/a><\/p>\n","protected":false},"author":1,"featured_media":0,"parent":0,"menu_order":0,"comment_status":"closed","ping_status":"closed","template":"","meta":{"footnotes":""},"class_list":["post-3601","page","type-page","status-publish","hentry"],"_links":{"self":[{"href":"https:\/\/www.ahnenforschung-jackmuth.de\/index.php?rest_route=\/wp\/v2\/pages\/3601","targetHints":{"allow":["GET"]}}],"collection":[{"href":"https:\/\/www.ahnenforschung-jackmuth.de\/index.php?rest_route=\/wp\/v2\/pages"}],"about":[{"href":"https:\/\/www.ahnenforschung-jackmuth.de\/index.php?rest_route=\/wp\/v2\/types\/page"}],"author":[{"embeddable":true,"href":"https:\/\/www.ahnenforschung-jackmuth.de\/index.php?rest_route=\/wp\/v2\/users\/1"}],"replies":[{"embeddable":true,"href":"https:\/\/www.ahnenforschung-jackmuth.de\/index.php?rest_route=%2Fwp%2Fv2%2Fcomments&post=3601"}],"version-history":[{"count":0,"href":"https:\/\/www.ahnenforschung-jackmuth.de\/index.php?rest_route=\/wp\/v2\/pages\/3601\/revisions"}],"wp:attachment":[{"href":"https:\/\/www.ahnenforschung-jackmuth.de\/index.php?rest_route=%2Fwp%2Fv2%2Fmedia&parent=3601"}],"curies":[{"name":"wp","href":"https:\/\/api.w.org\/{rel}","templated":true}]}}