{"id":3581,"date":"2019-04-27T19:01:23","date_gmt":"2019-04-27T19:01:23","guid":{"rendered":"http:\/\/www.ahnenforschung-jackmuth.de\/?page_id=3581"},"modified":"2019-04-27T21:21:38","modified_gmt":"2019-04-27T21:21:38","slug":"ems-bad-beller-2","status":"publish","type":"page","link":"https:\/\/www.ahnenforschung-jackmuth.de\/?page_id=3581","title":{"rendered":"Ems (Bad) &#8211; Berle"},"content":{"rendered":"<p style=\"text-align: justify;\"><span style=\"color: #ff0000;\"><strong><u>Berle<\/u><\/strong><strong>, Johann Peter:<\/strong> <\/span>B\u00e4cker am Weg auf dem Bad; Sohn des Hans Berle, lange Zeit gewesener Kutscher am f\u00fcrstlichen Hof zu Schaumburg<\/p>\n<p><strong>oo 25.01.1701 Ems<\/strong> (3. Prokl. 23.01.)<\/p>\n<p style=\"text-align: justify;\">mit <strong><u>Schepp<\/u>, Anna Veronika:<\/strong> Tochter des <a href=\"http:\/\/www.ahnenforschung-jackmuth.de\/?page_id=3697\">Barthel Schepp<\/a>, dem Bad gegen\u00fcber wohnender B\u00e4cker und Schiffmann<\/p>\n<table width=\"595\">\n<tbody>\n<tr>\n<td width=\"198\">1) Maria Jakobina<\/td>\n<td width=\"151\">gt. 07.08.1701 Ems<\/td>\n<td width=\"246\">bg. 21.08.1701 Ems<\/td>\n<\/tr>\n<tr>\n<td width=\"198\">2) Johann Matth\u00e4us<\/td>\n<td width=\"151\">gt. 20.08.1702 Ems<\/td>\n<td width=\"246\"><\/td>\n<\/tr>\n<tr>\n<td width=\"198\">3) Karl Ludwig<\/td>\n<td width=\"151\">gt. 22.06.1704 Ems<\/td>\n<td width=\"246\">bg. 19.07.1704 Ems<\/td>\n<\/tr>\n<tr>\n<td width=\"198\">4) Johann Gottfried<\/td>\n<td width=\"151\">gt. 09.08.1705 Ems<\/td>\n<td width=\"246\"><\/td>\n<\/tr>\n<tr>\n<td width=\"198\">5) Charlotta Justina<\/td>\n<td width=\"151\">gt. 04.09.1707 Ems<\/td>\n<td width=\"246\">bg. 10.06.1708 Ems<\/td>\n<\/tr>\n<tr>\n<td width=\"198\">6) Katharina Barbara<\/td>\n<td width=\"151\">gt. 25.08.1709 Ems<\/td>\n<td width=\"246\"><\/td>\n<\/tr>\n<tr>\n<td width=\"198\">7) Maria Katharina<\/td>\n<td width=\"151\">gt. 02.08.1711 Ems<\/td>\n<td width=\"246\"><\/td>\n<\/tr>\n<tr>\n<td width=\"198\">8) Christophel Christian<\/td>\n<td width=\"151\">gt. 00.05.1713 Ems<\/td>\n<td width=\"246\"><\/td>\n<\/tr>\n<\/tbody>\n<\/table>\n<p style=\"text-align: justify;\"><strong>Paten: zu 1) <\/strong><em>Tauff-Goden sind: Maria Jacobina, H[errn] Georg Wilhelm Ohlimachers, eines Barbierer vnd chirurgi auff dem Baad Embs, Tochter, vnd Maria Barbara, Johann Anthonij Gro\u00dfen Hau\u00dffrau. Der Path ist: Theodorus Reiffer <\/em>\u2014 <strong>zu 2) <\/strong><em>Tauffpathen sind: Herr Johann Frantz Bachhau\u00df zu Franckfurt am Mayn, vor welchen, weilen er abwesend, gestanden: Joh[ann] Gottfried Schepp, vnd Matth\u00e6us Georg Reiffer, ein Becker allhier, dieser hat seine Stelle vertretten lassen durch H[errn] Georg Wilhelm Ohlimachern. Die God ist: Anna Maria, weiland Hans Peter Caphne, gewesenen Beckers vnd Vorstehers allhier, hinterlassene Tochter, bey welcher, weilen sie noch nicht confirmirt war, gestanden ihre verwittibte Mutter Margaretha Catharina <\/em>\u2014 <strong>zu 3) <\/strong><em>Tauffpathen sind: Joh[ann] Carl &lt;&#8230;&gt; vnd Philips Ludwig Ahler. Die Goth: Anna Elisabetha, Joh[ann] Hermann Mertzen, eines Schmitts zu Fr\u00fccht, Eheweib <\/em>\u2014 <strong>zu 4) <\/strong><em>Tauffpathen sind: Johann Gottfried Dre\u00df, ein Becker v[nd] Bierbrauer an der Augst, vnd Johann Gottfried Schupp, ein Schiffmann am Baad \u00fcber Lohn. Die God ist: Anna Christina, des Metzgers Helme\u00dfen Lanions am Baad Ehefrau <\/em>\u2014 <strong>zu 5) <\/strong><em>Tauff-Goden sind: J[ung]f[e]r Maria Charlotta Josepha, H[errn] Joh[ann] Gabriel D\u00f6rbecks, hiesigen gemeinschafft[lichen] Schulthei\u00dfen, Tochter, vnd Anna Elisabetha Catharina, des Beckers Joh[ann] David Werners Tochter. Der Path ist: Joh[ann] Hermann Caphne, ein Becker allhier <\/em>\u2014 <strong>zu 6) <\/strong><em>Tauff-Goden sind: Barbara, Hans Jacob Werners, eines Einwohner vnd Kramers allhier, Eheweib, vnd Anna Catharina, Johann Nicolaus Zimmerschieden, eines hiesigen Einwo&lt;hners&gt; Hau\u00dffrau. Der Path ist: Andreas &#8230;, ein &lt;&#8230;&gt; am Baad daussenauer-seits vnd zugleich Kirchen-Senior zu Daussenau <\/em>\u2014 <strong>zu 7) <\/strong><em>Tauff-Goden sind: Anna Maria, Barthol Scheppen, eines Schieffmanns am Baad \u00fcber Lohn, Ehefrau, vnd Anna Catharina, Adam Dommermuths, eines hiesigen Schreiners vnd Gerichts-Sch\u00f6pffen Eheweib. Der Path ist: H[err] Georg Ludwig Metzler, ein Gasthalter auff vorbesagtem Weg am Baad <\/em>\u2014 <strong>zu 7) <\/strong><em>Gevattern sind gewesen: 1) O\u00dfwald Linckebach, 2) Johan Christophel Reiffert; 3) Maria Elisabetha Schuppin<\/em><\/p>\n<p style=\"text-align: justify;\">Im P\u00f6nitentenregister wegen Ehe 7 (!) Monate vor der Geburt (KB 1, pag. 832): \u00a0<em>A[nn]o 1701, den 16ten Decembris, habe ich, der Pfarrer, auff hochf\u00fcrst[lichen] gn\u00e4digsten Befehl, in Beywesen deren Kirchen-Seniorn, den Becker Johann Peter Berle mit seinem <\/em>[pag. 833]<em> Eheweib Anna Veronica auff dem Chor in Stille wegen zu fr\u00fchen Beyschlaffs vorgenom[m]en, ihnen ihr begangenes Vnrecht vorgestellet, vnd, nach de\u00dfen Erkantnis vnd Bereuung, hiesiger Kirchen-Ordnung gem\u00e4\u00df absolviret.<\/em><em>\u00a0<\/em><\/p>\n<hr \/>\n<p style=\"text-align: justify;\"><strong><span style=\"font-size: 10pt;\">Letzte \u00c4nderung: 27. April 2019<\/span><\/strong><br \/>\n<strong><span style=\"font-size: 10pt;\">Ralph Jackmuth<\/span><\/strong><\/p>\n","protected":false},"excerpt":{"rendered":"<p>Berle, Johann Peter: B\u00e4cker am Weg auf dem Bad; Sohn des Hans Berle, lange Zeit gewesener Kutscher am f\u00fcrstlichen Hof zu Schaumburg oo 25.01.1701 Ems (3. Prokl. 23.01.) mit Schepp, Anna Veronika: Tochter des Barthel Schepp, dem Bad gegen\u00fcber wohnender B\u00e4cker und Schiffmann 1) Maria Jakobina gt. 07.08.1701 Ems bg. 21.08.1701 Ems 2) Johann Matth\u00e4us &hellip; <a href=\"https:\/\/www.ahnenforschung-jackmuth.de\/?page_id=3581\" class=\"more-link\"><span class=\"screen-reader-text\">\u201eEms (Bad) &#8211; Berle\u201c<\/span> weiterlesen<\/a><\/p>\n","protected":false},"author":1,"featured_media":0,"parent":0,"menu_order":0,"comment_status":"closed","ping_status":"closed","template":"","meta":{"footnotes":""},"class_list":["post-3581","page","type-page","status-publish","hentry"],"_links":{"self":[{"href":"https:\/\/www.ahnenforschung-jackmuth.de\/index.php?rest_route=\/wp\/v2\/pages\/3581","targetHints":{"allow":["GET"]}}],"collection":[{"href":"https:\/\/www.ahnenforschung-jackmuth.de\/index.php?rest_route=\/wp\/v2\/pages"}],"about":[{"href":"https:\/\/www.ahnenforschung-jackmuth.de\/index.php?rest_route=\/wp\/v2\/types\/page"}],"author":[{"embeddable":true,"href":"https:\/\/www.ahnenforschung-jackmuth.de\/index.php?rest_route=\/wp\/v2\/users\/1"}],"replies":[{"embeddable":true,"href":"https:\/\/www.ahnenforschung-jackmuth.de\/index.php?rest_route=%2Fwp%2Fv2%2Fcomments&post=3581"}],"version-history":[{"count":0,"href":"https:\/\/www.ahnenforschung-jackmuth.de\/index.php?rest_route=\/wp\/v2\/pages\/3581\/revisions"}],"wp:attachment":[{"href":"https:\/\/www.ahnenforschung-jackmuth.de\/index.php?rest_route=%2Fwp%2Fv2%2Fmedia&parent=3581"}],"curies":[{"name":"wp","href":"https:\/\/api.w.org\/{rel}","templated":true}]}}