{"id":3574,"date":"2019-04-27T18:57:17","date_gmt":"2019-04-27T18:57:17","guid":{"rendered":"http:\/\/www.ahnenforschung-jackmuth.de\/?page_id=3574"},"modified":"2019-04-27T18:58:11","modified_gmt":"2019-04-27T18:58:11","slug":"ems-bad-ahler","status":"publish","type":"page","link":"https:\/\/www.ahnenforschung-jackmuth.de\/?page_id=3574","title":{"rendered":"Ems (Bad) &#8211; Ahler"},"content":{"rendered":"<p><span style=\"color: #ff0000;\"><strong><u>Ahler<\/u><\/strong><strong>, Hans Henrich<\/strong><\/span><\/p>\n<p>oo mit <strong>N. N.<\/strong><\/p>\n<table width=\"595\">\n<tbody>\n<tr>\n<td width=\"132\">Maria Gertrud<\/td>\n<td width=\"113\"><\/td>\n<td style=\"text-align: justify;\" width=\"350\">oo 15.07.1684 Ems mit Georg Wilhelm <em>von der Heyd<\/em> aus Braubach<\/td>\n<\/tr>\n<\/tbody>\n<\/table>\n<hr \/>\n<p style=\"text-align: justify;\"><span style=\"color: #ff0000;\"><strong><u>Ahler<\/u><\/strong><strong>, Johannes:<\/strong><\/span> B\u00e4cker auf dem Bad, Gerichtssch\u00f6ffe und Kirchensenior in Ems;\u00a0 bg. 01.02.1700 Ems, 76 Jahre alt<\/p>\n<p><strong>oo (I. ?)<\/strong> mit <strong>Apollonia:<\/strong> bg. 24.08.1684 Ems<\/p>\n<p><strong>oo (II. ?) 08.09.1685 Ems <\/strong>mit <strong><u>Reinhard<\/u>, Elisabeth:<\/strong> Witwe des Gottfried Reinhard;\u00a0 bg. 05.08.1710 Ems, 66 Jahre alt, Witwe<\/p>\n<hr \/>\n<p><span style=\"color: #ff0000;\"><strong><u>Ahler<\/u><\/strong><strong>, Johann Karl:<\/strong><\/span> Gemeindevorsteher und B\u00e4cker auf dem Bad; Sohn des Johannes Ahler<\/p>\n<p><strong>oo 13.01.1685 Ems<\/strong><\/p>\n<p>mit <strong><u>Fuchs<\/u>, Anna Magdalena:<\/strong> Tochter des verst. Meister Daniel Fuchs, Schneider aus Nassau<\/p>\n<table width=\"595\">\n<tbody>\n<tr>\n<td width=\"161\">1) Philipp Ludwig<\/td>\n<td width=\"189\">gt. 13.02.1687 Ems<br \/>\nkonf. 28.05.1699 (Pfingsten)<\/td>\n<td width=\"246\">bg. 17.01.1749 Ems<br \/>\nhat 1711 illeg. Kind<\/td>\n<\/tr>\n<tr>\n<td width=\"161\">2) Hedwig Christina<\/td>\n<td width=\"189\">gt. 14.12.1688 Ems<br \/>\nkonf. 15.05.1701 (Pfingsten)<\/td>\n<td width=\"246\">\n<p style=\"text-align: justify;\">bg. 13.02.1747 Ems<br \/>\noo um 1718 mit Christian Oswald <em>Linckenbach<\/em>; wohnen auf dem Bad<\/p>\n<\/td>\n<\/tr>\n<tr>\n<td width=\"161\">3) Johann Andreas<\/td>\n<td width=\"189\">gt. 28.12.1690 Ems<br \/>\nkonf. 11.05.1704 (Pfingsten)<\/td>\n<td width=\"246\">bg. 01.04.1753 Ems<\/td>\n<\/tr>\n<tr>\n<td width=\"161\">4) Anna Elisabeth<\/td>\n<td width=\"189\">gt. 08.07.1692 Ems<\/td>\n<td width=\"246\">bg. 06.03.1695 Ems<\/td>\n<\/tr>\n<tr>\n<td width=\"161\">5) Susanna Katharina<\/td>\n<td width=\"189\">gt. 19.05.1695 Ems<\/td>\n<td width=\"246\"><\/td>\n<\/tr>\n<tr>\n<td width=\"161\">6) Georg Ludwig<\/td>\n<td width=\"189\">gt. 09.05.1697 Ems<br \/>\nkonf. 08.06.1710 (Pfingsten)<\/td>\n<td width=\"246\">bg. xx.12.1767 Ems<\/td>\n<\/tr>\n<\/tbody>\n<\/table>\n<p style=\"text-align: justify;\"><strong>Paten: zu 1) <\/strong><em>Gevattern waren: 1) Johann Philips Hermann, des hessischen Vogts &#8230;, 2) Anna Christina, Moritz Bellers Hausfrau; 3) Georg Ludwig &#8230; <\/em>\u2014 <strong>zu 2) <\/strong><em>Tauff-Goden waren: Fr[au] Anna Hedwig Leporinin, pastoris uxor, vnd Frau Christina Maria, H[errn] Johann Hermann Ohlimachers, nassau-dietzischen Vogts, Hau\u00dffr[au]. Der Path aber ist: H[err] Johann Gabriel Derbeck, allhiesiger chirurgus <\/em>\u2014 <strong>zu 3) <\/strong><em>Tauffpathen sind: H[err] Johann Henrich Archenholtz, l. l. studiosus, vnd H[err] Andreas Jacob Fuchs, lutherisch-coptischer Pfarrer in Oberingelheim. Die God aber: Gerdraut Catharina, Joh[ann] Georg Lemlers, Burger vnd Schuhmachers allhier, Hau\u00dffrau <\/em>\u2014 <strong>zu 4) <\/strong><em>Tauff-Zeugen sind: Lie\u00dfe Keth, Barthel Schepps Tochter, vnd Anna Apollonia, Gottfrieds Zapffs Hau\u00dffr[au]. Der Path ist: Johann Gottfried, Johannis Wendel Zimmermanns zu Daussenau Sohn <\/em>\u2014 <strong>zu 5) <\/strong><em>Tauff-Goden sind: Frau Catharina Maria, H[errn] Andre\u00e6 Jacob Fuch\u00dfen, lutherisch.evangelischen Pfarrers zu Veyhel bey Ebernburg Eheliebste, vnd Frau Susanna Elisabetha, H[errn] Georg Wilhelm Ohlimachers, chirurgi auff dem Baad, eheliche Hau\u00dffrau. Der Path ist: Joh[ann] Anthoni[us] Lotz, Ferger auffm Baad <\/em>\u2014 <strong>zu 6)<\/strong> <em>Tauffpathen sind: Herr Friederich Ludwig Archenholtz, jur. stud&lt;iosus&gt;, vnd Johann Georg Lemler, ein Schuhmacher allhier. Die God ist: Maria Magdalena, Moritz Bellers auff dem Baad Tochter<\/em><\/p>\n<hr \/>\n<p><span style=\"color: #ff0000;\"><strong><u>Ahler<\/u><\/strong><strong>, Philipp Ludwig:<\/strong> <\/span>B\u00e4ckergeselle (1711); Sohn des Johann Karl Ahler; gt. 13.02.1687 Ems<\/p>\n<p>o-o mit <strong><u>Ritzdorf<\/u>, Anna Katharina:<\/strong> aus Niederlahnstein; Magd bei Chirurg Ohlimacher am Bad<\/p>\n<table width=\"595\">\n<tbody>\n<tr>\n<td width=\"198\">Maria Gertrud<\/td>\n<td width=\"151\">gt. 13.09.1711 Ems<\/td>\n<td width=\"246\"><\/td>\n<\/tr>\n<\/tbody>\n<\/table>\n<p style=\"text-align: justify;\"><strong>Paten: <\/strong><em>Tauff-Goden sind: A[nna] Maria, Barthol Scheppen, des Schieffmanns gegen dem Baad \u00fcber Lohn Hau\u00dffrau, vnd Anna Gertraud, wei[land] Joh[ann] Wilhelm M\u00fcllers, eines hier gewesenen Einwohner vnd Gerichts-Sch\u00f6ffen nachgelassene Wittib. Der Path ist: Johann Adam Stein, ein allhier sich auffhaltender Schneider<\/em><\/p>\n<hr \/>\n<p style=\"text-align: justify;\"><strong><span style=\"font-size: 10pt;\">Letzte \u00c4nderung: 27. April 2019<\/span><\/strong><br \/>\n<strong><span style=\"font-size: 10pt;\">Ralph Jackmuth<\/span><\/strong><\/p>\n","protected":false},"excerpt":{"rendered":"<p>Ahler, Hans Henrich oo mit N. N. Maria Gertrud oo 15.07.1684 Ems mit Georg Wilhelm von der Heyd aus Braubach Ahler, Johannes: B\u00e4cker auf dem Bad, Gerichtssch\u00f6ffe und Kirchensenior in Ems;\u00a0 bg. 01.02.1700 Ems, 76 Jahre alt oo (I. ?) mit Apollonia: bg. 24.08.1684 Ems oo (II. ?) 08.09.1685 Ems mit Reinhard, Elisabeth: Witwe des &hellip; <a href=\"https:\/\/www.ahnenforschung-jackmuth.de\/?page_id=3574\" class=\"more-link\"><span class=\"screen-reader-text\">\u201eEms (Bad) &#8211; Ahler\u201c<\/span> weiterlesen<\/a><\/p>\n","protected":false},"author":1,"featured_media":0,"parent":0,"menu_order":0,"comment_status":"closed","ping_status":"closed","template":"","meta":{"footnotes":""},"class_list":["post-3574","page","type-page","status-publish","hentry"],"_links":{"self":[{"href":"https:\/\/www.ahnenforschung-jackmuth.de\/index.php?rest_route=\/wp\/v2\/pages\/3574","targetHints":{"allow":["GET"]}}],"collection":[{"href":"https:\/\/www.ahnenforschung-jackmuth.de\/index.php?rest_route=\/wp\/v2\/pages"}],"about":[{"href":"https:\/\/www.ahnenforschung-jackmuth.de\/index.php?rest_route=\/wp\/v2\/types\/page"}],"author":[{"embeddable":true,"href":"https:\/\/www.ahnenforschung-jackmuth.de\/index.php?rest_route=\/wp\/v2\/users\/1"}],"replies":[{"embeddable":true,"href":"https:\/\/www.ahnenforschung-jackmuth.de\/index.php?rest_route=%2Fwp%2Fv2%2Fcomments&post=3574"}],"version-history":[{"count":0,"href":"https:\/\/www.ahnenforschung-jackmuth.de\/index.php?rest_route=\/wp\/v2\/pages\/3574\/revisions"}],"wp:attachment":[{"href":"https:\/\/www.ahnenforschung-jackmuth.de\/index.php?rest_route=%2Fwp%2Fv2%2Fmedia&parent=3574"}],"curies":[{"name":"wp","href":"https:\/\/api.w.org\/{rel}","templated":true}]}}