{"id":3569,"date":"2019-04-27T18:52:33","date_gmt":"2019-04-27T18:52:33","guid":{"rendered":"http:\/\/www.ahnenforschung-jackmuth.de\/?page_id=3569"},"modified":"2019-04-27T18:53:50","modified_gmt":"2019-04-27T18:53:50","slug":"ems-bad-archenholtz","status":"publish","type":"page","link":"https:\/\/www.ahnenforschung-jackmuth.de\/?page_id=3569","title":{"rendered":"Ems (Bad) &#8211; Archenholtz"},"content":{"rendered":"<p><span style=\"color: #ff0000;\"><strong><u>Archenholtz<\/u><\/strong><strong>, Henrich:<\/strong><\/span> hessen-darmst\u00e4dt. Vogt auf dem Bad; + vor 1685<\/p>\n<p style=\"text-align: justify;\">oo mit <strong>Anna Magdalena:<\/strong> oo II. 20.05.1685 Ems mit Johann Nikolaus Hermann, hessen-darmst\u00e4dt. Vogt auf dem Bad<\/p>\n<table width=\"595\">\n<tbody>\n<tr>\n<td style=\"width: 217.283px;\">1) Johann Henrich<\/td>\n<td style=\"width: 143.183px;\"><\/td>\n<td style=\"text-align: justify; width: 433.533px;\">oo 11.10.1705 Herborn mit (Johannetta) Philippina Elisabeth aus Herborn<br \/>\n<span style=\"font-size: 10pt;\">Pate 28.12.1690 bei Johann Karl Ahler auf dem Bad als Student der Logik (<em>l. l. studiosus<\/em>)<\/span><br \/>\n<span style=\"font-size: 10pt;\">siehe HHStAW Abt. 171 Nr. E 814: Erneuerung des Erbbestandsbriefs f\u00fcr den hessen-darmst\u00e4dtischen Vogt Johann Heinrich Archenholtz, 1725-1730<\/span><\/td>\n<\/tr>\n<tr>\n<td style=\"width: 217.283px;\">2) Friedrich Ludwig<\/p>\n<p>&nbsp;<\/p>\n<p>&nbsp;<\/td>\n<td style=\"width: 143.183px;\"><\/td>\n<td style=\"text-align: justify; width: 433.533px;\">oo mit Polyxena Christiana Beller<br \/>\n<span style=\"font-size: 10pt;\">Patenschaften: 11.06.1693 bei Andreas Jonas auf dem Bad, f\u00fcr ihn steht sein Stiefvater Johann Nikolaus Hermann, 09.05.1697 bei Johann Karl Ahler auf dem Bad als Student der Rechte <em>(jur. studiosus<\/em>), 21.02.1706 bei Adam Jost Zipp auf dem Bad als wohlbestellter Auditeur [= Jurist in der Milit\u00e4rverwaltung] bei der Infanterie unter dem hessen-darmst\u00e4dt. Generalmajor von Schrautenbach<\/span><\/td>\n<\/tr>\n<tr>\n<td style=\"width: 217.283px;\">3) Christiana Elisabeth<\/td>\n<td style=\"width: 143.183px;\">konf. 15.05.1692<br \/>\n(Pfingsten)<\/td>\n<td style=\"text-align: justify; width: 433.533px;\">oo 09.02.1706 Ems mit Anton Adam Hilchen aus Langenschwalbach<br \/>\n<span style=\"font-size: 10pt;\">Patenschaften: 03.11.1695 bei Anton <em>de Crom<\/em> auf dem Bad, 17.07.1701 bei Johannes <em>Daniels<\/em> auf dem Bad, 25.07.1702 bei Johann Anton Gro\u00df auf dem Bad<\/span><\/td>\n<\/tr>\n<tr>\n<td style=\"width: 217.283px;\">4) Louise Promissa<\/td>\n<td style=\"width: 143.183px;\">* 1672<\/p>\n<p>&nbsp;<\/td>\n<td style=\"text-align: justify; width: 433.533px;\">bg. 12.07.1696 Ems, 23 Jahre 8 Monate 10 Tage und 6 Stunden alt<br \/>\n<span style=\"font-size: 10pt;\">Patenschaften: 10.05.1691 bei Johann Anton Lotz auf dem Bad und 08.05.1692 bei Andreas Jonas auf dem Bad<\/span><\/td>\n<\/tr>\n<tr>\n<td style=\"width: 217.283px;\">5) Anna Elisabeth<\/td>\n<td style=\"width: 143.183px;\"><\/td>\n<td style=\"text-align: justify; width: 433.533px;\">Patin 05.03.1702 bei Franz Anton Rheinfeld<\/td>\n<\/tr>\n<\/tbody>\n<\/table>\n<hr \/>\n<p style=\"text-align: justify;\"><span style=\"color: #ff0000;\"><strong><u>Archenholtz<\/u><\/strong><strong>, Johann Henrich:<\/strong><\/span> Regierungssekret\u00e4r von Graf Maximilian-Heinrich von Wied-Runkel; \u00e4ltester Sohn des Henrich Archenholtz, hessen-darmst\u00e4dt. Vogt auf dem Bad<\/p>\n<p><strong>oo 11.10.1705 Herborn <\/strong>(3. Prokl. 25.10.1705 Ems)<\/p>\n<p style=\"text-align: justify;\">mit <strong><u>Hildebrand<\/u>, (Johannetta) Philippina Elisabeth:<\/strong> Tochter des Hermann Hildebrand, Dr. der Heiligen Schrift, professor primarius, nass.-weilburgischer Konsistorialrat u. Inspektor zu Herborn; * 20.06.1680 Herborn (siehe Online OFB Herborn: <a href=\"http:\/\/ofb.genealogy.net\/famreport.php?ofb=herborn&amp;ID=I1058&amp;nachname=Hildebrandt&amp;lang=de\">http:\/\/ofb.genealogy.net\/famreport.php?ofb=herborn&amp;ID=I1058&amp;nachname=Hildebrandt&amp;lang=de<\/a>)<\/p>\n<hr \/>\n<p style=\"text-align: justify;\"><span style=\"color: #ff0000;\"><strong><u>Archenholtz<\/u><\/strong><strong>, Friedrich Ludwig:<\/strong><\/span> hessen-darmst\u00e4dt. Amtsverweser auf dem Bad; Sohn von Henrich Archenholtz<\/p>\n<p>oo mit <strong><u>Beller<\/u>, Polyxena Christiana<\/strong><\/p>\n<table width=\"595\">\n<tbody>\n<tr>\n<td width=\"161\">Henrietta Maximiliana<\/td>\n<td width=\"180\">* 14.10.1720 Ems (Bad)<\/td>\n<td width=\"255\"><\/td>\n<\/tr>\n<\/tbody>\n<\/table>\n<p style=\"text-align: justify;\"><strong>Paten:<\/strong><em> Henrietta Cath[arina], H[errn] Burgermeister Besten zu Speyer Eheliebste; H[err] Hoff-Cam[m]errath Wild von Bareuth [Bayreuth]; H[err] Regierungsrath Archenholtz von Weilburg<\/em><\/p>\n<hr \/>\n<p style=\"text-align: justify;\"><strong><span style=\"font-size: 10pt;\">Letzte \u00c4nderung: 27. April 2019<\/span><\/strong><br \/>\n<strong><span style=\"font-size: 10pt;\">Ralph Jackmuth<\/span><\/strong><\/p>\n","protected":false},"excerpt":{"rendered":"<p>Archenholtz, Henrich: hessen-darmst\u00e4dt. Vogt auf dem Bad; + vor 1685 oo mit Anna Magdalena: oo II. 20.05.1685 Ems mit Johann Nikolaus Hermann, hessen-darmst\u00e4dt. Vogt auf dem Bad 1) Johann Henrich oo 11.10.1705 Herborn mit (Johannetta) Philippina Elisabeth aus Herborn Pate 28.12.1690 bei Johann Karl Ahler auf dem Bad als Student der Logik (l. l. studiosus) &hellip; <a href=\"https:\/\/www.ahnenforschung-jackmuth.de\/?page_id=3569\" class=\"more-link\"><span class=\"screen-reader-text\">\u201eEms (Bad) &#8211; Archenholtz\u201c<\/span> weiterlesen<\/a><\/p>\n","protected":false},"author":1,"featured_media":0,"parent":0,"menu_order":0,"comment_status":"closed","ping_status":"closed","template":"","meta":{"footnotes":""},"class_list":["post-3569","page","type-page","status-publish","hentry"],"_links":{"self":[{"href":"https:\/\/www.ahnenforschung-jackmuth.de\/index.php?rest_route=\/wp\/v2\/pages\/3569","targetHints":{"allow":["GET"]}}],"collection":[{"href":"https:\/\/www.ahnenforschung-jackmuth.de\/index.php?rest_route=\/wp\/v2\/pages"}],"about":[{"href":"https:\/\/www.ahnenforschung-jackmuth.de\/index.php?rest_route=\/wp\/v2\/types\/page"}],"author":[{"embeddable":true,"href":"https:\/\/www.ahnenforschung-jackmuth.de\/index.php?rest_route=\/wp\/v2\/users\/1"}],"replies":[{"embeddable":true,"href":"https:\/\/www.ahnenforschung-jackmuth.de\/index.php?rest_route=%2Fwp%2Fv2%2Fcomments&post=3569"}],"version-history":[{"count":0,"href":"https:\/\/www.ahnenforschung-jackmuth.de\/index.php?rest_route=\/wp\/v2\/pages\/3569\/revisions"}],"wp:attachment":[{"href":"https:\/\/www.ahnenforschung-jackmuth.de\/index.php?rest_route=%2Fwp%2Fv2%2Fmedia&parent=3569"}],"curies":[{"name":"wp","href":"https:\/\/api.w.org\/{rel}","templated":true}]}}