{"id":3532,"date":"2019-04-27T17:15:59","date_gmt":"2019-04-27T17:15:59","guid":{"rendered":"http:\/\/www.ahnenforschung-jackmuth.de\/?page_id=3532"},"modified":"2019-04-28T12:51:12","modified_gmt":"2019-04-28T12:51:12","slug":"ems-familienname-unbekannt","status":"publish","type":"page","link":"https:\/\/www.ahnenforschung-jackmuth.de\/?page_id=3532","title":{"rendered":"Ems &#8211; Familienname unbekannt"},"content":{"rendered":"<p><span style=\"color: #ff0000;\"><strong>N. N.:<\/strong><\/span> Kuhhirte in Ems oo mit <strong>N. N.<\/strong><\/p>\n<table width=\"605\">\n<tbody>\n<tr>\n<td width=\"180\">Anna Katharina<\/td>\n<td width=\"151\">gt. 02.01.1684 Ems<\/td>\n<td width=\"274\"><\/td>\n<\/tr>\n<\/tbody>\n<\/table>\n<p style=\"text-align: justify;\"><strong>Paten:<\/strong><em> Gevattern waren: 1) Catharina, Bartholom\u00e6i Kaphne Hausfrau; 2) Han\u00df Jacob Schupp; 3) des Kindes Mutter Schwester<\/em><\/p>\n<hr \/>\n<p><span style=\"color: #ff0000;\"><strong>Jean N.:<\/strong> <\/span>Kuhhirte in Ems oo mit <strong>N. N.<\/strong><\/p>\n<table width=\"605\">\n<tbody>\n<tr>\n<td width=\"180\">1) Anna Katharina<\/td>\n<td width=\"151\"><\/td>\n<td width=\"274\">bg. 07.01.1684 Ems<\/td>\n<\/tr>\n<tr>\n<td width=\"180\">2) Johann Anton<\/td>\n<td width=\"151\">gt. 05.11.1684 Ems<\/td>\n<td width=\"274\"><\/td>\n<\/tr>\n<\/tbody>\n<\/table>\n<p style=\"text-align: justify;\"><strong>Paten:<\/strong> <strong>zu 2)<\/strong> <em>Gevattern waren: 1) Anthoni[us] Rosebach; 2) Catharina, Stephan Kreiders, des Scheffers Frau; 3) Claus Simon, B\u00fcrger alhier<\/em><\/p>\n<hr \/>\n<p><span style=\"color: #ff0000;\"><strong>Wilhelm N.:<\/strong><\/span> Kuhhirte in Ems oo mit <strong>N. N.<\/strong><\/p>\n<table width=\"605\">\n<tbody>\n<tr>\n<td width=\"180\">Anna Margaretha<\/td>\n<td width=\"151\">gt. 17.04.1687 Ems<\/td>\n<td width=\"274\"><\/td>\n<\/tr>\n<\/tbody>\n<\/table>\n<p style=\"text-align: justify;\"><strong>Paten:<\/strong> <em>Gevattern waren: 1) Margreth, Philips Winnen Tochter vom Baad; 2) Johann Bartholom\u00e6us Kaphne; 3) Anna Margreth, Nicolai Scheffers Hausfrau<\/em><\/p>\n<hr \/>\n<p><span style=\"color: #ff0000;\"><strong>Johann Matthias N.:<\/strong><\/span> ein Zigeuner, geb\u00fcrtig zu Nancy in Lothringen<\/p>\n<p>oo mit <strong>Anna Maria Elisabeth<\/strong><\/p>\n<table width=\"605\">\n<tbody>\n<tr>\n<td width=\"198\">Anna Margaretha Elisabeth<\/td>\n<td width=\"132\">gt. 10.01.1697 Ems<\/td>\n<td width=\"274\"><\/td>\n<\/tr>\n<\/tbody>\n<\/table>\n<p style=\"text-align: justify;\"><strong>Paten:<\/strong> <em>Tauffzeugen sind: 1) Herr Georg Daniel Cruciger, hochf\u00fcrst[lich] nassau-dietzischer Rath vnd Ambtmann zu Nassau; 2) Johannes Leporinus, p[ro] t[empore] pastor hujus loci ordinari[us]; 3) Herr Johann Nicolaus Hermann, hochf\u00fcrst[lich] hessen-darmst\u00e4ttischer Vogt auff dem Baad; 4) Herr Johann Christoph G\u00f6deck, designirter Vogt auff dem nassau-dietzischen Baad; 5) Herr Johann Gabriel D\u00f6rbeck, Chirurgus vnd gemeinschafft[licher] Schulthei\u00df allhier in Embs; 6) Jungfer Anna Margretha Sentin; vnd 7) Anna Elisabetha, Johann David Werners, eines hiesigen Beckers, Hau\u00dffrau<\/em><\/p>\n<hr \/>\n<p style=\"text-align: justify;\"><span style=\"color: #ff0000;\"><strong>Johannes Wenzeslaus N.:<\/strong> <\/span>ein B\u00e4cker aus Darmstadt-Wixhausen, geb\u00fcrtig aus Riedstadt-Goddelau (Kreis Gro\u00df-Gerau); Sohn des verst. Johann Gangloff N., eines gewesenen Soldaten aus Philippseck (Butzbach)<\/p>\n<p>oo (3. Prokl. 06.05.1708 Ems)<\/p>\n<p>mit <strong><u>Rausch<\/u>, Maria Magdalena:<\/strong> Tochter des verst. <a href=\"http:\/\/www.ahnenforschung-jackmuth.de\/?page_id=3387\"><em>Matthes Reusch<\/em><\/a>, gewesenener Handelsmann in Ems<\/p>\n<hr \/>\n<p style=\"text-align: justify;\"><span style=\"color: #ff0000;\"><strong>Philipp Jakob N.:<\/strong><\/span> ein armer Waisenknabe von ungef\u00e4hr 11 oder 12 Jahren, Sohn des Johannes N. N., ein verstorbener Hofmann aus Weisel (VG Loreley); bg. 29.04.1690 Ems<\/p>\n<hr \/>\n<p><span style=\"color: #ff0000;\"><em>\u00a0<\/em><strong>N. N.:<\/strong><\/span> Kind einer Bettelfrau; bg. 29.05.1692 Ems<\/p>\n<hr \/>\n<p style=\"text-align: justify;\"><span style=\"color: #ff0000;\"><strong>N. N.:<\/strong><\/span> ein p\u00e4pstischer (kath.) Mann, gefunden bei \u201eKellersweiden\u201c (heute Bad Ems, Forstarbeiter-siedlung); bg. 21.03.1699 Ems<\/p>\n<hr \/>\n<p><span style=\"color: #ff0000;\"><em>\u00a0<\/em><strong>N. N.:<\/strong> <\/span>ein sehr alter p\u00e4pstischer (kath.) Mann aus der Pfalz, gestorben im Zehnthof; bg. Ems 21.05.1699<\/p>\n<hr \/>\n<p style=\"text-align: justify;\"><span style=\"color: #ff0000;\"><strong>Maria Regina:<\/strong> <\/span>* 12.05.1720 Ems; Eltern nicht genannt; Paten: <em>Maria Regina D\u00f6rbeckin; Maria Margrehta Ahlerin; Christoph Beller<\/em><\/p>\n<hr \/>\n<p style=\"text-align: justify;\"><strong><span style=\"font-size: 10pt;\">Letzte \u00c4nderung: 27. April 2019<\/span><\/strong><br \/>\n<strong><span style=\"font-size: 10pt;\">Ralph Jackmuth<\/span><\/strong><\/p>\n","protected":false},"excerpt":{"rendered":"<p>N. N.: Kuhhirte in Ems oo mit N. N. Anna Katharina gt. 02.01.1684 Ems Paten: Gevattern waren: 1) Catharina, Bartholom\u00e6i Kaphne Hausfrau; 2) Han\u00df Jacob Schupp; 3) des Kindes Mutter Schwester Jean N.: Kuhhirte in Ems oo mit N. N. 1) Anna Katharina bg. 07.01.1684 Ems 2) Johann Anton gt. 05.11.1684 Ems Paten: zu 2) &hellip; <a href=\"https:\/\/www.ahnenforschung-jackmuth.de\/?page_id=3532\" class=\"more-link\"><span class=\"screen-reader-text\">\u201eEms &#8211; Familienname unbekannt\u201c<\/span> weiterlesen<\/a><\/p>\n","protected":false},"author":1,"featured_media":0,"parent":0,"menu_order":0,"comment_status":"closed","ping_status":"closed","template":"","meta":{"footnotes":""},"class_list":["post-3532","page","type-page","status-publish","hentry"],"_links":{"self":[{"href":"https:\/\/www.ahnenforschung-jackmuth.de\/index.php?rest_route=\/wp\/v2\/pages\/3532","targetHints":{"allow":["GET"]}}],"collection":[{"href":"https:\/\/www.ahnenforschung-jackmuth.de\/index.php?rest_route=\/wp\/v2\/pages"}],"about":[{"href":"https:\/\/www.ahnenforschung-jackmuth.de\/index.php?rest_route=\/wp\/v2\/types\/page"}],"author":[{"embeddable":true,"href":"https:\/\/www.ahnenforschung-jackmuth.de\/index.php?rest_route=\/wp\/v2\/users\/1"}],"replies":[{"embeddable":true,"href":"https:\/\/www.ahnenforschung-jackmuth.de\/index.php?rest_route=%2Fwp%2Fv2%2Fcomments&post=3532"}],"version-history":[{"count":0,"href":"https:\/\/www.ahnenforschung-jackmuth.de\/index.php?rest_route=\/wp\/v2\/pages\/3532\/revisions"}],"wp:attachment":[{"href":"https:\/\/www.ahnenforschung-jackmuth.de\/index.php?rest_route=%2Fwp%2Fv2%2Fmedia&parent=3532"}],"curies":[{"name":"wp","href":"https:\/\/api.w.org\/{rel}","templated":true}]}}