{"id":3513,"date":"2019-04-27T16:48:10","date_gmt":"2019-04-27T16:48:10","guid":{"rendered":"http:\/\/www.ahnenforschung-jackmuth.de\/?page_id=3513"},"modified":"2019-04-28T12:47:05","modified_gmt":"2019-04-28T12:47:05","slug":"ems-woelfling","status":"publish","type":"page","link":"https:\/\/www.ahnenforschung-jackmuth.de\/?page_id=3513","title":{"rendered":"Ems &#8211; W\u00f6lfling"},"content":{"rendered":"<p><span style=\"color: #ff0000;\"><strong><u>W\u00f6lfling<\/u><\/strong><strong>, Servatius:<\/strong><\/span> Einwohner in Ems; bg. 08.03.1706 Ems, 85 Jahre alt<\/p>\n<p>oo mit <strong>Sophia:<\/strong> bg. 17.06.1690 Ems, 75 Jahre minus 2 Monate alt<\/p>\n<hr \/>\n<p><span style=\"color: #ff0000;\"><strong><u>W\u00f6lfling<\/u><\/strong><strong>, Johann Simeon<\/strong><\/span><\/p>\n<p><strong>oo 25.01.1687 Ems<\/strong><\/p>\n<p>mit <strong><u>Sch\u00fctz<\/u>, Anna Elisabeth:<\/strong> Tochter des verst. Anton Sch\u00fctz aus Fr\u00fccht (VG Bad Ems-Nassau)<\/p>\n<table width=\"614\">\n<tbody>\n<tr>\n<td width=\"161\">1) Anna Louise<\/td>\n<td width=\"189\">gt. 12.02.1688 Ems<br \/>\nkonf. 15.05.1701 (Pfingsten)<\/td>\n<td width=\"265\">bg. 17.11.1759 Ems<\/td>\n<\/tr>\n<tr>\n<td width=\"161\">2) Juliana Margaretha<\/td>\n<td width=\"189\">gt. 27.09.1691 Ems<br \/>\nkonf. 11.05.1704 (Pfingsten)<\/td>\n<td width=\"265\">bg. 21.07.1766 Ems<\/td>\n<\/tr>\n<tr>\n<td width=\"161\">3) Johann Jakob<\/td>\n<td width=\"189\">gt. 16.09.1694 Ems<br \/>\nkonf. 27.05.1708 (Pfingsten)<\/td>\n<td style=\"text-align: justify;\" width=\"265\">bg. xx.06.1745 Ems<br \/>\nwohl oo um 1722 mit Anna Margaretha Reinhard aus Ems<\/td>\n<\/tr>\n<\/tbody>\n<\/table>\n<p style=\"text-align: justify;\"><strong>Paten: zu 1) <\/strong><em>Gevattern waren: Jungfer Louyse Promissa Archenholtzin; 2) Anna Margaretha Ilge\u00dfin, moderni Schul-Pr\u00e6ceptoris uxor, vnd 3) Henrich Rosenbach, Gerichts-Sch\u00f6pff allhier <\/em>\u2014 <strong>zu 2) <\/strong><em>Tauff-Goden sind: Maria Juliana, Otto Christoph Werners Tochter, vnd Anna Margretha, eine Wittib auff dem steinischen Hoff Mauch gegen Daussenau. Der Path: Joh[ann] Anthoni[us] Lotz auff dem Baad <\/em>\u2014 <strong>zu 3) <\/strong><em>Tauffpathen sind: Hans Jacob Werner vnd Hans Jacob Br\u00fcck. Die God ist: Anna Catharina, Joh[ann] Nicolaus Zimmerschieds Eheweib<\/em><\/p>\n<hr \/>\n<p style=\"text-align: justify;\"><span style=\"color: #ff0000;\"><strong><u>W\u00f6lfling<\/u><\/strong><strong>, Johann Jakob:<\/strong> <\/span>wohl Sohn von Johann Simeon W\u00f6lfling; gt. 16.09.1694 Ems; bg. xx.06.1745 Ems<\/p>\n<p>oo mit <strong><u>Reinhard<\/u>, Anna Margaretha:<\/strong> wohl Tochter v. <a href=\"http:\/\/www.ahnenforschung-jackmuth.de\/?page_id=3399\">Gottfried Reinhard<\/a>; gt. 13.02.1698 Ems; bg. xx.03.1757 Ems<\/p>\n<table width=\"614\">\n<tbody>\n<tr>\n<td width=\"170\">Johann Jakob<\/td>\n<td width=\"198\">* 13.10.1722 Ems<\/td>\n<td width=\"246\"><\/td>\n<\/tr>\n<\/tbody>\n<\/table>\n<p><strong>Paten:<\/strong> <em>Christian Kajan; Johann Jacob Traut; Elis[abetha] Magdalena, Han\u00df Herman M\u00fcllers Ehfrau<\/em><\/p>\n<hr \/>\n<p style=\"text-align: justify;\"><strong><span style=\"font-size: 10pt;\">Letzte \u00c4nderung: 27. April 2019<\/span><\/strong><br \/>\n<strong><span style=\"font-size: 10pt;\">Ralph Jackmuth<\/span><\/strong><\/p>\n","protected":false},"excerpt":{"rendered":"<p>W\u00f6lfling, Servatius: Einwohner in Ems; bg. 08.03.1706 Ems, 85 Jahre alt oo mit Sophia: bg. 17.06.1690 Ems, 75 Jahre minus 2 Monate alt W\u00f6lfling, Johann Simeon oo 25.01.1687 Ems mit Sch\u00fctz, Anna Elisabeth: Tochter des verst. Anton Sch\u00fctz aus Fr\u00fccht (VG Bad Ems-Nassau) 1) Anna Louise gt. 12.02.1688 Ems konf. 15.05.1701 (Pfingsten) bg. 17.11.1759 Ems &hellip; <a href=\"https:\/\/www.ahnenforschung-jackmuth.de\/?page_id=3513\" class=\"more-link\"><span class=\"screen-reader-text\">\u201eEms &#8211; W\u00f6lfling\u201c<\/span> weiterlesen<\/a><\/p>\n","protected":false},"author":1,"featured_media":0,"parent":0,"menu_order":0,"comment_status":"closed","ping_status":"closed","template":"","meta":{"footnotes":""},"class_list":["post-3513","page","type-page","status-publish","hentry"],"_links":{"self":[{"href":"https:\/\/www.ahnenforschung-jackmuth.de\/index.php?rest_route=\/wp\/v2\/pages\/3513","targetHints":{"allow":["GET"]}}],"collection":[{"href":"https:\/\/www.ahnenforschung-jackmuth.de\/index.php?rest_route=\/wp\/v2\/pages"}],"about":[{"href":"https:\/\/www.ahnenforschung-jackmuth.de\/index.php?rest_route=\/wp\/v2\/types\/page"}],"author":[{"embeddable":true,"href":"https:\/\/www.ahnenforschung-jackmuth.de\/index.php?rest_route=\/wp\/v2\/users\/1"}],"replies":[{"embeddable":true,"href":"https:\/\/www.ahnenforschung-jackmuth.de\/index.php?rest_route=%2Fwp%2Fv2%2Fcomments&post=3513"}],"version-history":[{"count":0,"href":"https:\/\/www.ahnenforschung-jackmuth.de\/index.php?rest_route=\/wp\/v2\/pages\/3513\/revisions"}],"wp:attachment":[{"href":"https:\/\/www.ahnenforschung-jackmuth.de\/index.php?rest_route=%2Fwp%2Fv2%2Fmedia&parent=3513"}],"curies":[{"name":"wp","href":"https:\/\/api.w.org\/{rel}","templated":true}]}}