{"id":3491,"date":"2019-04-27T16:26:11","date_gmt":"2019-04-27T16:26:11","guid":{"rendered":"http:\/\/www.ahnenforschung-jackmuth.de\/?page_id=3491"},"modified":"2019-04-27T16:26:11","modified_gmt":"2019-04-27T16:26:11","slug":"ems-v-diverse","status":"publish","type":"page","link":"https:\/\/www.ahnenforschung-jackmuth.de\/?page_id=3491","title":{"rendered":"Ems &#8211; V (Diverse)"},"content":{"rendered":"<p><span style=\"color: #ff0000;\"><strong><u>Veit<\/u><\/strong><strong>, Philippina Elisabeth:<\/strong><\/span> Tochter des Lukas Veit aus &#8230;; konf. 31.05.1691 (Pfingsten)<\/p>\n<hr \/>\n<p><span style=\"color: #ff0000;\"><strong><em><u>Vier<\/u><\/em><\/strong><strong>, Johann Jakob:<\/strong><\/span> Sohn des Hans Henrich <em>Vier<\/em> aus Nassau; konf. 12.06.1698 (Pfingsten) Ems<\/p>\n<hr \/>\n<p style=\"text-align: justify;\"><span style=\"color: #ff0000;\"><strong><u>Vogt<\/u><\/strong><strong>, Maria Gertrud:<\/strong><\/span> Tochter des Johannes Vogt, ein kaiserl. Soldat aus Mainz; bg. 19.11.1698 Ems, 1 \u00bc Jahre minus 11 Tage alt<\/p>\n<hr \/>\n<p><span style=\"color: #ff0000;\"><strong><u>Vollmar<\/u><\/strong><strong>, Hans Georg:<\/strong> <\/span>Sohn des Jost Vollmar, Wirt auf der Festung Ehrenbreitstein<\/p>\n<p><strong>oo 02.10.1689 Ems<\/strong><\/p>\n<p>mit <strong><u>Mandernach<\/u>, Maria:<\/strong> Tochter des N. Mandernach, gewesener Soldat auf der Festung Ehrenbreitstein<\/p>\n<hr \/>\n<p style=\"text-align: justify;\"><span style=\"color: #ff0000;\"><strong><u>von Neetzow<\/u><\/strong><strong>, Joachim Philipp:<\/strong> <\/span>Sohn des Bernd Ludwig von Neetzow (1671-1739), Erbherr von Kagenow (Gem. Neetzow-Liepen in Mecklenburg-Vorpommern) und k\u00f6niglich-d\u00e4nischer Rittmeister, * 1704 Frankfurt, + 13.07.1705 Koblenz, bg. 15.07.1705 Ems<\/p>\n<hr \/>\n<p style=\"text-align: justify;\"><span style=\"color: #ff0000;\"><strong><u>von Reinhard<\/u>, Anna Maria:<\/strong> <\/span>Ehefrau des Wihelm von Reinhard, kaiserl. Cornet (F\u00e4hnrich zu Pferd), geb\u00fcrtig gewesen zu Katzenstein bei \u00d6ttingen; bg. 07.01.1696 Ems, 29 Jahre alt<\/p>\n<hr \/>\n<p style=\"text-align: justify;\"><strong><span style=\"font-size: 10pt;\">Letzte \u00c4nderung: 27. April 2019<\/span><\/strong><br \/>\n<strong><span style=\"font-size: 10pt;\">Ralph Jackmuth<\/span><\/strong><\/p>\n","protected":false},"excerpt":{"rendered":"<p>Veit, Philippina Elisabeth: Tochter des Lukas Veit aus &#8230;; konf. 31.05.1691 (Pfingsten) Vier, Johann Jakob: Sohn des Hans Henrich Vier aus Nassau; konf. 12.06.1698 (Pfingsten) Ems Vogt, Maria Gertrud: Tochter des Johannes Vogt, ein kaiserl. Soldat aus Mainz; bg. 19.11.1698 Ems, 1 \u00bc Jahre minus 11 Tage alt Vollmar, Hans Georg: Sohn des Jost Vollmar, &hellip; <a href=\"https:\/\/www.ahnenforschung-jackmuth.de\/?page_id=3491\" class=\"more-link\"><span class=\"screen-reader-text\">\u201eEms &#8211; V (Diverse)\u201c<\/span> weiterlesen<\/a><\/p>\n","protected":false},"author":1,"featured_media":0,"parent":0,"menu_order":0,"comment_status":"closed","ping_status":"closed","template":"","meta":{"footnotes":""},"class_list":["post-3491","page","type-page","status-publish","hentry"],"_links":{"self":[{"href":"https:\/\/www.ahnenforschung-jackmuth.de\/index.php?rest_route=\/wp\/v2\/pages\/3491","targetHints":{"allow":["GET"]}}],"collection":[{"href":"https:\/\/www.ahnenforschung-jackmuth.de\/index.php?rest_route=\/wp\/v2\/pages"}],"about":[{"href":"https:\/\/www.ahnenforschung-jackmuth.de\/index.php?rest_route=\/wp\/v2\/types\/page"}],"author":[{"embeddable":true,"href":"https:\/\/www.ahnenforschung-jackmuth.de\/index.php?rest_route=\/wp\/v2\/users\/1"}],"replies":[{"embeddable":true,"href":"https:\/\/www.ahnenforschung-jackmuth.de\/index.php?rest_route=%2Fwp%2Fv2%2Fcomments&post=3491"}],"version-history":[{"count":0,"href":"https:\/\/www.ahnenforschung-jackmuth.de\/index.php?rest_route=\/wp\/v2\/pages\/3491\/revisions"}],"wp:attachment":[{"href":"https:\/\/www.ahnenforschung-jackmuth.de\/index.php?rest_route=%2Fwp%2Fv2%2Fmedia&parent=3491"}],"curies":[{"name":"wp","href":"https:\/\/api.w.org\/{rel}","templated":true}]}}