{"id":3463,"date":"2019-04-27T15:25:19","date_gmt":"2019-04-27T15:25:19","guid":{"rendered":"http:\/\/www.ahnenforschung-jackmuth.de\/?page_id=3463"},"modified":"2019-04-27T15:25:19","modified_gmt":"2019-04-27T15:25:19","slug":"ems-stierle","status":"publish","type":"page","link":"https:\/\/www.ahnenforschung-jackmuth.de\/?page_id=3463","title":{"rendered":"Ems &#8211; Stierle"},"content":{"rendered":"<p><span style=\"color: #ff0000;\"><strong><u>Stierle<\/u><\/strong><strong>, Hans Kaspar:<\/strong> <\/span>ein Schlosser und Beisasse in Ems<\/p>\n<p>oo mit <strong>Anna Sophia<\/strong><\/p>\n<table width=\"614\">\n<tbody>\n<tr>\n<td width=\"170\">1) Anna Elisabeth<\/td>\n<td width=\"161\">gt. 09.01.1698 Ems<\/td>\n<td width=\"283\">bg. 21.12.1700 Ems<\/td>\n<\/tr>\n<tr>\n<td width=\"170\">2) Eva Katharina<\/td>\n<td width=\"161\">gt. 24.10.1700 Ems<\/td>\n<td width=\"283\"><\/td>\n<\/tr>\n<tr>\n<td width=\"170\">3) Johann Jakob<\/td>\n<td width=\"161\">gt. 25.02.1703 Ems<\/td>\n<td width=\"283\"><\/td>\n<\/tr>\n<\/tbody>\n<\/table>\n<p style=\"text-align: justify;\"><strong>Paten: zu 1) <\/strong><em>Tauff-Goden sind: Elisabetha, David W&lt;&#8230;&gt;lers, eines trierischen Soldaten v[nd] Leinewebers in Coblentz, Eheweib, vnd Anna Margretha, Johannis Wittmars, eines hiesigen Einwohners v[nd] Leinenwebers, Frau. Der Path ist: Henrich M\u00fcller, p[ro] t[empore] bestell&lt;ter&gt; Fuhrmann auff dem hessischen Baad allhier <\/em>\u2014 <strong>zu 2) <\/strong><em>Tauff-Goden sind: Elisabetha Catharina, &lt;des&gt; Beckers Matth\u00e6i Georg Reiffers Hausfrau, vnd Eva, Henrich M\u00fcller, jetziger Zeit Fuhrmann auff dem hessischen Baad, Eheweib. Der Path &lt;ist&gt;: Georg Henrich Schmitt, wohlbestellter &#8230; auff der Vestung Marxburg <\/em>\u2014 <strong>zu 3) <\/strong><em>Tauffpathen sind: Joh&lt;ann&gt; Jacob, Bartholom\u00e6i Justen, eines hie&lt;sigen&gt; Gerichts-Sch\u00f6pffen Sohn, vnd Johan&lt;nes&gt;, Hans Martin Zimmerschieds, auch eines Gericht-Sch\u00f6pffens dahier zu Em&lt;bs&gt; Sohn. Die God ist: Margretha Catharina, weiland Meister Johannes W&lt;itt&gt;mars, eines gewesenen Leinenwebers allhier, hinterlassene Tochter<\/em><\/p>\n<hr \/>\n<p style=\"text-align: justify;\"><strong><span style=\"font-size: 10pt;\">Letzte \u00c4nderung: 27. April 2019<\/span><\/strong><br \/>\n<strong><span style=\"font-size: 10pt;\">Ralph Jackmuth<\/span><\/strong><\/p>\n","protected":false},"excerpt":{"rendered":"<p>Stierle, Hans Kaspar: ein Schlosser und Beisasse in Ems oo mit Anna Sophia 1) Anna Elisabeth gt. 09.01.1698 Ems bg. 21.12.1700 Ems 2) Eva Katharina gt. 24.10.1700 Ems 3) Johann Jakob gt. 25.02.1703 Ems Paten: zu 1) Tauff-Goden sind: Elisabetha, David W&lt;&#8230;&gt;lers, eines trierischen Soldaten v[nd] Leinewebers in Coblentz, Eheweib, vnd Anna Margretha, Johannis Wittmars, &hellip; <a href=\"https:\/\/www.ahnenforschung-jackmuth.de\/?page_id=3463\" class=\"more-link\"><span class=\"screen-reader-text\">\u201eEms &#8211; Stierle\u201c<\/span> weiterlesen<\/a><\/p>\n","protected":false},"author":1,"featured_media":0,"parent":0,"menu_order":0,"comment_status":"closed","ping_status":"closed","template":"","meta":{"footnotes":""},"class_list":["post-3463","page","type-page","status-publish","hentry"],"_links":{"self":[{"href":"https:\/\/www.ahnenforschung-jackmuth.de\/index.php?rest_route=\/wp\/v2\/pages\/3463","targetHints":{"allow":["GET"]}}],"collection":[{"href":"https:\/\/www.ahnenforschung-jackmuth.de\/index.php?rest_route=\/wp\/v2\/pages"}],"about":[{"href":"https:\/\/www.ahnenforschung-jackmuth.de\/index.php?rest_route=\/wp\/v2\/types\/page"}],"author":[{"embeddable":true,"href":"https:\/\/www.ahnenforschung-jackmuth.de\/index.php?rest_route=\/wp\/v2\/users\/1"}],"replies":[{"embeddable":true,"href":"https:\/\/www.ahnenforschung-jackmuth.de\/index.php?rest_route=%2Fwp%2Fv2%2Fcomments&post=3463"}],"version-history":[{"count":0,"href":"https:\/\/www.ahnenforschung-jackmuth.de\/index.php?rest_route=\/wp\/v2\/pages\/3463\/revisions"}],"wp:attachment":[{"href":"https:\/\/www.ahnenforschung-jackmuth.de\/index.php?rest_route=%2Fwp%2Fv2%2Fmedia&parent=3463"}],"curies":[{"name":"wp","href":"https:\/\/api.w.org\/{rel}","templated":true}]}}