{"id":3439,"date":"2019-04-27T15:05:30","date_gmt":"2019-04-27T15:05:30","guid":{"rendered":"http:\/\/www.ahnenforschung-jackmuth.de\/?page_id=3439"},"modified":"2019-09-09T18:40:41","modified_gmt":"2019-09-09T18:40:41","slug":"ems-schupp","status":"publish","type":"page","link":"https:\/\/www.ahnenforschung-jackmuth.de\/?page_id=3439","title":{"rendered":"Ems &#8211; Schupp"},"content":{"rendered":"<p><span style=\"color: #ff0000;\"><strong><u>Schupp<\/u><\/strong><strong>, Eva:<\/strong><\/span> Witwe; bg. 06.12.1694 Ems, 77 Jahre alt<\/p>\n<hr \/>\n<p><span style=\"color: #ff0000;\"><strong><u>Schupp<\/u><\/strong><strong>, Anna Katharina:<\/strong><\/span> Witwe; bg. 27.12.1701 Ems, 63 Jahre alt<\/p>\n<hr \/>\n<p><span style=\"color: #ff0000;\"><strong><u>Schupp<\/u><\/strong><\/span><strong><span style=\"color: #ff0000;\">, Johannes:<\/span> <\/strong>Schneider in Ems; + vor 1683<\/p>\n<p>oo mit <strong>N. N.<\/strong><\/p>\n<table width=\"605\">\n<tbody>\n<tr>\n<td style=\"width: 201.517px;\">1) Henrich Peter<\/td>\n<td style=\"width: 238.6px;\"><\/td>\n<td style=\"width: 353.883px; text-align: justify;\">oo 17.11.1685 Ems mit Anna Margaretha Ulefix aus Ems<\/td>\n<\/tr>\n<tr>\n<td style=\"width: 201.517px;\">2) Philipp Martin<\/td>\n<td style=\"width: 238.6px;\"><\/td>\n<td style=\"width: 353.883px; text-align: justify;\">oo 12.11.1689 Ems mit Anna Elisabeth Bierbreuer aus Bettgenhausen<\/td>\n<\/tr>\n<tr>\n<td style=\"width: 201.517px;\">3) Anna Gertrud<\/td>\n<td style=\"width: 238.6px;\"><\/td>\n<td style=\"width: 353.883px; text-align: justify;\">oo 24.06.1691 Ems mit Thomas Heumann aus Ems<\/td>\n<\/tr>\n<tr>\n<td style=\"width: 201.517px;\">4) Maria Elisabeth<\/td>\n<td style=\"width: 238.6px;\"><\/td>\n<td style=\"width: 353.883px; text-align: justify;\">oo 13.11.1683 Ems mit Hans Martin Kleber aus Forchheim<\/td>\n<\/tr>\n<tr>\n<td style=\"width: 201.517px;\">5) Anna Magdalena<\/td>\n<td style=\"width: 238.6px;\"><\/td>\n<td style=\"width: 353.883px; text-align: justify;\">bg. 03.04.1686 Ems<\/td>\n<\/tr>\n<tr>\n<td style=\"width: 201.517px;\">6) Johann Peter<\/td>\n<td style=\"width: 238.6px;\"><\/td>\n<td style=\"width: 353.883px; text-align: justify;\">bg. 10.06.1686 Ems<\/td>\n<\/tr>\n<tr>\n<td style=\"width: 201.517px;\">5) Elisabeth Katharina<\/td>\n<td style=\"width: 238.6px;\">konf. 03.06.1688 (Pfingsten)<\/td>\n<td style=\"width: 353.883px; text-align: justify;\">oo (3. Prokl. 27.02.1707 Ems) mit Johann Roland Linkenbach aus Dausenau<\/td>\n<\/tr>\n<\/tbody>\n<\/table>\n<hr \/>\n<p><span style=\"color: #ff0000;\"><strong><u>Schupp<\/u><\/strong><strong>, Hans Jakob:<\/strong> <\/span>gemeiner Vorsteher in Ems<\/p>\n<p>oo I. mit <strong>Anna Gertrud: <\/strong>bg. 05.05.1689 Ems, 37 Jahre und 11 Wochen alt<\/p>\n<table width=\"605\">\n<tbody>\n<tr>\n<td style=\"width: 204.317px;\">1) Johann Jakob<\/td>\n<td style=\"width: 308.983px;\">konf. 08.06.1690 (Pfingsten)<\/td>\n<td style=\"width: 280.7px;\">oo 05.01.1706 Ems mit Margaretha Katharina Witmar aus Ems<\/td>\n<\/tr>\n<tr>\n<td style=\"width: 204.317px;\">2) Johann Philipp<\/td>\n<td style=\"width: 308.983px;\"><\/td>\n<td style=\"width: 280.7px;\">bg. 04.01.1686 Ems<\/td>\n<\/tr>\n<tr>\n<td style=\"width: 204.317px;\">3) Johannes<\/td>\n<td style=\"width: 308.983px;\">gt. 16.09.1683 Ems (Dom. 15 post Trin.)<br \/>\nkonf. 31.05.1696 (Pfingsten)<\/td>\n<td style=\"width: 280.7px;\"><\/td>\n<\/tr>\n<tr>\n<td style=\"width: 204.317px;\">4) Maria Margaretha<\/td>\n<td style=\"width: 308.983px;\">gt. 08.08.1686 Ems<br \/>\nkonf. 28.05.1699 (Pfingsten)<\/td>\n<td style=\"width: 280.7px;\"><\/td>\n<\/tr>\n<\/tbody>\n<\/table>\n<p style=\"text-align: justify;\"><strong>Paten: zu 3)<\/strong> <em>Gevattern waren: 1) Johannes Ahler, Becker auf dem Baad; 2) Elisabeth Catharina, Nicolai Schuppen Hausfrau; 3) Johannes Schupp von Artzbach <\/em>\u2014 <strong>zu 4) <\/strong><em>Gevattern waren: 1) Maria Elisabeth, Han\u00df Martin Klebers Hausfrau; 2) Han\u00df Martin Zimmerschied, Burger vnd Gerichtsch\u00f6pf alhier, 3) Anna Margreth, Georg Philips Schlimges Hausfrau<\/em><\/p>\n<p><strong>oo II. 05.11.1689 Ems<\/strong> (3. Prokl. 27.10.)<\/p>\n<p>mit <strong><u>Krohn<\/u>, Maria Margaretha:<\/strong> Tochter des verst. Johannes Krohn, gewesener B\u00e4cker zu Nassau<\/p>\n<table width=\"605\">\n<tbody>\n<tr>\n<td width=\"180\">1) Maria Elisabetha<\/td>\n<td width=\"198\">gt. 10.08.1690 Ems<br \/>\nkonf. 27.05.1703 (Pfingsten)<\/td>\n<td width=\"227\">bg. xx.03.1771 Ems<\/td>\n<\/tr>\n<tr>\n<td width=\"180\">2) Johann Nikolaus<\/td>\n<td width=\"198\">gt. 31.01.1692 Ems<br \/>\nkonf. 11.05.1704 (Pfingsten)<\/td>\n<td width=\"227\"><\/td>\n<\/tr>\n<tr>\n<td width=\"180\">3) Johann Peter<\/td>\n<td width=\"198\">gt. 21.12.1693 Ems<br \/>\nkonf. 27.05.1708 (Pfingsten)<\/td>\n<td width=\"227\">bg. 28.11.1754 Ems<\/td>\n<\/tr>\n<tr>\n<td width=\"180\">4) Maria Katharina<\/td>\n<td width=\"198\">gt. 30.11.1695 Ems<\/td>\n<td width=\"227\">bg. 28.03.1698 Ems<\/td>\n<\/tr>\n<tr>\n<td width=\"180\">5) Johann Karl<\/td>\n<td width=\"198\">gt. 17.12.1697 Ems<\/td>\n<td width=\"227\">bg. 19.02.1698 Ems<\/td>\n<\/tr>\n<tr>\n<td width=\"180\">6) Johann Martin<\/td>\n<td width=\"198\">gt. 12.03.1699 Ems<br \/>\nkonf. 24.05.1711 (Pfingsten)<\/td>\n<td width=\"227\">\n<p style=\"text-align: justify;\">bg. 12.04.1771 Ems<br \/>\nwohl oo 19.11.1726 Ems mit Anna Rosina Rosenbach<\/p>\n<\/td>\n<\/tr>\n<tr>\n<td width=\"180\">7) Johannetta Elisabeth<\/td>\n<td width=\"198\">gt. 13.03.1701 Ems<\/td>\n<td width=\"227\">bg. 08.02.1705 Ems<\/td>\n<\/tr>\n<tr>\n<td width=\"180\">8) Johann Michael<\/td>\n<td width=\"198\">gt. 29.09.1703 Ems<\/td>\n<td width=\"227\">bg. 07.06.1705 Ems<\/td>\n<\/tr>\n<\/tbody>\n<\/table>\n<hr \/>\n<p><span style=\"color: #ff0000;\"><strong><u>Schupp<\/u><\/strong><strong>, (Johann) Michael<\/strong><\/span><\/p>\n<p>oo mit <strong><u>Kaffine<\/u>,<\/strong> <strong>Maria Elisabeth: <a href=\"http:\/\/www.ahnenforschung-jackmuth.de\/?page_id=3286\">s. u. Kaffine<\/a><br \/>\n<\/strong><\/p>\n<table width=\"605\">\n<tbody>\n<tr>\n<td style=\"width: 253.317px;\">1) Maria Gertrud<\/td>\n<td style=\"width: 294.367px;\">gt. 20.01.1684 Ems<\/td>\n<td style=\"width: 246.317px;\">bg. 28.11.1689 Ems<\/td>\n<\/tr>\n<tr>\n<td style=\"width: 253.317px;\">2) Anna Sibylla<\/td>\n<td style=\"width: 294.367px;\">gt. 13.12.1685 Ems (Dom. 3 Adventus)<\/td>\n<td style=\"width: 246.317px;\">bg. 04.03.1688 Ems<\/td>\n<\/tr>\n<tr>\n<td style=\"width: 253.317px;\">3) Johann Henrich<\/td>\n<td style=\"width: 294.367px;\">gt. 04.09.1687 Ems<\/td>\n<td style=\"width: 246.317px;\">bg. 26.11.1687 Ems<\/td>\n<\/tr>\n<tr>\n<td style=\"width: 253.317px;\">4) Bartholom\u00e4us<\/td>\n<td style=\"width: 294.367px;\">gt. 09.06.1689 Ems<br \/>\nkonf. 04.06.1702 (Pfingsten)<\/td>\n<td style=\"width: 246.317px;\">bg. 11.02.1756 Ems<\/td>\n<\/tr>\n<tr>\n<td style=\"width: 253.317px;\">5) Anna Sibylla<\/td>\n<td style=\"width: 294.367px;\">gt. 29.03.1691 Ems<\/td>\n<td style=\"width: 246.317px;\">bg. 03.09.1691 Ems<\/td>\n<\/tr>\n<tr>\n<td style=\"width: 253.317px;\">6) Johann Peter<\/td>\n<td style=\"width: 294.367px;\">gt. 28.08.1692 Ems<\/td>\n<td style=\"width: 246.317px;\">bg. 29.06.1693 Ems<\/td>\n<\/tr>\n<tr>\n<td style=\"width: 253.317px;\">7) Johann Michael<\/td>\n<td style=\"width: 294.367px;\">gt. 29.09.1694 Ems<\/td>\n<td style=\"width: 246.317px;\">bg. 15.01.1697 Ems<\/td>\n<\/tr>\n<tr>\n<td style=\"width: 253.317px;\">8) Maria Katharina Elisabeth<\/td>\n<td style=\"width: 294.367px;\">gt. 11.07.1697 Ems<br \/>\nkonf. 08.06.1710 (Pfingsten)<\/td>\n<td style=\"width: 246.317px;\"><\/td>\n<\/tr>\n<tr>\n<td style=\"width: 253.317px;\">9) Anna Magdalena<\/td>\n<td style=\"width: 294.367px;\">gt. 14.05.1699 Ems<\/td>\n<td style=\"width: 246.317px;\">bg. 21.06.1699 Ems<\/td>\n<\/tr>\n<tr>\n<td style=\"width: 253.317px;\">10) Johann Henrich<\/td>\n<td style=\"width: 294.367px;\">gt. 20.02.1701 Ems<\/td>\n<td style=\"width: 246.317px;\"><\/td>\n<\/tr>\n<tr>\n<td style=\"width: 253.317px;\">11) Johann Martin<\/td>\n<td style=\"width: 294.367px;\">gt. 20.07.1704 Ems<\/td>\n<td style=\"width: 246.317px;\">bg. 07.08.1704 Ems<\/td>\n<\/tr>\n<\/tbody>\n<\/table>\n<p style=\"text-align: justify;\"><strong>\u00a0<\/strong><strong>Paten: zu 1) <\/strong><em>Gevattern waren: 1) Maria Elisabeth, Han\u00df Merte Klebers Hausfrau; 2) &lt;&#8230;&gt; Adam Kaphne, des Kindes Mutter Bruder; 3) Maria Gertraud, Henrich Peffarts, hie\u00dfigen Herrn M\u00fcllers Dochter <\/em>\u2014 <strong>zu 2) <\/strong><em>Gevattern waren: 1) Anna Sibylla, Jost Ochsen Dochter von Nassau; 2) Peter Schupp, Johannis Schuppen, des lahmen Schneiders, Sohn; 3) Anna Margreth, Philips Winnen Dochter vom Baad <\/em>\u2014 <strong>zu 3) <\/strong><em>Gevattern waren: 1) Han\u00df Merte Schupp von Dausenau; 2) Elisabetha Catharina, Nicolai Schuppen Hausfrau; 3) Henrich Winn vom Baad <\/em>\u2014 <strong>zu 4) <\/strong><em>Tauffpathen sind: Bartholom\u00e6us Kaphne junior vnd Anthoni[us] D\u00f6rrmann, auff dem Baad Daussenauer Seiten wohnend. Die God aber ist: Anna Gerdraut, der armen Wittib Catharin\u00e6 Schuppin Tochter <\/em>\u2014 <strong>zu 5) <\/strong><em>Tauff-Goden sind: Anna Sibylla, Hans Henrich Eichholtzs Hau\u00dffr[au], vnd Anna Elisabetha, Philips Martin Schupps Weib. Der Path aber ist: Claus Schupp, Einwohner vnd Kirchen-Senior allhier<\/em><\/p>\n<hr \/>\n<p><span style=\"color: #ff0000;\"><strong><u>Schupp<\/u><\/strong><strong>, (Hans) Nikolaus:\u00a0<\/strong><\/span>Kirchenvorsteher (1703), 1688 zum Kirchensenior bestellt (KB 1, pag. 789)<\/p>\n<p>oo mit <strong>Elisabeth Katharina<\/strong><\/p>\n<table width=\"605\">\n<tbody>\n<tr>\n<td width=\"189\">1) Johann Jakob<\/td>\n<td width=\"198\">konf. 27.05.1694 (Pfingsten)<\/td>\n<td width=\"217\">oo 12.01.1706 Ems mit Anna Gertrud Br\u00fcck aus Ems<\/td>\n<\/tr>\n<tr>\n<td width=\"189\">2) Anna Christina<\/td>\n<td width=\"198\"><\/td>\n<td width=\"217\">bg. 05.12.1685 Ems<\/td>\n<\/tr>\n<tr>\n<td width=\"189\">3) Elisabeth Katharina<\/td>\n<td width=\"198\">gt. 28.10.1684 Ems<\/td>\n<td width=\"217\">bg. 07.12.1685 Ems<\/td>\n<\/tr>\n<tr>\n<td width=\"189\">4) Johann Peter<\/td>\n<td width=\"198\">gt. 19.09.1686 Ems<\/td>\n<td width=\"217\">bg. 14.12.1696 Ems<\/td>\n<\/tr>\n<tr>\n<td width=\"189\">5) Johann Philipp<\/td>\n<td width=\"198\">gt. 14.04.1689 Ems<br \/>\nkonf. 04.06.1702 (Pfingsten)<\/td>\n<td width=\"217\">bg. 20.08.1764 Ems<\/td>\n<\/tr>\n<tr>\n<td width=\"189\">6) Anna Margaretha<\/td>\n<td width=\"198\">gt. 26.12.1692 Ems<\/td>\n<td width=\"217\">bg. 18.08.1704 Ems<\/td>\n<\/tr>\n<tr>\n<td width=\"189\">7) Johann Bartholom\u00e4us<\/td>\n<td width=\"198\">gt. 17.11.1695 Ems<br \/>\nkonf. 27.05.1708 (Pfingsten)<\/td>\n<td width=\"217\">bg. 16.02.1774 Ems<\/td>\n<\/tr>\n<tr>\n<td width=\"189\">8) Anna Katharina<\/td>\n<td width=\"198\">gt. 02.04.1699 Ems<\/td>\n<td width=\"217\">bg. 26.08.1704 Ems<\/td>\n<\/tr>\n<tr>\n<td width=\"189\">9) Johann Nikolaus<\/td>\n<td width=\"198\">gt. 12.08.1703 Ems<\/td>\n<td width=\"217\">bg. 08.02.1705 Ems<\/td>\n<\/tr>\n<\/tbody>\n<\/table>\n<p style=\"text-align: justify;\"><strong>Paten: zu 3) <\/strong><em>Gevattern waren: 1) Maria Elisabeth, Michel Schuppen Frau; 2) Bartholom\u00e6us Jost, Burger alhier; 3) Anna Catharina, Henrich Peffarts, des H[errn] M\u00fcllers Hausfrau <\/em>\u2014 <strong>zu 4) <\/strong><em>Gevattern waren: 1) Han\u00df Merte Kleber, Ma\u00fcrer alhier; 2) Anna Gertraud, Han\u00df Jacob Schuppen Hausfrau; 3) Henrich Peter Schupp <\/em>\u2014 <strong>zu 5) <\/strong><em>Tauffpathen waren: Philips Martin Schupp vnd Johann Michael Schupp. Die God aber ist: Anna Lie\u00df Ulefixin, vidua <\/em>\u2014 <strong>zu 6) <\/strong><em>Erbetene Tauff-Goden sind: Anna Margretha, Adam Josten Hau\u00dffrau, vnd Margretha Catharina, Hans Peter Caphne Eheweib. Der Path ist: Johann Anthonius Rosenbach <\/em>\u2014 <strong>zu 7) <\/strong><em>Tauffpathen sind: Johann Nicolaus Zimmerschied vnd Barthol Just, der \u00e4ltiste Gerichts-Sch\u00f6pff vnd Kirchen-Senior. Die God ist: Anna Elisabetha, weiland Peter Friedges hinterlassene Wittib <\/em>\u2014 <strong>zu 8) <\/strong><em>Tauff-Goden sind: Elisabetha Catharina, Adam Justen Tochter, vnd Anna Catharina, Adam Dommermuths Eheweib. Der Path ist: Johann Jacob, Hans Jacob Schupps Sohn <\/em>\u2014 <strong>zu 9) <\/strong><em>Tauffpathen sind: Johann Nicolaus, Jacob Br\u00fccks im hiesigen Zehenhoff Sohn, vnd Adam Dommermuth, ein Schreiner vnd Gerichtssch\u00f6pff. Die God ist: Elisabetha Magdalena, Jost Dommermuths Tochter<\/em><\/p>\n<hr \/>\n<p><span style=\"color: #ff0000;\"><strong><u>Schupp<\/u><\/strong><strong>, Henrich Peter:<\/strong><\/span> Sohn des verstorbenen Johannes Schupp<\/p>\n<p><strong>oo 17.11.1685 Ems<\/strong><\/p>\n<p>mit <strong><u>Ulefix<\/u>, Anna Margaretha:<\/strong> Tochter des verst. <a href=\"http:\/\/www.ahnenforschung-jackmuth.de\/?page_id=3484\">Johann Philipp Ulefix<\/a>, Gerichtssch\u00f6ffe in Ems<\/p>\n<table width=\"605\">\n<tbody>\n<tr>\n<td width=\"180\">1) Johann Philipp<\/td>\n<td width=\"189\">gt. 15.08.1686 Ems<br \/>\nkonf. 30.05.1700 (Pfingsten)<\/td>\n<td width=\"236\">bg. 29.09.1757 Ems<\/td>\n<\/tr>\n<tr>\n<td width=\"180\">2) Anna Christina<\/td>\n<td width=\"189\">gt. 04.03.1688 Ems<br \/>\nkonf. 15.05.1701 (Pfingsten)<\/td>\n<td width=\"236\">bg. xx.03.1757 Ems<\/td>\n<\/tr>\n<tr>\n<td width=\"180\">3) Johann Georg<\/td>\n<td width=\"189\">gt. 06.03.1692 Ems<\/td>\n<td width=\"236\">bg. 12.06.1693 Ems<\/td>\n<\/tr>\n<tr>\n<td width=\"180\">4) Johann Adam<\/td>\n<td width=\"189\">gt. 15.06.1694 Ems<\/td>\n<td width=\"236\">bg. 12.09.1698 Ems<\/td>\n<\/tr>\n<tr>\n<td width=\"180\">5) Maria Katharina<\/td>\n<td width=\"189\">gt. 20.06.1697 Ems<\/td>\n<td width=\"236\">bg. 15.01.1700 Ems<\/td>\n<\/tr>\n<tr>\n<td width=\"180\">6) Elisabetha Katharina<\/td>\n<td width=\"189\">gt. 17.07.1701 Ems<\/td>\n<td width=\"236\">bg. 28.01.1703 Ems<\/td>\n<\/tr>\n<tr>\n<td width=\"180\">7) Maria Margaretha<\/td>\n<td width=\"189\">gt. 25.01.1704 Ems<\/td>\n<td width=\"236\"><\/td>\n<\/tr>\n<\/tbody>\n<\/table>\n<hr \/>\n<p style=\"text-align: justify;\"><span style=\"color: #ff0000;\"><strong><u>Schupp<\/u><\/strong><strong>, Philipp Martin:<\/strong><\/span> Sohn des verst. Johannes Schupp, gewesener Schuhmacher und Gerichtssch\u00f6ffe in Ems<\/p>\n<p><strong>oo 12.11.1689 Ems<\/strong> (3. Prokl. 10.11.)<\/p>\n<p style=\"text-align: justify;\">mit <strong><u>Bierbreuer<\/u>, Anna Elisabeth:<\/strong> Tochter des verst. Johannes Bierbreuer aus Bettgenhausen (Gem. Seelbach)<\/p>\n<table width=\"605\">\n<tbody>\n<tr>\n<td width=\"189\">1) Maria Sibylla<\/td>\n<td width=\"189\">gt. 12.10.1690 Ems<br \/>\nkonf. 27.05.1703 (Pfingsten)<\/td>\n<td width=\"227\">bg. 21.12.1757 Ems<\/td>\n<\/tr>\n<tr>\n<td width=\"189\">2) Elisabetha Catharina<\/td>\n<td width=\"189\">gt. 06.06.1693 Ems<br \/>\nkonf. 23.05.1706 (Pfingsten)<\/td>\n<td width=\"227\">bg. 17.09.1710 Ems<\/td>\n<\/tr>\n<tr>\n<td width=\"189\">3) Elisabetha Margretha<\/td>\n<td width=\"189\">gt. 17.11.1695 Ems<\/td>\n<td width=\"227\">bg. 21.06.1698 Ems<\/td>\n<\/tr>\n<\/tbody>\n<\/table>\n<hr \/>\n<p><span style=\"color: #ff0000;\"><strong><u>Schupp<\/u><\/strong><strong>, Johann Jakob:<\/strong><\/span> Sohn des Hans Jakob Schupp, gemeiner Vorsteher zu Ems<\/p>\n<p><strong>oo 05.01.1706 Ems <\/strong>(3. Prokl. 27.12.1705)<\/p>\n<p style=\"text-align: justify;\">mit <strong><u>Wittmar<\/u>, Margaretha Katharina:<\/strong> Tochter des verst. <a href=\"http:\/\/www.ahnenforschung-jackmuth.de\/?page_id=3506\">Johannes Witmar<\/a>, gewesener Leinweber in Ems; gt. 29.09.1686 Ems<\/p>\n<table width=\"605\">\n<tbody>\n<tr>\n<td width=\"189\">1) Maria Elisabeth<\/td>\n<td width=\"142\">gt. 30.01.1707 Ems<\/td>\n<td width=\"274\">bg. 16.12.1771 Ems<\/td>\n<\/tr>\n<tr>\n<td width=\"189\">2) Margaretha Katharina<\/td>\n<td width=\"142\">gt. 12.08.1708 Ems<\/td>\n<td width=\"274\"><\/td>\n<\/tr>\n<tr>\n<td width=\"189\">3) Johann Jakob<\/td>\n<td width=\"142\">gt. 21.09.1710 Ems<\/td>\n<td width=\"274\">bg. 11.03.1737 Ems<\/td>\n<\/tr>\n<tr>\n<td width=\"189\">4) Johann Nikolaus<\/td>\n<td width=\"142\">gt. 17.01.1712 Ems<\/td>\n<td width=\"274\">bg. 25.12.1764 Ems<\/td>\n<\/tr>\n<tr>\n<td width=\"189\">5) Johannes<\/td>\n<td width=\"142\">gt. 08.1714 Ems<\/td>\n<td width=\"274\"><\/td>\n<\/tr>\n<\/tbody>\n<\/table>\n<p style=\"text-align: justify;\"><strong>Paten:<\/strong> <em>zu 5) Gevattern sind gewesen: 1) Johannes Schmidt, Einwohner dahier, 2) Carl Caphine, Einwohner allhier, 3) N. N., Henrich Eichholtz, Einwohners allhier ehe[liche] Hausfrau<\/em><\/p>\n<hr \/>\n<p><span style=\"color: #ff0000;\"><strong><u>Schupp<\/u><\/strong><strong>, Johann Jakob:<\/strong><\/span> Sohn des Nikolaus Schupp, Gerichtssch\u00f6ffe und \u00e4ltester Kirchenvorsteher zu Ems<\/p>\n<p><strong>oo 12.01.1706 Ems<\/strong> (3. Prokl. 03.01.)<\/p>\n<p>mit <strong><u>Br\u00fcck<\/u>, Anna Gertrud:<\/strong> Tochter des verst. <a href=\"http:\/\/www.ahnenforschung-jackmuth.de\/?page_id=3150\">Hans Jakob Br\u00fcck<\/a>, gewesener Gerichtssch\u00f6ffe und gewesener Koblenzer Kastorstifts-Hofmann in Ems; gt. 10.07.1686 Ems<\/p>\n<table width=\"605\">\n<tbody>\n<tr>\n<td width=\"198\">1) Johann Philipp<\/td>\n<td width=\"151\">gt. 04.09.1707 Ems<\/td>\n<td width=\"255\">bg. 08.09.1707 Ems<\/td>\n<\/tr>\n<tr>\n<td width=\"198\">2) Johann Peter<\/td>\n<td width=\"151\">gt. 27.10.1709 Ems<\/td>\n<td width=\"255\">bg. 19.10.1710 Ems<\/td>\n<\/tr>\n<tr>\n<td width=\"198\">3) Elisabeth Katharina<\/td>\n<td width=\"151\">gt. 13.12.1711 Ems<\/td>\n<td width=\"255\">bg. 03.02.1782 Ems<\/td>\n<\/tr>\n<tr>\n<td width=\"198\">4) Johann Jakob<\/td>\n<td width=\"151\">gt. 10.09.1715 Ems<\/td>\n<td width=\"255\">bg. 12.10.1783 Ems<\/td>\n<\/tr>\n<\/tbody>\n<\/table>\n<p style=\"text-align: justify;\"><strong>Paten:<\/strong> zu 4) <em>Dauffzeugen siendt gewessen: Johan Jacob Zimmerschiett, Nicolaus Zimmerschiets, auch ein Gerichtssch\u00f6ffen ehleiblicher Sohn, u[nd] Marden Bruck, Hans Jacob Brucken, auch eines Gerichssch\u00f6ffen ehleieblicher Sohn. Die Gete: Hans Jacob Heimans, ein Leinew\u00f6ber all hier, ehleiblige Tochter<\/em><\/p>\n<hr \/>\n<p><span style=\"color: #ff0000;\"><strong><u>Schupp<\/u><\/strong><strong>, Johann Barthel d. \u00c4.<\/strong><\/span><\/p>\n<p>oo mit <strong>Anna Katharina<\/strong><\/p>\n<table width=\"605\">\n<tbody>\n<tr>\n<td width=\"198\">1) Susanna Katharina<\/td>\n<td width=\"151\">gt. 10.09.1716 Ems<\/td>\n<td width=\"255\"><\/td>\n<\/tr>\n<tr>\n<td width=\"198\">2) Anna Margaretha<\/td>\n<td width=\"151\">gt. 20.02.1721 Ems<\/td>\n<td width=\"255\">bg. 10.12.1789 Ems<\/td>\n<\/tr>\n<tr>\n<td width=\"198\">3) Anna Eva<\/td>\n<td width=\"151\">gt. 28.04.1723 Ems<\/td>\n<td width=\"255\"><\/td>\n<\/tr>\n<\/tbody>\n<\/table>\n<p style=\"text-align: justify;\"><strong>Paten:<\/strong> <strong>zu 1)<\/strong> <em>Dauffzeugen sindt gewessen: Maria Catterina geborne Schuppin; Susanna Catarina geborne Br\u00fcckin. Der Patt ist gewe\u00dfen: Bardell Schupp der junger <\/em>\u2014 <strong>zu 2) <\/strong><em>Tauffzeugen sindt gewes\u00dfen: An[n]a Cattarina, Nickolaus Zim[m]erschiets Wittib; Anna Margreda, Carll Lotz sein ehligen Hausfrau. Der Pat ist gewes\u00dfen: Pfiliebs Rehman[n] <\/em>\u2014 <strong>zu 3) <\/strong><em>Tauffzeugen sindt gewe\u00dfen: Anne Eva, And&#8230; Zimmerschiet &lt;&#8230;&gt;. Der Pat ist gewe\u00dfen: Johan Henrich Schupp, Michell Schuppen Sohn<\/em><\/p>\n<hr \/>\n<p><span style=\"color: #ff0000;\"><strong><u>Schupp<\/u><\/strong><strong>, Johann Philipp:<\/strong> <\/span>ein Wagner<\/p>\n<p>oo mit <strong>Anna Elisabeth<\/strong><\/p>\n<table width=\"605\">\n<tbody>\n<tr>\n<td width=\"151\">Anna Katharina<\/td>\n<td width=\"236\">* 09.12.1726 Ems (gt. 15.12.)<\/td>\n<td width=\"217\"><\/td>\n<\/tr>\n<\/tbody>\n<\/table>\n<p><strong>Paten:<\/strong><em> Anna Catharina Eichholzin; Anna Gertraud Schuppin; Johann Barthold Schupp; alle drey hierselbst<\/em><\/p>\n<hr \/>\n<p><span style=\"color: #ff0000;\"><strong><u>Schupp<\/u><\/strong><\/span><strong><span style=\"color: #ff0000;\">, Johann Martin:<\/span> <\/strong>wohl Sohn des Hans Jakob Schupp; gt. 12.03.1699 Ems; bg. 12.04.1771 Ems<\/p>\n<p><strong>oo 19.11.1726 Ems <\/strong><\/p>\n<p>mit <strong><u>Rosenbach<\/u>, Anna Rosina: <\/strong>s. u. <a href=\"http:\/\/www.ahnenforschung-jackmuth.de\/?page_id=3405\">Rosenbach<\/a><strong><br \/>\n<\/strong><\/p>\n<hr \/>\n<p style=\"text-align: justify;\"><strong><span style=\"font-size: 10pt;\">Letzte \u00c4nderung: 9. September 2019<\/span><\/strong><br \/>\n<strong><span style=\"font-size: 10pt;\">Ralph Jackmuth<\/span><\/strong><\/p>\n","protected":false},"excerpt":{"rendered":"<p>Schupp, Eva: Witwe; bg. 06.12.1694 Ems, 77 Jahre alt Schupp, Anna Katharina: Witwe; bg. 27.12.1701 Ems, 63 Jahre alt Schupp, Johannes: Schneider in Ems; + vor 1683 oo mit N. N. 1) Henrich Peter oo 17.11.1685 Ems mit Anna Margaretha Ulefix aus Ems 2) Philipp Martin oo 12.11.1689 Ems mit Anna Elisabeth Bierbreuer aus Bettgenhausen &hellip; <a href=\"https:\/\/www.ahnenforschung-jackmuth.de\/?page_id=3439\" class=\"more-link\"><span class=\"screen-reader-text\">\u201eEms &#8211; Schupp\u201c<\/span> weiterlesen<\/a><\/p>\n","protected":false},"author":1,"featured_media":0,"parent":0,"menu_order":0,"comment_status":"closed","ping_status":"closed","template":"","meta":{"footnotes":""},"class_list":["post-3439","page","type-page","status-publish","hentry"],"_links":{"self":[{"href":"https:\/\/www.ahnenforschung-jackmuth.de\/index.php?rest_route=\/wp\/v2\/pages\/3439","targetHints":{"allow":["GET"]}}],"collection":[{"href":"https:\/\/www.ahnenforschung-jackmuth.de\/index.php?rest_route=\/wp\/v2\/pages"}],"about":[{"href":"https:\/\/www.ahnenforschung-jackmuth.de\/index.php?rest_route=\/wp\/v2\/types\/page"}],"author":[{"embeddable":true,"href":"https:\/\/www.ahnenforschung-jackmuth.de\/index.php?rest_route=\/wp\/v2\/users\/1"}],"replies":[{"embeddable":true,"href":"https:\/\/www.ahnenforschung-jackmuth.de\/index.php?rest_route=%2Fwp%2Fv2%2Fcomments&post=3439"}],"version-history":[{"count":0,"href":"https:\/\/www.ahnenforschung-jackmuth.de\/index.php?rest_route=\/wp\/v2\/pages\/3439\/revisions"}],"wp:attachment":[{"href":"https:\/\/www.ahnenforschung-jackmuth.de\/index.php?rest_route=%2Fwp%2Fv2%2Fmedia&parent=3439"}],"curies":[{"name":"wp","href":"https:\/\/api.w.org\/{rel}","templated":true}]}}