{"id":3430,"date":"2019-04-27T14:54:46","date_gmt":"2019-04-27T14:54:46","guid":{"rendered":"http:\/\/www.ahnenforschung-jackmuth.de\/?page_id=3430"},"modified":"2019-04-27T14:54:46","modified_gmt":"2019-04-27T14:54:46","slug":"ems-schneider","status":"publish","type":"page","link":"https:\/\/www.ahnenforschung-jackmuth.de\/?page_id=3430","title":{"rendered":"Ems &#8211; Schneider"},"content":{"rendered":"<p style=\"text-align: justify;\"><span style=\"color: #ff0000;\"><strong><u>Schneider<\/u><\/strong><strong>, Johann David: <\/strong><\/span>ein Schlosser in Ems; Sohn des Matth\u00e4us Schneider, \u00e4ltester Gerichtssch\u00f6ffe und Kirchenvorsteher zu Kastellaun (<em>Castelhun<\/em>)<\/p>\n<p>oo (prokl. 20.11.1701 Ems)<\/p>\n<p>mit <strong><u>Rosenbach<\/u>, Anna Gertrud:<\/strong> Tochter des Hans Henrich Rosenbach, Gerichtssch\u00f6ffe in Ems<\/p>\n<table width=\"605\">\n<tbody>\n<tr>\n<td width=\"170\">1) Johann Helwig<\/td>\n<td width=\"161\">gt. 08.10.1702 Ems<\/td>\n<td width=\"274\"><\/td>\n<\/tr>\n<tr>\n<td width=\"170\">2) Johann Peter<\/td>\n<td width=\"161\">gt. 21.06.1705 Ems<\/td>\n<td width=\"274\">&nbsp;<\/td>\n<\/tr>\n<tr>\n<td width=\"170\">3) Johann Nikolaus<\/td>\n<td width=\"161\">gt. 29.04.1708 Ems<\/td>\n<td width=\"274\"><\/td>\n<\/tr>\n<tr>\n<td width=\"170\">4) Elisabeth Katharina<\/td>\n<td width=\"161\">gt. 08.04.1714 Ems<\/td>\n<td width=\"274\">&nbsp;<\/td>\n<\/tr>\n<\/tbody>\n<\/table>\n<p style=\"text-align: justify;\"><strong>Paten:<\/strong> <em>Gevattern sind gewesen: 1) Catharina, Henrich Peter Caphines, Gericht-Sch\u00f6ffens allhier, ehe[liche] Hau\u00dffrau; 2) Anna Elisabetha Rosebachin und 3) Georg Philipps Bauer von Dietz<\/em><\/p>\n<hr \/>\n<p style=\"text-align: justify;\"><strong><span style=\"font-size: 10pt;\">Letzte \u00c4nderung: 27. April 2019<\/span><\/strong><br \/><strong><span style=\"font-size: 10pt;\">Ralph Jackmuth<\/span><\/strong><\/p>\n","protected":false},"excerpt":{"rendered":"<p>Schneider, Johann David: ein Schlosser in Ems; Sohn des Matth\u00e4us Schneider, \u00e4ltester Gerichtssch\u00f6ffe und Kirchenvorsteher zu Kastellaun (Castelhun) oo (prokl. 20.11.1701 Ems) mit Rosenbach, Anna Gertrud: Tochter des Hans Henrich Rosenbach, Gerichtssch\u00f6ffe in Ems 1) Johann Helwig gt. 08.10.1702 Ems 2) Johann Peter gt. 21.06.1705 Ems &nbsp; 3) Johann Nikolaus gt. 29.04.1708 Ems 4) Elisabeth &hellip; <a href=\"https:\/\/www.ahnenforschung-jackmuth.de\/?page_id=3430\" class=\"more-link\"><span class=\"screen-reader-text\">\u201eEms &#8211; Schneider\u201c<\/span> weiterlesen<\/a><\/p>\n","protected":false},"author":1,"featured_media":0,"parent":0,"menu_order":0,"comment_status":"closed","ping_status":"closed","template":"","meta":{"footnotes":""},"class_list":["post-3430","page","type-page","status-publish","hentry"],"_links":{"self":[{"href":"https:\/\/www.ahnenforschung-jackmuth.de\/index.php?rest_route=\/wp\/v2\/pages\/3430","targetHints":{"allow":["GET"]}}],"collection":[{"href":"https:\/\/www.ahnenforschung-jackmuth.de\/index.php?rest_route=\/wp\/v2\/pages"}],"about":[{"href":"https:\/\/www.ahnenforschung-jackmuth.de\/index.php?rest_route=\/wp\/v2\/types\/page"}],"author":[{"embeddable":true,"href":"https:\/\/www.ahnenforschung-jackmuth.de\/index.php?rest_route=\/wp\/v2\/users\/1"}],"replies":[{"embeddable":true,"href":"https:\/\/www.ahnenforschung-jackmuth.de\/index.php?rest_route=%2Fwp%2Fv2%2Fcomments&post=3430"}],"version-history":[{"count":0,"href":"https:\/\/www.ahnenforschung-jackmuth.de\/index.php?rest_route=\/wp\/v2\/pages\/3430\/revisions"}],"wp:attachment":[{"href":"https:\/\/www.ahnenforschung-jackmuth.de\/index.php?rest_route=%2Fwp%2Fv2%2Fmedia&parent=3430"}],"curies":[{"name":"wp","href":"https:\/\/api.w.org\/{rel}","templated":true}]}}