{"id":3410,"date":"2019-04-27T14:31:17","date_gmt":"2019-04-27T14:31:17","guid":{"rendered":"http:\/\/www.ahnenforschung-jackmuth.de\/?page_id=3410"},"modified":"2023-04-26T18:54:59","modified_gmt":"2023-04-26T18:54:59","slug":"ems-r-diverse","status":"publish","type":"page","link":"https:\/\/www.ahnenforschung-jackmuth.de\/?page_id=3410","title":{"rendered":"Ems &#8211; R (Diverse)"},"content":{"rendered":"<p><span style=\"color: #ff0000;\"><strong><u>Reichhold<\/u><\/strong><strong>, Georg Adam:<\/strong><\/span> ein sich in Ems aufhaltender Bergmann aus Bayreuth (<em>Bareuth<\/em>)<\/p>\n<p>oo mit <strong>Maria Helena Charlotta<\/strong><\/p>\n<table width=\"605\">\n<tbody>\n<tr>\n<td width=\"180\">Anna Sibylla<\/td>\n<td width=\"151\">gt. 21.02.1712 Ems<\/td>\n<td width=\"274\"><\/td>\n<\/tr>\n<\/tbody>\n<\/table>\n<p style=\"text-align: justify;\"><strong>Paten:<\/strong> <em>Tauff-Goden sind: Maria Sibylla, Philips Martin Schupps, eines hiesigen Einwohners, Tochter, vnd Anna Christina, Joh[ann] Philips Rehemanns, eines Schusters dahier zu Embs, Ehefrau. Der Path ist: Johann Philips, H[errn] Canuti Palle, des G\u00e4rtner vnd Best\u00e4nders der Th\u00fcngischen Carlsburg hier an der Lohn, Sohn<\/em><\/p>\n<hr \/>\n<p style=\"text-align: justify;\"><span style=\"color: #ff0000;\"><strong><em><u>Reichm&lt;&#8230;&gt;<\/u><\/em><\/strong><strong><em>, <\/em><\/strong><strong>Hans Georg:<\/strong><\/span> Trompeter des F\u00fcrsten von Hessen-Kassel, geb\u00fcrtig aus dem dillenburgischen Land, wohnhaft zu Kassel; bg. 30.09.1689 Ems, 53 Jahre alt<\/p>\n<hr \/>\n<p><span style=\"color: #ff0000;\"><strong><u>Reutlinger<\/u><\/strong><\/span><strong><span style=\"color: #ff0000;\">, Johann Leonhard:<\/span><\/strong> ein fremder armer lahmer Mann<\/p>\n<p>oo mit <strong>Maria Katharina<\/strong><\/p>\n<table width=\"605\">\n<tbody>\n<tr>\n<td width=\"180\">Johann Ludwig<\/td>\n<td width=\"151\">gt. 21.05.1710 Ems<\/td>\n<td width=\"274\"><\/td>\n<\/tr>\n<\/tbody>\n<\/table>\n<p style=\"text-align: justify;\"><strong>Paten: <\/strong><em>Tauffpathen sind: Herr Johann Caspar Lonis, K\u00fcchenmeister, vnd Johannes Kornma&lt;&#8230;&gt;, Mundkoch, beyde in Ihro Hochgr\u00e4ff[lichen] Gnaden von Hanau Diensten dermahlen stehende, weilen aber diese erbetene zween Pathen nicht haben pers\u00f6nlich erscheinen k\u00f6nnen, so haben sie durch 2 andere ehrliche M\u00e4nner, welche sie in ihrem Na&lt;hmen&gt; vom Baad herunter in hiesige Kirch geschicket, das officium compaternitatis verrichten vnd dem Kind den Nahmen ertheilen lassen<\/em><\/p>\n<hr \/>\n<p><span style=\"color: #ff0000;\"><strong><em><u>Rincker<\/u><\/em><\/strong><strong>, Johann Eberhard: <\/strong><\/span>Schuhmacher in Nassau; Sohn des verst. Konrad <em>Rincker<\/em>, gewesener B\u00fcrger und Schuster in Nassau<\/p>\n<p><strong>oo 29.01.1709 Nassau<\/strong> (3. Prokl. 20.01.1709 Ems)<\/p>\n<p style=\"text-align: justify;\">mit <strong><u>Kaffine<\/u>, Anna Maria:<\/strong> Tochter des verst. <a href=\"http:\/\/www.ahnenforschung-jackmuth.de\/?page_id=3286\">Hans Peter Kaffine<\/a>, gewesener B\u00e4cker und gemeiner Vorsteher in Ems; gt. 25.01.1691 Ems<\/p>\n<hr \/>\n<p style=\"text-align: justify;\"><span style=\"color: #ff0000;\"><strong><em><u>Rincker<\/u><\/em><\/strong><strong>, Johann Simeon:<\/strong> <\/span>Sohn des verst. Johann Andreas <em>Rincker<\/em> aus Fr\u00fccht (VG Bad Ems- Nassau); konf. 15.05.1712 (Pfingsten)<\/p>\n<hr \/>\n<p style=\"text-align: justify;\"><span style=\"color: #ff0000;\"><strong><u>Ringelstein<\/u><\/strong><strong>, Maria Katharina:<\/strong><\/span> Kind des <em>Matthes<\/em> Ringelstein, ein fremder Zimmermann;\u00a0 bg. 18.04.1700 Ems, \u00be Jahr alt<\/p>\n<hr \/>\n<p><span style=\"color: #ff0000;\"><strong><u>R\u00f6mer<\/u><\/strong><strong>, Peter:<\/strong> <\/span>ein armer Mann; <em>von Neudorff, sonst zu Wie\u00df vnter Bonn geb\u00fcrtig<\/em>; bg. 09.05.1709 Ems<\/p>\n<hr \/>\n<p><span style=\"color: #ff0000;\"><strong><u>Ruppert<\/u><\/strong><strong>, Johann Georg: <\/strong><\/span>ein hessen-darmst\u00e4dt. Musketier unter Major von Plessen<\/p>\n<p>oo mit <strong>Anna Elisabeth<\/strong><\/p>\n<table width=\"605\">\n<tbody>\n<tr>\n<td width=\"180\">Georg Ludwig<\/td>\n<td width=\"151\">gt. 04.06.1708 Ems<\/td>\n<td width=\"274\"><\/td>\n<\/tr>\n<\/tbody>\n<\/table>\n<p style=\"text-align: justify;\"><strong>Paten: <\/strong><em>Tauffpathen sind: Ludwig Ruppert, auch ein d[a]r[m]bst\u00e4ttischer Soldat vnter dem H[errn] Hauptmann von Frewdenberg, vnd Joh[ann] Georg Br\u00fcck, der zeitliche Frohner am Baad. Die God ist: Anna Margreth, Servatij Scheffers, eines allhiesigen Einwohner vnd Schieffmanns Hau\u00dffrau<\/em><\/p>\n<hr \/>\n<p><strong><span style=\"font-size: 10pt;\">Letzte \u00c4nderung: 26. April 2023<\/span><\/strong><\/p>\n<p style=\"text-align: justify;\"><strong><span style=\"font-size: 10pt;\">Ralph Jackmuth<\/span><\/strong><\/p>\n","protected":false},"excerpt":{"rendered":"<p>Reichhold, Georg Adam: ein sich in Ems aufhaltender Bergmann aus Bayreuth (Bareuth) oo mit Maria Helena Charlotta Anna Sibylla gt. 21.02.1712 Ems Paten: Tauff-Goden sind: Maria Sibylla, Philips Martin Schupps, eines hiesigen Einwohners, Tochter, vnd Anna Christina, Joh[ann] Philips Rehemanns, eines Schusters dahier zu Embs, Ehefrau. Der Path ist: Johann Philips, H[errn] Canuti Palle, des &hellip; <a href=\"https:\/\/www.ahnenforschung-jackmuth.de\/?page_id=3410\" class=\"more-link\"><span class=\"screen-reader-text\">\u201eEms &#8211; R (Diverse)\u201c<\/span> weiterlesen<\/a><\/p>\n","protected":false},"author":1,"featured_media":0,"parent":0,"menu_order":0,"comment_status":"closed","ping_status":"closed","template":"","meta":{"footnotes":""},"class_list":["post-3410","page","type-page","status-publish","hentry"],"_links":{"self":[{"href":"https:\/\/www.ahnenforschung-jackmuth.de\/index.php?rest_route=\/wp\/v2\/pages\/3410","targetHints":{"allow":["GET"]}}],"collection":[{"href":"https:\/\/www.ahnenforschung-jackmuth.de\/index.php?rest_route=\/wp\/v2\/pages"}],"about":[{"href":"https:\/\/www.ahnenforschung-jackmuth.de\/index.php?rest_route=\/wp\/v2\/types\/page"}],"author":[{"embeddable":true,"href":"https:\/\/www.ahnenforschung-jackmuth.de\/index.php?rest_route=\/wp\/v2\/users\/1"}],"replies":[{"embeddable":true,"href":"https:\/\/www.ahnenforschung-jackmuth.de\/index.php?rest_route=%2Fwp%2Fv2%2Fcomments&post=3410"}],"version-history":[{"count":0,"href":"https:\/\/www.ahnenforschung-jackmuth.de\/index.php?rest_route=\/wp\/v2\/pages\/3410\/revisions"}],"wp:attachment":[{"href":"https:\/\/www.ahnenforschung-jackmuth.de\/index.php?rest_route=%2Fwp%2Fv2%2Fmedia&parent=3410"}],"curies":[{"name":"wp","href":"https:\/\/api.w.org\/{rel}","templated":true}]}}