{"id":3399,"date":"2019-04-27T14:14:49","date_gmt":"2019-04-27T14:14:49","guid":{"rendered":"http:\/\/www.ahnenforschung-jackmuth.de\/?page_id=3399"},"modified":"2019-04-28T12:26:57","modified_gmt":"2019-04-28T12:26:57","slug":"ems-reinhard","status":"publish","type":"page","link":"https:\/\/www.ahnenforschung-jackmuth.de\/?page_id=3399","title":{"rendered":"Ems &#8211; Reinhard"},"content":{"rendered":"<p><span style=\"color: #ff0000;\"><strong><u>Reinhard<\/u><\/strong><strong>, Katharina:<\/strong><\/span> bg. 21.12.1683 Ems, 87 Jahre alt<\/p>\n<hr \/>\n<p><span style=\"color: #ff0000;\"><strong><u>Reinhard<\/u><\/strong><strong>, Gottfried:<\/strong> <\/span>ein Schuhmacher in Ems; Sohn des Jost Reinhard aus Ems<\/p>\n<p><strong>oo 25.04.1693 Ems<\/strong> (3. Prokl. 23.04.)<\/p>\n<p>mit <strong><u>Schlimge<\/u>,<\/strong> <strong>Anna Margaretha: <\/strong>Witwe des <a href=\"http:\/\/www.ahnenforschung-jackmuth.de\/?page_id=3422\">Philipp Schlimge<\/a> (<em>Schl\u00f6mges<\/em>) aus Ems<\/p>\n<table width=\"605\">\n<tbody>\n<tr>\n<td style=\"width: 171.45px;\">1) Johann Jakob<\/td>\n<td style=\"width: 226.567px;\">gt. 11.02.1694 Ems<br \/>\nkonf. 12.06.1707 (Pfingsten)<\/td>\n<td style=\"width: 395.983px;\"><\/td>\n<\/tr>\n<tr>\n<td style=\"width: 171.45px;\">2) Anna Margaretha<\/td>\n<td style=\"width: 226.567px;\">gt. 13.02.1698 Ems<br \/>\nkonf. 24.05.1711 (Pfingsten)<\/td>\n<td style=\"width: 395.983px;\">bg. xx.03.1757 Ems<br \/>\nwohl oo um 1722 mit Joh. Jakob W\u00f6lfling aus Ems<\/td>\n<\/tr>\n<\/tbody>\n<\/table>\n<p style=\"text-align: justify;\"><strong>Paten: zu 1)<\/strong> <em>Tauffzeugen sind: Johann Jacob, Hans Jacob Schuppen Sohn, vnd Johann Jacob, Jost Reinhards Sohn. Die God ist: Elisabetha Catharina, Hans Carl Zimmerschieds Tochter <\/em>\u2014 <strong>zu 2) <\/strong><em>Tauff-Goden sind: Anna Sibylla, Hans Henrich Eichholtzen Weib, vnd Anna Margretha, Peter Reichards, B\u00fcrgers zu Niederlohnstein Tochter, f\u00fcr welche, weilen sie p\u00e4pstischer Religion, gestanden: Anna Margretha, J[ohann] Martin Mahls, eines hiesigen Zimmermanns, Hau\u00dffrau. Der Path ist ged[acht]er Zimmermann Mahl<\/em><\/p>\n<hr \/>\n<p><span style=\"color: #ff0000;\"><strong><u>Reinhard<\/u><\/strong><strong>, Hartmann Wilhelm:<\/strong> <\/span>ein Zigeuner, geb\u00fcrtig zu Schlitz in Hessen (Vogelsbergkreis)<\/p>\n<p>oo mit <strong>Katharina<\/strong><\/p>\n<table width=\"605\">\n<tbody>\n<tr>\n<td width=\"180\">Maria Christiana Elisbeth<\/td>\n<td width=\"151\">gt. 07.02.1697 Ems<\/td>\n<td width=\"274\"><\/td>\n<\/tr>\n<\/tbody>\n<\/table>\n<p style=\"text-align: justify;\"><strong>Paten:<\/strong> <em>Tauffzeugen sind: 1) Jungfer Christiana Elisabetha Archenholtzin; 2) Christina Maria, des designirten H[errn] Vogt G\u00f6decks uxor; 3) Frau Susanna Elisabetha, des Chirurgi H[errn] Ohlimachers uxor; 4) J[ung]f[e]r Johannetta Fischerin; 5) Herr Johann Henrich Archenholtz, juriu[m] studiosus; 6) H[err] Johann Gabriel D\u00f6rbeck, Scultet[us] &amp; Chirurgus allhier; 7) Johann Jacob Werner<\/em><\/p>\n<hr \/>\n<p style=\"text-align: justify;\"><strong><span style=\"font-size: 10pt;\">Letzte \u00c4nderung: 27. April 2019<\/span><\/strong><br \/>\n<strong><span style=\"font-size: 10pt;\">Ralph Jackmuth<\/span><\/strong><\/p>\n","protected":false},"excerpt":{"rendered":"<p>Reinhard, Katharina: bg. 21.12.1683 Ems, 87 Jahre alt Reinhard, Gottfried: ein Schuhmacher in Ems; Sohn des Jost Reinhard aus Ems oo 25.04.1693 Ems (3. Prokl. 23.04.) mit Schlimge, Anna Margaretha: Witwe des Philipp Schlimge (Schl\u00f6mges) aus Ems 1) Johann Jakob gt. 11.02.1694 Ems konf. 12.06.1707 (Pfingsten) 2) Anna Margaretha gt. 13.02.1698 Ems konf. 24.05.1711 (Pfingsten) &hellip; <a href=\"https:\/\/www.ahnenforschung-jackmuth.de\/?page_id=3399\" class=\"more-link\"><span class=\"screen-reader-text\">\u201eEms &#8211; Reinhard\u201c<\/span> weiterlesen<\/a><\/p>\n","protected":false},"author":1,"featured_media":0,"parent":0,"menu_order":0,"comment_status":"closed","ping_status":"closed","template":"","meta":{"footnotes":""},"class_list":["post-3399","page","type-page","status-publish","hentry"],"_links":{"self":[{"href":"https:\/\/www.ahnenforschung-jackmuth.de\/index.php?rest_route=\/wp\/v2\/pages\/3399","targetHints":{"allow":["GET"]}}],"collection":[{"href":"https:\/\/www.ahnenforschung-jackmuth.de\/index.php?rest_route=\/wp\/v2\/pages"}],"about":[{"href":"https:\/\/www.ahnenforschung-jackmuth.de\/index.php?rest_route=\/wp\/v2\/types\/page"}],"author":[{"embeddable":true,"href":"https:\/\/www.ahnenforschung-jackmuth.de\/index.php?rest_route=\/wp\/v2\/users\/1"}],"replies":[{"embeddable":true,"href":"https:\/\/www.ahnenforschung-jackmuth.de\/index.php?rest_route=%2Fwp%2Fv2%2Fcomments&post=3399"}],"version-history":[{"count":0,"href":"https:\/\/www.ahnenforschung-jackmuth.de\/index.php?rest_route=\/wp\/v2\/pages\/3399\/revisions"}],"wp:attachment":[{"href":"https:\/\/www.ahnenforschung-jackmuth.de\/index.php?rest_route=%2Fwp%2Fv2%2Fmedia&parent=3399"}],"curies":[{"name":"wp","href":"https:\/\/api.w.org\/{rel}","templated":true}]}}