{"id":3395,"date":"2019-04-27T14:11:56","date_gmt":"2019-04-27T14:11:56","guid":{"rendered":"http:\/\/www.ahnenforschung-jackmuth.de\/?page_id=3395"},"modified":"2019-04-28T12:26:17","modified_gmt":"2019-04-28T12:26:17","slug":"ems-reiffer","status":"publish","type":"page","link":"https:\/\/www.ahnenforschung-jackmuth.de\/?page_id=3395","title":{"rendered":"Ems &#8211; Reiffer"},"content":{"rendered":"<p style=\"text-align: justify;\"><span style=\"color: #ff0000;\"><strong><u>Reiffer<\/u><\/strong><strong>, Matth\u00e4us Georg:<\/strong><\/span> ein gemeiner B\u00e4cker in Ems (1693 B\u00e4ckergeselle), ab 1712 auf dem Weg\/an der Allee am Bad; Sohn des Gabriel Reiffer, bestellter Brunnenmeister auf dem Bad<\/p>\n<p><strong>oo 01.11.1693 Ems<\/strong> (3. Prokl. 29.10.)<\/p>\n<p style=\"text-align: justify;\">mit <strong><u>Schepp<\/u>, Elisabeth Katharina:<\/strong> Tochter des <a href=\"http:\/\/www.ahnenforschung-jackmuth.de\/?page_id=3697\">Barthel Schepp<\/a>, ein dem Bad gegen\u00fcber wohnender B\u00e4cker und Schiffmann<\/p>\n<table width=\"605\">\n<tbody>\n<tr>\n<td width=\"170\">1) Anna Maria<\/td>\n<td width=\"189\">gt. 16.04.1697 Ems<\/td>\n<td width=\"246\">bg. 10.07.1698 Ems<\/td>\n<\/tr>\n<tr>\n<td width=\"170\">2) Johann Barthol<\/td>\n<td width=\"189\">gt. 18.06.1699 Ems<br \/>\nkonf. 24.05.1711 (Pfingsten)<\/td>\n<td width=\"246\"><\/td>\n<\/tr>\n<tr>\n<td width=\"170\">3) Maria Margaretha<\/td>\n<td width=\"189\">gt. 27.12.1701 Ems<\/td>\n<td width=\"246\">bg. 08.02.1705 Ems<\/td>\n<\/tr>\n<tr>\n<td width=\"170\">4) Maria Judith<\/td>\n<td width=\"189\">gt. 29.06.1704 Ems<\/td>\n<td width=\"246\"><\/td>\n<\/tr>\n<tr>\n<td width=\"170\">5) Johann Christoph<\/td>\n<td width=\"189\">gt. 24.01.1706 Ems<\/td>\n<td width=\"246\"><\/td>\n<\/tr>\n<tr>\n<td width=\"170\">6) Anna Margaretha<\/td>\n<td width=\"189\">gt. 22.04.1708 Ems<\/td>\n<td width=\"246\"><\/td>\n<\/tr>\n<tr>\n<td width=\"170\">7) Johann Matth\u00e4us<\/td>\n<td width=\"189\">gt. 21.04.1710 Ems<\/td>\n<td width=\"246\"><\/td>\n<\/tr>\n<tr>\n<td width=\"170\">8)Maria Margaretha<\/td>\n<td width=\"189\">gt. 06.03.1712 Ems<\/td>\n<td width=\"246\"><\/td>\n<\/tr>\n<\/tbody>\n<\/table>\n<p style=\"text-align: justify;\"><strong>Paten: zu 1)<\/strong> <em>Tauff-Goden sind: Maria Gertraud, Joh[ann] Christian Steinborns, eines Schmitts oben am Baad, Hau\u00dffrau, vnd Maria Margretha, Sebastians Dollfu\u00dfen zu Kemmenau Tochter. Der Path ist: Johann Martin, Hans Jacob Schuppen, eines gemeinen Vorstehers, Sohn<\/em><\/p>\n<hr \/>\n<p style=\"text-align: justify;\"><strong><span style=\"font-size: 10pt;\">Letzte \u00c4nderung: 27. April 2019<\/span><\/strong><br \/>\n<strong><span style=\"font-size: 10pt;\">Ralph Jackmuth<\/span><\/strong><\/p>\n","protected":false},"excerpt":{"rendered":"<p>Reiffer, Matth\u00e4us Georg: ein gemeiner B\u00e4cker in Ems (1693 B\u00e4ckergeselle), ab 1712 auf dem Weg\/an der Allee am Bad; Sohn des Gabriel Reiffer, bestellter Brunnenmeister auf dem Bad oo 01.11.1693 Ems (3. Prokl. 29.10.) mit Schepp, Elisabeth Katharina: Tochter des Barthel Schepp, ein dem Bad gegen\u00fcber wohnender B\u00e4cker und Schiffmann 1) Anna Maria gt. 16.04.1697 &hellip; <a href=\"https:\/\/www.ahnenforschung-jackmuth.de\/?page_id=3395\" class=\"more-link\"><span class=\"screen-reader-text\">\u201eEms &#8211; Reiffer\u201c<\/span> weiterlesen<\/a><\/p>\n","protected":false},"author":1,"featured_media":0,"parent":0,"menu_order":0,"comment_status":"closed","ping_status":"closed","template":"","meta":{"footnotes":""},"class_list":["post-3395","page","type-page","status-publish","hentry"],"_links":{"self":[{"href":"https:\/\/www.ahnenforschung-jackmuth.de\/index.php?rest_route=\/wp\/v2\/pages\/3395","targetHints":{"allow":["GET"]}}],"collection":[{"href":"https:\/\/www.ahnenforschung-jackmuth.de\/index.php?rest_route=\/wp\/v2\/pages"}],"about":[{"href":"https:\/\/www.ahnenforschung-jackmuth.de\/index.php?rest_route=\/wp\/v2\/types\/page"}],"author":[{"embeddable":true,"href":"https:\/\/www.ahnenforschung-jackmuth.de\/index.php?rest_route=\/wp\/v2\/users\/1"}],"replies":[{"embeddable":true,"href":"https:\/\/www.ahnenforschung-jackmuth.de\/index.php?rest_route=%2Fwp%2Fv2%2Fcomments&post=3395"}],"version-history":[{"count":0,"href":"https:\/\/www.ahnenforschung-jackmuth.de\/index.php?rest_route=\/wp\/v2\/pages\/3395\/revisions"}],"wp:attachment":[{"href":"https:\/\/www.ahnenforschung-jackmuth.de\/index.php?rest_route=%2Fwp%2Fv2%2Fmedia&parent=3395"}],"curies":[{"name":"wp","href":"https:\/\/api.w.org\/{rel}","templated":true}]}}