{"id":3376,"date":"2019-04-27T13:47:59","date_gmt":"2019-04-27T13:47:59","guid":{"rendered":"http:\/\/www.ahnenforschung-jackmuth.de\/?page_id=3376"},"modified":"2019-04-27T13:47:59","modified_gmt":"2019-04-27T13:47:59","slug":"ems-p-diverse","status":"publish","type":"page","link":"https:\/\/www.ahnenforschung-jackmuth.de\/?page_id=3376","title":{"rendered":"Ems &#8211; P (Diverse)"},"content":{"rendered":"<p style=\"text-align: justify;\"><span style=\"color: #ff0000;\"><strong><em><u>Platteberger<\/u><\/em><\/strong><strong>, N.:<\/strong> <\/span>Ehefrau des Hauptmanns N. <em>Platteberg<\/em> aus Koblenz; bg. 25.09.1683 Ems (<em>Hauptm\u00e4nnin Plattebergerin<\/em>)<\/p>\n<hr \/>\n<p style=\"text-align: justify;\"><span style=\"color: #ff0000;\"><strong><em><u>Prei\u00df<\/u><\/em><\/strong><strong>, Johann Anton:<\/strong><\/span> Sohn des verst. Hans Henrich <em>Prei\u00df<\/em>, gewesener Dreher und Schreiner zu Katzenelnbogen; konf. 15.05.1712 (Pfingsten)<\/p>\n<hr \/>\n<p><span style=\"color: #ff0000;\"><strong><em><u>Prost<\/u><\/em><\/strong><strong>, Christian:<\/strong><\/span> <em>im Schalnia <\/em>[?]<em> gebohrn zu Wen[n]ingen<\/em><\/p>\n<p>oo mit <strong>Anna Katharina<\/strong><\/p>\n<table width=\"595\">\n<tbody>\n<tr>\n<td width=\"132\">Christian<\/td>\n<td width=\"170\">gt. 25.03.1715 Ems<\/td>\n<td width=\"293\">bg. 13.03.1777 Ems<\/td>\n<\/tr>\n<\/tbody>\n<\/table>\n<p><strong>Paten:<\/strong> <em>Christian Burner; Jonas L\u00f6benstein; Friederichs Schieffers ehe[liche] Hausfrau<\/em><\/p>\n<hr \/>\n<p style=\"text-align: justify;\"><strong><span style=\"font-size: 10pt;\">Letzte \u00c4nderung: 27. April 2019<\/span><\/strong><br \/>\n<strong><span style=\"font-size: 10pt;\">Ralph Jackmuth<\/span><\/strong><\/p>\n","protected":false},"excerpt":{"rendered":"<p>Platteberger, N.: Ehefrau des Hauptmanns N. Platteberg aus Koblenz; bg. 25.09.1683 Ems (Hauptm\u00e4nnin Plattebergerin) Prei\u00df, Johann Anton: Sohn des verst. Hans Henrich Prei\u00df, gewesener Dreher und Schreiner zu Katzenelnbogen; konf. 15.05.1712 (Pfingsten) Prost, Christian: im Schalnia [?] gebohrn zu Wen[n]ingen oo mit Anna Katharina Christian gt. 25.03.1715 Ems bg. 13.03.1777 Ems Paten: Christian Burner; Jonas &hellip; <a href=\"https:\/\/www.ahnenforschung-jackmuth.de\/?page_id=3376\" class=\"more-link\"><span class=\"screen-reader-text\">\u201eEms &#8211; P (Diverse)\u201c<\/span> weiterlesen<\/a><\/p>\n","protected":false},"author":1,"featured_media":0,"parent":0,"menu_order":0,"comment_status":"closed","ping_status":"closed","template":"","meta":{"footnotes":""},"class_list":["post-3376","page","type-page","status-publish","hentry"],"_links":{"self":[{"href":"https:\/\/www.ahnenforschung-jackmuth.de\/index.php?rest_route=\/wp\/v2\/pages\/3376","targetHints":{"allow":["GET"]}}],"collection":[{"href":"https:\/\/www.ahnenforschung-jackmuth.de\/index.php?rest_route=\/wp\/v2\/pages"}],"about":[{"href":"https:\/\/www.ahnenforschung-jackmuth.de\/index.php?rest_route=\/wp\/v2\/types\/page"}],"author":[{"embeddable":true,"href":"https:\/\/www.ahnenforschung-jackmuth.de\/index.php?rest_route=\/wp\/v2\/users\/1"}],"replies":[{"embeddable":true,"href":"https:\/\/www.ahnenforschung-jackmuth.de\/index.php?rest_route=%2Fwp%2Fv2%2Fcomments&post=3376"}],"version-history":[{"count":0,"href":"https:\/\/www.ahnenforschung-jackmuth.de\/index.php?rest_route=\/wp\/v2\/pages\/3376\/revisions"}],"wp:attachment":[{"href":"https:\/\/www.ahnenforschung-jackmuth.de\/index.php?rest_route=%2Fwp%2Fv2%2Fmedia&parent=3376"}],"curies":[{"name":"wp","href":"https:\/\/api.w.org\/{rel}","templated":true}]}}