{"id":3362,"date":"2019-04-27T13:28:59","date_gmt":"2019-04-27T13:28:59","guid":{"rendered":"http:\/\/www.ahnenforschung-jackmuth.de\/?page_id=3362"},"modified":"2019-04-28T12:10:05","modified_gmt":"2019-04-28T12:10:05","slug":"ems-n-diverse","status":"publish","type":"page","link":"https:\/\/www.ahnenforschung-jackmuth.de\/?page_id=3362","title":{"rendered":"Ems &#8211; N (Diverse)"},"content":{"rendered":"<p style=\"text-align: justify;\"><span style=\"color: #ff0000;\"><strong><em><u>Neu\u00df<\/u><\/em><\/strong><strong>, Johann Peter:<\/strong><\/span> Sohn des verst. Johannes <em>Neu\u00df<\/em>, ein zuvor in D\u00fcsseldorf gewesener Soldat; am 13.05.1706 zum ev.-luth. Glauben konvertiert (KB 1, pag. 784)<\/p>\n<p style=\"text-align: justify;\"><strong>oo 01.06.1706 Ems<\/strong> (3. Prokl. 30.05.)<\/p>\n<p style=\"text-align: justify;\">mit <strong><u>Zimmerschied<\/u>, Elisabeth Katharina:<\/strong> Tochter des verst. <a href=\"http:\/\/www.ahnenforschung-jackmuth.de\/?page_id=3525\">Hans Karl Zimmerschied<\/a>, gewesener Schiffmann in Ems<\/p>\n<hr \/>\n<p style=\"text-align: justify;\"><span style=\"color: #ff0000;\"><strong><u>Nicola<\/u><\/strong><strong>, Margaretha:<\/strong><\/span> Tochter der Elisabeth, <em>&lt;Johan&gt;nis Nicol\u00e6, eines churtrierischen, itzo zu &lt;&#8230;&gt;mich liegenden Soldaten, Eheweib<\/em>; bg. 04.10.1694 Ems, 3 Jahre 4 Monate und 2 Tage alt<\/p>\n<hr \/>\n<p style=\"text-align: justify;\"><span style=\"color: #ff0000;\"><strong><em><u>N\u00f6th<\/u><\/em><\/strong><strong>, Johann Georg:<\/strong><\/span> Soldat in der f\u00fcrstl. nass. Kompanie unter Major d&#8217;Orgemont zu Diez; Sohn des verst. Johann Henrich N\u00f6th, gewesener B\u00fcrger und Maurer zu Limburg an der Lahn<\/p>\n<p style=\"text-align: justify;\">oo (3. Prokl. 31.08.1710 Ems)<\/p>\n<p style=\"text-align: justify;\">mit <strong><u>Leyendecker<\/u>, Anna Klara:<\/strong> Tochter des <a href=\"http:\/\/www.ahnenforschung-jackmuth.de\/?page_id=3339\">Velten <em>Leyendeck<\/em><\/a>, zur Zeit Kuhhirte in Ems<\/p>\n<hr \/>\n<p style=\"text-align: justify;\"><strong><span style=\"font-size: 10pt;\">Letzte \u00c4nderung: 27. April 2019<\/span><\/strong><br \/>\n<strong><span style=\"font-size: 10pt;\">Ralph Jackmuth<\/span><\/strong><\/p>\n","protected":false},"excerpt":{"rendered":"<p>Neu\u00df, Johann Peter: Sohn des verst. Johannes Neu\u00df, ein zuvor in D\u00fcsseldorf gewesener Soldat; am 13.05.1706 zum ev.-luth. Glauben konvertiert (KB 1, pag. 784) oo 01.06.1706 Ems (3. Prokl. 30.05.) mit Zimmerschied, Elisabeth Katharina: Tochter des verst. Hans Karl Zimmerschied, gewesener Schiffmann in Ems Nicola, Margaretha: Tochter der Elisabeth, &lt;Johan&gt;nis Nicol\u00e6, eines churtrierischen, itzo zu &hellip; <a href=\"https:\/\/www.ahnenforschung-jackmuth.de\/?page_id=3362\" class=\"more-link\"><span class=\"screen-reader-text\">\u201eEms &#8211; N (Diverse)\u201c<\/span> weiterlesen<\/a><\/p>\n","protected":false},"author":1,"featured_media":0,"parent":0,"menu_order":0,"comment_status":"closed","ping_status":"closed","template":"","meta":{"footnotes":""},"class_list":["post-3362","page","type-page","status-publish","hentry"],"_links":{"self":[{"href":"https:\/\/www.ahnenforschung-jackmuth.de\/index.php?rest_route=\/wp\/v2\/pages\/3362","targetHints":{"allow":["GET"]}}],"collection":[{"href":"https:\/\/www.ahnenforschung-jackmuth.de\/index.php?rest_route=\/wp\/v2\/pages"}],"about":[{"href":"https:\/\/www.ahnenforschung-jackmuth.de\/index.php?rest_route=\/wp\/v2\/types\/page"}],"author":[{"embeddable":true,"href":"https:\/\/www.ahnenforschung-jackmuth.de\/index.php?rest_route=\/wp\/v2\/users\/1"}],"replies":[{"embeddable":true,"href":"https:\/\/www.ahnenforschung-jackmuth.de\/index.php?rest_route=%2Fwp%2Fv2%2Fcomments&post=3362"}],"version-history":[{"count":0,"href":"https:\/\/www.ahnenforschung-jackmuth.de\/index.php?rest_route=\/wp\/v2\/pages\/3362\/revisions"}],"wp:attachment":[{"href":"https:\/\/www.ahnenforschung-jackmuth.de\/index.php?rest_route=%2Fwp%2Fv2%2Fmedia&parent=3362"}],"curies":[{"name":"wp","href":"https:\/\/api.w.org\/{rel}","templated":true}]}}