{"id":3329,"date":"2019-04-27T12:17:46","date_gmt":"2019-04-27T12:17:46","guid":{"rendered":"http:\/\/www.ahnenforschung-jackmuth.de\/?page_id=3329"},"modified":"2021-05-03T12:41:44","modified_gmt":"2021-05-03T12:41:44","slug":"ems-leporinus","status":"publish","type":"page","link":"https:\/\/www.ahnenforschung-jackmuth.de\/?page_id=3329","title":{"rendered":"Ems &#8211; Leporinus"},"content":{"rendered":"<p style=\"text-align: justify;\"><span style=\"font-family: times new roman, times, serif;\"><span style=\"color: #ff0000;\"><strong><u>Leporinus<\/u><\/strong><strong>, Johannes:<\/strong> <\/span>seit 30.11.1687 Pfarrer in Ems und Nachfolger von Johann Daniel Rauch, war vorher fast 10 Jahre Diakon und Schuldiener in Braubach; von Sept. bis Nov. 1712 von den Franzosen nach Luxemburg verschleppt, am 04.12.1712 mit anderen Gefangenen wieder in Koblenz (siehe HHStAW, Abt. 355, Nr. 125); gt. 20.04.1656 Braubach<a href=\"#_ftn1\" name=\"_ftnref1\">[1]<\/a>; konf. 11.05.1668 Braubach; + 20.01.1725 Bad Ems; Eltern: Johannes Leporinus aus Weimar (wurde am 14.10.1655 von Superintendent Dr. Balthasar Mentzer zum Diakon in Braubach ordiniert und h\u00e4lt seine Antrittspredigt bereits am 05.08.1655<a href=\"#_ftn2\" name=\"_ftnref2\">[2]<\/a>, war auch Kaplan und Schuldiener; bg. 22.06.1681 Braubach), und Elisabeth N. N. (bg. 21.02.1703 Bad Ems, 86 \u00bd Jahre weniger 6 Tage alt)<\/span><\/p>\n<p style=\"text-align: justify;\"><span style=\"font-family: times new roman, times, serif;\"><a href=\"#_ftnref1\" name=\"_ftn1\"><span style=\"font-size: 10pt;\">[1]<\/span><\/a><span style=\"font-size: 10pt;\"><em> [Den] 20ten April[is], war Dom[inica] Misericord[ia], hat Herr Johannes Leporinus, Diaconus vnd Schuldiener alhier, mitt Elisabeth, seiner H[aus]frauen, einen Sohn tauffen la\u00dfen. Gevattern seindt gewesen: der Pfarrer; Herr Johan Melchior Sch\u00fctz, Amptskeller; Anna Ge&#8230;, M. Nicolaj Scheppij, Pfarrers, Ehefrau zu Swalbach. Vnndt ist Johannes genand worden.<\/em> (Braubach KB 1 (1628-1672), Bild 57 auf archion.de)<\/span><\/span><\/p>\n<p style=\"text-align: justify;\"><span style=\"font-family: times new roman, times, serif; font-size: 10pt;\"><a href=\"#_ftnref2\" name=\"_ftn2\">[2]<\/a> <em>Den 5ten Aug[usti], Dom[inica] VIII Trinitatis, habe ich, Johannes Leporinus, Vinariensis, Thuringus, meine erste Predigt allhier gehalten, Diaconus vnd Schuldienern, vnd bin hernach den 14 Octobris, war Dom[inica] 18 Trin[itatis], von Herrn Superintendenten Herrn D[octor] Balthasare Mentzero ordiniret vnd der Gemeinde vorgestellet worden.<\/em> (Braubach KB 1 (1628-1672), Notabilia fol. 9v, Bild 188 auf archion.de)<\/span><\/p>\n<p style=\"text-align: justify;\"><span style=\"font-family: times new roman, times, serif;\"><strong>oo 1681 Butzbach<\/strong> (prokl. 14.08., 21.08., 28.08.1681 bzw. Dom. 11, 12, 13 post Trin. Braubach) mit <strong><u>Klotz\/Clotz<\/u>, Anna Hedwig:<\/strong> gt. 05.10.1653 Butzbach (Wetteraukreis); Eltern: Johann Siegfried Clotz, Oberstleutnant (* 1616 Veste Hessenstein, + vor 1664), und Susanna geb. Steitz (gt. 21.10.1626 Butzbach, + 14.06.1685 Butzbach); Quelle: Lagis, Hess. Biografie, Datensatz Nr. 10036 (<a href=\"https:\/\/www.lagis-hessen.de\/de\/subjects\/idrec\/sn\/bio\/id\/10036\">https:\/\/www.lagis-hessen.de\/de\/subjects\/idrec\/sn\/bio\/id\/10036<\/a>); Schwester des <a href=\"http:\/\/www.ahnenforschung-jackmuth.de\/?page_id=7732\">Johann Anton Klotz<\/a>, Dr. beider Rechte, Gr\u00e4flich Solmser Oberamtmann in Lich<\/span><\/p>\n<table style=\"height: 464px; width: 100%;\" width=\"605\">\n<tbody>\n<tr style=\"height: 35px;\">\n<td style=\"width: 50.15px; height: 72px;\">1)<\/td>\n<td style=\"width: 192.5px; height: 72px;\">Johannes<\/td>\n<td style=\"width: 265.667px; height: 72px;\">gt. 06.06.1682 Braubach<br \/>\nkonf. 27.05.1694 (Pfingsten)<\/td>\n<td style=\"width: 270.683px; height: 72px;\">\n<p style=\"text-align: justify;\">Als <em>studiosus<\/em> Pate 25.03.1711 bei Adam Jost Zipp auf dem Bad<br \/>\n+ um 1723<\/p>\n<\/td>\n<\/tr>\n<tr style=\"height: 56px;\">\n<td style=\"width: 50.15px; height: 56px;\">2)<\/td>\n<td style=\"width: 192.5px; height: 56px;\">Susanna Dorothea Elisabeth<\/td>\n<td style=\"width: 265.667px; height: 56px;\">gt. 13.04.1684 Braubach<br \/>\nkonf. 31.05.1696 (Pfingsten)<\/td>\n<td style=\"width: 270.683px; height: 56px;\"><\/td>\n<\/tr>\n<tr style=\"height: 28px;\">\n<td style=\"width: 50.15px; height: 28px;\">3)<\/td>\n<td style=\"width: 192.5px; height: 28px;\">Georg Helfrich<\/td>\n<td style=\"width: 265.667px; height: 28px;\">gt. 29.09.1686 Braubach<\/td>\n<td style=\"width: 270.683px; height: 28px;\">bg. 20.07.1687 Braubach<\/td>\n<\/tr>\n<tr style=\"height: 84px;\">\n<td style=\"width: 50.15px; height: 84px;\">4)<\/td>\n<td style=\"width: 192.5px; height: 84px;\">Charlotta Christina<\/td>\n<td style=\"width: 265.667px; height: 84px;\">* 27.04.1688 Ems <span style=\"font-size: 10pt;\">zw. 17:00 u. 18:00<\/span><br \/>\n(gt. 01.05.)<br \/>\nkonf. 15.05.1701 (Pfingsten)<\/td>\n<td style=\"width: 270.683px; height: 84px;\">\n<ol start=\"27\">\n<li>27.02.1752 Braubach (63 J. 8 M. 2 Tage alt)<\/li>\n<\/ol>\n<\/td>\n<\/tr>\n<tr style=\"height: 84px;\">\n<td style=\"width: 50.15px; height: 84px;\">5)<\/td>\n<td style=\"width: 192.5px; height: 84px;\">Wilhelmina Louisa<\/td>\n<td style=\"width: 265.667px; height: 84px;\">* 05.01.1691 Ems<span style=\"font-size: 10pt;\"> zw. 08:00 u. 09:00<\/span> (gt. 11.01.)<br \/>\nkonf. 27.05.1703 (Pfingsten)<\/td>\n<td style=\"width: 270.683px; height: 84px;\">+ 15.08.1704 Ems <span style=\"font-size: 10pt;\">zw. 04:00 u. 05:00<\/span> (bg 17.08.)<\/td>\n<\/tr>\n<tr style=\"height: 84px;\">\n<td style=\"width: 50.15px; height: 84px;\">6)<\/td>\n<td style=\"width: 192.5px; height: 84px;\">Eleonora Katharina Martina<\/td>\n<td style=\"width: 265.667px; height: 84px;\">* 15.02.1693 Ems <span style=\"font-size: 10pt;\">zw. 23:00 u. 24:00<\/span> (gt. 19.02.)<br \/>\nkonf. 31.05.1705 (Pfingsten)<\/td>\n<td style=\"width: 270.683px; height: 84px;\"><\/td>\n<\/tr>\n<tr style=\"height: 56px;\">\n<td style=\"width: 50.15px; height: 56px;\">7)<\/td>\n<td style=\"width: 192.5px; height: 56px;\">Johann Bernhard Ludwig<\/td>\n<td style=\"width: 265.667px; height: 56px;\">* 05.10.1695 Ems<span style=\"font-size: 10pt;\"> 01:30<\/span> (gt. 13.10.)<br \/>\nkonf. 27.05.1708 (Pfingsten)<\/td>\n<td style=\"width: 270.683px; height: 56px;\"><\/td>\n<\/tr>\n<\/tbody>\n<\/table>\n<p><strong>Paten: <\/strong><\/p>\n<p style=\"text-align: justify;\"><strong>zu 1) <\/strong><em>Gevattern waren benennet: H[err] R[everendus] Joh. Fridrich Schefer vnd H[err] Johan Anthonius Klotz vnd Frau Elisabetha Leporinin, avia<\/em><\/p>\n<p style=\"text-align: justify;\"><strong>zu 2) <\/strong><em>Gevattern waren Frau Elisabetha Dorothea Scheferin und Frau Susanna Clotzin, avia, vnd H[err] Matern Kneuf<\/em><\/p>\n<p style=\"text-align: justify;\"><strong>zu 3) <\/strong><em>Gevattern waren H[err] M. Joh[annes] Helfrich, Pfarrer vnd Rector zu Idstein, und H[err] M. Georg Henrich Heintzenberger, Pfarrer zu Schirstein, und Maria Elisabetha Neuhau\u00dfin<br \/>\n<\/em><\/p>\n<p style=\"text-align: justify;\"><strong>zu 4) <\/strong><em>Tauffzeugen sind: Jungfer Charlotta Louyse, H[errn] Johann Christoph Herten, Medicinae Doctoris zu Butzbach, Tochter <\/em>[Johann Christoph Hert(ius), 1649-1731, hess. fuld. und kurzmainzischer Leibarzt, zuletzt Prof. der Medizin in Gie\u00dfen, Bruder von Johann Niolaus Hert(ius) (Jurist, * 06.10.1651 Niederkleen bei Gie\u00dfen, + 19.09.1710 Gie\u00dfen)]<em>, vnd Jfr. Anna Christina Clotzin, Pastoris Hau\u00dffrauen Schwester. Der Path aber ist H[err] Johann Nicolaus Hermann, f\u00fcrst[lich] hessen-d[a]r[m]bst\u00e4ttischer Vogt auff dem Baad Embs.<br \/>\n<\/em><\/p>\n<p style=\"text-align: justify;\"><strong>zu 5) <\/strong><em>Erbettene Tauffzeugen vnd Gevattern sind folgende: 1) der wohlgeborne Herr, Herr Wilhelm Ludwig von Schmitts-Eck, dynasta in Plettenburg vnd Insterbi\u00df, churf\u00fcrst[lich] brandenburgischer wohlbestellter Obrist zu Fu\u00df \/: dieser Obrist vnd pastoris uxor sind rechter Geschwister Kinder :\/ Vnd in dem der H[er]r Obrist von SchmittsEck <\/em>[Schmidtseck]<em> nicht gegenw\u00e4rtig seyn konte, so hat vor denselbigen das officiu[m] compaternitatis bey der h[eiligen] Tauff vertreten H[err] Johann Nicolaus Hermann, f\u00fcrst[lich] hessen-darmbst\u00e4ttischer Vogt auff dem Baad Embs <\/em>\u2014<em> 2) Jungfer Louyse Promissa Archenholtzin <\/em>\u2014<em> 3) Frau Elisabetha Leporina, pastoris mater, vidua.<br \/>\n<\/em><\/p>\n<p style=\"text-align: justify;\"><strong>zu 6) <\/strong><em>Erbettene Tauffzeugen vnd Gevattern sind folgende: 1) die hochgebohrne Gr\u00e4ffin, Gr\u00e4ffin Eleonora Magdalena, Gr\u00e4ffin zu Solms, Fr\u00e4ulein zu M\u00fcntzenberg, Wildenfel\u00df vnd Sonnen-Wald <\/em>\u2014<em> 2) Frau Anna Catharina, Herrn Johann Burckhard Plaustrarij, wohlverordneten Ambtskellners zu Braubach Eheliebste <\/em>\u2014<em> 3) Herr Martin Eberhard Winckelmann, hochf\u00fcrst[lich] hessen-darmbst\u00e4ttischer Kriegs-Rath vnd Commissarius zu D[a]r[m]bstatt.<br \/>\n<\/em><\/p>\n<p style=\"text-align: justify;\"><strong>zu 7) <\/strong><em>Erbetene Tauffpathen sind: 1) der hochedle, vest vnd hochgelehrte &lt;Herr&gt; Johann Helffrich Clotz, dero beyden Rechten Do&lt;ctor&gt; vnd deroselben wohlber\u00fchmbter practic[us], wie auch landgr\u00e4ff[lich] hessen-darmbst\u00e4ttischer hochverordneter Witthumbsrath in Butzbach <\/em>[Johann Helfrich Clotz: Dr. beider Rechte, Wittumsrat, * 30.03.1642 Butzbach, + 29.07.1725 Butzbach (Bruder der Kindesmutter)] \u2014<em> 2) der hochedle, hochgelehrte vnd hocherfahrene Herr Bernhard Wilhelm Geilfu\u00df, der Medicinae weitber\u00fchmbter Doctor vnd Practic[us], wie auch hochf\u00fcrst[lich] nassau-dietzischer Rath vnd Leib-Medicus auff Oranienstein oder Oranienwald in Frie\u00dfland <\/em>[Bernhard Wilhelm Geilfuss, 1654-1703, f\u00fcrst. nass.-oran. Leibmedicus in Friesland (Sohn von Johann Gottfried Geilfu\u00df (* 14.06.1619 Weilburg, + 27.10.1683 Butzbach), Prof. Dr. med., Arzt, Leibmedicus)] \u2014<em> so dann 3) der wohlerw\u00fcrdige, gro\u00dfachtbare vnd hochgelehrte Herr Philips Ludwig Koch s[anctae] theologiae candidatus vnd wohlverordneter Pfarrer zu Nassau vnd Dienethal.<\/em><\/p>\n<hr \/>\n<p style=\"text-align: justify;\"><strong><u>Leporinus<\/u><\/strong><strong>, Elisabeth:<\/strong> Witwe des Johannes Leporinus, Diakon und Mitprediger zu Braubach und Mutter des Pfarrers Johannes Leporinus; bg. 21.02.1703 Ems, 86 \u00bd Jahre weniger 6 Tage alt<\/p>\n<hr \/>\n<p><strong>Weitere Nachrichten zu Pfr. Leporinus <\/strong>(teilweise transkribiert)<\/p>\n<table style=\"height: 812px; width: 100%;\" width=\"605\">\n<tbody>\n<tr style=\"height: 28px;\">\n<td style=\"width: 52.619%; height: 28px;\"><span style=\"font-size: 10pt;\"><strong>Betreff<\/strong><\/span><\/td>\n<td style=\"width: 23.3333%; height: 28px;\"><span style=\"font-size: 10pt;\"><strong>Datum\/Zeitraum<\/strong><\/span><\/td>\n<td style=\"width: 23.9286%; height: 28px;\"><span style=\"font-size: 10pt;\"><strong>Quelle (HHStAW)<\/strong><\/span><\/td>\n<\/tr>\n<tr style=\"height: 56px;\">\n<td style=\"width: 52.619%; height: 56px;\"><a href=\"http:\/\/www.ahnenforschung-jackmuth.de\/?page_id=3962\"><span style=\"font-size: 10pt;\">Versetzung des Pfarrers Leporinus<\/span><\/a><\/td>\n<td style=\"width: 23.3333%; height: 56px;\"><span style=\"font-size: 10pt;\">Oranienwald 1704<br \/>\nAugust 16<\/span><\/td>\n<td style=\"width: 23.9286%; height: 56px;\"><span style=\"font-size: 10pt;\">aus Abt. 170 III, Nr. 1390,<br \/>\n<\/span><span style=\"font-size: 10pt;\">fol. 186r\/v<\/span><\/td>\n<\/tr>\n<tr style=\"height: 56px;\">\n<td style=\"width: 52.619%; height: 56px; text-align: justify;\"><a href=\"http:\/\/www.ahnenforschung-jackmuth.de\/?page_id=3964\"><span style=\"font-size: 10pt;\">Eigenm\u00e4chtige Ernennung von Kirchensenioren durch Pfarrer Leporinus<\/span><\/a><\/td>\n<td style=\"width: 23.3333%; height: 56px;\"><span style=\"font-size: 10pt;\">Ems 1715 <\/span><span style=\"font-size: 10pt;\">Januar 12<\/span><\/td>\n<td style=\"width: 23.9286%; height: 56px;\"><span style=\"font-size: 10pt;\">aus Abt. 170 III, Nr. 1549,<br \/>\nfol. 24r-27v<\/span><\/td>\n<\/tr>\n<tr style=\"height: 56px;\">\n<td style=\"width: 52.619%; height: 56px; text-align: justify;\"><a href=\"http:\/\/www.ahnenforschung-jackmuth.de\/?page_id=3969\"><span style=\"font-size: 10pt;\">Eigenm\u00e4chtige Ernennung von Kirchensenioren durch Pfarrer Leporinus (u. a.)<\/span><\/a><\/td>\n<td style=\"width: 23.3333%; height: 56px;\"><span style=\"font-size: 10pt;\">Kassel 1715 Februar 2<\/span><\/td>\n<td style=\"width: 23.9286%; height: 56px;\"><span style=\"font-size: 10pt;\">aus Abt. 170 III, Nr. 1551,<br \/>\nfol. 118r-120v<\/span><\/td>\n<\/tr>\n<tr style=\"height: 56px;\">\n<td style=\"width: 52.619%; height: 56px; text-align: justify;\"><a href=\"http:\/\/www.ahnenforschung-jackmuth.de\/?page_id=3973\"><span style=\"font-size: 10pt;\">Widersetzlichkeit des Pfarrers Leporinus bei der Haltung der vorgeschriebenen Bu\u00df-, Fast- und Bettage<\/span><\/a><\/td>\n<td style=\"width: 23.3333%; height: 56px;\"><span style=\"font-size: 10pt;\">Kassel 1719 November 4<\/span><\/td>\n<td style=\"width: 23.9286%; height: 56px;\"><span style=\"font-size: 10pt;\">aus Abt. 170 III, Nr. 1632,<br \/>\nfol. 49r-50r<\/span><\/td>\n<\/tr>\n<tr style=\"height: 56px;\">\n<td style=\"width: 52.619%; height: 56px; text-align: justify;\"><a href=\"http:\/\/www.ahnenforschung-jackmuth.de\/?page_id=3976\"><span style=\"font-size: 10pt;\">Johannes Leporinus (Sohn) als verst. Hof- und Landnotar genannt<\/span><\/a><\/td>\n<td style=\"width: 23.3333%; height: 56px;\"><span style=\"font-size: 10pt;\">1723<\/span><\/td>\n<td style=\"width: 23.9286%; height: 56px;\"><span style=\"font-size: 10pt;\">aus Abt. 170 III, Nr. 1700,<br \/>\nfol. 235r-236v<\/span><\/td>\n<\/tr>\n<tr style=\"height: 56px;\">\n<td style=\"width: 52.619%; height: 56px; text-align: justify;\"><a href=\"http:\/\/www.ahnenforschung-jackmuth.de\/?page_id=3979\"><span style=\"font-size: 10pt;\">Bericht von Amtmann <em>Goedecke<\/em> und Inspektor Vigelius zu Nassau betreffend Krankheit von Pfarrer Leporinus<\/span><\/a><\/td>\n<td style=\"width: 23.3333%; height: 56px;\"><span style=\"font-size: 10pt;\">Nassau 1724 November 21<\/span><\/td>\n<td style=\"width: 23.9286%; height: 56px;\"><span style=\"font-size: 10pt;\">aus Abt. 171, Nr. E 661<\/span><\/td>\n<\/tr>\n<tr style=\"height: 112px;\">\n<td style=\"width: 52.619%; height: 112px; text-align: justify;\"><a href=\"http:\/\/www.ahnenforschung-jackmuth.de\/?page_id=3982\"><span style=\"font-size: 10pt;\">Johann Henrich Vietor, Pfarrer und Metropolitan zu Braubach, an Inspektor Vigelius betreffend Tod von Pfarrer Leporinus und aushilfsw. Haltung des Gottesdienstes in Ems<\/span><\/a><\/td>\n<td style=\"width: 23.3333%; height: 112px;\"><span style=\"font-size: 10pt;\">Braubach 1724 Februar 9<\/span><\/td>\n<td style=\"width: 23.9286%; height: 112px;\"><span style=\"font-size: 10pt;\">aus Abt. 171, Nr. E 661<\/span><\/p>\n<p>&nbsp;<\/td>\n<\/tr>\n<tr style=\"height: 56px;\">\n<td style=\"width: 52.619%; height: 56px; text-align: justify;\"><span style=\"font-size: 10pt;\">Wiederbesetzung der Pfarrstelle zu Ems nach dem Tod des Pfarrers Johann Leporinus<\/span><\/td>\n<td style=\"width: 23.3333%; height: 56px;\"><span style=\"font-size: 10pt;\">1724-1726<\/span><\/td>\n<td style=\"width: 23.9286%; height: 56px;\"><span style=\"font-size: 10pt;\"><a href=\"http:\/\/dfg-viewer.de\/show\/?set[mets]=http:\/\/digitalisate-he.arcinsys.de\/hhstaw\/171\/e_661.xml\">aus Abt. 171, Nr. E 661<\/a>,<br \/>\nunfoliiert (108 Digitalisate)<\/span><\/td>\n<\/tr>\n<tr style=\"height: 28px;\">\n<td style=\"width: 52.619%; height: 28px; text-align: justify;\"><span style=\"font-size: 10pt;\">Empfehlung des Johannes Leporinus als Pfarrer zu Ems, 1687<\/span><\/td>\n<td style=\"width: 23.3333%; height: 28px;\"><span style=\"font-size: 10pt;\">1687<\/span><\/td>\n<td style=\"width: 23.9286%; height: 28px;\"><a href=\"http:\/\/dfg-viewer.de\/show\/?set[mets]=http:\/\/digitalisate-he.arcinsys.de\/hhstaw\/171\/e_649.xml\"><span style=\"font-size: 10pt;\">aus: Abt. 171, Nr. E 649<\/span><\/a><\/td>\n<\/tr>\n<tr style=\"height: 56px;\">\n<td style=\"width: 52.619%; height: 56px; text-align: justify;\"><span style=\"font-size: 10pt;\">Bestallung des Johann Georg Joseph Wiesenbruck zum Pfarrer zu Ems nach dem Tod des Pfarrers Johann Leporinus<\/span><\/td>\n<td style=\"width: 23.3333%; height: 56px;\"><span style=\"font-size: 10pt;\">1725-1731<\/span><\/td>\n<td style=\"width: 23.9286%; height: 56px;\"><span style=\"font-size: 10pt;\"><a href=\"http:\/\/dfg-viewer.de\/show\/?set[mets]=http:\/\/digitalisate-he.arcinsys.de\/hhstaw\/171\/e_663.xml\">aus Abt. 171, Nr. E 663<\/a>,<br \/>\nunfoliiert (111 Digitalisate)<\/span><\/td>\n<\/tr>\n<tr style=\"height: 56px;\">\n<td style=\"width: 52.619%; height: 56px; text-align: justify;\"><span style=\"font-size: 10pt;\">Witwe des Pfarrers Leporinus und die Verteilung der Pfarrbesoldung f\u00fcr 1725 und 1726<\/span><\/td>\n<td style=\"width: 23.3333%; height: 56px;\"><span style=\"font-size: 10pt;\">1726-1727<\/span><\/td>\n<td style=\"width: 23.9286%; height: 56px;\"><span style=\"font-size: 10pt;\">Abt. 355, Nr. 153<br \/>\n(nicht online verf\u00fcgbar)<\/span><\/td>\n<\/tr>\n<tr style=\"height: 56px;\">\n<td style=\"width: 52.619%; height: 56px; text-align: justify;\"><span style=\"font-size: 10pt;\"><a href=\"http:\/\/www.ahnenforschung-jackmuth.de\/?page_id=4065\">Gesuch des Pfarrers Leporinus zu Ems um Aufbesserung seiner Besoldung bzw. dessen r\u00fcckst\u00e4ndiger Bestallungswein vom Kastorstift in Koblenz<\/a><br \/>\n<\/span><\/td>\n<td style=\"width: 23.3333%; height: 56px;\"><span style=\"font-size: 10pt;\">1696, 1698, 1701<\/span><\/td>\n<td style=\"width: 23.9286%; height: 56px;\"><span style=\"font-size: 10pt;\">Abt. 355, Nr. 123<br \/>\n(nicht online verf\u00fcgbar)<\/span><\/td>\n<\/tr>\n<tr style=\"height: 84px;\">\n<td style=\"width: 52.619%; height: 84px; text-align: justify;\"><a href=\"http:\/\/www.ahnenforschung-jackmuth.de\/?page_id=4069\"><span style=\"font-size: 10pt;\">Bestellung eines Vikars f\u00fcr Ems w\u00e4hrend der Abwesenheit des von den Franzosen nach Luxemburg verschleppten Pfarrers Leporinus<\/span><\/a><\/td>\n<td style=\"width: 23.3333%; height: 84px;\"><span style=\"font-size: 10pt;\">1712-1713<\/span><\/td>\n<td style=\"width: 23.9286%; height: 84px;\"><span style=\"font-size: 10pt;\">Abt. 355, Nr. 125<br \/>\n(nicht online verf\u00fcgbar)<\/span><\/td>\n<\/tr>\n<\/tbody>\n<\/table>\n<p><a href=\"#_ftnref1\" name=\"_ftn1\"><\/a><\/p>\n<hr \/>\n<p><a href=\"#_ftnref1\" name=\"_ftn1\"><span style=\"font-size: 10pt;\">[1]<\/span><\/a><span style=\"font-size: 10pt;\"> <em>[Den] 20ten April[is], war Dom[inica] Misericord[ia], hat Herr Johannes Leporinus, Diaconus vnd Schuldiener alhier, mitt Elisabeth, seiner H[aus]frauen, einen Sohn tauffen la\u00dfen. Gevattern seindt gewesen: der Pfarrer; Herr Johan Melchior Sch\u00fctz, Amptskeller; Anna Ge&#8230;, M. Nicolaj Scheppij, Pfarrers, Ehefrau zu Swalbach. Vnndt ist Johannes genand worden. <\/em>(Braubach KB 1 (1628-1672), Bild 57 auf archion.de)<\/span><\/p>\n<hr \/>\n<p><strong><span style=\"font-size: 10pt;\">Letzte \u00c4nderung: 3. Mai 2021<\/span><\/strong><br \/>\n<strong><span style=\"font-size: 10pt;\">Ralph Jackmuth<\/span><\/strong><\/p>\n","protected":false},"excerpt":{"rendered":"<p>Leporinus, Johannes: seit 30.11.1687 Pfarrer in Ems und Nachfolger von Johann Daniel Rauch, war vorher fast 10 Jahre Diakon und Schuldiener in Braubach; von Sept. bis Nov. 1712 von den Franzosen nach Luxemburg verschleppt, am 04.12.1712 mit anderen Gefangenen wieder in Koblenz (siehe HHStAW, Abt. 355, Nr. 125); gt. 20.04.1656 Braubach[1]; konf. 11.05.1668 Braubach; + &hellip; <a href=\"https:\/\/www.ahnenforschung-jackmuth.de\/?page_id=3329\" class=\"more-link\"><span class=\"screen-reader-text\">\u201eEms &#8211; Leporinus\u201c<\/span> weiterlesen<\/a><\/p>\n","protected":false},"author":1,"featured_media":0,"parent":0,"menu_order":0,"comment_status":"closed","ping_status":"closed","template":"","meta":{"footnotes":""},"class_list":["post-3329","page","type-page","status-publish","hentry"],"_links":{"self":[{"href":"https:\/\/www.ahnenforschung-jackmuth.de\/index.php?rest_route=\/wp\/v2\/pages\/3329","targetHints":{"allow":["GET"]}}],"collection":[{"href":"https:\/\/www.ahnenforschung-jackmuth.de\/index.php?rest_route=\/wp\/v2\/pages"}],"about":[{"href":"https:\/\/www.ahnenforschung-jackmuth.de\/index.php?rest_route=\/wp\/v2\/types\/page"}],"author":[{"embeddable":true,"href":"https:\/\/www.ahnenforschung-jackmuth.de\/index.php?rest_route=\/wp\/v2\/users\/1"}],"replies":[{"embeddable":true,"href":"https:\/\/www.ahnenforschung-jackmuth.de\/index.php?rest_route=%2Fwp%2Fv2%2Fcomments&post=3329"}],"version-history":[{"count":0,"href":"https:\/\/www.ahnenforschung-jackmuth.de\/index.php?rest_route=\/wp\/v2\/pages\/3329\/revisions"}],"wp:attachment":[{"href":"https:\/\/www.ahnenforschung-jackmuth.de\/index.php?rest_route=%2Fwp%2Fv2%2Fmedia&parent=3329"}],"curies":[{"name":"wp","href":"https:\/\/api.w.org\/{rel}","templated":true}]}}