{"id":3319,"date":"2019-04-27T11:54:52","date_gmt":"2019-04-27T11:54:52","guid":{"rendered":"http:\/\/www.ahnenforschung-jackmuth.de\/?page_id=3319"},"modified":"2019-04-28T11:58:58","modified_gmt":"2019-04-28T11:58:58","slug":"ems-kunz","status":"publish","type":"page","link":"https:\/\/www.ahnenforschung-jackmuth.de\/?page_id=3319","title":{"rendered":"Ems &#8211; Kunz"},"content":{"rendered":"<p><span style=\"color: #ff0000;\"><em><strong><u>Kuntz<\/u><\/strong><\/em><strong>, Johannes:<\/strong><\/span> Sohn des verst. Jakob <em>Kuntz<\/em> aus Oberelbert (VG Montabaur)<\/p>\n<p><strong>oo 25.11.1685 Ems<\/strong><\/p>\n<p>mit <strong><u>Zimmerschied<\/u>, Elisabeth Margaretha:<\/strong> Tochter des <a href=\"http:\/\/www.ahnenforschung-jackmuth.de\/?page_id=3525\">Hans Karl Zimmerschied<\/a> (aus Ems)<\/p>\n<hr \/>\n<p><span style=\"color: #ff0000;\"><strong><u>Kunz<\/u><\/strong><strong> (<em>Cuntz, Cun<\/em>), Lorenz: <\/strong><\/span>ein Nagelschmied und Beisasse in Ems<\/p>\n<p>oo mit <strong>Maria Dorothea<\/strong><\/p>\n<table width=\"625\">\n<tbody>\n<tr>\n<td style=\"width: 199.25px;\">1) Anna Eva<\/td>\n<td style=\"width: 200.267px;\">gt. 14.10.1696 Ems<\/td>\n<td style=\"width: 394.483px;\"><\/td>\n<\/tr>\n<tr>\n<td style=\"width: 199.25px;\">2) Thomas<\/td>\n<td style=\"width: 200.267px;\">gt. 24.08.1698 Ems<\/td>\n<td style=\"width: 394.483px;\">bg. 13.06.1699 Ems<\/td>\n<\/tr>\n<tr>\n<td style=\"width: 199.25px;\">3) Johann Philipp<\/td>\n<td style=\"width: 200.267px;\">gt. 14.06.1700 Ems<\/td>\n<td style=\"width: 394.483px;\"><\/td>\n<\/tr>\n<tr>\n<td style=\"width: 199.25px;\">4) Johann Gabriel<\/td>\n<td style=\"width: 200.267px;\">gt. 13.03.1703 Ems<\/td>\n<td style=\"width: 394.483px;\"><\/td>\n<\/tr>\n<\/tbody>\n<\/table>\n<p style=\"text-align: justify;\"><strong>Paten: zu 1) <\/strong><em>Tauff-Goden sind: Anna Sophia, Georg Ludwig Werners Hau\u00dffrau, vnd Anna Eva, Bartholom\u00e6i Caphne des J\u00fcngern Eheweib. Der Path ist: Johannes Hermann, ein Brandenweinbrender vnd Beysa\u00df allhier \/: vor welchen bey der Tauffe Hans Martin Eberhahn, \u00e6ditu[us], gestanden :\/ <\/em>\u2014 <strong>zu 2) <\/strong><em>Tauffzeugen sind: Meister Tho&lt;mas&gt; Catusch, ein Mauermeister au\u00df dem Th&lt;al&gt; \/: dieweilen aber dieser p\u00e4pstischen Religion zugethan, so ist das officiu[m] compaternitatis in seinem Mitbeystehen von Bartholom\u00e6o Caphne dem J\u00fcngern versehen worden :\/ vnd Margretha Catharina, Hans Peter Caphne nachgelassene Wittib <\/em>\u2014 <strong>zu 3) <\/strong><em>Tauffpathen sind: Meister Johann Philips Wilbert, ein Schreiner zu Nassau-Scheuern, vnd Johannes Friederich, ein Schlo\u00dfer im Thal Ehrenbreitstein, vor welchen, weilen er p\u00e4pstischer Religion per apostasiam geworden, beym Tauffstein gestanden: Georg Ludwig Werner. Die God ist: Maria Magdalena, Meister Hans Peters Alberti, Schlo\u00dfers im Thal Ehrenbreitstein, Tochter <\/em>\u2014 <strong>zu 4) <\/strong><em>Tauffzeugen sind: Herr Johann Gabriel D\u00f6rbeck, Scultet[us] vnd Chirurgus dahier zu Embs,vnd Juliana Margretha, Johann Peter Zimmerschieds Eheweib<\/em><\/p>\n<hr \/>\n<p><span style=\"color: #ff0000;\"><strong><em><u>Cun<\/u><\/em><\/strong><strong>, Rudolph:<\/strong> <\/span>\u201eein vorm viertel Jahr aus hiesigem Gef\u00e4ngnis entlaufener Zimmermann\u201c<\/p>\n<p>oo mit<strong> Gertrud<\/strong><\/p>\n<table width=\"625\">\n<tbody>\n<tr>\n<td width=\"208\">Maria Louise<\/td>\n<td width=\"151\">gt. 06.12.1711 Ems<\/td>\n<td width=\"266\"><\/td>\n<\/tr>\n<\/tbody>\n<\/table>\n<p style=\"text-align: justify;\"><strong>Paten: <\/strong><em>Tauff-Goden sind: Anna Louyse, Joh[ann] Anthonij Lotzen, eines Gemein-Manns am Baad, Tochter, vnd Maria Magdalena Riemerin, der Kindbetterin Schwester. Der Path ist: Theodorus Reiffer, ein Mitbedienter am Brunnen auff dem hessischen Baad<\/em><\/p>\n<hr \/>\n<p style=\"text-align: justify;\"><strong><span style=\"font-size: 10pt;\">Letzte \u00c4nderung: 27. April 2019<\/span><\/strong><br \/>\n<strong><span style=\"font-size: 10pt;\">Ralph Jackmuth<\/span><\/strong><\/p>\n","protected":false},"excerpt":{"rendered":"<p>Kuntz, Johannes: Sohn des verst. Jakob Kuntz aus Oberelbert (VG Montabaur) oo 25.11.1685 Ems mit Zimmerschied, Elisabeth Margaretha: Tochter des Hans Karl Zimmerschied (aus Ems) Kunz (Cuntz, Cun), Lorenz: ein Nagelschmied und Beisasse in Ems oo mit Maria Dorothea 1) Anna Eva gt. 14.10.1696 Ems 2) Thomas gt. 24.08.1698 Ems bg. 13.06.1699 Ems 3) Johann &hellip; <a href=\"https:\/\/www.ahnenforschung-jackmuth.de\/?page_id=3319\" class=\"more-link\"><span class=\"screen-reader-text\">\u201eEms &#8211; Kunz\u201c<\/span> weiterlesen<\/a><\/p>\n","protected":false},"author":1,"featured_media":0,"parent":0,"menu_order":0,"comment_status":"closed","ping_status":"closed","template":"","meta":{"footnotes":""},"class_list":["post-3319","page","type-page","status-publish","hentry"],"_links":{"self":[{"href":"https:\/\/www.ahnenforschung-jackmuth.de\/index.php?rest_route=\/wp\/v2\/pages\/3319","targetHints":{"allow":["GET"]}}],"collection":[{"href":"https:\/\/www.ahnenforschung-jackmuth.de\/index.php?rest_route=\/wp\/v2\/pages"}],"about":[{"href":"https:\/\/www.ahnenforschung-jackmuth.de\/index.php?rest_route=\/wp\/v2\/types\/page"}],"author":[{"embeddable":true,"href":"https:\/\/www.ahnenforschung-jackmuth.de\/index.php?rest_route=\/wp\/v2\/users\/1"}],"replies":[{"embeddable":true,"href":"https:\/\/www.ahnenforschung-jackmuth.de\/index.php?rest_route=%2Fwp%2Fv2%2Fcomments&post=3319"}],"version-history":[{"count":0,"href":"https:\/\/www.ahnenforschung-jackmuth.de\/index.php?rest_route=\/wp\/v2\/pages\/3319\/revisions"}],"wp:attachment":[{"href":"https:\/\/www.ahnenforschung-jackmuth.de\/index.php?rest_route=%2Fwp%2Fv2%2Fmedia&parent=3319"}],"curies":[{"name":"wp","href":"https:\/\/api.w.org\/{rel}","templated":true}]}}