{"id":3266,"date":"2019-04-27T10:45:41","date_gmt":"2019-04-27T10:45:41","guid":{"rendered":"http:\/\/www.ahnenforschung-jackmuth.de\/?page_id=3266"},"modified":"2019-04-27T15:15:57","modified_gmt":"2019-04-27T15:15:57","slug":"ems-jakob","status":"publish","type":"page","link":"https:\/\/www.ahnenforschung-jackmuth.de\/?page_id=3266","title":{"rendered":"Ems &#8211; Jakob"},"content":{"rendered":"<p><span style=\"color: #ff0000;\"><strong><u>Jakob<\/u><\/strong><strong>, Leonhard:<\/strong><\/span> ein Welscher im \u201eAnker\u201c; s. a. unter<a href=\"http:\/\/www.ahnenforschung-jackmuth.de\/?page_id=3447\"> Sent, Gregor<\/a> und <a href=\"http:\/\/www.ahnenforschung-jackmuth.de\/?page_id=3182\">D\u00f6rbeck, Johann Gabriel<\/a><\/p>\n<p>oo mit <strong>N. N.<\/strong><\/p>\n<table width=\"605\">\n<tbody>\n<tr>\n<td width=\"180\">Johann Jakob<\/td>\n<td width=\"189\">gt. 14.10.1683 Ems<\/td>\n<td width=\"236\"><\/td>\n<\/tr>\n<\/tbody>\n<\/table>\n<p style=\"text-align: justify;\"><strong>Paten:<\/strong> <em>Gevattern waren: 1) Jacob Eichholtzen, der Zimmermann von Dausenau; 2) des Kindes Mutter annoch ledige Schwester; 3) ein welscher Hammerschmid vom Hammer zu Niebern<\/em><\/p>\n<hr \/>\n<p style=\"text-align: justify;\"><span style=\"color: #ff0000;\"><strong><u>Jakob<\/u><\/strong><strong>, Paul:<\/strong><\/span> ein welscher Fuhrmann auf der Bohrm\u00fchle (<em>Borm\u00fchl<\/em>); aus Malm\u00e9dy (<em>von Mallme, so eine churtrierische St&lt;att&gt;, ohngefehr 7 Stund von L\u00fcck liegend<\/em>); bg. 21.06.1695 Ems, in der <em>Leimen-Kaut<\/em> (Lehmgrube) \u00fcber dem Bad zu Tode gefahren, 31 Jahre alt<\/p>\n<p>oo mit <strong>Anna Katharina<\/strong><\/p>\n<table width=\"605\">\n<tbody>\n<tr>\n<td width=\"180\">Elisabeth Christina<\/td>\n<td width=\"189\">gt. 08.09.1689 Ems<\/td>\n<td width=\"236\"><\/td>\n<\/tr>\n<\/tbody>\n<\/table>\n<p style=\"text-align: justify;\"><strong>Paten:<\/strong> <em>Erbetene Tauffzeugen waren: Elisabetha, mariti Schwester, dienend zu Weinahr, vnd Anna Christina, Adolphs in der Augst Hau\u00dffrau, der Path aber: Johann Wilhelm, uxoris Bruder, arbeitet auff der H\u00fctt zu Montebauer..NB. dieweiln aber diese erbetene Goden vnd Path p\u00e4pstisch, so haben an deren Statt bey der heiligen Tauff das Kind gehalten vnd das Wort gethan: Hans Martin Zimmerschied vnd Anna Catharina, Hans Jacob Br\u00fccks Hau\u00dffrau<\/em><\/p>\n<hr \/>\n<p style=\"text-align: justify;\"><strong><span style=\"font-size: 10pt;\">Letzte \u00c4nderung: 27. April 2019<\/span><\/strong><br \/>\n<strong><span style=\"font-size: 10pt;\">Ralph Jackmuth<\/span><\/strong><\/p>\n","protected":false},"excerpt":{"rendered":"<p>Jakob, Leonhard: ein Welscher im \u201eAnker\u201c; s. a. unter Sent, Gregor und D\u00f6rbeck, Johann Gabriel oo mit N. N. Johann Jakob gt. 14.10.1683 Ems Paten: Gevattern waren: 1) Jacob Eichholtzen, der Zimmermann von Dausenau; 2) des Kindes Mutter annoch ledige Schwester; 3) ein welscher Hammerschmid vom Hammer zu Niebern Jakob, Paul: ein welscher Fuhrmann auf &hellip; <a href=\"https:\/\/www.ahnenforschung-jackmuth.de\/?page_id=3266\" class=\"more-link\"><span class=\"screen-reader-text\">\u201eEms &#8211; Jakob\u201c<\/span> weiterlesen<\/a><\/p>\n","protected":false},"author":1,"featured_media":0,"parent":0,"menu_order":0,"comment_status":"closed","ping_status":"closed","template":"","meta":{"footnotes":""},"class_list":["post-3266","page","type-page","status-publish","hentry"],"_links":{"self":[{"href":"https:\/\/www.ahnenforschung-jackmuth.de\/index.php?rest_route=\/wp\/v2\/pages\/3266","targetHints":{"allow":["GET"]}}],"collection":[{"href":"https:\/\/www.ahnenforschung-jackmuth.de\/index.php?rest_route=\/wp\/v2\/pages"}],"about":[{"href":"https:\/\/www.ahnenforschung-jackmuth.de\/index.php?rest_route=\/wp\/v2\/types\/page"}],"author":[{"embeddable":true,"href":"https:\/\/www.ahnenforschung-jackmuth.de\/index.php?rest_route=\/wp\/v2\/users\/1"}],"replies":[{"embeddable":true,"href":"https:\/\/www.ahnenforschung-jackmuth.de\/index.php?rest_route=%2Fwp%2Fv2%2Fcomments&post=3266"}],"version-history":[{"count":0,"href":"https:\/\/www.ahnenforschung-jackmuth.de\/index.php?rest_route=\/wp\/v2\/pages\/3266\/revisions"}],"wp:attachment":[{"href":"https:\/\/www.ahnenforschung-jackmuth.de\/index.php?rest_route=%2Fwp%2Fv2%2Fmedia&parent=3266"}],"curies":[{"name":"wp","href":"https:\/\/api.w.org\/{rel}","templated":true}]}}