{"id":3263,"date":"2019-04-27T10:42:42","date_gmt":"2019-04-27T10:42:42","guid":{"rendered":"http:\/\/www.ahnenforschung-jackmuth.de\/?page_id=3263"},"modified":"2019-04-28T11:49:05","modified_gmt":"2019-04-28T11:49:05","slug":"ems-jaeger","status":"publish","type":"page","link":"https:\/\/www.ahnenforschung-jackmuth.de\/?page_id=3263","title":{"rendered":"Ems &#8211; J\u00e4ger"},"content":{"rendered":"<p><span style=\"color: #ff0000;\"><strong><u>J\u00e4ger<\/u><\/strong><strong>, Johann Otto:<\/strong><\/span> Musketier unter dem f\u00fcrstl. hessen-darmst\u00e4dt. Hauptmann von Dachenr\u00f6den<\/p>\n<p><strong>oo 27.05.1692 Ems<\/strong><\/p>\n<p style=\"text-align: justify;\">mit <strong><u>Reinighausen<\/u>, Eleonora Louisa:<\/strong> Tochter des verst. <a href=\"http:\/\/www.ahnenforschung-jackmuth.de\/?page_id=3403\">Ernst Reinighausen<\/a>, gewesener Schuhmacher in Ems<\/p>\n<table width=\"605\">\n<tbody>\n<tr>\n<td width=\"180\">1) Louise Magdalena<\/td>\n<td width=\"189\">gt. 17.12.1693 Ems<br \/>\nkonf. 23.05.1706 (Pfingsten)<\/td>\n<td width=\"236\"><\/td>\n<\/tr>\n<tr>\n<td width=\"180\">2) Johann Peter<\/td>\n<td width=\"189\">gt. 19.04.1696 Ems<\/td>\n<td width=\"236\">bg. 11.03.1698 Ems<\/td>\n<\/tr>\n<tr>\n<td width=\"180\">3) Elisabetha Katharina<\/td>\n<td width=\"189\">gt. 15.05.1698 Ems<\/td>\n<td width=\"236\">bg. 07.11.1703 Ems<\/td>\n<\/tr>\n<tr>\n<td width=\"180\">4) Johann Matth\u00e4us<\/td>\n<td width=\"189\">gt. 11.04.1700 Ems<\/td>\n<td width=\"236\">bg. 19.04.1700 Ems<\/td>\n<\/tr>\n<tr>\n<td width=\"180\">5) Katharina Magdalena<\/td>\n<td width=\"189\">gt. 12.03.1702 Ems<\/td>\n<td width=\"236\"><\/td>\n<\/tr>\n<\/tbody>\n<\/table>\n<hr \/>\n<p style=\"text-align: justify;\"><strong><span style=\"font-size: 10pt;\">Letzte \u00c4nderung: 27. April 2019<\/span><\/strong><br \/>\n<strong><span style=\"font-size: 10pt;\">Ralph Jackmuth<\/span><\/strong><\/p>\n","protected":false},"excerpt":{"rendered":"<p>J\u00e4ger, Johann Otto: Musketier unter dem f\u00fcrstl. hessen-darmst\u00e4dt. Hauptmann von Dachenr\u00f6den oo 27.05.1692 Ems mit Reinighausen, Eleonora Louisa: Tochter des verst. Ernst Reinighausen, gewesener Schuhmacher in Ems 1) Louise Magdalena gt. 17.12.1693 Ems konf. 23.05.1706 (Pfingsten) 2) Johann Peter gt. 19.04.1696 Ems bg. 11.03.1698 Ems 3) Elisabetha Katharina gt. 15.05.1698 Ems bg. 07.11.1703 Ems 4) &hellip; <a href=\"https:\/\/www.ahnenforschung-jackmuth.de\/?page_id=3263\" class=\"more-link\"><span class=\"screen-reader-text\">\u201eEms &#8211; J\u00e4ger\u201c<\/span> weiterlesen<\/a><\/p>\n","protected":false},"author":1,"featured_media":0,"parent":0,"menu_order":0,"comment_status":"closed","ping_status":"closed","template":"","meta":{"footnotes":""},"class_list":["post-3263","page","type-page","status-publish","hentry"],"_links":{"self":[{"href":"https:\/\/www.ahnenforschung-jackmuth.de\/index.php?rest_route=\/wp\/v2\/pages\/3263","targetHints":{"allow":["GET"]}}],"collection":[{"href":"https:\/\/www.ahnenforschung-jackmuth.de\/index.php?rest_route=\/wp\/v2\/pages"}],"about":[{"href":"https:\/\/www.ahnenforschung-jackmuth.de\/index.php?rest_route=\/wp\/v2\/types\/page"}],"author":[{"embeddable":true,"href":"https:\/\/www.ahnenforschung-jackmuth.de\/index.php?rest_route=\/wp\/v2\/users\/1"}],"replies":[{"embeddable":true,"href":"https:\/\/www.ahnenforschung-jackmuth.de\/index.php?rest_route=%2Fwp%2Fv2%2Fcomments&post=3263"}],"version-history":[{"count":0,"href":"https:\/\/www.ahnenforschung-jackmuth.de\/index.php?rest_route=\/wp\/v2\/pages\/3263\/revisions"}],"wp:attachment":[{"href":"https:\/\/www.ahnenforschung-jackmuth.de\/index.php?rest_route=%2Fwp%2Fv2%2Fmedia&parent=3263"}],"curies":[{"name":"wp","href":"https:\/\/api.w.org\/{rel}","templated":true}]}}