{"id":3256,"date":"2019-04-27T10:36:37","date_gmt":"2019-04-27T10:36:37","guid":{"rendered":"http:\/\/www.ahnenforschung-jackmuth.de\/?page_id=3256"},"modified":"2019-04-28T11:46:23","modified_gmt":"2019-04-28T11:46:23","slug":"ems-h-diverse","status":"publish","type":"page","link":"https:\/\/www.ahnenforschung-jackmuth.de\/?page_id=3256","title":{"rendered":"Ems &#8211; H (Diverse)"},"content":{"rendered":"<p style=\"text-align: justify;\"><span style=\"color: #ff0000;\"><strong><em><u>Haa\u00df<\/u><\/em><\/strong><strong>, Johann Martin:<\/strong><\/span> Sohn des Johann Martin <em>Haa\u00df<\/em>, ein armer kurpf\u00e4lz. Soldat; bg. 14.06.1695 Ems, 3 Jahre alt<\/p>\n<hr \/>\n<p style=\"text-align: justify;\"><span style=\"color: #ff0000;\"><strong><u>Habicht<\/u><\/strong><strong>, Hans Wolf:<\/strong> <\/span>Sohn der Margaretha, arme hinterlassene Witwe des Matt\u00e4us Habicht, gewesener Zimmermann zu S\u00f6rgenloch (VG Nieder-Olm, Lkr. Bingen); bg. 26.11.1695 Ems. 11 \u00bd Jahre alt<\/p>\n<hr \/>\n<p><span style=\"color: #ff0000;\"><strong><u>Hahn<\/u><\/strong><strong>, Wilhelm:<\/strong><\/span> ein Schafhirt in Ems<\/p>\n<p>oo mit <strong>Anna Katharina<\/strong><\/p>\n<table width=\"576\">\n<tbody>\n<tr>\n<td width=\"161\">Christian Ludwig<\/td>\n<td width=\"208\">gt. 22.06.1708 Ems<\/td>\n<td width=\"208\"><\/td>\n<\/tr>\n<\/tbody>\n<\/table>\n<p style=\"text-align: justify;\"><strong>Paten:<\/strong> <em>Tauffpathen sind: Ludwig Wilhelm, allhiesiger K\u00fchhirt, vnd Joh[ann] Christian Wei\u00df, ein Sch\u00e4ffer zu Dienethal. Die God ist: Maria Margretha, &lt;des&gt; Jacob Schuppen, eines Einwohners dahier zu Embs Eheweib<\/em><\/p>\n<hr \/>\n<p style=\"text-align: justify;\"><span style=\"color: #ff0000;\"><strong><em><u>Halbeist<\/u><\/em><\/strong><strong><em>, <\/em><\/strong><strong>Maria Christina:<\/strong><\/span> Tochter des Leonhard <em>Halbeist<\/em>, \u201eein armer Mann und Pilgrim\u201c; bg. 25.09.1689 Ems, 20 Wochen alt<\/p>\n<hr \/>\n<p style=\"text-align: justify;\"><span style=\"color: #ff0000;\"><strong><em><u>Haner<\/u><\/em><\/strong><strong>, Hans Jakob:<\/strong><\/span> Sohn des verst. Johann Balthasar <em>Hanner<\/em>, gewesener Gerichtsverwandter aus \u201e<em>&#8230;r\u00fcffel<\/em>, ein Dorf in der Grafschaft Isenburg-B\u00fcdingen am Main gelegen\u201c<\/p>\n<p>oo (3. Prokl. 24.02.1695 Ems)<\/p>\n<p>mit <strong><u>Gerhard<\/u>, Anna Philippina:<\/strong> Tochter des verst. <a href=\"http:\/\/www.ahnenforschung-jackmuth.de\/?page_id=3233\">Peter Gerhard<\/a>, gewesener Schmied in Ems<\/p>\n<hr \/>\n<p style=\"text-align: justify;\"><span style=\"color: #ff0000;\"><strong><u>Hastenteuffel<\/u><\/strong><strong>, Johannes:<\/strong><\/span> Sohn des Christian Hastenteuffel, M\u00fcller in der Augst; ein <em>N. Ha\u00dfdeteifel au\u00df der Augst <\/em>ist Pate 01.05.1685 bei Michel Herd in Ems<\/p>\n<p>oo (3. Prokl. 29.01.1688 Ems)<\/p>\n<p>mit <strong><u>Peffart<\/u>, Margaretha:<\/strong> Tochter des <a href=\"http:\/\/www.ahnenforschung-jackmuth.de\/?page_id=3373\">Henrich Peffart<\/a>, zur Zeit M\u00fcller in Ems<\/p>\n<hr \/>\n<p style=\"text-align: justify;\"><span style=\"color: #ff0000;\"><strong><u>Helm<\/u><\/strong><strong>, Friedrich:<\/strong><\/span> ein Soldat zu Fu\u00df unter dem hess. Hauptmann <em>Witt<\/em>; geb\u00fcrtig aus <em>Wickershausen<\/em>, 2 Stunden von Darmstadt (= Wixhausen ?); bg. 22.06.1709 Ems<\/p>\n<hr \/>\n<p><span style=\"color: #ff0000;\"><strong><u>Hermann<\/u><\/strong><strong>, Friedrich:<\/strong><\/span> ein Schuhmacher in Ems<\/p>\n<p>oo mit <strong>Maria Dorothea<\/strong><\/p>\n<table width=\"595\">\n<tbody>\n<tr>\n<td width=\"151\">Johann Georg<\/td>\n<td width=\"170\">gt. 1723 Ems<\/td>\n<td width=\"274\">bg. xx.10.1778 Ems<\/td>\n<\/tr>\n<\/tbody>\n<\/table>\n<p style=\"text-align: justify;\"><strong>Paten: <\/strong><em>Gevattern sind gewesen: 1) Johann Georg Jost, ein Zimmermann zu Catzenelnbogen; 2) Johann Henrich Krau\u00df, ebenfal\u00df von Catzenelnbogen; 3) Margaretha, Andreas Hermanns, Schumachers zu Na&lt;ssau&gt; ehliche Hau\u00dffrau<\/em><\/p>\n<hr \/>\n<p><span style=\"color: #ff0000;\"><strong><em><u>Hessin<\/u><\/em><\/strong><strong>, Maria Gertrud:<\/strong><\/span> eine alte arme Witwe; bg. 16.09.1689 Ems, 76 Jahre alt<\/p>\n<hr \/>\n<p style=\"text-align: justify;\"><span style=\"color: #ff0000;\"><strong><em><u>Hitterod<\/u><\/em><\/strong><strong>, Henrich Konrad:<\/strong><\/span> Soldat und J\u00e4ger unter dem hessen-kasselischen Obrist von Keller; geb\u00fcrtig aus Arnstadt in Th\u00fcringen; bg. 25.10.1689 Ems, \u201eetliche 30 Jahre\u201c alt<\/p>\n<hr \/>\n<p><span style=\"color: #ff0000;\"><strong><u>H\u00f6mberg<\/u><\/strong><strong>, Anna:<\/strong><\/span> Ehefrau des Paul H\u00f6mberg von Ems; Hexenprozess 1629 (HHStAW, Abt. 369 Nr. 380)<\/p>\n<hr \/>\n<p style=\"text-align: justify;\"><span style=\"color: #ff0000;\"><strong><u>Honig<\/u><\/strong><strong>, Friedrich Wilhelm:<\/strong><\/span> Sohn der Lucia <em>Honigin<\/em>, Frau eines armen Soldaten; bg. 02.07.1705 Ems, 2 Jahre 11 Wochen alt<\/p>\n<hr \/>\n<p><span style=\"color: #ff0000;\"><strong><u>H\u00f6nninger<\/u><\/strong><strong>, Anna:<\/strong> <\/span>Witwe des Hans Martin H\u00f6nninger; bg. 01.01.1691 Ems, 70 Jahre alt<\/p>\n<hr \/>\n<p><span style=\"color: #ff0000;\"><strong><u>Hummel<\/u><\/strong><strong>, Lorenz:<\/strong> <\/span>ein &#8230; und Bierbrauer in Ems<\/p>\n<p>oo mit <strong>Anna Const&lt;&#8230;&gt;<\/strong><\/p>\n<table width=\"605\">\n<tbody>\n<tr>\n<td width=\"151\">Johann Gabriel<\/td>\n<td width=\"217\">gt. 06.07.1704 Ems<\/td>\n<td width=\"236\"><\/td>\n<\/tr>\n<\/tbody>\n<\/table>\n<p style=\"text-align: justify;\"><strong>Paten:<\/strong><em> Tauffpathen sind: Herr Johann Gabriel D\u00f6rbeck, Chirurgus vnd gemeinschafftlicher Schulthei\u00df dahier zu Embs, vnd Johann Conrad Krau\u00df zu R\u00f6dert Ambts &lt;&#8230;&gt;stein. Die God ist: Clara Margretha, wei[land] Lu&lt;dwig&gt; C\u00fcsters, gewesenen Burgers in Bacharach, hinterlassene Tochter<\/em><\/p>\n<hr \/>\n<p style=\"text-align: justify;\"><strong><span style=\"font-size: 10pt;\">Letzte \u00c4nderung: 27. April 2019<\/span><\/strong><br \/>\n<strong><span style=\"font-size: 10pt;\">Ralph Jackmuth<\/span><\/strong><\/p>\n","protected":false},"excerpt":{"rendered":"<p>Haa\u00df, Johann Martin: Sohn des Johann Martin Haa\u00df, ein armer kurpf\u00e4lz. Soldat; bg. 14.06.1695 Ems, 3 Jahre alt Habicht, Hans Wolf: Sohn der Margaretha, arme hinterlassene Witwe des Matt\u00e4us Habicht, gewesener Zimmermann zu S\u00f6rgenloch (VG Nieder-Olm, Lkr. Bingen); bg. 26.11.1695 Ems. 11 \u00bd Jahre alt Hahn, Wilhelm: ein Schafhirt in Ems oo mit Anna Katharina &hellip; <a href=\"https:\/\/www.ahnenforschung-jackmuth.de\/?page_id=3256\" class=\"more-link\"><span class=\"screen-reader-text\">\u201eEms &#8211; H (Diverse)\u201c<\/span> weiterlesen<\/a><\/p>\n","protected":false},"author":1,"featured_media":0,"parent":0,"menu_order":0,"comment_status":"closed","ping_status":"closed","template":"","meta":{"footnotes":""},"class_list":["post-3256","page","type-page","status-publish","hentry"],"_links":{"self":[{"href":"https:\/\/www.ahnenforschung-jackmuth.de\/index.php?rest_route=\/wp\/v2\/pages\/3256","targetHints":{"allow":["GET"]}}],"collection":[{"href":"https:\/\/www.ahnenforschung-jackmuth.de\/index.php?rest_route=\/wp\/v2\/pages"}],"about":[{"href":"https:\/\/www.ahnenforschung-jackmuth.de\/index.php?rest_route=\/wp\/v2\/types\/page"}],"author":[{"embeddable":true,"href":"https:\/\/www.ahnenforschung-jackmuth.de\/index.php?rest_route=\/wp\/v2\/users\/1"}],"replies":[{"embeddable":true,"href":"https:\/\/www.ahnenforschung-jackmuth.de\/index.php?rest_route=%2Fwp%2Fv2%2Fcomments&post=3256"}],"version-history":[{"count":0,"href":"https:\/\/www.ahnenforschung-jackmuth.de\/index.php?rest_route=\/wp\/v2\/pages\/3256\/revisions"}],"wp:attachment":[{"href":"https:\/\/www.ahnenforschung-jackmuth.de\/index.php?rest_route=%2Fwp%2Fv2%2Fmedia&parent=3256"}],"curies":[{"name":"wp","href":"https:\/\/api.w.org\/{rel}","templated":true}]}}