{"id":3252,"date":"2019-04-27T10:30:20","date_gmt":"2019-04-27T10:30:20","guid":{"rendered":"http:\/\/www.ahnenforschung-jackmuth.de\/?page_id=3252"},"modified":"2019-04-29T16:13:11","modified_gmt":"2019-04-29T16:13:11","slug":"ems-hoffmann","status":"publish","type":"page","link":"https:\/\/www.ahnenforschung-jackmuth.de\/?page_id=3252","title":{"rendered":"Ems &#8211; Hoffmann"},"content":{"rendered":"<p><span style=\"color: #ff0000;\"><strong><u>Hoffmann<\/u><\/strong><strong>, Johannes:<\/strong><\/span> Gefreiter in der Hohenfeldischen Kompanie in Koblenz<\/p>\n<p><strong>oo 17.04.1688 Ems<\/strong><\/p>\n<p>mit <strong><em><u>Sable<\/u><\/em>, Anna Christina:<\/strong> \u201cB\u00fcrgers- und Schmiedstochter\u201c in Koblenz<\/p>\n<hr \/>\n<p><span style=\"color: #ff0000;\"><strong><u>Hoffmann<\/u><\/strong><strong>, Johann Georg<\/strong><\/span><\/p>\n<p>oo mit <strong>Maria Katharina<\/strong><\/p>\n<table width=\"576\">\n<tbody>\n<tr>\n<td width=\"170\">1) Johann Henrich<\/td>\n<td width=\"189\">* 1694<\/td>\n<td width=\"217\">bg. 18.01.1705 Ems<br \/>\n10 Jahre 3 Monate 1 Tag alt<\/td>\n<\/tr>\n<tr>\n<td width=\"170\">2) Christina Juliana<\/td>\n<td width=\"189\">konf. 08.06.1710 (Pfingsten)<\/td>\n<td width=\"217\"><\/td>\n<\/tr>\n<tr>\n<td width=\"170\">3) Johann Philipp<\/td>\n<td width=\"189\">gt. 30.10.1701 Ems<\/td>\n<td width=\"217\"><\/td>\n<\/tr>\n<tr>\n<td width=\"170\">4) Johann Peter<\/td>\n<td width=\"189\">gt. 19.10.1704 Ems<\/td>\n<td width=\"217\">bg. 08.03.1705 Ems<\/td>\n<\/tr>\n<tr>\n<td width=\"170\">5) Johann Nikolaus<\/td>\n<td width=\"189\">gt. 04.06.1706 Ems<\/td>\n<td width=\"217\"><\/td>\n<\/tr>\n<tr>\n<td width=\"170\">6) Katharina Elisabetha<\/td>\n<td width=\"189\">gt. 02.02.1710 Ems<\/td>\n<td width=\"217\"><\/td>\n<\/tr>\n<\/tbody>\n<\/table>\n<p style=\"text-align: justify;\"><strong>Paten: zu 3) <\/strong><em>Tauffpathen sind: Johann Jacob Schupp vnd Meister Philips Winn, ein alter Schmitt allhier. Die God ist: Maria Elisabetha, Michael Schupps Eheweib <\/em>\u2014 <strong>zu 4) <\/strong><em>Tauffpathen sind: Johann Peter W\u00fcrtz, p[ro] t[empore] gemeiner Becker dahier zu Embs, vnd Johann Philips Eichholtz, &lt;ein&gt; Gerichts-Sch\u00f6pff allhier. Die God &lt;ist&gt;: Elisabetha Catharina Schuppin <\/em>\u2014 <strong>zu 5) <\/strong><em>Tauffpathen sind: Johann Nicolaus, Hans Jacob Schuppen, eines gemeines Vorstehers in Embs, Sohn, vnd Henrich Peter Caphne, p[ro] t[empore] gemeiner Becker. Die God ist: Fr[au] Helena Maria, hiesigen Schuldieners H[errn] Joh[ann] Justus Hoffmanns Ehefrau <\/em>\u2014 <strong>zu 6) <\/strong><em>Tauff-Goden &lt;sind&gt;: Anna Catharina Schuppin au\u00df Daussenau, h[uius] t[empore] dienende Magd im nassauischen Baad, vnd Anna Elisabetha, Joh[ann] Carl Caphne, eines hiesigen Einwohners, Eheweib. Der Path ist: Johann Matth\u00e6us, wei&lt;land&gt; Joh[ann] Reinhard Erbachs, eines gewesenen Soldaten auff der Marxburg, hinterlassener Sohn<\/em><\/p>\n<hr \/>\n<p style=\"text-align: justify;\"><span style=\"color: #ff0000;\"><strong><u>Hoffmann<\/u><\/strong><strong>, Johann Justus:<\/strong><\/span> Schulmeister\/Schuldiener in Ems; Sohn des Johann Justus Hoffmann, B\u00fcrger und Zeugmacher in Sachsen-Meiningen; s. a. u. <a href=\"http:\/\/www.ahnenforschung-jackmuth.de\/?page_id=3260\">Adam Ilges<\/a><\/p>\n<p>oo (3. Prokl. 09.07.1699 Ems)<\/p>\n<p>mit <strong><u>Krug<\/u>, Helena Maria:<\/strong> j\u00fcngste Tochter des verst. Johann Adolph Krug, Beisasse zu Nidda<\/p>\n<table width=\"605\">\n<tbody>\n<tr>\n<td width=\"208\">1) Maria Magdalena Friderica<\/td>\n<td width=\"161\">gt. 11.03.1701 Ems<\/td>\n<td width=\"236\"><\/td>\n<\/tr>\n<tr>\n<td width=\"208\">2) Eleonora Margaretha<\/td>\n<td width=\"161\">gt. 15.02.1705 Ems<\/td>\n<td width=\"236\"><\/td>\n<\/tr>\n<\/tbody>\n<\/table>\n<p style=\"text-align: justify;\"><strong>Paten: zu 1) <\/strong><em>Tauff-Goden sind: Jungfer Maria Margretha Lucia, Herrn Friederich Ludwig Krugs, f\u00fcrst[lich] hessen-d[a]r[m]bst\u00e4ttischen wohlverordneten Ambtsverwesers der Graffschafft Nidda, Tochter, vnd Anna Magdalena, Herrn M[eister] Georg Christoph Ru&lt;&#8230;&gt;, wohlverdienten diaconi zu Niddas Jfr. Tochter. Der Path ist: H[err] Johann Friederich Krug, p[ro] t[empore] Scribent an der f\u00fcrst[lichen] Rent-Cammer zu Darmbstatt. Obbenenter Tauff-Zeugen Stelle bey dem Tauffstein, weilen sie allesambt abwesend waren, ist vertretten &lt;&#8230;&gt; von Frauen Anna Hedwig Leporinin, pastoris loci uxore, &lt;und&gt; Johann Gabriel D\u00f6rbecken, zeit[lichen] Schulthei\u00dfen dahier zu Em&lt;bs&gt; <\/em>\u2014 <strong>zu 2) <\/strong><em>Tauff-Goden sind: Jungfer Margretha Ursula, H[errn] Michael Grollmeyers, alten Pfarrers zu Fr\u00fccht, Tochter, vnd Frau Eleonora, des hochf\u00fcrst[lich] hessen-d[a]r[m]bst\u00e4ttischen Cammer-Raths Herrn Georg Friederich Z\u00fchls Eheliebste <\/em>[Anna Eleonore di Marchi (gt. 10.01.1665 Langen, + 10.03.1743 Darmstadt) oo mit Georg Friedrich Z\u00fchl (* 28.10.1658 Lichtenberg, + 14.03.1716 Darmstadt)]<em> \/: dieser Goden, weilen sie abwesend war, Stelle hat Frau Anna Magdalena, H[errn] Joh[ann] Nic[olai] Hermanns, hessischen Vogts auff dem Baad, uxor, vertretten :\/ Der Path ist: H[err] Joh[ann] Samuel Hoffmann, p[ro] t[empore] p\u00e6dagogus in H[errn] Z\u00fchls zu Darmbstatt Behau\u00dfung<\/em><\/p>\n<p style=\"text-align: justify;\">Vorstellung als neuer Schulmeister (KB 1, pag. 792): <em>Anno Christi 1699, den 18tenMaji, war Him[m]elfahrts- vnd Bettag, ist von mir, Joh[annes] Leporino, p[ro] t[empore] pastore ordinario, der von denen 2 Ober-Herrn Geistlichen zu Darmbstatt vnd Nassau anhero geschickte studiosus theol[ogiae] H[err] Johann Justus Hoffmann, vor einen Schuldiener dero gantzen Gemeinde in hiesiger Kirche pr\u00e6sentiret, recom[m]entirt vnd introducirt worden. Gott gebe hierinnen zu allen seinen Segen.<\/em><\/p>\n<hr \/>\n<p style=\"text-align: justify;\"><strong><span style=\"font-size: 10pt;\">Letzte \u00c4nderung: 27. April 2019<\/span><\/strong><br \/>\n<strong><span style=\"font-size: 10pt;\">Ralph Jackmuth<\/span><\/strong><\/p>\n","protected":false},"excerpt":{"rendered":"<p>Hoffmann, Johannes: Gefreiter in der Hohenfeldischen Kompanie in Koblenz oo 17.04.1688 Ems mit Sable, Anna Christina: \u201cB\u00fcrgers- und Schmiedstochter\u201c in Koblenz Hoffmann, Johann Georg oo mit Maria Katharina 1) Johann Henrich * 1694 bg. 18.01.1705 Ems 10 Jahre 3 Monate 1 Tag alt 2) Christina Juliana konf. 08.06.1710 (Pfingsten) 3) Johann Philipp gt. 30.10.1701 Ems &hellip; <a href=\"https:\/\/www.ahnenforschung-jackmuth.de\/?page_id=3252\" class=\"more-link\"><span class=\"screen-reader-text\">\u201eEms &#8211; Hoffmann\u201c<\/span> weiterlesen<\/a><\/p>\n","protected":false},"author":1,"featured_media":0,"parent":0,"menu_order":0,"comment_status":"closed","ping_status":"closed","template":"","meta":{"footnotes":""},"class_list":["post-3252","page","type-page","status-publish","hentry"],"_links":{"self":[{"href":"https:\/\/www.ahnenforschung-jackmuth.de\/index.php?rest_route=\/wp\/v2\/pages\/3252","targetHints":{"allow":["GET"]}}],"collection":[{"href":"https:\/\/www.ahnenforschung-jackmuth.de\/index.php?rest_route=\/wp\/v2\/pages"}],"about":[{"href":"https:\/\/www.ahnenforschung-jackmuth.de\/index.php?rest_route=\/wp\/v2\/types\/page"}],"author":[{"embeddable":true,"href":"https:\/\/www.ahnenforschung-jackmuth.de\/index.php?rest_route=\/wp\/v2\/users\/1"}],"replies":[{"embeddable":true,"href":"https:\/\/www.ahnenforschung-jackmuth.de\/index.php?rest_route=%2Fwp%2Fv2%2Fcomments&post=3252"}],"version-history":[{"count":0,"href":"https:\/\/www.ahnenforschung-jackmuth.de\/index.php?rest_route=\/wp\/v2\/pages\/3252\/revisions"}],"wp:attachment":[{"href":"https:\/\/www.ahnenforschung-jackmuth.de\/index.php?rest_route=%2Fwp%2Fv2%2Fmedia&parent=3252"}],"curies":[{"name":"wp","href":"https:\/\/api.w.org\/{rel}","templated":true}]}}