{"id":3244,"date":"2019-04-27T10:23:37","date_gmt":"2019-04-27T10:23:37","guid":{"rendered":"http:\/\/www.ahnenforschung-jackmuth.de\/?page_id=3244"},"modified":"2019-04-27T10:23:37","modified_gmt":"2019-04-27T10:23:37","slug":"ems-herd","status":"publish","type":"page","link":"https:\/\/www.ahnenforschung-jackmuth.de\/?page_id=3244","title":{"rendered":"Ems &#8211; Herd"},"content":{"rendered":"<p><span style=\"color: #ff0000;\"><strong><u>Herd<\/u><\/strong><strong>, Michael\/Michel:<\/strong><\/span> ein Schuhmacher in Ems<\/p>\n<p>oo mit <strong><u>Bernd<\/u>,<\/strong> <strong>Margaretha Katharina:<\/strong> 1690 Anna Margaretha genannt<\/p>\n<table width=\"595\">\n<tbody>\n<tr>\n<td width=\"132\">1) Anna Sophia<\/td>\n<td width=\"255\">gt. 01.05.1685 Ems<\/td>\n<td width=\"208\">bg. 15.05.1688 Ems<\/td>\n<\/tr>\n<tr>\n<td width=\"132\">2) Anna Elisabeth<\/td>\n<td width=\"255\">gt. 09.10.1687 Ems (Dom. 20 post Trin.)<\/td>\n<td width=\"208\"><\/td>\n<\/tr>\n<tr>\n<td width=\"132\">3) Anna Sophia<\/td>\n<td width=\"255\">gt. 23.11.1690 Ems<\/td>\n<td width=\"208\"><\/td>\n<\/tr>\n<\/tbody>\n<\/table>\n<p style=\"text-align: justify;\"><strong>Paten: zu 1)<\/strong> <em>Gevattern waren: 1) Catharina, Bartholom\u00e6i Kaphne Dochter; 2) N. Ha\u00dfdeteifel au\u00df der Augst; 3) Anna Sophia, Matthes Reuschen Dochter <\/em>\u2014 <strong>zu 2) <\/strong><em>Gevattern waren: 1) Anna Margreth, Peter Bernden nachgelassene Tochter; 2) Johann Georg Bernd, des Kindes Mutter Bruder; 3) Anna Elisabeth, Johann Simon Wilflings Hausfrau <\/em>\u2014 <strong>zu 3) <\/strong><em>Tauff-Goden waren: Sophia Gerdraut, Hans Eberhard Rings, Burger vnd Schuhmachers zu Nassau, Tochter, vnd Anna, Christian Schorrs, B\u00fcrger vnd Beckers allhier, Hau\u00dffrau. Der Path aber: Johann Velten D\u00f6rnheffer alhir<\/em><\/p>\n<hr \/>\n<p style=\"text-align: justify;\"><strong><span style=\"font-size: 10pt;\">Letzte \u00c4nderung: 27. April 2019<\/span><\/strong><br \/>\n<strong><span style=\"font-size: 10pt;\">Ralph Jackmuth<\/span><\/strong><\/p>\n","protected":false},"excerpt":{"rendered":"<p>Herd, Michael\/Michel: ein Schuhmacher in Ems oo mit Bernd, Margaretha Katharina: 1690 Anna Margaretha genannt 1) Anna Sophia gt. 01.05.1685 Ems bg. 15.05.1688 Ems 2) Anna Elisabeth gt. 09.10.1687 Ems (Dom. 20 post Trin.) 3) Anna Sophia gt. 23.11.1690 Ems Paten: zu 1) Gevattern waren: 1) Catharina, Bartholom\u00e6i Kaphne Dochter; 2) N. Ha\u00dfdeteifel au\u00df der &hellip; <a href=\"https:\/\/www.ahnenforschung-jackmuth.de\/?page_id=3244\" class=\"more-link\"><span class=\"screen-reader-text\">\u201eEms &#8211; Herd\u201c<\/span> weiterlesen<\/a><\/p>\n","protected":false},"author":1,"featured_media":0,"parent":0,"menu_order":0,"comment_status":"closed","ping_status":"closed","template":"","meta":{"footnotes":""},"class_list":["post-3244","page","type-page","status-publish","hentry"],"_links":{"self":[{"href":"https:\/\/www.ahnenforschung-jackmuth.de\/index.php?rest_route=\/wp\/v2\/pages\/3244","targetHints":{"allow":["GET"]}}],"collection":[{"href":"https:\/\/www.ahnenforschung-jackmuth.de\/index.php?rest_route=\/wp\/v2\/pages"}],"about":[{"href":"https:\/\/www.ahnenforschung-jackmuth.de\/index.php?rest_route=\/wp\/v2\/types\/page"}],"author":[{"embeddable":true,"href":"https:\/\/www.ahnenforschung-jackmuth.de\/index.php?rest_route=\/wp\/v2\/users\/1"}],"replies":[{"embeddable":true,"href":"https:\/\/www.ahnenforschung-jackmuth.de\/index.php?rest_route=%2Fwp%2Fv2%2Fcomments&post=3244"}],"version-history":[{"count":0,"href":"https:\/\/www.ahnenforschung-jackmuth.de\/index.php?rest_route=\/wp\/v2\/pages\/3244\/revisions"}],"wp:attachment":[{"href":"https:\/\/www.ahnenforschung-jackmuth.de\/index.php?rest_route=%2Fwp%2Fv2%2Fmedia&parent=3244"}],"curies":[{"name":"wp","href":"https:\/\/api.w.org\/{rel}","templated":true}]}}