{"id":3182,"date":"2019-04-27T09:15:13","date_gmt":"2019-04-27T09:15:13","guid":{"rendered":"http:\/\/www.ahnenforschung-jackmuth.de\/?page_id=3182"},"modified":"2019-04-28T11:30:23","modified_gmt":"2019-04-28T11:30:23","slug":"ems-doerbeck","status":"publish","type":"page","link":"https:\/\/www.ahnenforschung-jackmuth.de\/?page_id=3182","title":{"rendered":"Ems &#8211; D\u00f6rbeck"},"content":{"rendered":"<p style=\"text-align: justify;\"><span style=\"color: #ff0000;\"><strong><u>D\u00f6rbeck<\/u><\/strong><strong>, Johann Gabriel:<\/strong><\/span> Barbier, Chirurgus (Wundarzt) und gemeinschaftlicher Schulthei\u00df (scultetus), wohnt 1691 im \u201eAnker\u201c, wo er Gasthalter (1709) ist (s. a. Gensicke, Landesgeschichte des Westerwaldes S. 545); Vorg\u00e4nger war der Wirt <a href=\"http:\/\/www.ahnenforschung-jackmuth.de\/?page_id=3447\">Gregor Sent<\/a><\/p>\n<p style=\"text-align: justify;\">oo mit <strong><u>Sent<\/u>,<\/strong> <strong>(Anna)<\/strong> <strong>Elisabeth: <\/strong>nur 1712 mit Geburtsname (<em>Sentin<\/em>); wahrscheinlich Tochter von <a href=\"http:\/\/www.ahnenforschung-jackmuth.de\/?page_id=3447\">Gregor Sent<\/a><\/p>\n<table width=\"605\">\n<tbody>\n<tr>\n<td width=\"189\">1) Johann Adam<\/td>\n<td width=\"208\">gt. 03.02.1689 Ems<\/td>\n<td width=\"208\">bg. 14.09.1689 Ems<\/td>\n<\/tr>\n<tr>\n<td width=\"189\">2) Elisabeth Margaretha<\/td>\n<td width=\"208\">gt. 08.03.1691 Ems<\/td>\n<td width=\"208\">bg. 27.06.1693 Ems<\/td>\n<\/tr>\n<tr>\n<td width=\"189\">3) Johann Anton<\/td>\n<td width=\"208\">gt. 01.01.1693 Ems<\/td>\n<td width=\"208\">bg. 08.07.1693 Ems<\/td>\n<\/tr>\n<tr>\n<td width=\"189\">4) Maria Charlotta Josepha<\/td>\n<td width=\"208\">gt. 03.06.1694 Ems<br \/>\nkonf. 31.05.1705 (Pfingsten)<\/td>\n<td width=\"208\">oo 12.11.1709 Ems mit Georg Ludwig Metzler<\/td>\n<\/tr>\n<tr>\n<td width=\"189\">5) Friedrich Christoph<\/td>\n<td width=\"208\">gt. 08.08.1697 Ems<\/td>\n<td width=\"208\">bg. 08.08.1704 Ems<\/td>\n<\/tr>\n<tr>\n<td width=\"189\">6) Georg Henrich<\/td>\n<td width=\"208\">gt. 11.07.1700 Ems<\/td>\n<td width=\"208\">bg. 28.07.1704 Ems<\/td>\n<\/tr>\n<tr>\n<td width=\"189\">7) Johann Paulus<\/td>\n<td width=\"208\">gt. 10.12.1702 Ems<\/td>\n<td width=\"208\">bg. 28.03.1704 Ems<\/td>\n<\/tr>\n<tr>\n<td width=\"189\">8) Margaretha Barbara<\/td>\n<td width=\"208\">gt. 08.03.1705 Ems<\/td>\n<td width=\"208\"><\/td>\n<\/tr>\n<tr>\n<td width=\"189\">9) Maria Regina<\/td>\n<td width=\"208\">gt. 10.04.1707 Ems<\/td>\n<td width=\"208\"><\/td>\n<\/tr>\n<tr>\n<td width=\"189\">10) Elisabeth Ferdinanda<\/td>\n<td width=\"208\">gt. 18.08.1709 Ems<\/td>\n<td width=\"208\">bg. 04.03.1787 Ems<\/td>\n<\/tr>\n<tr>\n<td width=\"189\">11) Wilhelm Christoph<\/td>\n<td width=\"208\">* 06.06.1712 Ems (gt. 12.06.)<\/td>\n<td width=\"208\"><\/td>\n<\/tr>\n<\/tbody>\n<\/table>\n<p style=\"text-align: justify;\"><strong>Paten: zu 1)<\/strong> <em>Tauffpathen sind: H[err] Hans Adam Wei\u00df, B\u00fcrger vnd Handelsmann in der Statt C\u00f6ln am Rhein, vnd Herr Johann Ohlimacher, f\u00fcrst[lich] nassau-dietzischer Vogt auff dem Baad allhier. Die God aber ist: Jungfer Louyse Promissa Archenholtzin <\/em>\u2014 <strong>zu 2) <\/strong><em>Tauffzeugen sind: Margretha Catharina, Hans Peter Kaphne, gemeinen Becker- vnd Vorstehers allhier, ehe[liche] Hau\u00dffrau, vnd Anna Elisabetha, Johannis Brinninghusen in C\u00f6lln Eheweib, in dem diese Person aber abwesend, hat davor gestanden Fr[au] Christina Maria Ohlimacherin. Der Path aber ist: Lothari[us] Linckens, Gasthalter zu C\u00f6lln <\/em>\u2014 <strong>zu 3) <\/strong><em>Tauffpathen sind: Herr Johann Anthonius Clotz, i[uris] u[triusque] doctor zu Braubach, vnd H[err] Johannes Leporinus, p[ro] t[empore] Pfarrer hiesiges Orts. Die God ist: Frau Anna Ursula, des f\u00fcrst[lich] hessen-casselischen Majors Wagners Eheliebste <\/em>\u2014 <strong>zu 4) <\/strong><em>Tauffzeugen sind: 1) der hochgebohrne Graff vnd Herr, Herr Johann Ernst, Graff zu Nassau, Saarbr[\u00fccken] vnd Saarwerden, Herr zu Lahr, Wie\u00dfbaden vnd Idstein, Ihro Hochf\u00fcrst[liche] Durch[laucht] von Hessen-Cassel hochverordneter Generalmajor in Diensten der &#8230; Generalstaadten von Holland; 2) die hochgebohrne Gr\u00e4ffin vnd Frau Maria Polexina, Gr\u00e4ffin zu Nassau, Saarbr[\u00fccken] vnd Saarwerden, Frau zu Lahr, Wi\u00dfbaden vnd Idstein, gebohrne Gr\u00e4ffin zu Leiningen vnd Daxburg; 3) die hochgebohrne Gr\u00e4dding vnd Frau, Frau Charlotta Louyse, Frau zu Sayn, Wittgen vnd Hohenstein, Frau zu Valendar, Neumagen, Lohra vnd Clettenburg, gebohrne Gr\u00e4ffin zu Leiningen Daxburg; 4) die hochgebohrne Gr\u00e4ffin vnd Fr\u00e4ulein, Fr\u00e4ulein Maria Chrisiana, Gr\u00e4ffin zu Nassau, Saarbr[\u00fccken] vnd Saarwerden, Gr\u00e4ffin zu Lahr, Wi\u00dfbaden vnd Idstein; 5) die hochgebohrne Gr\u00e4ffin vnd Fr\u00e4ulein, Fr\u00e4ulein Josepha, Gr\u00e4ffin zu Hohen-Lohe-Schillingsf\u00fcrst <\/em>\u2014 <strong>zu 5) <\/strong><em>Tauffpathen sind: Herr Georg Friederich Mil, i[uris] u[triusque] doctor, vnd bey dero kayser[lichen] Cammer zu Wetzflar advocat[us] ordinari[us], vnd Herr Johann Christoph G\u00f6deck, f\u00fcrst[lich] nassau-dietzischer Vogt auf dem Baad. Die God ist: Anna Margretha, H[errn] Adam Ilge\u00dfen, hiesigen Schulmeisters vnd Organisten, Hau\u00dffrau. Weilen aber oberwehnter H[err] D[octor] Mil nicht pr\u00e6sent seyn konte, so hat vor denselben das officium compaternitatis pastor loci Joh[annes] Leporinus auff freund[lich] Ansprechen H[errn] D\u00f6rbecks als hiesigen Chirurgi v[nd] gemeinschafft[lichen] Sculteti bey Administration der h[eiligen] Tauff zugleich mitversehen. <\/em>\u2014 <strong>zu 6) <\/strong><em>Tauffpathen sind: H[err] Johann Georg Kneuper, neuer Statt-Schulthei\u00df in Braubach, vnd Henrich Sent, h[uius] t[empore] p&#8230;repus in Mayntz, vor welchen, weilen er abwesend vnd p\u00e4pstischer Religion, gestanden der hiesige Schuldiener H[err] Johann Justus &lt;&#8230;&gt;mann. Die God ist: Anna Chistina Clotzin, dero Fr[au] Pfarrerin Anna Hedwig Lepori&lt;nin&gt; Jungfer Schwester. <\/em>\u2014 <strong>zu 7) <\/strong><em>Tauffpathen sind: der hochedle, vest vnd hochgelehrte Herr D[octor] Johann Paul Fuch\u00df, ber\u00fchmter ICtus, vnd des hochprei\u00df[lichen] kayser[lichen] Cammergerichts vornehmer Advocatus vnd Procurator zu Wetzflar, vnd Herr Johann Christian Ebenau, wohlbestelter Schulthei\u00df zu Daussenau. Die God ist: Fr[au] Anna Margretha Kremperin, verwittibte Schulthei\u00dfin zu Braubach <\/em>\u2014 <strong>zu 8) <\/strong><em>Tauff-Goden sind: Frau Anna Barbara, weiland Herrn Henrich Hartmann Lutzen, gewesenen Rathsverwandten zu Braubach, nachgelassene Wittib vnd Margretha Catharina, H[errn] Wilhelm &#8230;baums, eines Barbierers zu Coblentz, H[aus]frau. Der Path ist: Hans Jacob Werner, eine Einwohner v[nd] Kr\u00e4mer dahier zu Embs <\/em>\u2014 <strong>zu 9) <\/strong><em>Tauff-Goden sind: Jungfer Anna Maria, H[errn] Johannes Sutorij, hochfreyherr[lich] steinischen Secretarij zu Nassau, Tochter, vnd Frau Regina Catharina, H[errn] Canuti Pahl&#8230;, des jetzigen Best\u00e4nder vnd G\u00e4rtners in der Carls-Burg allhier, Ehefrau. Der Path ist: H[err] Joh[ann] Christoph Hermann, ein Barbierer vnd Chirurgus vffm Baad <\/em>\u2014 <strong>zu 10) <\/strong><em>Tauffzeugen sind: Frau Elisabetha Catharina, Herrn Pfarrers Johann Friederich Wittmars zu Daussenau Eheliebste, vnd der medicin\u00e6 candidat[us] Herr Ferdinand Megerlin, hochf\u00fcrst[lich] hessen-darmbst\u00e4ttischer Hoff- vnd Leib-Apotecker <\/em>\u2014 <strong>zu 11) <\/strong><em>H[err] Fridrich Wilhelm Herman, p[ro] t[empore] h[och]f\u00fcrst[lich] he\u00dfen-darmst\u00e4tt[ischer] Cammer-Referendarius; H[err] Christoph Eimes, f\u00fcrst[licher] Contribut[ions]-Einnehmer zu Braubach; J[ung]f[e]r Anna Elisabeth Lotzin, eines Gerichtssch\u00f6pffen Tochter in Braubach, ber\u00fchrten H[errn] Eimes dermalige Ehefrau<\/em><\/p>\n<hr \/>\n<p style=\"text-align: justify;\"><strong><span style=\"font-size: 10pt;\">Letzte \u00c4nderung: 27. April 2019<\/span><\/strong><br \/>\n<strong><span style=\"font-size: 10pt;\">Ralph Jackmuth<\/span><\/strong><\/p>\n","protected":false},"excerpt":{"rendered":"<p>D\u00f6rbeck, Johann Gabriel: Barbier, Chirurgus (Wundarzt) und gemeinschaftlicher Schulthei\u00df (scultetus), wohnt 1691 im \u201eAnker\u201c, wo er Gasthalter (1709) ist (s. a. Gensicke, Landesgeschichte des Westerwaldes S. 545); Vorg\u00e4nger war der Wirt Gregor Sent oo mit Sent, (Anna) Elisabeth: nur 1712 mit Geburtsname (Sentin); wahrscheinlich Tochter von Gregor Sent 1) Johann Adam gt. 03.02.1689 Ems bg. &hellip; <a href=\"https:\/\/www.ahnenforschung-jackmuth.de\/?page_id=3182\" class=\"more-link\"><span class=\"screen-reader-text\">\u201eEms &#8211; D\u00f6rbeck\u201c<\/span> weiterlesen<\/a><\/p>\n","protected":false},"author":1,"featured_media":0,"parent":0,"menu_order":0,"comment_status":"closed","ping_status":"closed","template":"","meta":{"footnotes":""},"class_list":["post-3182","page","type-page","status-publish","hentry"],"_links":{"self":[{"href":"https:\/\/www.ahnenforschung-jackmuth.de\/index.php?rest_route=\/wp\/v2\/pages\/3182","targetHints":{"allow":["GET"]}}],"collection":[{"href":"https:\/\/www.ahnenforschung-jackmuth.de\/index.php?rest_route=\/wp\/v2\/pages"}],"about":[{"href":"https:\/\/www.ahnenforschung-jackmuth.de\/index.php?rest_route=\/wp\/v2\/types\/page"}],"author":[{"embeddable":true,"href":"https:\/\/www.ahnenforschung-jackmuth.de\/index.php?rest_route=\/wp\/v2\/users\/1"}],"replies":[{"embeddable":true,"href":"https:\/\/www.ahnenforschung-jackmuth.de\/index.php?rest_route=%2Fwp%2Fv2%2Fcomments&post=3182"}],"version-history":[{"count":0,"href":"https:\/\/www.ahnenforschung-jackmuth.de\/index.php?rest_route=\/wp\/v2\/pages\/3182\/revisions"}],"wp:attachment":[{"href":"https:\/\/www.ahnenforschung-jackmuth.de\/index.php?rest_route=%2Fwp%2Fv2%2Fmedia&parent=3182"}],"curies":[{"name":"wp","href":"https:\/\/api.w.org\/{rel}","templated":true}]}}