{"id":3179,"date":"2019-04-27T09:14:58","date_gmt":"2019-04-27T09:14:58","guid":{"rendered":"http:\/\/www.ahnenforschung-jackmuth.de\/?page_id=3179"},"modified":"2019-09-09T18:33:11","modified_gmt":"2019-09-09T18:33:11","slug":"ems-dommermuth","status":"publish","type":"page","link":"https:\/\/www.ahnenforschung-jackmuth.de\/?page_id=3179","title":{"rendered":"Ems &#8211; Dommermuth"},"content":{"rendered":"<p>(<em>Dummermut<\/em>)<\/p>\n<hr \/>\n<p><span style=\"color: #ff0000;\"><strong><u>Dommermuth<\/u><\/strong><strong>, Hans Martin: <\/strong><\/span>bg. 28.02.1702 Ems, 83 Jahre alt, Witwer<\/p>\n<p>oo mit <strong>Margaretha: <\/strong>bg. 10.03.1697 Ems, 70 Jahre alt<\/p>\n<table width=\"614\">\n<tbody>\n<tr>\n<td width=\"142\">1) (Johann) Jost<\/td>\n<td width=\"132\"><\/td>\n<td width=\"340\">oo vor 1683 mit Anna Maria<\/td>\n<\/tr>\n<tr>\n<td width=\"142\">2) Adam<\/td>\n<td width=\"132\"><\/td>\n<td width=\"340\">oo 06.04.1697 Ems mit Anna Katharina Kaffine<\/td>\n<\/tr>\n<tr>\n<td width=\"142\">3) Maria Apollonia<\/td>\n<td width=\"132\"><\/td>\n<td width=\"340\">oo 30.04.1689 Ems mit Martin Stein<\/td>\n<\/tr>\n<\/tbody>\n<\/table>\n<hr \/>\n<p><span style=\"color: #ff0000;\"><strong><u>Dommermuth<\/u><\/strong><strong>, (Johann) Jost:<\/strong><\/span> Sohn des Hans Martin Dommermuth aus Ems<\/p>\n<p>oo mit <strong>Anna Maria<\/strong><\/p>\n<table width=\"614\">\n<tbody>\n<tr>\n<td width=\"180\">1) Maria Katharina<\/td>\n<td width=\"189\">gt. 17.02.1684 Ems<br \/>\nkonf. 31.05.1696 (Pfingsten)<\/td>\n<td width=\"246\">bg. xx.10.1750 Ems<\/td>\n<\/tr>\n<tr>\n<td width=\"180\">2) Elisabeth Magdalena<\/td>\n<td width=\"189\">gt. 16.04.1688 Ems<br \/>\nkonf. 15.05.1701 (Pfingsten)<\/td>\n<td style=\"text-align: justify;\" width=\"246\">oo 13.11.1708 Ems mit Johann Hermann Mertz aus Kemmenau<\/td>\n<\/tr>\n<tr>\n<td width=\"180\">3) Anna Christina<\/td>\n<td width=\"189\">gt. 18.01.1691 Ems<\/td>\n<td width=\"246\">bg. 24.02.1691 Ems<\/td>\n<\/tr>\n<tr>\n<td width=\"180\">4) Anna Sibylla<\/td>\n<td width=\"189\">gt. 22.10.1693 Ems<\/td>\n<td width=\"246\">bg. 12.08.1694 Ems<\/td>\n<\/tr>\n<tr>\n<td width=\"180\">5) Maria Barbara<\/td>\n<td width=\"189\">gt. 30.11.1695 Ems<\/td>\n<td width=\"246\">bg. 03.12.1695 Ems<\/td>\n<\/tr>\n<tr>\n<td width=\"180\">6) Anna Margaretha Kath.<\/td>\n<td width=\"189\">gt. 14.02.1697 Ems<br \/>\nkonf. 08.06.1710 (Pfingsten)<\/td>\n<td width=\"246\"><\/td>\n<\/tr>\n<\/tbody>\n<\/table>\n<p style=\"text-align: justify;\"><strong>Paten: zu 1)<\/strong> <em>Gevattern waren: 1) Maria Apollonia, Han\u00df Merten Dummermuts Dochter, 2) &lt;&#8230;&gt; Schupp; 3) Eva Catharina, Han\u00df Carln Gackbachs Dochter <\/em>\u2014 <strong>zu 2) <\/strong><em>Tauff-Zeugen waren: 1) Elisabetha Catharina, Niclas Schuppen uxor; 2) Magdalena, Matth\u00e6i &lt;&#8230;&gt; Hau\u00dffr[au] zu Miehlen; vnd 3) Johann Ambrosius, geb\u00fcrtig zu Qvormbach im Wittchen Land <\/em>\u2014 <strong>zu 3) <\/strong><em>Tauff-Goden sind: Anna Christina, Gottfried Zapffen auff dem Baad Tochter, vnd Anna Maria Rosenbachin, vidua. Der Path aber ist: Hans Martin Eberhahn, \u00e6dituus <\/em>\u2014 <strong>zu 4) <\/strong><em>Tauff-Goden sind: Anna Elisabetha, Joh[ann] Simon W\u00f6lfflings Hau\u00dffrau, vnd Anna Sibylla, Frantz Clau\u00dfen, M\u00fcllers in der Steinischen M\u00fchl zu Daussenau, Hau\u00dffr[au]. Der Path ist: Johann Adam Dommermuth, ein Schreiner-Gesell allhier <\/em>\u2014 <strong>zu 5) <\/strong><em>Tauff-Goden sind: Anna Barbara Klaiperin von Braubach vnd Anna Maria, Michael Rosenbachs Hau\u00dffr[au]. Der Path ist: &lt;Hans&gt; Jacob Br\u00fcck <\/em>\u2014 <strong>zu 6) <\/strong><em>Erbetene Tauff-Goden sind: Anna Catharina, Hans Jacob Br\u00fccks uxor, vnd Anna Margretha, Henrich Peter Schupps Hau\u00dffrau. Der Path ist: Hans Martin Dommermuth, infantis avus paternus<\/em><\/p>\n<hr \/>\n<p><span style=\"color: #ff0000;\"><strong><u>Dommermuth<\/u><\/strong><strong>, Adam:<\/strong><\/span> ein Schreiner in Ems; Sohn des Hans Martin Dommermuth aus Ems<\/p>\n<p><strong>oo 06.04.1697 Ems<\/strong> (3. Prokl. 14.03.)<\/p>\n<p style=\"text-align: justify;\">mit <strong><u>Kaffine<\/u>, Anna Katharina:<\/strong> Tochter des verst. <a href=\"http:\/\/www.ahnenforschung-jackmuth.de\/?page_id=3286\">Hans Karl Kaffine<\/a>, gewesener B\u00e4cker und gemeiner Vorsteher in Ems<\/p>\n<table width=\"614\">\n<tbody>\n<tr>\n<td style=\"width: 214.267px;\">1) Johann Hermann<\/td>\n<td style=\"width: 224.283px;\">gt. 10.04.1698 Ems<br \/>\nkonf. 08.06.1710 (Pfingsten)<\/td>\n<td style=\"width: 355.45px;\">wohl oo um 1725 mit Anna Maria Heumann<\/td>\n<\/tr>\n<tr>\n<td style=\"width: 214.267px;\">2) Johann Karl<\/td>\n<td style=\"width: 224.283px;\">gt. 28.01.1700 Ems<br \/>\nkonf. 15.05.1712 (Pfingsten)<\/td>\n<td style=\"width: 355.45px;\"><\/td>\n<\/tr>\n<tr>\n<td style=\"width: 214.267px;\">3) Elisabeth Magdalena<\/td>\n<td style=\"width: 224.283px;\">gt. 24.01.1703 Ems<\/td>\n<td style=\"width: 355.45px;\">bg. 29.01.1703 Ems<\/td>\n<\/tr>\n<tr>\n<td style=\"width: 214.267px;\">4) Johann Philipp<\/td>\n<td style=\"width: 224.283px;\">gt. 05.10.1704 Ems<\/td>\n<td style=\"width: 355.45px;\">bg. 16.10.1704 Ems<\/td>\n<\/tr>\n<tr>\n<td style=\"width: 214.267px;\">5) Elisabeth Katharina<\/td>\n<td style=\"width: 224.283px;\">gt. 06.12.1705 Ems<\/td>\n<td style=\"width: 355.45px;\"><\/td>\n<\/tr>\n<\/tbody>\n<\/table>\n<hr \/>\n<p><span style=\"color: #ff0000;\"><strong><u>Dommermuth<\/u><\/strong><strong>, Johann Hermann:<\/strong> <\/span>wohl Sohn von Adam Dommermuth; gt. 10.04.1698 Ems<\/p>\n<p>oo mit <strong><u>Heumann<\/u>, Anna Maria<\/strong><\/p>\n<table width=\"614\">\n<tbody>\n<tr>\n<td width=\"189\">Anna Margaretha<\/td>\n<td width=\"208\">* 14.03.1725 Ems (gt. 18.03.)<\/td>\n<td width=\"217\">bg. 07.07.1763 Ems<\/td>\n<\/tr>\n<\/tbody>\n<\/table>\n<p style=\"text-align: justify;\"><strong>Paten:<\/strong> <em>Anna Rosina, Anthon Rosenbachs filia; Anna Margretha, Carl Lozen Frau; Johann Peter, Johannes Schmitts dahier Sohn<\/em><\/p>\n<hr \/>\n<p style=\"text-align: justify;\"><strong><span style=\"font-size: 10pt;\">Letzte \u00c4nderung: 9. September 2019<\/span><\/strong><br \/>\n<strong><span style=\"font-size: 10pt;\">Ralph Jackmuth<\/span><\/strong><\/p>\n","protected":false},"excerpt":{"rendered":"<p>(Dummermut) Dommermuth, Hans Martin: bg. 28.02.1702 Ems, 83 Jahre alt, Witwer oo mit Margaretha: bg. 10.03.1697 Ems, 70 Jahre alt 1) (Johann) Jost oo vor 1683 mit Anna Maria 2) Adam oo 06.04.1697 Ems mit Anna Katharina Kaffine 3) Maria Apollonia oo 30.04.1689 Ems mit Martin Stein Dommermuth, (Johann) Jost: Sohn des Hans Martin Dommermuth &hellip; <a href=\"https:\/\/www.ahnenforschung-jackmuth.de\/?page_id=3179\" class=\"more-link\"><span class=\"screen-reader-text\">\u201eEms &#8211; Dommermuth\u201c<\/span> weiterlesen<\/a><\/p>\n","protected":false},"author":1,"featured_media":0,"parent":0,"menu_order":0,"comment_status":"closed","ping_status":"closed","template":"","meta":{"footnotes":""},"class_list":["post-3179","page","type-page","status-publish","hentry"],"_links":{"self":[{"href":"https:\/\/www.ahnenforschung-jackmuth.de\/index.php?rest_route=\/wp\/v2\/pages\/3179","targetHints":{"allow":["GET"]}}],"collection":[{"href":"https:\/\/www.ahnenforschung-jackmuth.de\/index.php?rest_route=\/wp\/v2\/pages"}],"about":[{"href":"https:\/\/www.ahnenforschung-jackmuth.de\/index.php?rest_route=\/wp\/v2\/types\/page"}],"author":[{"embeddable":true,"href":"https:\/\/www.ahnenforschung-jackmuth.de\/index.php?rest_route=\/wp\/v2\/users\/1"}],"replies":[{"embeddable":true,"href":"https:\/\/www.ahnenforschung-jackmuth.de\/index.php?rest_route=%2Fwp%2Fv2%2Fcomments&post=3179"}],"version-history":[{"count":0,"href":"https:\/\/www.ahnenforschung-jackmuth.de\/index.php?rest_route=\/wp\/v2\/pages\/3179\/revisions"}],"wp:attachment":[{"href":"https:\/\/www.ahnenforschung-jackmuth.de\/index.php?rest_route=%2Fwp%2Fv2%2Fmedia&parent=3179"}],"curies":[{"name":"wp","href":"https:\/\/api.w.org\/{rel}","templated":true}]}}