{"id":3166,"date":"2019-04-27T09:17:41","date_gmt":"2019-04-27T09:17:41","guid":{"rendered":"http:\/\/www.ahnenforschung-jackmuth.de\/?page_id=3166"},"modified":"2019-04-28T11:26:07","modified_gmt":"2019-04-28T11:26:07","slug":"ems-buting","status":"publish","type":"page","link":"https:\/\/www.ahnenforschung-jackmuth.de\/?page_id=3166","title":{"rendered":"Ems &#8211; Buting"},"content":{"rendered":"<p style=\"text-align: justify;\"><span style=\"color: #ff0000;\"><strong><u>Buting<\/u><\/strong><strong>, Matthias:<\/strong><\/span> ein Wei\u00dfbinder in Ems und Musketier der kaiserl. Kompanie unter Hauptmann <em>Gro\u00dfhan\u00dfen<\/em> zu Philippsburg; Sohn des Hans Georg Buting aus Neuhaus (Jind\u0159ich\u016fv Hradec, Tschechien)<\/p>\n<p><strong>oo 28.09.1700 Ems<\/strong> (3. Prokl. 26.09.)<\/p>\n<p>mit <strong><u>Jean<\/u>, Ann Christina:<\/strong> Tochter des verst. <a href=\"http:\/\/www.ahnenforschung-jackmuth.de\/?page_id=3269\">Johann Ulrich Jean<\/a>, gewesener Zimmermann in Ems<\/p>\n<table width=\"586\">\n<tbody>\n<tr>\n<td width=\"145\">1) Johann Nikolaus<\/td>\n<td width=\"148\">gt. 20.08.1702 Ems<\/td>\n<td width=\"293\"><\/td>\n<\/tr>\n<tr>\n<td width=\"145\">2) Johann Philipp<\/td>\n<td width=\"148\">gt. 27.04.1704 Ems<\/td>\n<td width=\"293\">bg. 20.03.1705 Ems<\/td>\n<\/tr>\n<tr>\n<td width=\"145\">3) Johann Henrich<\/td>\n<td width=\"148\">gt. 02.05.1706 Ems<\/td>\n<td width=\"293\">bg. 01.09.1709 Ems<\/td>\n<\/tr>\n<tr>\n<td width=\"145\">4) Anna Christina<\/td>\n<td width=\"148\">gt. 04.11.1708 Ems<\/td>\n<td width=\"293\">bg. 09.12.1709 Ems<\/td>\n<\/tr>\n<tr>\n<td width=\"145\">5) Beata Jakobina<\/td>\n<td width=\"148\">gt. 30.11.1710 Ems<\/td>\n<td width=\"293\"><\/td>\n<\/tr>\n<\/tbody>\n<\/table>\n<p style=\"text-align: justify;\"><strong>Paten: zu 1)<\/strong> <em>Tauffpathen sind: Johann Jacob, H[errn] Kanut Pale, des G\u00e4rtner vnd Best\u00e4nders der Carls-Burg dahier an der Lohn, Sohn, vnd Henrich Peter, des ehrsamen Johann Philips Eichholtzen allhier Sohn. Die God ist: Maria Charlotta Josepha, Herrn Johann Gabriel D\u00f6rbecks, gemeinschafft[lichen] Schulthei\u00dfen vnd Chirurgi dahier zu Embs, Tochter<\/em><\/p>\n<hr \/>\n<p style=\"text-align: justify;\"><strong><span style=\"font-size: 10pt;\">Letzte \u00c4nderung: 27. April 2019<\/span><\/strong><br \/>\n<strong><span style=\"font-size: 10pt;\">Ralph Jackmuth<\/span><\/strong><\/p>\n","protected":false},"excerpt":{"rendered":"<p>Buting, Matthias: ein Wei\u00dfbinder in Ems und Musketier der kaiserl. Kompanie unter Hauptmann Gro\u00dfhan\u00dfen zu Philippsburg; Sohn des Hans Georg Buting aus Neuhaus (Jind\u0159ich\u016fv Hradec, Tschechien) oo 28.09.1700 Ems (3. Prokl. 26.09.) mit Jean, Ann Christina: Tochter des verst. Johann Ulrich Jean, gewesener Zimmermann in Ems 1) Johann Nikolaus gt. 20.08.1702 Ems 2) Johann Philipp &hellip; <a href=\"https:\/\/www.ahnenforschung-jackmuth.de\/?page_id=3166\" class=\"more-link\"><span class=\"screen-reader-text\">\u201eEms &#8211; Buting\u201c<\/span> weiterlesen<\/a><\/p>\n","protected":false},"author":1,"featured_media":0,"parent":0,"menu_order":0,"comment_status":"closed","ping_status":"closed","template":"","meta":{"footnotes":""},"class_list":["post-3166","page","type-page","status-publish","hentry"],"_links":{"self":[{"href":"https:\/\/www.ahnenforschung-jackmuth.de\/index.php?rest_route=\/wp\/v2\/pages\/3166","targetHints":{"allow":["GET"]}}],"collection":[{"href":"https:\/\/www.ahnenforschung-jackmuth.de\/index.php?rest_route=\/wp\/v2\/pages"}],"about":[{"href":"https:\/\/www.ahnenforschung-jackmuth.de\/index.php?rest_route=\/wp\/v2\/types\/page"}],"author":[{"embeddable":true,"href":"https:\/\/www.ahnenforschung-jackmuth.de\/index.php?rest_route=\/wp\/v2\/users\/1"}],"replies":[{"embeddable":true,"href":"https:\/\/www.ahnenforschung-jackmuth.de\/index.php?rest_route=%2Fwp%2Fv2%2Fcomments&post=3166"}],"version-history":[{"count":0,"href":"https:\/\/www.ahnenforschung-jackmuth.de\/index.php?rest_route=\/wp\/v2\/pages\/3166\/revisions"}],"wp:attachment":[{"href":"https:\/\/www.ahnenforschung-jackmuth.de\/index.php?rest_route=%2Fwp%2Fv2%2Fmedia&parent=3166"}],"curies":[{"name":"wp","href":"https:\/\/api.w.org\/{rel}","templated":true}]}}