{"id":3160,"date":"2019-04-27T09:18:33","date_gmt":"2019-04-27T09:18:33","guid":{"rendered":"http:\/\/www.ahnenforschung-jackmuth.de\/?page_id=3160"},"modified":"2019-04-27T09:18:33","modified_gmt":"2019-04-27T09:18:33","slug":"ems-braun","status":"publish","type":"page","link":"https:\/\/www.ahnenforschung-jackmuth.de\/?page_id=3160","title":{"rendered":"Ems &#8211; Braun"},"content":{"rendered":"<p><span style=\"color: #ff0000;\"><strong><u>Braun<\/u><\/strong><strong>, Paulus:<\/strong><\/span> zur Zeit gemeiner B\u00e4cker in Ems<\/p>\n<p>oo mit <strong>Anna Katharina<\/strong><\/p>\n<table width=\"605\">\n<tbody>\n<tr>\n<td width=\"170\">1) Helena Margaretha<\/td>\n<td width=\"142\">gt. 14.05.1699 Ems<\/td>\n<td width=\"293\"><\/td>\n<\/tr>\n<tr>\n<td width=\"170\">2) Johann Georg<\/td>\n<td width=\"142\">gt. 30.10.1701 Ems<\/td>\n<td width=\"293\"><\/td>\n<\/tr>\n<\/tbody>\n<\/table>\n<p style=\"text-align: justify;\"><strong>Paten: zu 1) <\/strong><em>Tauff-Goden sind: Maria Catharina, Georg Hoffmanns Hau\u00dffrau, vnd Helena Margretha, weiland Meister Jacob Dantzen, gewesenen M\u00e4urers im Thal, hinterlassene Tochter- Der Path ist: Frantz Daubach, p[ro] t[empore] Cavall: Koch am churtrierischen Hoff im Thal <\/em>\u2014 <strong>zu 2) <\/strong><em>Tauffpathen sind: Johannes, pastoris Joh[annis] Leporini filius, vnd Meister Georg Ludwig Werner, ein gemeiner Vorsteher vnd Becker allhier. Die God ist: Maria Charlotta Josepha, H[errn] Joh[ann] Gabriel D\u00f6rbecks, hiesigen gemeinschafft[lichen] Schulthei\u00dfen vnd Chirurgi T\u00f6chterlein<\/em><\/p>\n<hr \/>\n<p style=\"text-align: justify;\"><strong><span style=\"font-size: 10pt;\">Letzte \u00c4nderung: 27. April 2019<\/span><\/strong><br \/>\n<strong><span style=\"font-size: 10pt;\">Ralph Jackmuth<\/span><\/strong><\/p>\n","protected":false},"excerpt":{"rendered":"<p>Braun, Paulus: zur Zeit gemeiner B\u00e4cker in Ems oo mit Anna Katharina 1) Helena Margaretha gt. 14.05.1699 Ems 2) Johann Georg gt. 30.10.1701 Ems Paten: zu 1) Tauff-Goden sind: Maria Catharina, Georg Hoffmanns Hau\u00dffrau, vnd Helena Margretha, weiland Meister Jacob Dantzen, gewesenen M\u00e4urers im Thal, hinterlassene Tochter- Der Path ist: Frantz Daubach, p[ro] t[empore] Cavall: &hellip; <a href=\"https:\/\/www.ahnenforschung-jackmuth.de\/?page_id=3160\" class=\"more-link\"><span class=\"screen-reader-text\">\u201eEms &#8211; Braun\u201c<\/span> weiterlesen<\/a><\/p>\n","protected":false},"author":1,"featured_media":0,"parent":0,"menu_order":0,"comment_status":"closed","ping_status":"closed","template":"","meta":{"footnotes":""},"class_list":["post-3160","page","type-page","status-publish","hentry"],"_links":{"self":[{"href":"https:\/\/www.ahnenforschung-jackmuth.de\/index.php?rest_route=\/wp\/v2\/pages\/3160","targetHints":{"allow":["GET"]}}],"collection":[{"href":"https:\/\/www.ahnenforschung-jackmuth.de\/index.php?rest_route=\/wp\/v2\/pages"}],"about":[{"href":"https:\/\/www.ahnenforschung-jackmuth.de\/index.php?rest_route=\/wp\/v2\/types\/page"}],"author":[{"embeddable":true,"href":"https:\/\/www.ahnenforschung-jackmuth.de\/index.php?rest_route=\/wp\/v2\/users\/1"}],"replies":[{"embeddable":true,"href":"https:\/\/www.ahnenforschung-jackmuth.de\/index.php?rest_route=%2Fwp%2Fv2%2Fcomments&post=3160"}],"version-history":[{"count":0,"href":"https:\/\/www.ahnenforschung-jackmuth.de\/index.php?rest_route=\/wp\/v2\/pages\/3160\/revisions"}],"wp:attachment":[{"href":"https:\/\/www.ahnenforschung-jackmuth.de\/index.php?rest_route=%2Fwp%2Fv2%2Fmedia&parent=3160"}],"curies":[{"name":"wp","href":"https:\/\/api.w.org\/{rel}","templated":true}]}}