{"id":3102,"date":"2018-08-22T17:05:12","date_gmt":"2018-08-22T17:05:12","guid":{"rendered":"http:\/\/www.ahnenforschung-jackmuth.de\/?page_id=3102"},"modified":"2018-08-22T17:09:07","modified_gmt":"2018-08-22T17:09:07","slug":"pfarrei-schweighausen-vorbemerkung","status":"publish","type":"page","link":"https:\/\/www.ahnenforschung-jackmuth.de\/?page_id=3102","title":{"rendered":"Vorbemerkung"},"content":{"rendered":"<p style=\"text-align: justify;\">Sp\u00e4testens seit den Ortsfamilienb\u00fcchern von Friedrich Felgenheier zum Kirchspiel Nievern und zu Oberlahnstein mit dem Spie\u00df (heute Bad Ems) und den dazugeh\u00f6rigen H\u00f6fen, war eine Untersuchung zu den Einwohnern und Familien des unmittelbar angrenzenden reichsritterschaftlichen Territoriums vom Stein, als zu den D\u00f6rfern Fr\u00fccht, Schweighausen und Becheln, mittlerweile \u00fcberf\u00e4llig geworden. Durch das Projekt Archion der ev. Kirche, das in mittelfristiger Zeit alle etwa 200 000 Kirchenb\u00fccher Deutschlands und seiner ehemaligen Gebiete online bringen will, war es durch die bereits erfolgte Einstellung der Kirchenb\u00fccher der Pfarrei Schweighausen mit Becheln m\u00f6glich geworden, hier eine Basis f\u00fcr weitere Forschung zu schaffen. Aufgrund der geringen Einwohnerzahl, wobei Becheln mit durschnittlich 8 und Schweighausen mit 5 Taufen pro Jahr zu bewerten ist, habe ich mich entschieden, die Jahre ab Aufzeichnungsbeginn 1667 bis 1730 auszuwerten. Die Qualit\u00e4t der Aufzeichnungen ist, wie bei ev. Kirchenb\u00fcchern ausgesprochen gut, Taufpaten und Konfirmanden sind meist eindeutig identifizierbar, alle Gestorbenen (auch Kleinkinder) werden vollst\u00e4ndig erfasst, sodass sich die Familien fast l\u00fcckenlos rekonstruieren lassen.<\/p>\n<p>Fulda, im Juli\/August 2018<\/p>\n<p>&nbsp;<\/p>\n","protected":false},"excerpt":{"rendered":"<p>Sp\u00e4testens seit den Ortsfamilienb\u00fcchern von Friedrich Felgenheier zum Kirchspiel Nievern und zu Oberlahnstein mit dem Spie\u00df (heute Bad Ems) und den dazugeh\u00f6rigen H\u00f6fen, war eine Untersuchung zu den Einwohnern und Familien des unmittelbar angrenzenden reichsritterschaftlichen Territoriums vom Stein, als zu den D\u00f6rfern Fr\u00fccht, Schweighausen und Becheln, mittlerweile \u00fcberf\u00e4llig geworden. Durch das Projekt Archion der ev. &hellip; <a href=\"https:\/\/www.ahnenforschung-jackmuth.de\/?page_id=3102\" class=\"more-link\"><span class=\"screen-reader-text\">\u201eVorbemerkung\u201c<\/span> weiterlesen<\/a><\/p>\n","protected":false},"author":1,"featured_media":0,"parent":0,"menu_order":0,"comment_status":"closed","ping_status":"closed","template":"","meta":{"footnotes":""},"class_list":["post-3102","page","type-page","status-publish","hentry"],"_links":{"self":[{"href":"https:\/\/www.ahnenforschung-jackmuth.de\/index.php?rest_route=\/wp\/v2\/pages\/3102","targetHints":{"allow":["GET"]}}],"collection":[{"href":"https:\/\/www.ahnenforschung-jackmuth.de\/index.php?rest_route=\/wp\/v2\/pages"}],"about":[{"href":"https:\/\/www.ahnenforschung-jackmuth.de\/index.php?rest_route=\/wp\/v2\/types\/page"}],"author":[{"embeddable":true,"href":"https:\/\/www.ahnenforschung-jackmuth.de\/index.php?rest_route=\/wp\/v2\/users\/1"}],"replies":[{"embeddable":true,"href":"https:\/\/www.ahnenforschung-jackmuth.de\/index.php?rest_route=%2Fwp%2Fv2%2Fcomments&post=3102"}],"version-history":[{"count":0,"href":"https:\/\/www.ahnenforschung-jackmuth.de\/index.php?rest_route=\/wp\/v2\/pages\/3102\/revisions"}],"wp:attachment":[{"href":"https:\/\/www.ahnenforschung-jackmuth.de\/index.php?rest_route=%2Fwp%2Fv2%2Fmedia&parent=3102"}],"curies":[{"name":"wp","href":"https:\/\/api.w.org\/{rel}","templated":true}]}}