{"id":251,"date":"2016-10-04T00:31:14","date_gmt":"2016-10-04T00:31:14","guid":{"rendered":"http:\/\/www.ahnenforschung-jackmuth.de\/?page_id=251"},"modified":"2021-03-05T15:13:02","modified_gmt":"2021-03-05T15:13:02","slug":"familie-nr-11","status":"publish","type":"page","link":"https:\/\/www.ahnenforschung-jackmuth.de\/?page_id=251","title":{"rendered":"Familie Nr. 11a\/b"},"content":{"rendered":"<p>OFB Nievern Nr. 943, 946<\/p>\n<table border=\"0\" width=\"100%\" cellspacing=\"0\" cellpadding=\"4\">\n<tbody>\n<tr valign=\"TOP\">\n<td width=\"50%\"><strong>Anton Jackmuth<br \/>\n<\/strong>Holzhauer, Platzknecht, Platzmeister, H\u00fcttenarbeiter, Schmelzer, Tagel\u00f6hner<br \/>\n<strong>*<\/strong> <strong>31.12.1794 Miellen<\/strong> (get. 01.01.1795)<br \/>\n<strong>+ 15.02.1847 Miellen<\/strong> (begr. 17.02.)<\/p>\n<p style=\"text-align: justify;\"><strong>Eltern:<\/strong> <a href=\"http:\/\/www.ahnenforschung-jackmuth.de\/?page_id=187\">s. Fam. Nr. 5<\/a><\/p>\n<p style=\"text-align: justify;\"><strong>Bem.: <\/strong>inventarisiert 1828 sein Verm\u00f6gen (Hess. HStA Wiesbaden, Abt. 220, Nr. 1511); teilt 1845 sein Verm\u00f6gen (Hess. HStA Wiesbaden, Abt. 220, Nr. 1520); Verzeichnis seiner Grundst\u00fccke im Kataster Miellen (LHA Koblenz); ist bei der Trauung und bei Taufe von Kind Nr. 1) und 5) Platzknecht, bei Nr. 7) und 8) H\u00fcttenarbeiter, im Todeseintrag H\u00fcttenmann.<\/p>\n<\/td>\n<td width=\"50%\"><strong>Maria <em>Jakob\/Jacob<br \/>\n<\/em>* 15.12.1798 Nievern<\/strong> (get. 16.12.)<br \/>\n<strong>+ 16.10.1828 Miellen<\/strong> (begr. ?)<\/p>\n<p style=\"text-align: justify;\"><strong>Eltern:<\/strong> Johann <em>Jacob<\/em> (* 02.05.1748, Sohn von Leonhard <em>Jacob<\/em> von Fachbach und Maria <em>Capell<\/em>) oo II. 06.02.1788 Nievern mit (Anna) Maria R\u00fcbenach von Miellen (oo I. 30.01.1781 Nievern mit Anna Sophia Jackmuth, s. Fam. Nr. 2); s. OFB Nievern Nr. 969 (bzw. Nr. 968). Die Eltern werden im Sterbeeintrag der Maria Jakob 1828 als Ackersleute von Nievern genannt. Im Traueintrag der Maria Jakob 1820 begegnet Johann <em>Jacob\/Jakob <\/em>als H\u00fcttenarbeiter und wird zusammen mit seiner Frau als bereits verst. genannt.<\/p>\n<p style=\"text-align: justify;\"><strong>Bem.: <\/strong>bei den Taufen ihrer Kinder hei\u00dft sie Maria Anna, getauft wird sie 1798 jedoch auf Maria; ist Witwe des Schmieds Michael <em>Zahm<\/em> von Metternich.<\/p>\n<\/td>\n<\/tr>\n<\/tbody>\n<\/table>\n<p><strong>oo I. 13.02.1820 Nievern <\/strong>(Trauzeugen: Johann Schmalz von Nievern und Peter Adelfang von Miellen)<strong><br \/>\n<\/strong><\/p>\n<table border=\"0\" width=\"100%\" cellspacing=\"0\" cellpadding=\"4\">\n<tbody>\n<tr valign=\"TOP\">\n<td width=\"7%\">1)<\/td>\n<td width=\"20%\">N. N.\u00a0&#x2642;<\/td>\n<td width=\"30%\">* 22.03.1821 Miellen<\/td>\n<td width=\"43%\">+ 22.03.1821 Miellen<\/td>\n<\/tr>\n<tr valign=\"TOP\">\n<td width=\"7%\">2)<\/td>\n<td width=\"20%\">Josef<\/td>\n<td width=\"30%\">* 27.01.1823 Miellen<\/td>\n<td width=\"43%\">+ 01.02.1823 Miellen<\/td>\n<\/tr>\n<tr valign=\"TOP\">\n<td width=\"7%\">3)<\/td>\n<td width=\"20%\">N. N. &#x2642;<\/td>\n<td width=\"30%\">* 08.10.1824 Miellen<\/td>\n<td width=\"43%\">+ 08.10.1824 Miellen<\/td>\n<\/tr>\n<tr valign=\"TOP\">\n<td width=\"7%\">4)<\/td>\n<td width=\"20%\">Josef<\/td>\n<td width=\"30%\">* 28.11.1825 Miellen<\/td>\n<td style=\"text-align: justify;\" width=\"43%\">+ 30.05.1899 Niederlahnstein, 73 Jahre alt<br \/>\n(OFB Niederlahnstein, S. 747)<\/td>\n<\/tr>\n<tr valign=\"TOP\">\n<td width=\"7%\">5)<\/td>\n<td width=\"20%\">Maria Anna<\/td>\n<td width=\"30%\">* 01.10.1828 Miellen<\/td>\n<td width=\"43%\">+ 08.10.1830 Miellen<\/td>\n<\/tr>\n<\/tbody>\n<\/table>\n<p><strong>Paten<\/strong><\/p>\n<p>zu 1) keine<br \/>\nzu 2) keine Angabe<br \/>\nzu 3) keine<br \/>\nzu 4) Josef R\u00fcbenach und Maria Anna Klein von Miellen<br \/>\nzu 5) Maria Anna Heck vom <em>Molberskopf<\/em> und Johann Schmidt von Nievern<\/p>\n<hr \/>\n<table border=\"0\" width=\"100%\" cellspacing=\"0\" cellpadding=\"4\">\n<tbody>\n<tr valign=\"TOP\">\n<td width=\"50%\"><strong>Anton Jackmuth<br \/>\n<\/strong>Holzhauer, Platzknecht, Platzmeister, H\u00fcttenarbeiter, Schmelzer, Tagel\u00f6hner<br \/>\n<strong>*<\/strong> <strong>31.12.1794 Miellen<\/strong> (get. 01.01.1795)<br \/>\n<strong>+ 15.02.1847 Miellen<\/strong> (begr. 17.02.)<\/p>\n<p style=\"text-align: justify;\"><strong>Eltern:<\/strong> s. Fam. Nr. 5<\/p>\n<p style=\"text-align: justify;\"><strong>Bem.: <\/strong>inventarisiert 1828 sein Verm\u00f6gen (Hess. HStA Wiesbaden, Abt. 220, Nr. 1511); teilt 1845 sein Verm\u00f6gen (Hess. HStA Wiesbaden, Abt. 220, Nr. 1520); Verzeichnis seiner Grundst\u00fccke im Kataster Miellen (LHA Koblenz); ist bei der Trauung und bei Taufe von Kind Nr. 1) und 5) Platzknecht, bei Nr. 7) und 8) H\u00fcttenarbeiter, im Todeseintrag H\u00fcttenmann.<\/p>\n<p style=\"text-align: justify;\"><strong><img loading=\"lazy\" decoding=\"async\" src=\"http:\/\/www.ahnenforschung-jackmuth.de\/jackmuth\/Gen01\/Unterschrift_Anton.jpg\" width=\"261\" height=\"77\" border=\"0\" \/><\/strong><\/p>\n<\/td>\n<td width=\"50%\"><strong>Apollonia Link<br \/>\n* 03.07.1806 Bassenheim<\/strong> (get. 04.07.)<br \/>\n<strong>+ 05.09.1871 Miellen<\/strong> (begr. ?)<\/p>\n<p style=\"text-align: justify;\"><strong>Eltern:<\/strong> Franz Georg Link (* 03.02.1779 Ehrenburger Tal (Brodenbach), + 23.04.1844 Miellen) und Anna K\u00fcnster (* 11.11.1768 <em>Weyerhof<\/em> (Pfarrei Bassenheim), + vor 1833 Bassenheim)<\/p>\n<p style=\"text-align: justify;\"><strong>Bem.:<\/strong> Apollonia Link ist bei der Trauung Dienstmagd in Koblenz. Ihr Bruder Josef Link (* 09.10.1808 Bassenheim, + 13.03.1891 Miellen) gr\u00fcndet 1837 in Miellen eine Familie. Schon 1798 siedelt sich ihr Onkel Paul Link im M\u00fchlengrund bei Miellen an. Die M\u00fcllerfamilien Link sind im Bopparder B\u00fcrgerbuch, Band 3 (M. Frauenberger, 2003) eingehend beschrieben. Die Siedlungsorte lassen sich vom Ehrenburger Tal auf die Heyweiler M\u00fchle (Pfarrei Beulich) bis nach Bickenbach zur\u00fcckverfolgen. Die Mutter der Ehefrau, Anna K\u00fcnster, ist Tochter des Johannes K\u00fcnster (Sohn von Peter K\u00fcnster und Gertrud <em>G\u00f6ddertz<\/em>; * 10.12.1736 Bassenheim, + 17.10.1788 <em>Weyerho<\/em><em>f<\/em> (Pfarrei Bassenheim) oo 08.06.1766 Koblenz mit Anna Maria Weckbecker (Tochter von Joseph Weckbecker und Eva S\u00fcsterhenn; * 12.01.1742 Sevenich (Pfarrei M\u00fcnstermaifeld), + 14.11.1781 <em>Weyerhof<\/em> (Pfarrei Bassenheim).<\/p>\n<p style=\"text-align: justify;\"><img loading=\"lazy\" decoding=\"async\" src=\"http:\/\/www.ahnenforschung-jackmuth.de\/jackmuth\/Gen01\/Unterschrift_ApolloniaLink.jpg\" width=\"246\" height=\"76\" border=\"0\" \/><\/p>\n<\/td>\n<\/tr>\n<\/tbody>\n<\/table>\n<p><strong>oo II. 05.03.1829 Koblenz, St. Kastor <\/strong>(Trauzeugen: Lorenz Kalter und Jakob Jackmuth von Miellen)<strong><br \/>\n<\/strong><\/p>\n<table border=\"0\" width=\"100%\" cellspacing=\"0\" cellpadding=\"4\">\n<tbody>\n<tr valign=\"TOP\">\n<td width=\"7%\">1)<\/td>\n<td width=\"20%\">Peter Josef<\/td>\n<td width=\"30%\">* 15.10.1830 Miellen<\/td>\n<td width=\"43%\">+ 08.05.1862 Miellen<br \/>\noo 1862 (<a href=\"http:\/\/www.ahnenforschung-jackmuth.de\/?page_id=368\">Nr. 17<\/a>) keine Kinder<\/td>\n<\/tr>\n<tr valign=\"TOP\">\n<td width=\"7%\">2)<\/td>\n<td width=\"20%\">Anna<\/td>\n<td width=\"30%\">* 15.07.1833 Miellen<\/td>\n<td style=\"text-align: justify;\" width=\"43%\">+ 25.08.1872 Miellen<br \/>\noo 31.01.1858 mit <a href=\"http:\/\/www.ahnenforschung-jackmuth.de\/?page_id=598\">Joh. Born<\/a> von Eitelborn (s. OFB Nievern Nr. 255)<\/td>\n<\/tr>\n<tr valign=\"TOP\">\n<td width=\"7%\">3)<\/td>\n<td width=\"20%\">Christina<\/td>\n<td width=\"30%\">* 12.10.1835 Miellen<\/td>\n<td width=\"43%\">+ 10.10.1845 Miellen<\/td>\n<\/tr>\n<tr valign=\"TOP\">\n<td width=\"7%\">4)<\/td>\n<td width=\"20%\">Lorenz<\/td>\n<td width=\"30%\">* 29.07.1838 Miellen<\/td>\n<td width=\"43%\">+ 08.05.1839 Miellen<\/td>\n<\/tr>\n<tr valign=\"TOP\">\n<td width=\"7%\">5)<\/td>\n<td width=\"20%\">Johann Joseph<\/td>\n<td width=\"30%\">* 30.04.1840 Miellen<\/td>\n<td width=\"43%\">+ 18.03.1909 Miellen; oo 1868 (<a href=\"http:\/\/www.ahnenforschung-jackmuth.de\/?page_id=405\">Nr. 20<\/a>)<\/td>\n<\/tr>\n<tr valign=\"TOP\">\n<td width=\"7%\">6)<\/td>\n<td width=\"20%\">Katharina<\/td>\n<td width=\"30%\">* 22.04.1842 Miellen<\/td>\n<td width=\"43%\">\n<p style=\"text-align: justify;\">Hat illeg. Kind Peter (* 14.10.1863 Miellen, + 22.11.1863 Miellen), s. OFB Nievern Nr. 955, wird im Taufeintrag \u201ein Dienst bisher zu Koblenz\u201c genannt.<br \/>\noo 08.01.1872 Essen mit <a href=\"http:\/\/www.ahnenforschung-jackmuth.de\/?page_id=627\">August Plagge<\/a>, Bahnw\u00e4rter in Essen (s. OFB Nievern Nr. 1390)<\/p>\n<\/td>\n<\/tr>\n<tr valign=\"TOP\">\n<td width=\"7%\">7)<\/td>\n<td width=\"20%\">Maria Katharina<\/td>\n<td width=\"30%\">* 08.02.1845 Miellen<\/td>\n<td width=\"43%\">+ 19.02.1845 Miellen<\/td>\n<\/tr>\n<tr valign=\"TOP\">\n<td width=\"7%\">8)<\/td>\n<td width=\"20%\">Sophia<\/td>\n<td width=\"30%\">* 23.03.1846 Miellen<\/td>\n<td width=\"43%\">\n<p style=\"text-align: justify;\">+ 09.08.1881 Miellen<br \/>\noo 06.02.1872 mit <a href=\"http:\/\/www.ahnenforschung-jackmuth.de\/?page_id=607\">Peter <em>Sieberling\/ Silberling<\/em><\/a> von Lorch (s. OFB Nievern Nr. 1654)<\/p>\n<\/td>\n<\/tr>\n<\/tbody>\n<\/table>\n<p><strong>Paten<\/strong><\/p>\n<p>zu 1) Peter Adelfang und Anna Bierenfeld von Miellen<br \/>\nzu 2) Anna Jackmuth von Arzheim und Joseph Linkvon Miellen<br \/>\nzu 3) Christina Wilhelm von Nievern u. Johann Bierenfeld von Miellen<br \/>\nzu 4) Lorenz <em>Schlachten<\/em> von Miellen und Katharina Thorisch von Nievern<br \/>\nzu 5) Johann Joseph Adelfang und Apollonia Zimmermann von Miellen<br \/>\nzu 6) Katharina Bernd von Nievern und Peter Adelfang von Miellen<br \/>\nzu 7) Philipp Silberling von Miellen und Maria Katharina <em>Hundorf<\/em> <em>v.<\/em> <em>loci <\/em>[?]<br \/>\nzu 8) Sophia Zimmermann und Christian Jackmuth, beide ledig von Miellen<\/p>\n<hr style=\"text-align: justify;\" \/>\n<p><span style=\"font-size: small;\"><b>Letztes Update: 5. M\u00e4rz 2021<\/b><\/span><br \/>\n<span style=\"font-size: small;\"><b>Ralph Jackmuth<\/b><\/span><\/p>\n","protected":false},"excerpt":{"rendered":"<p>OFB Nievern Nr. 943, 946 Anton Jackmuth Holzhauer, Platzknecht, Platzmeister, H\u00fcttenarbeiter, Schmelzer, Tagel\u00f6hner * 31.12.1794 Miellen (get. 01.01.1795) + 15.02.1847 Miellen (begr. 17.02.) Eltern: s. Fam. Nr. 5 Bem.: inventarisiert 1828 sein Verm\u00f6gen (Hess. HStA Wiesbaden, Abt. 220, Nr. 1511); teilt 1845 sein Verm\u00f6gen (Hess. HStA Wiesbaden, Abt. 220, Nr. 1520); Verzeichnis seiner Grundst\u00fccke im &hellip; <a href=\"https:\/\/www.ahnenforschung-jackmuth.de\/?page_id=251\" class=\"more-link\"><span class=\"screen-reader-text\">\u201eFamilie Nr. 11a\/b\u201c<\/span> weiterlesen<\/a><\/p>\n","protected":false},"author":1,"featured_media":0,"parent":0,"menu_order":0,"comment_status":"closed","ping_status":"closed","template":"","meta":{"footnotes":""},"class_list":["post-251","page","type-page","status-publish","hentry"],"_links":{"self":[{"href":"https:\/\/www.ahnenforschung-jackmuth.de\/index.php?rest_route=\/wp\/v2\/pages\/251","targetHints":{"allow":["GET"]}}],"collection":[{"href":"https:\/\/www.ahnenforschung-jackmuth.de\/index.php?rest_route=\/wp\/v2\/pages"}],"about":[{"href":"https:\/\/www.ahnenforschung-jackmuth.de\/index.php?rest_route=\/wp\/v2\/types\/page"}],"author":[{"embeddable":true,"href":"https:\/\/www.ahnenforschung-jackmuth.de\/index.php?rest_route=\/wp\/v2\/users\/1"}],"replies":[{"embeddable":true,"href":"https:\/\/www.ahnenforschung-jackmuth.de\/index.php?rest_route=%2Fwp%2Fv2%2Fcomments&post=251"}],"version-history":[{"count":0,"href":"https:\/\/www.ahnenforschung-jackmuth.de\/index.php?rest_route=\/wp\/v2\/pages\/251\/revisions"}],"wp:attachment":[{"href":"https:\/\/www.ahnenforschung-jackmuth.de\/index.php?rest_route=%2Fwp%2Fv2%2Fmedia&parent=251"}],"curies":[{"name":"wp","href":"https:\/\/api.w.org\/{rel}","templated":true}]}}