{"id":1701,"date":"2016-10-30T16:43:26","date_gmt":"2016-10-30T16:43:26","guid":{"rendered":"http:\/\/www.ahnenforschung-jackmuth.de\/?page_id=1701"},"modified":"2016-10-30T16:45:47","modified_gmt":"2016-10-30T16:45:47","slug":"reichenau-verteilung-tote","status":"publish","type":"page","link":"https:\/\/www.ahnenforschung-jackmuth.de\/?page_id=1701","title":{"rendered":"Reichenau &#8211; Verteilung Tote"},"content":{"rendered":"<p align=\"JUSTIFY\">Registriert wurden 2639 Todesf\u00e4lle, davon waren 1392 (52,75 %) unter 12 Jahre und 467 (17,7 %) \u00fcber 70 Jahre alt.<\/p>\n<p align=\"JUSTIFY\"><b>Verteilung nach Orten<\/b><\/p>\n<table border=\"1\" width=\"399\" cellspacing=\"0\" cellpadding=\"4\">\n<colgroup>\n<col width=\"188\" \/>\n<col width=\"92\" \/>\n<col width=\"93\" \/> <\/colgroup>\n<tbody>\n<tr valign=\"TOP\">\n<td width=\"188\"><b>Sterbeort<\/b><\/td>\n<td style=\"text-align: center;\" width=\"92\"><b>absolute<\/b><br \/>\n<b>H\u00e4ufigkeit<\/b><\/td>\n<td style=\"text-align: center;\" width=\"93\"><b>relative<\/b><br \/>\n<b>H\u00e4ufigkeit<\/b><\/td>\n<\/tr>\n<tr valign=\"TOP\">\n<td width=\"188\">Reichenau-Mittelzell<\/td>\n<td style=\"text-align: center;\" width=\"92\">1735<\/td>\n<td style=\"text-align: center;\" width=\"93\">0,6574<\/td>\n<\/tr>\n<tr valign=\"TOP\">\n<td width=\"188\">Reichenau-Oberzell<\/td>\n<td style=\"text-align: center;\" width=\"92\">559<\/td>\n<td style=\"text-align: center;\" width=\"93\">0,2118<\/td>\n<\/tr>\n<tr valign=\"TOP\">\n<td width=\"188\">Reichenau-Niederzell<\/td>\n<td style=\"text-align: center;\" width=\"92\">264<\/td>\n<td style=\"text-align: center;\" width=\"93\">0,1000<\/td>\n<\/tr>\n<tr valign=\"TOP\">\n<td width=\"188\">im Bodensee Ertrunkene*<\/td>\n<td style=\"text-align: center;\" width=\"92\">46<\/td>\n<td style=\"text-align: center;\" width=\"93\">0,0174<\/td>\n<\/tr>\n<tr valign=\"TOP\">\n<td width=\"188\">Ausw\u00e4rtig Gestorbene**<\/td>\n<td style=\"text-align: center;\" width=\"92\">35<\/td>\n<td style=\"text-align: center;\" width=\"93\">0,0132<\/td>\n<\/tr>\n<tr valign=\"TOP\">\n<td width=\"188\">Summe<\/td>\n<td style=\"text-align: center;\" width=\"92\">2639<\/td>\n<td style=\"text-align: center;\" width=\"93\">1,0000<\/td>\n<\/tr>\n<\/tbody>\n<\/table>\n<p align=\"JUSTIFY\">*) teilweise nicht identifizierte angeschwemmte Leichen<br \/>\n**) aber auf Reichenau Geborene<\/p>\n<hr \/>\n<p align=\"JUSTIFY\"><b>Verteilung nach Monaten<\/b><\/p>\n<p align=\"JUSTIFY\">Die 2558 auf der Insel Gestorbenen verteilen sich wie folgt<\/p>\n<table border=\"1\" width=\"326\" cellspacing=\"0\" cellpadding=\"4\">\n<colgroup>\n<col width=\"140\" \/>\n<col width=\"81\" \/>\n<col width=\"79\" \/> <\/colgroup>\n<tbody>\n<tr valign=\"TOP\">\n<td width=\"140\"><b>Monat<\/b><\/td>\n<td style=\"text-align: center;\" width=\"81\"><b>absolute<\/b><br \/>\n<b>H\u00e4ufigkeit<\/b><\/td>\n<td style=\"text-align: center;\" width=\"79\"><b>relative<\/b><br \/>\n<b>H\u00e4ufigkeit<\/b><\/td>\n<\/tr>\n<tr valign=\"TOP\">\n<td width=\"140\">Januar<\/td>\n<td style=\"text-align: center;\" width=\"81\">246<\/td>\n<td style=\"text-align: center;\" width=\"79\">0,0961<\/td>\n<\/tr>\n<tr valign=\"TOP\">\n<td width=\"140\">Februar<\/td>\n<td style=\"text-align: center;\" width=\"81\">236<\/td>\n<td style=\"text-align: center;\" width=\"79\">0,0922<\/td>\n<\/tr>\n<tr valign=\"TOP\">\n<td width=\"140\">M\u00e4rz<\/td>\n<td style=\"text-align: center;\" width=\"81\">296<\/td>\n<td style=\"text-align: center;\" width=\"79\">0,1157<\/td>\n<\/tr>\n<tr valign=\"TOP\">\n<td width=\"140\">April<\/td>\n<td style=\"text-align: center;\" width=\"81\">222<\/td>\n<td style=\"text-align: center;\" width=\"79\">0,0867<\/td>\n<\/tr>\n<tr valign=\"TOP\">\n<td width=\"140\">Mai<\/td>\n<td style=\"text-align: center;\" width=\"81\">177<\/td>\n<td style=\"text-align: center;\" width=\"79\">0,0691<\/td>\n<\/tr>\n<tr valign=\"TOP\">\n<td width=\"140\">Juni<\/td>\n<td style=\"text-align: center;\" width=\"81\">175<\/td>\n<td style=\"text-align: center;\" width=\"79\">0,0684<\/td>\n<\/tr>\n<tr valign=\"TOP\">\n<td width=\"140\">Juli<\/td>\n<td style=\"text-align: center;\" width=\"81\">168<\/td>\n<td style=\"text-align: center;\" width=\"79\">0,0656<\/td>\n<\/tr>\n<tr valign=\"TOP\">\n<td width=\"140\">August<\/td>\n<td style=\"text-align: center;\" width=\"81\">209<\/td>\n<td style=\"text-align: center;\" width=\"79\">0,0817<\/td>\n<\/tr>\n<tr valign=\"TOP\">\n<td width=\"140\">September<\/td>\n<td style=\"text-align: center;\" width=\"81\">208<\/td>\n<td style=\"text-align: center;\" width=\"79\">0,0813<\/td>\n<\/tr>\n<tr valign=\"TOP\">\n<td width=\"140\">Oktober<\/td>\n<td style=\"text-align: center;\" width=\"81\">204<\/td>\n<td style=\"text-align: center;\" width=\"79\">0,0797<\/td>\n<\/tr>\n<tr valign=\"TOP\">\n<td width=\"140\">November<\/td>\n<td style=\"text-align: center;\" width=\"81\">217<\/td>\n<td style=\"text-align: center;\" width=\"79\">0,0848<\/td>\n<\/tr>\n<tr valign=\"TOP\">\n<td width=\"140\">Dezember<\/td>\n<td style=\"text-align: center;\" width=\"81\">200<\/td>\n<td style=\"text-align: center;\" width=\"79\">0,0781<\/td>\n<\/tr>\n<tr valign=\"TOP\">\n<td width=\"140\">Summe<\/td>\n<td style=\"text-align: center;\" width=\"81\">2558<\/td>\n<td style=\"text-align: center;\" width=\"79\">1,0000<\/td>\n<\/tr>\n<\/tbody>\n<\/table>\n<hr \/>\n<p><img loading=\"lazy\" decoding=\"async\" class=\"alignnone wp-image-1694 size-full\" src=\"http:\/\/www.ahnenforschung-jackmuth.de\/wp-content\/uploads\/2016\/10\/stat_totemonate.jpg\" alt=\"stat_totemonate\" width=\"869\" height=\"549\" srcset=\"https:\/\/www.ahnenforschung-jackmuth.de\/wp-content\/uploads\/2016\/10\/stat_totemonate.jpg 869w, https:\/\/www.ahnenforschung-jackmuth.de\/wp-content\/uploads\/2016\/10\/stat_totemonate-300x190.jpg 300w, https:\/\/www.ahnenforschung-jackmuth.de\/wp-content\/uploads\/2016\/10\/stat_totemonate-768x485.jpg 768w\" sizes=\"auto, (max-width: 709px) 85vw, (max-width: 909px) 67vw, (max-width: 1362px) 62vw, 840px\" \/><\/p>\n<hr \/>\n<p><span style=\"font-size: small;\"><strong>letztes Update: Oktober 2016<\/strong><br \/>\n<span style=\"font-size: small;\"><strong>Ralph Jackmuth<\/strong><\/span><\/span><\/p>\n","protected":false},"excerpt":{"rendered":"<p>Registriert wurden 2639 Todesf\u00e4lle, davon waren 1392 (52,75 %) unter 12 Jahre und 467 (17,7 %) \u00fcber 70 Jahre alt. Verteilung nach Orten Sterbeort absolute H\u00e4ufigkeit relative H\u00e4ufigkeit Reichenau-Mittelzell 1735 0,6574 Reichenau-Oberzell 559 0,2118 Reichenau-Niederzell 264 0,1000 im Bodensee Ertrunkene* 46 0,0174 Ausw\u00e4rtig Gestorbene** 35 0,0132 Summe 2639 1,0000 *) teilweise nicht identifizierte angeschwemmte Leichen &hellip; <a href=\"https:\/\/www.ahnenforschung-jackmuth.de\/?page_id=1701\" class=\"more-link\"><span class=\"screen-reader-text\">\u201eReichenau &#8211; Verteilung Tote\u201c<\/span> weiterlesen<\/a><\/p>\n","protected":false},"author":1,"featured_media":0,"parent":0,"menu_order":0,"comment_status":"closed","ping_status":"closed","template":"","meta":{"footnotes":""},"class_list":["post-1701","page","type-page","status-publish","hentry"],"_links":{"self":[{"href":"https:\/\/www.ahnenforschung-jackmuth.de\/index.php?rest_route=\/wp\/v2\/pages\/1701","targetHints":{"allow":["GET"]}}],"collection":[{"href":"https:\/\/www.ahnenforschung-jackmuth.de\/index.php?rest_route=\/wp\/v2\/pages"}],"about":[{"href":"https:\/\/www.ahnenforschung-jackmuth.de\/index.php?rest_route=\/wp\/v2\/types\/page"}],"author":[{"embeddable":true,"href":"https:\/\/www.ahnenforschung-jackmuth.de\/index.php?rest_route=\/wp\/v2\/users\/1"}],"replies":[{"embeddable":true,"href":"https:\/\/www.ahnenforschung-jackmuth.de\/index.php?rest_route=%2Fwp%2Fv2%2Fcomments&post=1701"}],"version-history":[{"count":0,"href":"https:\/\/www.ahnenforschung-jackmuth.de\/index.php?rest_route=\/wp\/v2\/pages\/1701\/revisions"}],"wp:attachment":[{"href":"https:\/\/www.ahnenforschung-jackmuth.de\/index.php?rest_route=%2Fwp%2Fv2%2Fmedia&parent=1701"}],"curies":[{"name":"wp","href":"https:\/\/api.w.org\/{rel}","templated":true}]}}