{"id":1695,"date":"2016-10-30T16:30:03","date_gmt":"2016-10-30T16:30:03","guid":{"rendered":"http:\/\/www.ahnenforschung-jackmuth.de\/?page_id=1695"},"modified":"2016-10-30T16:37:54","modified_gmt":"2016-10-30T16:37:54","slug":"reichenau-verteilung-geburten","status":"publish","type":"page","link":"https:\/\/www.ahnenforschung-jackmuth.de\/?page_id=1695","title":{"rendered":"Reichenau &#8211; Verteilung Geburten"},"content":{"rendered":"<p align=\"JUSTIFY\">Registriert wurden 3111 Geburten, davon waren 348 (11,19 %) zun\u00e4chst unehelich, von denen einige sp\u00e4ter legitimiert wurden.<\/p>\n<p align=\"JUSTIFY\"><b>Verteilung nach Orten<\/b><\/p>\n<table border=\"1\" width=\"333\" cellspacing=\"0\" cellpadding=\"4\">\n<colgroup>\n<col width=\"147\" \/>\n<col width=\"76\" \/>\n<col width=\"84\" \/> <\/colgroup>\n<tbody>\n<tr valign=\"TOP\">\n<td width=\"147\"><b>Geburtsort<\/b><\/td>\n<td style=\"text-align: center;\" width=\"76\"><b>absolute<br \/>\nH\u00e4ufigkeit<\/b><\/td>\n<td style=\"text-align: center;\" width=\"84\"><b>relative<br \/>\nH\u00e4ufigkeit<\/b><\/td>\n<\/tr>\n<tr valign=\"TOP\">\n<td width=\"147\">Reichenau-Mittelzell<\/td>\n<td style=\"text-align: center;\" width=\"76\">2081<\/td>\n<td style=\"text-align: center;\" width=\"84\">0,6689<\/td>\n<\/tr>\n<tr valign=\"TOP\">\n<td width=\"147\">Reichenau-Oberzell<\/td>\n<td style=\"text-align: center;\" width=\"76\">651<\/td>\n<td style=\"text-align: center;\" width=\"84\">0,2092<\/td>\n<\/tr>\n<tr valign=\"TOP\">\n<td width=\"147\">Reichenau-Niederzell<\/td>\n<td style=\"text-align: center;\" width=\"76\">342<\/td>\n<td style=\"text-align: center;\" width=\"84\">0,1099<\/td>\n<\/tr>\n<tr valign=\"TOP\">\n<td width=\"147\">Ausw\u00e4rtig Geborene*<\/td>\n<td style=\"text-align: center;\" width=\"76\">37<\/td>\n<td style=\"text-align: center;\" width=\"84\">0,0118<\/td>\n<\/tr>\n<tr valign=\"TOP\">\n<td width=\"147\">Summe<\/td>\n<td style=\"text-align: center;\" width=\"76\">3111<\/td>\n<td style=\"text-align: center;\" width=\"84\">1,0000<\/td>\n<\/tr>\n<\/tbody>\n<\/table>\n<p>*) mindestens ein Elternteil stammt von der Insel<\/p>\n<hr \/>\n<p><b>Verteilung nach Monaten<\/b><\/p>\n<p>Die 3074 auf der Insel Geborenen verteilen sich wie folgt:<\/p>\n<table border=\"1\" width=\"334\" cellspacing=\"0\" cellpadding=\"4\">\n<colgroup>\n<col width=\"147\" \/>\n<col width=\"75\" \/>\n<col width=\"86\" \/> <\/colgroup>\n<tbody>\n<tr valign=\"TOP\">\n<td width=\"147\"><b>Monat<\/b><\/td>\n<td style=\"text-align: center;\" width=\"75\"><b>absolute<\/b><br \/>\n<b>H\u00e4ufigkeit<\/b><\/td>\n<td style=\"text-align: center;\" width=\"86\"><b>relative<\/b><br \/>\n<b>H\u00e4ufigkeit<\/b><\/td>\n<\/tr>\n<tr valign=\"TOP\">\n<td width=\"147\">Januar<\/td>\n<td style=\"text-align: center;\" width=\"75\">258<\/td>\n<td style=\"text-align: center;\" width=\"86\">0,0839<\/td>\n<\/tr>\n<tr valign=\"TOP\">\n<td width=\"147\">Februar<\/td>\n<td style=\"text-align: center;\" width=\"75\">288<\/td>\n<td style=\"text-align: center;\" width=\"86\">0,0936<\/td>\n<\/tr>\n<tr valign=\"TOP\">\n<td width=\"147\">M\u00e4rz<\/td>\n<td style=\"text-align: center;\" width=\"75\">305<\/td>\n<td style=\"text-align: center;\" width=\"86\">0,0992<\/td>\n<\/tr>\n<tr valign=\"TOP\">\n<td width=\"147\">April<\/td>\n<td style=\"text-align: center;\" width=\"75\">229<\/td>\n<td style=\"text-align: center;\" width=\"86\">0,0744<\/td>\n<\/tr>\n<tr valign=\"TOP\">\n<td width=\"147\">Mai<\/td>\n<td style=\"text-align: center;\" width=\"75\">264<\/td>\n<td style=\"text-align: center;\" width=\"86\">0,0858<\/td>\n<\/tr>\n<tr valign=\"TOP\">\n<td width=\"147\">Juni<\/td>\n<td style=\"text-align: center;\" width=\"75\">233<\/td>\n<td style=\"text-align: center;\" width=\"86\">0,0757<\/td>\n<\/tr>\n<tr valign=\"TOP\">\n<td width=\"147\">Juli<\/td>\n<td style=\"text-align: center;\" width=\"75\">231<\/td>\n<td style=\"text-align: center;\" width=\"86\">0,0751<\/td>\n<\/tr>\n<tr valign=\"TOP\">\n<td width=\"147\">August<\/td>\n<td style=\"text-align: center;\" width=\"75\">237<\/td>\n<td style=\"text-align: center;\" width=\"86\">0,0770<\/td>\n<\/tr>\n<tr valign=\"TOP\">\n<td width=\"147\">September<\/td>\n<td style=\"text-align: center;\" width=\"75\">245<\/td>\n<td style=\"text-align: center;\" width=\"86\">0,0797<\/td>\n<\/tr>\n<tr valign=\"TOP\">\n<td width=\"147\">Oktober<\/td>\n<td style=\"text-align: center;\" width=\"75\">239<\/td>\n<td style=\"text-align: center;\" width=\"86\">0,0777<\/td>\n<\/tr>\n<tr valign=\"TOP\">\n<td width=\"147\">November<\/td>\n<td style=\"text-align: center;\" width=\"75\">273<\/td>\n<td style=\"text-align: center;\" width=\"86\">0,0888<\/td>\n<\/tr>\n<tr valign=\"TOP\">\n<td width=\"147\">Dezember<\/td>\n<td style=\"text-align: center;\" width=\"75\">272<\/td>\n<td style=\"text-align: center;\" width=\"86\">0,0888<\/td>\n<\/tr>\n<tr valign=\"TOP\">\n<td width=\"147\">Summe<\/td>\n<td style=\"text-align: center;\" width=\"75\">3074<\/td>\n<td style=\"text-align: center;\" width=\"86\">1,0000<\/td>\n<\/tr>\n<\/tbody>\n<\/table>\n<hr \/>\n<p><img loading=\"lazy\" decoding=\"async\" class=\"alignnone wp-image-1692 size-full\" src=\"http:\/\/www.ahnenforschung-jackmuth.de\/wp-content\/uploads\/2016\/10\/stat_geburtenmonate.jpg\" alt=\"stat_geburtenmonate\" width=\"865\" height=\"509\" srcset=\"https:\/\/www.ahnenforschung-jackmuth.de\/wp-content\/uploads\/2016\/10\/stat_geburtenmonate.jpg 865w, https:\/\/www.ahnenforschung-jackmuth.de\/wp-content\/uploads\/2016\/10\/stat_geburtenmonate-300x177.jpg 300w, https:\/\/www.ahnenforschung-jackmuth.de\/wp-content\/uploads\/2016\/10\/stat_geburtenmonate-768x452.jpg 768w\" sizes=\"auto, (max-width: 709px) 85vw, (max-width: 909px) 67vw, (max-width: 1362px) 62vw, 840px\" \/><\/p>\n<hr \/>\n<p><span style=\"font-size: small;\"><strong>letztes Update: Oktober 2016<\/strong><br \/>\n<span style=\"font-size: small;\"><strong>Ralph Jackmuth<\/strong><\/span><\/span><\/p>\n","protected":false},"excerpt":{"rendered":"<p>Registriert wurden 3111 Geburten, davon waren 348 (11,19 %) zun\u00e4chst unehelich, von denen einige sp\u00e4ter legitimiert wurden. Verteilung nach Orten Geburtsort absolute H\u00e4ufigkeit relative H\u00e4ufigkeit Reichenau-Mittelzell 2081 0,6689 Reichenau-Oberzell 651 0,2092 Reichenau-Niederzell 342 0,1099 Ausw\u00e4rtig Geborene* 37 0,0118 Summe 3111 1,0000 *) mindestens ein Elternteil stammt von der Insel Verteilung nach Monaten Die 3074 auf &hellip; <a href=\"https:\/\/www.ahnenforschung-jackmuth.de\/?page_id=1695\" class=\"more-link\"><span class=\"screen-reader-text\">\u201eReichenau &#8211; Verteilung Geburten\u201c<\/span> weiterlesen<\/a><\/p>\n","protected":false},"author":1,"featured_media":0,"parent":0,"menu_order":0,"comment_status":"closed","ping_status":"closed","template":"","meta":{"footnotes":""},"class_list":["post-1695","page","type-page","status-publish","hentry"],"_links":{"self":[{"href":"https:\/\/www.ahnenforschung-jackmuth.de\/index.php?rest_route=\/wp\/v2\/pages\/1695","targetHints":{"allow":["GET"]}}],"collection":[{"href":"https:\/\/www.ahnenforschung-jackmuth.de\/index.php?rest_route=\/wp\/v2\/pages"}],"about":[{"href":"https:\/\/www.ahnenforschung-jackmuth.de\/index.php?rest_route=\/wp\/v2\/types\/page"}],"author":[{"embeddable":true,"href":"https:\/\/www.ahnenforschung-jackmuth.de\/index.php?rest_route=\/wp\/v2\/users\/1"}],"replies":[{"embeddable":true,"href":"https:\/\/www.ahnenforschung-jackmuth.de\/index.php?rest_route=%2Fwp%2Fv2%2Fcomments&post=1695"}],"version-history":[{"count":0,"href":"https:\/\/www.ahnenforschung-jackmuth.de\/index.php?rest_route=\/wp\/v2\/pages\/1695\/revisions"}],"wp:attachment":[{"href":"https:\/\/www.ahnenforschung-jackmuth.de\/index.php?rest_route=%2Fwp%2Fv2%2Fmedia&parent=1695"}],"curies":[{"name":"wp","href":"https:\/\/api.w.org\/{rel}","templated":true}]}}