{"id":1647,"date":"2016-10-29T17:57:57","date_gmt":"2016-10-29T17:57:57","guid":{"rendered":"http:\/\/www.ahnenforschung-jackmuth.de\/?page_id=1647"},"modified":"2016-10-29T18:45:40","modified_gmt":"2016-10-29T18:45:40","slug":"osterspai-einleitung","status":"publish","type":"page","link":"https:\/\/www.ahnenforschung-jackmuth.de\/?page_id=1647","title":{"rendered":"Osterspai &#8211; Einleitung"},"content":{"rendered":"<p><strong>1 Publikationen zu Osterspai<br \/>\n<\/strong><\/p>\n<ul>\n<li><strong>Edmeier, Frank:<\/strong> zur Familie Helbach (hier zum Download)<br \/>\nNachfahrenliste zur Familie Helbach<br \/>\nNachfahrenliste zur Familie Helbach, Namensverzeichnis: <a href=\"http:\/\/www.ahnenforschung-jackmuth.de\/wp-content\/uploads\/2016\/10\/NachfahrenlisteHelbachNamensverzeichnis.pdf\">nachfahrenlistehelbachnamensverzeichnis<\/a><br \/>\nNachfahrenliste zur Familie Helbach, Ortsverzeichnis: <a href=\"http:\/\/www.ahnenforschung-jackmuth.de\/wp-content\/uploads\/2016\/10\/NachfahrenlisteHelbachOrtsverzeichnis.pdf\">nachfahrenlistehelbachortsverzeichnis<\/a><br \/>\nAllg. Hinweise zur Nachfahrenliste<\/li>\n<\/ul>\n<ul>\n<li><strong>Frauenberger, Michael:<\/strong> <a href=\"http:\/\/wiki-de.genealogy.net\/Osterspai,_OFB\"> Familienbuch der katholischen Pfarrei Osterspai<\/a> 1553-1800 (Manuskript). Boppard 1986.<\/li>\n<\/ul>\n<hr \/>\n<p><strong>2 Bearbeitungsgrunds\u00e4tze<\/strong><\/p>\n<p>Ziel war es, alle Informationen der einzelnen Eintr\u00e4ge miteinander zu verkn\u00fcpfen und darzustellen. Das beinhaltet neben der reinen Familienrekonstruktion u. a.<\/p>\n<ul>\n<li>Nennung s\u00e4mtlicher Namensbelege (Schreibweisen) der Eltern in den einzelnen Eintr\u00e4gen<\/li>\n<li>Angabe von Herkunftsort und \u2013familie der Eltern<\/li>\n<li>Angabe der Taufpaten im Originaltext (Nominativ)<\/li>\n<li>Identifizierung der Taufpaten mit Zuordnung bei der betreffenden Person unter \u201ePatenschaften\u201c<\/li>\n<\/ul>\n<p style=\"text-align: justify;\">Die Familien erscheinen standardm\u00e4ssig in alphabetischer Reihenfolge und innerhalb der Familie wieder chronologisch. Eine Durchnummerierung der Familien und Personen habe ich nicht vorgenommen, um evtl. Nachtr\u00e4ge einschieben zu k\u00f6nnen.<\/p>\n<hr \/>\n<p><strong>3 Transkriptionskriterien<\/strong><\/p>\n<p style=\"text-align: justify;\">Im Vergleich zu deutschen Texten ist die Transkription von lat. Text i. d. R. unproblematischer, da die Schreibweise der W\u00f6rter meistens eindeutig ist. Gro\u00dfschreibung erfolgt nur bei Personen- und Ortsnamen, bei Titeln (z B. <em>Dominus<\/em>), Eigennamen (z. B. <em>Ecclesia<\/em>) oder am Satzanfang.<\/p>\n<p>Zur Wiedergabe des Originaltextes<\/p>\n<ul>\n<li style=\"text-align: justify;\">Der \u00fcbertragene Text erscheint kursiv. Das erleichtert das Zitieren von Textstellen, die ebenfalls kursiv gesetzt sind<\/li>\n<li style=\"text-align: justify;\">Abk\u00fcrzungen werden standardm\u00e4ssig durch eckige Klammern aufgel\u00f6st<\/li>\n<li style=\"text-align: justify;\">Akzentzeichen, die zur Kennzeichnung des Ablativs oder von Adverbien seinerzeit verwendet wurden, wurden weggelassen<\/li>\n<li style=\"text-align: justify;\">Ligaturen wie z. B. \u201e\u00e6\u201c werden als \u201eae\u201c wiedergegeben<\/li>\n<li style=\"text-align: justify;\">nach heutigem Verst\u00e4ndnis fehlende Interpunktionszeichen sind zur besseren Textgliederung an den entsprechenden Stellen gesetzt worden<\/li>\n<li style=\"text-align: justify;\">L\u00fccken im Text, die durch Textverlust (z. B. Papierbruch) entstanden sind oder vom Schreiber absichtlich gelassen wurden, werden durch \u201e[ ]\u201c wiedergegeben<\/li>\n<li style=\"text-align: justify;\">schwer lesbare oder unlesbare Textstellen sind durch \u201e&#8230;\u201c gekennzeichnet<\/li>\n<li style=\"text-align: justify;\">rekonstruierter Text steht in spitzen Klammern<\/li>\n<li style=\"text-align: justify;\">eigene Anmerkungen im Orginaltext stehen in eckigen Klammern, allerdings nicht kursiv<\/li>\n<\/ul>\n<hr \/>\n<p><strong>4 Verwendete Abk\u00fcrzungen<\/strong><\/p>\n<ul>\n<li>KB \u2013 Kirchenbuch<\/li>\n<li>OFB \u2013 Ortsfamilienbuch<\/li>\n<li>FN \u2013 Familienname<\/li>\n<li>TfE \u2013 Taufeintrag<\/li>\n<li>TrE \u2013 Traueintrag<\/li>\n<li>TE \u2013 Todeseintrag<\/li>\n<\/ul>\n<hr \/>\n<p><strong>5 Andere zitierte Familienb\u00fccher<\/strong><\/p>\n<p><strong>BB I \u2013 Frauenberger, Michael: <a href=\"https:\/\/www.boppard.de\/index.php?id=217&amp;tt_products%5BbackPID%5D=214&amp;tt_products%5Bproduct%5D=6&amp;cHash=5ce500ae7605c19f0c0207f7da1a6b85\">Bopparder B\u00fcrgerbuch, Band I<br \/>\n<\/a><\/strong>Die alte Stadt Boppard 1569 \u2013 1800 (mit Filsen bis 1736)<br \/>\nhrsg. vom Geschichtsverein f\u00fcr Mittelrhein und Vorderhunsr\u00fcck e. V. 1999<\/p>\n<p><strong>BB II \u2013 Frauenberger, Michael und Minning, Bernd: Bopparder B\u00fcrgerbuch, Band II<a href=\"http:\/\/www.boppard.de\/2001\/html\/bucherdias.htm\"><br \/>\n<\/a><\/strong>Teil1: Die Ortsbezirke Bad Salzig und Weiler (1583-1875)<br \/>\nTeil2: Die Ortsbezirke Hirzenach, Holzfeld und Rheinbay (1652-1875)<br \/>\nhrsg. vom Geschichtsverein f\u00fcr Mittelrhein und Vorderhunsr\u00fcck e. V. 2001<\/p>\n<p><strong>BB III \u2013 Frauenberger, Michael und Stoffel, Werner: Bopparder B\u00fcrgerbuch, Band III<a href=\"http:\/\/www.boppard.de\/2001\/html\/bucherdias.htm\"><br \/>\n<\/a><\/strong>Ortsbezirke Buchholz, Herschwiesen, Oppenhausen und Udenhausen<br \/>\nhrsg. vom Geschichtsverein f\u00fcr Mittelrhein und Vorderhunsr\u00fcck e. V. 2003<\/p>\n<p><strong>Frauenberger, Michael:<\/strong> <a href=\"http:\/\/wiki-de.genealogy.net\/Kamp,_OFB\"> Familienbuch der katholischen Pfarrei Kamp<\/a> 1648-1796 (Manuskript). Boppard 1986.<\/p>\n<p><strong>Frauenberger, Michael:<\/strong> <a href=\"http:\/\/wiki-de.genealogy.net\/Kestert,_OFB\"> Familienbuch der katholischen Pfarrei Kestert<\/a> 1663-1800 (Manuskript). Boppard 1986.<\/p>\n<p><strong>Geiermann, Hans J\u00fcrgen:<\/strong> <a href=\"http:\/\/wiki-de.genealogy.net\/Filsen,_OFB\">Familienbuch Filsen<\/a>, Rhein 1736-1818. K\u00f6ln 1985<\/p>\n<p><strong>Karbach, Franz Josef<\/strong>:<a href=\"http:\/\/wiki-de.genealogy.net\/Rhens,_OFB\"> Familienbuch von Rhens<\/a> 1578-1598. Spay 1985 (Manuskript)<\/p>\n<p><strong>Karbach, Franz Josef<\/strong>: Familienbuch der katholischen Pfarrei Spay 1692-1827 (Manuskript)<\/p>\n<hr \/>\n<p><strong>6 Erhaltungszustand KB 1 (Ost K 1)<\/strong><\/p>\n<p style=\"text-align: justify;\">Das KB weist am oberen Blattrand starke Besch\u00e4digung durch Papierbruch auf (Feuchtigkeitseinwirkung). Dies f\u00fchrt im Taufbuch f\u00fcr die Jahre bis ca. 1680 zu Textverlust. Viele Eintr\u00e4ge konnten jedoch, wenn der Familienname oder der Vorname des Vaters noch lesbar war, einer Familie zugeordnet werden. War nur noch der Name der Mutter lesbar, war die Zuordunung schwierig, wenn nicht gar unm\u00f6glich. Folgende Eintr\u00e4ge konnten nicht zugewiesen werden:<\/p>\n<table width=\"100%\">\n<tbody>\n<tr>\n<td style=\"text-align: center;\" width=\"10%\"><strong>Nr.<\/strong><\/td>\n<td style=\"text-align: center;\" width=\"10%\"><strong>Jahr<\/strong><\/td>\n<td width=\"80%\"><strong>Eintragstext<\/strong><\/td>\n<\/tr>\n<tr>\n<td style=\"text-align: center;\" width=\"10%\">[032]<\/td>\n<td style=\"text-align: center;\" width=\"10%\">1657<\/td>\n<td width=\"80%\">[ ] <em>\u2026 suscipientib[us] Margaretha, uxore N. Schutz <\/em>[?]<em> ex Spey<\/em> [?]<em> \u2026 \u2026 \u2026 \u2026 \u2026 L\u00fcckershausen<\/em><\/td>\n<\/tr>\n<tr>\n<td style=\"text-align: center;\" width=\"10%\">[052]<\/td>\n<td style=\"text-align: center;\" width=\"10%\">1660<\/td>\n<td width=\"80%\">[ ]<em> Mariae <\/em>[?]<em> conjugum <\/em>[ ]<em> \u2026 levantib[us] Petro Weinandt <\/em>[?]<em>, vietore <\/em>[?]<em> et Anna, \u2026 <\/em><em>Petri Noll ex Camp uxore.<\/em><\/td>\n<\/tr>\n<tr>\n<td style=\"text-align: center;\" width=\"10%\">[106]<\/td>\n<td style=\"text-align: center;\" width=\"10%\">1665<\/td>\n<td width=\"80%\">[ ] <em>&#8230; Matthiae <\/em>[ ]<em> Arnoldi Noll \u2026 <\/em>[ ]<em> Catharinae [con]iugum.<\/em><\/td>\n<\/tr>\n<tr>\n<td style=\"text-align: center;\" width=\"10%\">[137]<\/td>\n<td style=\"text-align: center;\" width=\"10%\">1668<\/td>\n<td style=\"text-align: justify;\" width=\"80%\">[ ]<em> coniugum baptiza- <\/em>[ ] [ ]<em> Lew, judicii scabino, et Maria, filia Jo[ann]is Holler.<\/em><br \/>\n[mit Vermerk: +]<\/td>\n<\/tr>\n<tr>\n<td style=\"text-align: center;\" width=\"10%\">[161]<\/td>\n<td style=\"text-align: center;\" width=\"10%\">1670<\/td>\n<td style=\"text-align: justify;\" width=\"80%\">[ ] <em>Mariae coniugum<\/em> [ ] <em>Petro Leinenweber ex &#8230; et Agnete, uxore Laurentii Becker in Osterspey.<\/em><\/td>\n<\/tr>\n<tr>\n<td style=\"text-align: center;\" width=\"10%\">[173]<\/td>\n<td style=\"text-align: center;\" width=\"10%\">1671<\/td>\n<td style=\"text-align: justify;\" width=\"80%\">[ ] <em>Margarethae coniugum<\/em> [ ] <em>&#8230;tib[us] de s[acro] fonte Martino Merten, filio Matthiae Merten, et Margaretha, filia Petri Noll ex Camp.<\/em><\/td>\n<\/tr>\n<tr>\n<td style=\"text-align: center;\" width=\"10%\">[222]<\/td>\n<td style=\"text-align: center;\" width=\"10%\">1675<\/td>\n<td style=\"text-align: justify;\" width=\"80%\">[ ] <em>Margarethae, baptizata <\/em>[ ] <em>spondentib[us]<\/em> [ ] &lt;<em>Eleo&gt;nora, uxore illustrissimi principis Ernesti, langravii Hassiae, et Jo[ann]e Jacobo Schauren, cive Boppardiense. <\/em>[wohl Maria Eleonore von Solms-Lich (1632-1689) oo mit Landgraf Ernst von Hessen-Rheinfels-Rotenburg (1623-1693)]<\/td>\n<\/tr>\n<tr>\n<td style=\"text-align: center;\" width=\"10%\">[233]<\/td>\n<td style=\"text-align: center;\" width=\"10%\">1676<\/td>\n<td style=\"text-align: justify;\" width=\"80%\">[ ] <em>et Annae Margarethae<\/em> <em>baptizata fuit 26 \u2026<\/em> <em>sup[er] fontem levantib[us] Jo[ann]e Antonio Lew et Maria Agnete, uxore Augustini Fuchs.<\/em><\/td>\n<\/tr>\n<\/tbody>\n<\/table>\n<p style=\"text-align: justify;\">Weiterer Textverlust entstand durch die nur noch erhaltene Blattmitte von fol. 6, betroffen sind die Jahre 1658-1660., davon 1659 erheblich.<\/p>\n<hr \/>\n<p><span style=\"font-size: small;\"><strong>letztes Update: Oktober 2016<\/strong><br \/>\n<span style=\"font-size: small;\"><strong>Ralph Jackmuth<\/strong><\/span><\/span><\/p>\n","protected":false},"excerpt":{"rendered":"<p>1 Publikationen zu Osterspai Edmeier, Frank: zur Familie Helbach (hier zum Download) Nachfahrenliste zur Familie Helbach Nachfahrenliste zur Familie Helbach, Namensverzeichnis: nachfahrenlistehelbachnamensverzeichnis Nachfahrenliste zur Familie Helbach, Ortsverzeichnis: nachfahrenlistehelbachortsverzeichnis Allg. Hinweise zur Nachfahrenliste Frauenberger, Michael: Familienbuch der katholischen Pfarrei Osterspai 1553-1800 (Manuskript). Boppard 1986. 2 Bearbeitungsgrunds\u00e4tze Ziel war es, alle Informationen der einzelnen Eintr\u00e4ge miteinander zu &hellip; <a href=\"https:\/\/www.ahnenforschung-jackmuth.de\/?page_id=1647\" class=\"more-link\"><span class=\"screen-reader-text\">\u201eOsterspai &#8211; Einleitung\u201c<\/span> weiterlesen<\/a><\/p>\n","protected":false},"author":1,"featured_media":0,"parent":0,"menu_order":0,"comment_status":"closed","ping_status":"closed","template":"","meta":{"footnotes":""},"class_list":["post-1647","page","type-page","status-publish","hentry"],"_links":{"self":[{"href":"https:\/\/www.ahnenforschung-jackmuth.de\/index.php?rest_route=\/wp\/v2\/pages\/1647","targetHints":{"allow":["GET"]}}],"collection":[{"href":"https:\/\/www.ahnenforschung-jackmuth.de\/index.php?rest_route=\/wp\/v2\/pages"}],"about":[{"href":"https:\/\/www.ahnenforschung-jackmuth.de\/index.php?rest_route=\/wp\/v2\/types\/page"}],"author":[{"embeddable":true,"href":"https:\/\/www.ahnenforschung-jackmuth.de\/index.php?rest_route=\/wp\/v2\/users\/1"}],"replies":[{"embeddable":true,"href":"https:\/\/www.ahnenforschung-jackmuth.de\/index.php?rest_route=%2Fwp%2Fv2%2Fcomments&post=1647"}],"version-history":[{"count":0,"href":"https:\/\/www.ahnenforschung-jackmuth.de\/index.php?rest_route=\/wp\/v2\/pages\/1647\/revisions"}],"wp:attachment":[{"href":"https:\/\/www.ahnenforschung-jackmuth.de\/index.php?rest_route=%2Fwp%2Fv2%2Fmedia&parent=1647"}],"curies":[{"name":"wp","href":"https:\/\/api.w.org\/{rel}","templated":true}]}}