{"id":1421,"date":"2016-10-26T15:17:00","date_gmt":"2016-10-26T15:17:00","guid":{"rendered":"http:\/\/www.ahnenforschung-jackmuth.de\/?page_id=1421"},"modified":"2016-10-29T12:19:41","modified_gmt":"2016-10-29T12:19:41","slug":"osterspai-taufen-1652-1680-40","status":"publish","type":"page","link":"https:\/\/www.ahnenforschung-jackmuth.de\/?page_id=1421","title":{"rendered":"Osterspai &#8211; Taufen 1652-1680 (40)"},"content":{"rendered":"<h5><strong><em>P\u00fcnger, Pinger<\/em><br \/>\n<\/strong><\/h5>\n<hr \/>\n<p style=\"text-align: justify;\">Evtl. aus Hatzenport zugezogen.<\/p>\n<hr \/>\n<p><strong>bisher nicht zuzuordnen<\/strong><\/p>\n<ul>\n<li><em>Adamus P\u00fcnger ex Hazenport <\/em>ist Pate 1679 bei Johannes <em>P\u00fcnger<\/em><\/li>\n<\/ul>\n<hr \/>\n<p><a name=\"01\"><\/a><strong><span style=\"color: #ff0000;\">P\u00fcnger, Johannes<br \/>\n<\/span><\/strong><\/p>\n<p style=\"padding-left: 30px; text-align: justify;\"><strong>Name: <\/strong>bei Trauung I. Ehe <em>Joannes P\u00fcnger, <\/em>bei Taufe 1674 und 1676 fehlt der Name (Papierbruch); bei Trauung II. Ehe und allen Taufen <em>Joannes P\u00fcnger<\/em><br \/>\n<strong>Herkunft: <\/strong>evtl. Hatzenport<\/p>\n<p><strong>oo I. 16.08.1672 Osterspai<\/strong> [028] mit<\/p>\n<p style=\"padding-left: 60px;\"><strong>Holler, Margaretha<br \/>\n<\/strong><\/p>\n<p style=\"padding-left: 90px; text-align: justify;\"><strong>Name: <\/strong>bei Trauung <em>Margaretha Hollerin, <\/em>bei allen Taufen nur <em>Margaretha<br \/>\n<\/em><strong>Herkunft: <\/strong>Osterspai<br \/>\n<strong>Eltern: <\/strong><a href=\"http:\/\/www.ahnenforschung-jackmuth.de\/?page_id=1347#01\">Philipp Holler<\/a><br \/>\n<strong>+ Ende Juli 1676 Osterspai<\/strong> [009] (<em>Margareta, uxor Joannis P\u00fcnger eadem infirmitate <\/em>[<em>dissenteria<\/em>]<em> obierunt circa finem Julii<\/em>)<\/p>\n<table border=\"0\" width=\"100%\" cellspacing=\"0\" cellpadding=\"1\">\n<tbody>\n<tr valign=\"TOP\">\n<td width=\"7%\">1)<\/td>\n<td width=\"20%\">\u00a0Philipp<\/td>\n<td width=\"30%\">gt. zw. Juni u. Sept. 1674 [208-2]<\/td>\n<td style=\"text-align: justify;\" width=\"43%\">mit Vermerk: +<br \/>\nTextverlust durch Papierbruch<\/td>\n<\/tr>\n<tr valign=\"TOP\">\n<td width=\"7%\">2)<\/td>\n<td width=\"20%\">\u00a0Johann Peter<\/td>\n<td width=\"30%\">\u00a0* 14.06.1676 [228]<br \/>\n(gt. 16.06.)<\/td>\n<td style=\"text-align: justify;\" width=\"43%\"><\/td>\n<\/tr>\n<\/tbody>\n<\/table>\n<p><strong>Paten<\/strong><br \/>\nzu 1) <em>Philippus Holler, baptizati avus, et Catharina, uxor Gerhardi Rinsf\u00fcser<\/em><br \/>\nzu 2) <em>Petrus Heidger ex Hazenport et Catharina Breiels ex Hazenport, uxor Wilhelmi Breiel, villici auffm Betzem<\/em><\/p>\n<p><strong>oo II. &#8230; 10.1676 Osterspai <\/strong>[043] mit<\/p>\n<p style=\"padding-left: 60px;\"><strong>Sopp, Anna<br \/>\n<\/strong><\/p>\n<p style=\"padding-left: 90px;\"><strong>Name: <\/strong>bei Trauung <em>Anna, filia Francisci Sop, <\/em>bei allen Taufen nur <em>Anna<br \/>\n<\/em><strong>Patenschaften:<\/strong> 1678 bei Johann Arnold Noll (<em>Anna, uxor Joannis P\u00fcnger<\/em>), 1679 bei Matth\u00e4us Tilman (<em>Anna, uxor Joannis P\u00fcnger<\/em>)<br \/>\n<strong>Herkunft: <\/strong>Osterspai<br \/>\n<strong>Eltern:<\/strong> <a href=\"http:\/\/www.ahnenforschung-jackmuth.de\/?page_id=1482#01\">Franz Sopp und Klara<\/a><br \/>\n<strong>~ 25.10.1654 Osterspai <\/strong>[009]<br \/>\n<strong>+ 15.01.1695 Osterspai <\/strong>[035] (<em>Anna, Joannis Punger uxor<\/em>)<\/p>\n<table border=\"0\" width=\"100%\" cellspacing=\"0\" cellpadding=\"1\">\n<tbody>\n<tr valign=\"TOP\">\n<td width=\"7%\">1)<\/td>\n<td width=\"20%\">Nikolaus<\/td>\n<td width=\"30%\">* 10.10.1677 [246]<br \/>\n(gt. 12.10.)<\/td>\n<td style=\"text-align: justify;\" width=\"43%\"><\/td>\n<\/tr>\n<tr valign=\"TOP\">\n<td width=\"7%\">2)<\/td>\n<td width=\"20%\">Adam<\/td>\n<td width=\"30%\">* 03.02.1679 [267]<br \/>\n(gt. 05.02.)<\/td>\n<td style=\"text-align: justify;\" width=\"43%\"><\/td>\n<\/tr>\n<\/tbody>\n<\/table>\n<p><strong>Paten<\/strong><br \/>\nzu 1) <em>Nicolaus Sop<\/em> <em>et Catharina ex Hazenport<\/em><br \/>\nzu 2)\u00a0<em>Adamus P\u00fcnger ex Hazenport et honesta virgo Catharina Diesler<\/em><\/p>\n<hr \/>\n<p><span style=\"font-size: small;\"><strong>letztes Update: Oktober 2016<\/strong><br \/>\n<span style=\"font-size: small;\"><strong>Ralph Jackmuth<\/strong><\/span><\/span><\/p>\n","protected":false},"excerpt":{"rendered":"<p>P\u00fcnger, Pinger Evtl. aus Hatzenport zugezogen. bisher nicht zuzuordnen Adamus P\u00fcnger ex Hazenport ist Pate 1679 bei Johannes P\u00fcnger P\u00fcnger, Johannes Name: bei Trauung I. Ehe Joannes P\u00fcnger, bei Taufe 1674 und 1676 fehlt der Name (Papierbruch); bei Trauung II. Ehe und allen Taufen Joannes P\u00fcnger Herkunft: evtl. Hatzenport oo I. 16.08.1672 Osterspai [028] mit &hellip; <a href=\"https:\/\/www.ahnenforschung-jackmuth.de\/?page_id=1421\" class=\"more-link\"><span class=\"screen-reader-text\">\u201eOsterspai &#8211; Taufen 1652-1680 (40)\u201c<\/span> weiterlesen<\/a><\/p>\n","protected":false},"author":1,"featured_media":0,"parent":0,"menu_order":0,"comment_status":"closed","ping_status":"closed","template":"","meta":{"footnotes":""},"class_list":["post-1421","page","type-page","status-publish","hentry"],"_links":{"self":[{"href":"https:\/\/www.ahnenforschung-jackmuth.de\/index.php?rest_route=\/wp\/v2\/pages\/1421","targetHints":{"allow":["GET"]}}],"collection":[{"href":"https:\/\/www.ahnenforschung-jackmuth.de\/index.php?rest_route=\/wp\/v2\/pages"}],"about":[{"href":"https:\/\/www.ahnenforschung-jackmuth.de\/index.php?rest_route=\/wp\/v2\/types\/page"}],"author":[{"embeddable":true,"href":"https:\/\/www.ahnenforschung-jackmuth.de\/index.php?rest_route=\/wp\/v2\/users\/1"}],"replies":[{"embeddable":true,"href":"https:\/\/www.ahnenforschung-jackmuth.de\/index.php?rest_route=%2Fwp%2Fv2%2Fcomments&post=1421"}],"version-history":[{"count":0,"href":"https:\/\/www.ahnenforschung-jackmuth.de\/index.php?rest_route=\/wp\/v2\/pages\/1421\/revisions"}],"wp:attachment":[{"href":"https:\/\/www.ahnenforschung-jackmuth.de\/index.php?rest_route=%2Fwp%2Fv2%2Fmedia&parent=1421"}],"curies":[{"name":"wp","href":"https:\/\/api.w.org\/{rel}","templated":true}]}}