{"id":1353,"date":"2016-10-26T10:03:24","date_gmt":"2016-10-26T10:03:24","guid":{"rendered":"http:\/\/www.ahnenforschung-jackmuth.de\/?page_id=1353"},"modified":"2016-10-29T11:40:32","modified_gmt":"2016-10-29T11:40:32","slug":"osterspai-taufen-1652-1680-25","status":"publish","type":"page","link":"https:\/\/www.ahnenforschung-jackmuth.de\/?page_id=1353","title":{"rendered":"Osterspai &#8211; Taufen 1652-1680 (25)"},"content":{"rendered":"<h5><strong>Kapellen<\/strong><\/h5>\n<hr \/>\n<p><strong>bisher nicht zuzuordnen<\/strong><\/p>\n<ul>\n<li><em>Anna Maria, uxor Antonii Capellen ex Rens <\/em>ist Patin 1668 bei Ludwig Kapellen<\/li>\n<\/ul>\n<hr \/>\n<p><a name=\"01\"><\/a><strong><span style=\"color: #ff0000;\">Kapellen, Ludwig<\/span><br \/>\n<\/strong><\/p>\n<p style=\"padding-left: 30px; text-align: justify;\"><strong>Name: <\/strong>bei Taufe 1662, 1666 <em>Ludovicus Kapellen, <\/em>1668 <em>Ludovicus Capellen, <\/em>1673 fehlt der Name (Papierbruch)<br \/>\n<strong>Patenschaften: <\/strong>wohl 1658 bei Gerhard Rindsf\u00fcsser (<em>Ludovicus Capellen, incola huius loci<\/em>), 1663 bei Nikolaus Gro\u00df (<em>Ludovicus Cappellen<\/em>), 1673 bei Johannes Holler (<em>Ludovicus Kapellen<\/em>)<\/p>\n<p><strong>oo vor 1662 <\/strong>mit<\/p>\n<p style=\"padding-left: 60px;\"><strong>Gro\u00df, Maria<br \/>\n<\/strong><\/p>\n<p style=\"padding-left: 90px;\"><strong>Name: <\/strong>bei Taufe 1662, 1668, 1673 nur <em>Maria<\/em>, 1666 <em>Maria Gros<\/em>, 1668 tr\u00e4gt eine j\u00fcngere Hand nach <em>Gro\u00df<br \/>\n<\/em><strong>Eltern:<\/strong> <a href=\"http:\/\/www.ahnenforschung-jackmuth.de\/?page_id=1300#01\">evtl. Johann Michael Gro\u00df und Sophia<\/a><em><br \/>\n<\/em><strong>Patenschaften: <\/strong>1668 bei Philipp Helbach (<em>Maria, uxor Ludovici Kapellen<\/em>)<\/p>\n<table border=\"0\" width=\"100%\" cellspacing=\"0\" cellpadding=\"1\">\n<tbody>\n<tr valign=\"TOP\">\n<td width=\"7%\">\u00a01)<\/td>\n<td width=\"20%\">Jakob<\/td>\n<td width=\"30%\">gt. 26.12.1662 [072]<br \/>\n<em>in festo Sancti Stephani<\/em><\/td>\n<td style=\"text-align: justify;\" width=\"43%\">\u00a0mit Vermerk: +<\/td>\n<\/tr>\n<tr valign=\"TOP\">\n<td width=\"7%\">\u00a02)<\/td>\n<td width=\"20%\">Gerhard<\/td>\n<td width=\"30%\">gt.\u00a0\u00a0 31.01.1666 [110]<\/td>\n<td style=\"text-align: justify;\" width=\"43%\"><\/td>\n<\/tr>\n<tr valign=\"TOP\">\n<td width=\"7%\">\u00a03)<\/td>\n<td width=\"20%\">Anna Maria<\/td>\n<td width=\"30%\">gt.\u00a0\u00a012.02.1668 [133]<\/td>\n<td style=\"text-align: justify;\" width=\"43%\">oo 08.02.1695 [069] mit Johannes Becker von Osterspai (<em>pudica virgo Anna Maria, Ludovici Cappellen legitima filia<\/em>)<\/td>\n<\/tr>\n<tr valign=\"TOP\">\n<td width=\"7%\">\u00a04)<\/td>\n<td width=\"20%\">Andreas<\/td>\n<td width=\"30%\">gt.\u00a0\u00a009.04.1673 [190]<\/td>\n<td style=\"text-align: justify;\" width=\"43%\"><\/td>\n<\/tr>\n<\/tbody>\n<\/table>\n<p><strong>Paten<\/strong><br \/>\nzu 1) <em>Nicolaus, nomine Jacobi Eckel, civis et nautae Coloniensis, et Christina Laur ex Rens<\/em><br \/>\nzu 2) <em>Gerhardus Rinsf\u00fcser et Margaretha, filia Joannis Holler<\/em><br \/>\nzu 3)\u00a0<em>Philippus Helbach et Anna Maria, uxor Antonii Capellen ex Rens<br \/>\n<\/em>zu 4)<em> Andreas Hohl, Boppardiensis, et Gertrudis, uxor Nicolai Winthausen <\/em>[ein Andreas Hohl, Schmied in Boppard s. BB I Nr. H\/320, ein Andreas Hohl, Wollweber in Boppard s. BB I Nr. H\/322]<\/p>\n<hr \/>\n<p><span style=\"font-size: small;\"><strong>letztes Update: Oktober 2016<\/strong><br \/>\n<span style=\"font-size: small;\"><strong>Ralph Jackmuth<\/strong><\/span><\/span><\/p>\n","protected":false},"excerpt":{"rendered":"<p>Kapellen bisher nicht zuzuordnen Anna Maria, uxor Antonii Capellen ex Rens ist Patin 1668 bei Ludwig Kapellen Kapellen, Ludwig Name: bei Taufe 1662, 1666 Ludovicus Kapellen, 1668 Ludovicus Capellen, 1673 fehlt der Name (Papierbruch) Patenschaften: wohl 1658 bei Gerhard Rindsf\u00fcsser (Ludovicus Capellen, incola huius loci), 1663 bei Nikolaus Gro\u00df (Ludovicus Cappellen), 1673 bei Johannes Holler &hellip; <a href=\"https:\/\/www.ahnenforschung-jackmuth.de\/?page_id=1353\" class=\"more-link\"><span class=\"screen-reader-text\">\u201eOsterspai &#8211; Taufen 1652-1680 (25)\u201c<\/span> weiterlesen<\/a><\/p>\n","protected":false},"author":1,"featured_media":0,"parent":0,"menu_order":0,"comment_status":"closed","ping_status":"closed","template":"","meta":{"footnotes":""},"class_list":["post-1353","page","type-page","status-publish","hentry"],"_links":{"self":[{"href":"https:\/\/www.ahnenforschung-jackmuth.de\/index.php?rest_route=\/wp\/v2\/pages\/1353","targetHints":{"allow":["GET"]}}],"collection":[{"href":"https:\/\/www.ahnenforschung-jackmuth.de\/index.php?rest_route=\/wp\/v2\/pages"}],"about":[{"href":"https:\/\/www.ahnenforschung-jackmuth.de\/index.php?rest_route=\/wp\/v2\/types\/page"}],"author":[{"embeddable":true,"href":"https:\/\/www.ahnenforschung-jackmuth.de\/index.php?rest_route=\/wp\/v2\/users\/1"}],"replies":[{"embeddable":true,"href":"https:\/\/www.ahnenforschung-jackmuth.de\/index.php?rest_route=%2Fwp%2Fv2%2Fcomments&post=1353"}],"version-history":[{"count":0,"href":"https:\/\/www.ahnenforschung-jackmuth.de\/index.php?rest_route=\/wp\/v2\/pages\/1353\/revisions"}],"wp:attachment":[{"href":"https:\/\/www.ahnenforschung-jackmuth.de\/index.php?rest_route=%2Fwp%2Fv2%2Fmedia&parent=1353"}],"curies":[{"name":"wp","href":"https:\/\/api.w.org\/{rel}","templated":true}]}}