{"id":1347,"date":"2016-10-26T09:41:59","date_gmt":"2016-10-26T09:41:59","guid":{"rendered":"http:\/\/www.ahnenforschung-jackmuth.de\/?page_id=1347"},"modified":"2016-10-29T11:35:17","modified_gmt":"2016-10-29T11:35:17","slug":"osterspai-taufen-1652-1680-24","status":"publish","type":"page","link":"https:\/\/www.ahnenforschung-jackmuth.de\/?page_id=1347","title":{"rendered":"Osterspai &#8211; Taufen 1652-1680 (24)"},"content":{"rendered":"<h5><strong>Holler<\/strong><\/h5>\n<hr \/>\n<p><a name=\"01\"><\/a><strong><span style=\"color: #ff0000;\">Holler, Philipp: <\/span><\/strong>Sch\u00f6ffe<\/p>\n<p style=\"padding-left: 30px; text-align: justify;\"><strong>Patenschaften: <\/strong>evtl. 1657 bei Haimon Helbach (<em>Philippus Holler<\/em>), evtl. 1660 bei Gerhard Rindsf\u00fcsser (<em>Philippus Holler <\/em>[?]<em>, civis Osterspeyensis<\/em>), evtl. 1674 bei [Johannes <em>P\u00fcnger<\/em>] (<em>Philippus Holler, baptizati avus<\/em>)<\/p>\n<p><strong>oo <\/strong>mit<\/p>\n<p style=\"padding-left: 60px;\"><strong>Anna<br \/>\n<\/strong><\/p>\n<p style=\"padding-left: 90px;\"><strong>Patenschaften: <\/strong>1660 bei Franz Sopp (<em>Anna, uxor Philippi Holler, scabini huius \u2026<\/em>)<br \/>\n<strong>+ 14.12.1674 Osterspai <\/strong>[004] (<em>Anna, uxor Philippi Holler<\/em>)<\/p>\n<table border=\"0\" width=\"100%\" cellspacing=\"0\" cellpadding=\"1\">\n<tbody>\n<tr valign=\"TOP\">\n<td width=\"7%\"><\/td>\n<td width=\"20%\">Margaretha<\/td>\n<td width=\"30%\">* um 1650<\/td>\n<td style=\"text-align: justify;\" width=\"43%\">Patenschaften: 1670 bei Johann Arnold Noll (<em>Margaretha, filia Philippi Holler<\/em>)<br \/>\nevtl. <a href=\"http:\/\/www.ahnenforschung-jackmuth.de\/?page_id=1421\">oo 16.08.1672 [028] mit Johannes P\u00fcnger<\/a><\/td>\n<\/tr>\n<tr valign=\"TOP\">\n<td width=\"7%\">?<\/td>\n<td width=\"20%\">Johannes<\/td>\n<td width=\"30%\">* um 1650<\/td>\n<td style=\"text-align: justify;\" width=\"43%\"><a href=\"http:\/\/www.ahnenforschung-jackmuth.de\/?page_id=1347#04\">oo 14.02.1673 [032] mit Elisabeth Merten von Osterspai<\/a><\/td>\n<\/tr>\n<\/tbody>\n<\/table>\n<hr \/>\n<p><a name=\"02\"><\/a><strong><span style=\"color: #ff0000;\">Holler, Johannes<\/span><\/strong><strong><br \/>\n<\/strong><\/p>\n<p style=\"padding-left: 30px; text-align: justify;\"><strong>Patenschaften: <\/strong>evtl. 1662 bei Johann Peter Holler (<em>Joannes Holler<\/em>), evtl. 1669 bei Philipp Helbach (<em>Joannes Holler<\/em>)<br \/>\n<strong>+ 16.07.1676 Osterspai <\/strong>[007] (<em>Joannes Holler, dissenteria obiit<\/em>)<\/p>\n<p><strong>oo <\/strong>mit<\/p>\n<p style=\"padding-left: 60px;\"><strong>N. N.<br \/>\n<\/strong><\/p>\n<table border=\"0\" width=\"100%\" cellspacing=\"0\" cellpadding=\"1\">\n<tbody>\n<tr valign=\"TOP\">\n<td width=\"7%\"><\/td>\n<td width=\"20%\">Johann Peter<\/td>\n<td width=\"30%\">* vor 1650<\/td>\n<td style=\"text-align: justify;\" width=\"43%\">Patenschaften: 1660 bei Quirin Diesler (<em>Joannes Petrus Holler, filius Joannis Holler<\/em>)<br \/>\nwohl <a href=\"http:\/\/www.ahnenforschung-jackmuth.de\/?page_id=1347#03\">oo 1661 [008] mit Maria M\u00fcller<\/a><\/td>\n<\/tr>\n<tr valign=\"TOP\">\n<td width=\"7%\"><\/td>\n<td width=\"20%\">Sophia<\/td>\n<td width=\"30%\">\u00a0* vor 1650<\/td>\n<td style=\"text-align: justify;\" width=\"43%\">\n<p style=\"text-align: justify;\">Patenschaften: 1663 bei Johann Peter Holler (<em>Sophia, soror Joannis Petri Holler<\/em>)<br \/>\nwohl <a href=\"http:\/\/www.ahnenforschung-jackmuth.de\/?page_id=1359\">oo 28.01.1663 [012] mit Kuno Kaut von Kamp<\/a><br \/>\n+ 1671\/1672<\/p>\n<\/td>\n<\/tr>\n<tr valign=\"TOP\">\n<td width=\"7%\"><\/td>\n<td width=\"20%\">Maria<\/td>\n<td width=\"30%\">\u00a0* um 1650<\/td>\n<td style=\"text-align: justify;\" width=\"43%\">\n<p style=\"text-align: justify;\">Patenschaften: 1665 bei Johann Peter Holler (<em>Maria, praedicti Joannis Petri soror<\/em>), 1668 bei [ ] (<em>Maria, filia Joannis Holler<\/em>)<br \/>\nwohl <a href=\"http:\/\/www.ahnenforschung-jackmuth.de\/?page_id=1390#04\">oo 09.11.1670 [023] mit Valentin Merten von Osterspai<\/a><\/p>\n<\/td>\n<\/tr>\n<tr valign=\"TOP\">\n<td width=\"7%\"><\/td>\n<td width=\"20%\">Margaretha<\/td>\n<td width=\"30%\">\u00a0* um 1650<\/td>\n<td style=\"text-align: justify;\" width=\"43%\">\n<p style=\"text-align: justify;\">Patenschaften: 1666 bei Ludwig Kapellen (<em>Margaretha, filia Joannis Holler<\/em>)<br \/>\nevtl. <a href=\"http:\/\/www.ahnenforschung-jackmuth.de\/?page_id=1421\">oo 16.08.1672 [028] mit Johannes P\u00fcnger<\/a><\/p>\n<\/td>\n<\/tr>\n<\/tbody>\n<\/table>\n<hr \/>\n<p><a name=\"03\"><\/a><strong><span style=\"color: #ff0000;\">Holler, Johann Peter<\/span><\/strong><strong><br \/>\n<\/strong><\/p>\n<p style=\"padding-left: 30px;\"><strong>Name: <\/strong>bei der Trauung <em>Joannes Petrus Holler<\/em>, bei allen Taufen <em>Joannes Petrus Holler<br \/>\n<\/em><strong>Herkunft: <\/strong>Osterspai<br \/>\n<strong>Eltern: <\/strong>wohl <a href=\"http:\/\/www.ahnenforschung-jackmuth.de\/?page_id=1347#02\">Johannes Holler<\/a><\/p>\n<p><strong>oo <em>in fine <\/em>1661 Osterspai <\/strong>[008] mit<\/p>\n<p style=\"padding-left: 60px;\"><strong>M\u00fcller, Maria<br \/>\n<\/strong><\/p>\n<p style=\"padding-left: 90px;\"><strong>Name: <\/strong>bei der Trauung <em>Maria M\u00fcllerin<\/em>, bei allen Taufen nur <em>Maria<br \/>\n<\/em><strong>Patenschaften: <\/strong>1664 bei Kuno Kaut (<em>Maria, uxor Joannis Petri H[oller]<\/em>)<\/p>\n<table border=\"0\" width=\"100%\" cellspacing=\"0\" cellpadding=\"1\">\n<tbody>\n<tr valign=\"TOP\">\n<td width=\"7%\">\u00a01)<\/td>\n<td width=\"20%\">Johannes<\/td>\n<td width=\"30%\">gt.\u00a017.09.1662 [071]<\/td>\n<td style=\"text-align: justify;\" width=\"43%\"><\/td>\n<\/tr>\n<tr valign=\"TOP\">\n<td width=\"7%\">\u00a02)<\/td>\n<td width=\"20%\">Nikolaus<\/td>\n<td width=\"30%\">gt. 10.12.1663 [087]<\/td>\n<td style=\"text-align: justify;\" width=\"43%\">mit Vermerk: +<\/td>\n<\/tr>\n<tr valign=\"TOP\">\n<td width=\"7%\">\u00a03)<\/td>\n<td width=\"20%\">Maria<\/td>\n<td width=\"30%\">gt. 24.02.1665 [098]<br \/>\n<em>ipso S. Matthiae festo<\/em><\/td>\n<td style=\"text-align: justify;\" width=\"43%\">mit Vermerk: +<\/td>\n<\/tr>\n<\/tbody>\n<\/table>\n<p><strong>Paten<\/strong><br \/>\nzu 1) <em>Joannes Holler et Margaretha M\u00fcller<\/em><br \/>\nzu 2) <em>Nicolaus Gros et Sophia, soror Joannis Petri Holler<\/em><br \/>\nzu 3) <em>Maria, praedicti Joannis Petri soror, et Joannes M\u00fcller ex Camp<\/em><\/p>\n<hr \/>\n<p><a name=\"04\"><\/a><strong><span style=\"color: #ff0000;\">Holler, Johannes: <\/span><\/strong>Schulmeister und K\u00fcster<\/p>\n<p style=\"padding-left: 30px; text-align: justify;\"><strong>Name: <\/strong>bei der Trauung <em>Joannes Holler<\/em> bei Taufe 1673 <em>Joannes Holler<br \/>\n<\/em><strong>Patenschaften: <\/strong>evtl. 1668 bei Philipp Helbach (<em>Joannes Holler, adolescens<\/em>), evtl. 1669 bei Philipp Helbach (<em>Joannes Holler<\/em>), evtl. 1674 bei Johannes Becker (<em>Joannes Holler<\/em>)<br \/>\n<strong>Herkunft: <\/strong>Osterspai<br \/>\n<strong>Eltern: <\/strong>evtl. <a href=\"http:\/\/www.ahnenforschung-jackmuth.de\/?page_id=1347#02\">Johannes Holler<\/a> oder <a href=\"http:\/\/www.ahnenforschung-jackmuth.de\/?page_id=1347#01\">Philipp Holler<\/a><br \/>\n<strong>+ 27.11.1673 Osterspai<\/strong> [001] (<em>Joannes Holler, <\/em><em>ludimagister et aedituus, suffocatus ab \u2026<\/em>)<\/p>\n<p><strong>oo 14.02.1673 Osterspai <\/strong>[032] mit<\/p>\n<p style=\"padding-left: 60px;\"><strong>Merten, Elisabeth<br \/>\n<\/strong><\/p>\n<p style=\"padding-left: 90px;\"><strong>Name: <\/strong>bei der Trauung <em>Elisabetha Merten<\/em>, bei Taufe 1673 nur <em>Elisabetha<br \/>\n<\/em><strong>Bem.: <\/strong> <a href=\"http:\/\/www.ahnenforschung-jackmuth.de\/?page_id=1174#01\">oo II. 14.01.1676 [042] mit Paul Bertram<\/a> (<em>Elisabetha Merten, relicta Joannis Holler<\/em>)<\/p>\n<table border=\"0\" width=\"100%\" cellspacing=\"0\" cellpadding=\"1\">\n<tbody>\n<tr valign=\"TOP\">\n<td width=\"7%\">1)<\/td>\n<td width=\"20%\">Gertrud<\/td>\n<td width=\"30%\">* \u2026 11.1673 [201]<br \/>\n(gt. ~ 23.11.)<\/td>\n<td style=\"text-align: justify;\" width=\"43%\"><\/td>\n<\/tr>\n<\/tbody>\n<\/table>\n<p><strong>Paten<\/strong><br \/>\nzu 1) <em>Ludovicus Kapellen et Gertrudis, uxor Domini Simonis Kerpen, cellerarii Domini de Carpen<\/em><\/p>\n<hr \/>\n<p><span style=\"font-size: small;\"><strong>letztes Update: Oktober 2016<\/strong><br \/>\n<span style=\"font-size: small;\"><strong>Ralph Jackmuth<\/strong><\/span><\/span><\/p>\n","protected":false},"excerpt":{"rendered":"<p>Holler Holler, Philipp: Sch\u00f6ffe Patenschaften: evtl. 1657 bei Haimon Helbach (Philippus Holler), evtl. 1660 bei Gerhard Rindsf\u00fcsser (Philippus Holler [?], civis Osterspeyensis), evtl. 1674 bei [Johannes P\u00fcnger] (Philippus Holler, baptizati avus) oo mit Anna Patenschaften: 1660 bei Franz Sopp (Anna, uxor Philippi Holler, scabini huius \u2026) + 14.12.1674 Osterspai [004] (Anna, uxor Philippi Holler) Margaretha &hellip; <a href=\"https:\/\/www.ahnenforschung-jackmuth.de\/?page_id=1347\" class=\"more-link\"><span class=\"screen-reader-text\">\u201eOsterspai &#8211; Taufen 1652-1680 (24)\u201c<\/span> weiterlesen<\/a><\/p>\n","protected":false},"author":1,"featured_media":0,"parent":0,"menu_order":0,"comment_status":"closed","ping_status":"closed","template":"","meta":{"footnotes":""},"class_list":["post-1347","page","type-page","status-publish","hentry"],"_links":{"self":[{"href":"https:\/\/www.ahnenforschung-jackmuth.de\/index.php?rest_route=\/wp\/v2\/pages\/1347","targetHints":{"allow":["GET"]}}],"collection":[{"href":"https:\/\/www.ahnenforschung-jackmuth.de\/index.php?rest_route=\/wp\/v2\/pages"}],"about":[{"href":"https:\/\/www.ahnenforschung-jackmuth.de\/index.php?rest_route=\/wp\/v2\/types\/page"}],"author":[{"embeddable":true,"href":"https:\/\/www.ahnenforschung-jackmuth.de\/index.php?rest_route=\/wp\/v2\/users\/1"}],"replies":[{"embeddable":true,"href":"https:\/\/www.ahnenforschung-jackmuth.de\/index.php?rest_route=%2Fwp%2Fv2%2Fcomments&post=1347"}],"version-history":[{"count":0,"href":"https:\/\/www.ahnenforschung-jackmuth.de\/index.php?rest_route=\/wp\/v2\/pages\/1347\/revisions"}],"wp:attachment":[{"href":"https:\/\/www.ahnenforschung-jackmuth.de\/index.php?rest_route=%2Fwp%2Fv2%2Fmedia&parent=1347"}],"curies":[{"name":"wp","href":"https:\/\/api.w.org\/{rel}","templated":true}]}}