{"id":1342,"date":"2016-10-26T09:27:18","date_gmt":"2016-10-26T09:27:18","guid":{"rendered":"http:\/\/www.ahnenforschung-jackmuth.de\/?page_id=1342"},"modified":"2016-10-26T10:10:36","modified_gmt":"2016-10-26T10:10:36","slug":"osterspai-taufen-1652-1680-23","status":"publish","type":"page","link":"https:\/\/www.ahnenforschung-jackmuth.de\/?page_id=1342","title":{"rendered":"Osterspai &#8211; Taufen 1652-1680 (23)"},"content":{"rendered":"<h5><strong>Herter<\/strong><\/h5>\n<hr \/>\n<p style=\"text-align: justify;\">In Osterspai seit Beginn der KB durch die beiden aus Boppard stammenden B\u00e4cker Kaspar Herter (Taufen 1663, 1665) und Johannes Herter (Taufen 1679-1688) belegt, die sich mit ihren Familien im Verlauf aber in Boppard niederlassen. Der Name Herter im KB Boppard schon Ende des 16. Jh. belegt (s. BB I Nr. H\/205 ff.)<\/p>\n<hr \/>\n<p><strong>bisher nicht zuzuordnen<\/strong><\/p>\n<ul>\n<li><em>Margaretha Herter <\/em>oo 03.05.1661 [007] mit Johannes Kirst<\/li>\n<li><em>Eva Herter <\/em>ist Patin 1662 bei Johannes Kirst<\/li>\n<li><em>Jacobus Herter<\/em> ist Pate 1665 bei Johannes Kirst<\/li>\n<li><em>Jacob H\u00fcrter in Lub\u00f6sch <\/em>ist Pate 1678 bei Philipp Gro\u00df<\/li>\n<\/ul>\n<hr \/>\n<p><a name=\"01\"><\/a><strong><span style=\"color: #ff0000;\">Herter, Kaspar: <\/span><\/strong>B\u00e4cker<\/p>\n<p style=\"padding-left: 30px; text-align: justify;\"><strong>Name: <\/strong>bei Taufe 1663 fehlt der Vorname (Papierbruch) [ ] <em>pistor in Osterspey, <\/em>1665 <em>Casparus Herter, pistor<br \/>\n<\/em><strong>Patenschaften: <\/strong>1662 bei Johannes Kirst (<em>Casparus Herter<\/em>), 1678 bei Philipp Helbach (<em>Casparus Herter, pistor et civis Boppardiensis<\/em>)<br \/>\n<strong>Herkunft: <\/strong>Boppard<br \/>\n<strong>Eltern: <\/strong>Philipp oder Johannes Herter [s. BB I Nr. H\/207oder H\/208]<br \/>\n<strong>Bem.: <\/strong>belegt (nach BB I) 1669 im Protokollbuch des Sch\u00f6ffengerichts zu Boppard 1668-1687 (LHA Koblenz: Best. 1C, Nr. 8305), 1687 im Kontraktenprotokollbuch des Sch\u00f6ffengerichts f\u00fcr das Amt Boppard 1668-1694 (LHA Koblenz: Best. 1C, Nr. 8370)<\/p>\n<p><strong>oo <\/strong>mit<\/p>\n<p style=\"padding-left: 60px;\"><strong>Agnes<br \/>\n<\/strong><\/p>\n<p style=\"padding-left: 90px;\"><strong>Name: <\/strong>bei Taufe 1663 fehlt der Vorname (Papierbruch), 1665 nur <em>Agnes<br \/>\n<\/em><strong>Patenschaften: <\/strong>1665 bei Joh. Kirst (<em>Agnes, uxor Caspari Herter, pro tempore pistoris huius loci<\/em>)<\/p>\n<table border=\"0\" width=\"100%\" cellspacing=\"0\" cellpadding=\"1\">\n<tbody>\n<tr valign=\"TOP\">\n<td width=\"7%\">1)<\/td>\n<td width=\"20%\">\u00a0Valentin<\/td>\n<td width=\"30%\">\u00a0gt. [ ] 1663 Osterspai [079]<\/td>\n<td style=\"text-align: justify;\" width=\"43%\">mit Vermerk: +<br \/>\nTextverlust durch Papierbruch<\/td>\n<\/tr>\n<tr valign=\"TOP\">\n<td width=\"7%\">2)<\/td>\n<td width=\"20%\">\u00a0Anna<\/td>\n<td width=\"30%\">gt. 25.11.1665 Osterspai [107]<\/td>\n<td style=\"text-align: justify;\" width=\"43%\">oo 30.06.1687 St. Goar mit Peter Urban, Hofb\u00e4cker in St. Goar, s. kath. FB St. Goar Nr. 2556<\/td>\n<\/tr>\n<tr valign=\"TOP\">\n<td width=\"7%\">3)<\/td>\n<td width=\"20%\">\u00a0Margaretha<\/td>\n<td width=\"30%\"><\/td>\n<td style=\"text-align: justify;\" width=\"43%\">Patin 17.02.1677, oo ca. 1684 mit Quirin Dorweiler, s. BB I D\/128<\/td>\n<\/tr>\n<tr valign=\"TOP\">\n<td width=\"7%\">4)<\/td>\n<td width=\"20%\">\u00a0Christina<\/td>\n<td width=\"30%\">* 21.05.1667 Boppard<\/td>\n<td style=\"text-align: justify;\" width=\"43%\"><\/td>\n<\/tr>\n<tr valign=\"TOP\">\n<td width=\"7%\">5)<\/td>\n<td width=\"20%\">\u00a0Nikolaus<\/td>\n<td width=\"30%\">* 08.05.1669 Boppard<\/td>\n<td style=\"text-align: justify;\" width=\"43%\">oo mit Margaretha N., lebt nach 1689 als B\u00e4cker in Kestert, s. FB Kestert Nr. 350<\/td>\n<\/tr>\n<tr valign=\"TOP\">\n<td width=\"7%\">6)<\/td>\n<td width=\"20%\">\u00a0Anton<\/td>\n<td width=\"30%\">* 04.07.1671 Boppard<\/td>\n<td style=\"text-align: justify;\" width=\"43%\"><\/td>\n<\/tr>\n<tr valign=\"TOP\">\n<td width=\"7%\">7)<\/td>\n<td width=\"20%\">\u00a0Katharina<\/td>\n<td width=\"30%\">* 02.04.1673 Boppard<\/td>\n<td style=\"text-align: justify;\" width=\"43%\">oo mit Johann <em>Virget<\/em>, Soldat<\/td>\n<\/tr>\n<tr valign=\"TOP\">\n<td width=\"7%\">8)<\/td>\n<td width=\"20%\">\u00a0Dorothea<\/td>\n<td width=\"30%\">* 08.09.1675 Boppard<\/td>\n<td style=\"text-align: justify;\" width=\"43%\"><\/td>\n<\/tr>\n<tr valign=\"TOP\">\n<td width=\"7%\">9)<\/td>\n<td width=\"20%\">\u00a0Klara<\/td>\n<td width=\"30%\">* 12.02.1678 Boppard<\/td>\n<td style=\"text-align: justify;\" width=\"43%\"><\/td>\n<\/tr>\n<\/tbody>\n<\/table>\n<p>Kinder 3) bis 9) aus BB I Nr. H\/211 erg\u00e4nzt<\/p>\n<p><strong>Paten<\/strong><br \/>\nzu 1) <em>\u2026 \u2026. N., Confluentinus, et baptizati avia<\/em><br \/>\nzu 2)\u00a0<em>Joannes Kirst et Anna, uxor Petri Kunz<\/em><\/p>\n<hr \/>\n<p><a name=\"02\"><\/a><strong><span style=\"color: #ff0000;\">Helbach, Johannes: <\/span><\/strong>B\u00e4cker<strong><br \/>\n<\/strong><\/p>\n<p style=\"padding-left: 30px; text-align: justify;\"><strong>Name: <\/strong>bei Taufe 1679 <em>Joannes Herter, pistor in Osterspey<br \/>\n<\/em><strong>Herkunft: <\/strong>Boppard<br \/>\n<strong>Eltern: <\/strong>evtl. Johannes Herter und Barbara N. [s. BB I Nr. H\/209]<br \/>\nw\u00e4re demnach <strong>* 21.02.1656 Boppard<\/strong> [s. BB I Nr. H\/209]<br \/>\n<strong>+ 30.03.1729 Boppard <\/strong>[s. BB I Nr. H\/216]<br \/>\n<strong>Bem.: <\/strong>belegt (nach BB I) im Zinsregister der \u201eStattzinsen zu Boppard\u201c, angelegt 1706 (LHA Koblenz: Best. 618, Nr. 2457), belegt im Grund- und Extraktenbuch, aufgestellt 17.07.1719 (LHA Koblenz: Best. IC, Nr. 14786), wohnt demnach als B\u00e4cker und \u201eSenior\u201c im Schaubenthorner<\/p>\n<p><strong>oo ca. 1678<\/strong> mit<\/p>\n<p style=\"padding-left: 60px;\"><strong><em>Saur<\/em>, Margaretha<br \/>\n<\/strong><\/p>\n<p style=\"padding-left: 90px;\"><strong>Name: <\/strong>bei Taufe 1679 nur <em>Margareta<br \/>\n<\/em><strong>Herkunft: <\/strong>Boppard<br \/>\n<strong>Eltern: <\/strong>Wilhelm <em>Saur<\/em> und Gertrud [s. BB I Nr. S\/034]<br \/>\n<strong>* 22.02.1656 Boppard <\/strong>[s. BB I Nr. S\/034]<br \/>\n<strong>+ 18.03.1730 Boppard <\/strong>[s. BB I Nr. H\/216]<\/p>\n<table border=\"0\" width=\"100%\" cellspacing=\"0\" cellpadding=\"1\">\n<tbody>\n<tr valign=\"TOP\">\n<td width=\"7%\">1)<\/td>\n<td width=\"20%\">Gertrud<\/td>\n<td width=\"30%\">gt. 01.11.1679 Osterspai [274]<\/td>\n<td style=\"text-align: justify;\" width=\"43%\"><\/td>\n<\/tr>\n<tr valign=\"TOP\">\n<td width=\"7%\">2)<\/td>\n<td width=\"20%\">Johannes<\/td>\n<td width=\"30%\">* 21.12.1680 Osterspai<\/td>\n<td style=\"text-align: justify;\" width=\"43%\"><\/td>\n<\/tr>\n<tr valign=\"TOP\">\n<td width=\"7%\">3)<\/td>\n<td width=\"20%\">Margaretha<\/td>\n<td width=\"30%\">* 17.02.1682 Osterspai<\/td>\n<td style=\"text-align: justify;\" width=\"43%\"><\/td>\n<\/tr>\n<tr valign=\"TOP\">\n<td width=\"7%\">4)<\/td>\n<td width=\"20%\">Eva<\/td>\n<td width=\"30%\">* 15.07.1685 Osterspai<\/td>\n<td style=\"text-align: justify;\" width=\"43%\"><\/td>\n<\/tr>\n<tr valign=\"TOP\">\n<td width=\"7%\">5)<\/td>\n<td width=\"20%\">Anna Maria<\/td>\n<td width=\"30%\">* 01.02.1688 Osterspai<\/td>\n<td style=\"text-align: justify;\" width=\"43%\"><\/td>\n<\/tr>\n<tr valign=\"TOP\">\n<td width=\"7%\">6)<\/td>\n<td width=\"20%\">Johann Hermann<\/td>\n<td width=\"30%\">* 03.06.1693 Boppard<\/td>\n<td style=\"text-align: justify;\" width=\"43%\"><\/td>\n<\/tr>\n<tr valign=\"TOP\">\n<td width=\"7%\">7)<\/td>\n<td width=\"20%\">Balthasar<\/td>\n<td width=\"30%\">* 01.04.1696 Boppard<\/td>\n<td style=\"text-align: justify;\" width=\"43%\"><\/td>\n<\/tr>\n<tr valign=\"TOP\">\n<td width=\"7%\">8)<\/td>\n<td width=\"20%\">Franz Dionys<\/td>\n<td width=\"30%\">* 03.05.1699 Boppard<\/td>\n<td style=\"text-align: justify;\" width=\"43%\"><\/td>\n<\/tr>\n<\/tbody>\n<\/table>\n<p>Kinder 2) bis 8) aus BB I Nr. H\/216 erg\u00e4nzt<\/p>\n<p><strong>Paten<\/strong><br \/>\nzu 1) <em>Joannes Antonius Lew, ludimagister, et Gertrudis N. N., infantis avia<\/em><\/p>\n<hr \/>\n<p><span style=\"font-size: small;\"><strong>letztes Update: Oktober 2016<\/strong><br \/>\n<span style=\"font-size: small;\"><strong>Ralph Jackmuth<\/strong><\/span><\/span><\/p>\n","protected":false},"excerpt":{"rendered":"<p>Herter In Osterspai seit Beginn der KB durch die beiden aus Boppard stammenden B\u00e4cker Kaspar Herter (Taufen 1663, 1665) und Johannes Herter (Taufen 1679-1688) belegt, die sich mit ihren Familien im Verlauf aber in Boppard niederlassen. Der Name Herter im KB Boppard schon Ende des 16. Jh. belegt (s. BB I Nr. H\/205 ff.) bisher &hellip; <a href=\"https:\/\/www.ahnenforschung-jackmuth.de\/?page_id=1342\" class=\"more-link\"><span class=\"screen-reader-text\">\u201eOsterspai &#8211; Taufen 1652-1680 (23)\u201c<\/span> weiterlesen<\/a><\/p>\n","protected":false},"author":1,"featured_media":0,"parent":0,"menu_order":0,"comment_status":"closed","ping_status":"closed","template":"","meta":{"footnotes":""},"class_list":["post-1342","page","type-page","status-publish","hentry"],"_links":{"self":[{"href":"https:\/\/www.ahnenforschung-jackmuth.de\/index.php?rest_route=\/wp\/v2\/pages\/1342","targetHints":{"allow":["GET"]}}],"collection":[{"href":"https:\/\/www.ahnenforschung-jackmuth.de\/index.php?rest_route=\/wp\/v2\/pages"}],"about":[{"href":"https:\/\/www.ahnenforschung-jackmuth.de\/index.php?rest_route=\/wp\/v2\/types\/page"}],"author":[{"embeddable":true,"href":"https:\/\/www.ahnenforschung-jackmuth.de\/index.php?rest_route=\/wp\/v2\/users\/1"}],"replies":[{"embeddable":true,"href":"https:\/\/www.ahnenforschung-jackmuth.de\/index.php?rest_route=%2Fwp%2Fv2%2Fcomments&post=1342"}],"version-history":[{"count":0,"href":"https:\/\/www.ahnenforschung-jackmuth.de\/index.php?rest_route=\/wp\/v2\/pages\/1342\/revisions"}],"wp:attachment":[{"href":"https:\/\/www.ahnenforschung-jackmuth.de\/index.php?rest_route=%2Fwp%2Fv2%2Fmedia&parent=1342"}],"curies":[{"name":"wp","href":"https:\/\/api.w.org\/{rel}","templated":true}]}}