{"id":1300,"date":"2016-10-25T15:55:22","date_gmt":"2016-10-25T15:55:22","guid":{"rendered":"http:\/\/www.ahnenforschung-jackmuth.de\/?page_id=1300"},"modified":"2016-10-29T11:11:20","modified_gmt":"2016-10-29T11:11:20","slug":"osterspai-taufen-1652-1680-17","status":"publish","type":"page","link":"https:\/\/www.ahnenforschung-jackmuth.de\/?page_id=1300","title":{"rendered":"Osterspai &#8211; Taufen 1652-1680 (17)"},"content":{"rendered":"<h5><strong>Gro\u00df<\/strong><\/h5>\n<hr \/>\n<p><a name=\"01\"><\/a><strong><span style=\"color: #ff0000;\">[Nr. 1] Gro\u00df, Johann Michael: <\/span><\/strong>Schulthei\u00df<strong><em><br \/>\n<\/em><\/strong><\/p>\n<p style=\"text-align: justify; padding-left: 30px;\"><strong>+ vor 1656<\/strong><\/p>\n<p><strong>oo <\/strong>mit<\/p>\n<p style=\"padding-left: 60px;\"><strong>Sophia<\/strong><\/p>\n<p style=\"padding-left: 90px; text-align: justify;\"><strong>Patenschaften: <\/strong>1656 bei Gerhard Rindsf\u00fcsser (<em>Sophia, Joannis Michaelis Gros relicta<\/em>), 1665 bei Nikolaus Gro\u00df (<em>Sophia, relicta Michaelis Gros<\/em>), evtl. 1672 bei Michael Gro\u00df (<em>Sophia <\/em>[?]<em>, relicta <\/em>[?]<em> uxor <\/em>[?]<em> Michaelis Gro\u00df<\/em>)<br \/>\n<strong>+ 1676<\/strong> <strong>Osterspai <\/strong>[013] (<em>relicta Michaelis Gros, praetoris in Osterspey p. m., dissenteria paenit[us] confecta obiit<\/em>)<\/p>\n<table border=\"0\" width=\"100%\" cellspacing=\"0\" cellpadding=\"1\">\n<tbody>\n<tr valign=\"TOP\">\n<td width=\"7%\">?<\/td>\n<td width=\"20%\">Nikolaus<\/td>\n<td width=\"30%\"><\/td>\n<td width=\"43%\"><a href=\"http:\/\/www.ahnenforschung-jackmuth.de\/?page_id=1300#01\">oo vor 1650 mit Katharina N.<\/a><\/td>\n<\/tr>\n<tr valign=\"TOP\">\n<td width=\"7%\">?<\/td>\n<td width=\"20%\">Anna Maria<\/td>\n<td width=\"30%\"><\/td>\n<td width=\"43%\">Patin 1656 bei Niolaus Gro\u00df (<em>Anna Maria Grosin, dicti Nicolai soror<\/em>)<\/td>\n<\/tr>\n<tr valign=\"TOP\">\n<td width=\"7%\">?<\/td>\n<td width=\"20%\">Maria<\/td>\n<td width=\"30%\"><\/td>\n<td width=\"43%\"><a href=\"http:\/\/www.ahnenforschung-jackmuth.de\/?page_id=1353\">oo mit Ludwig Kapellen<\/a><\/td>\n<\/tr>\n<\/tbody>\n<\/table>\n<hr \/>\n<p><a name=\"02\"><\/a><strong><span style=\"color: #ff0000;\">[Nr. 2] Gro\u00df, Nikolaus<\/span><em><br \/>\n<\/em><\/strong><\/p>\n<p style=\"padding-left: 30px;\"><strong>Name: <\/strong>bei Taufe 1665 <em>Nicolaus Gro\u00df<\/em>, sonst <em>Nicolaus Gros<br \/>\n<\/em><strong>Patenschaften:<\/strong> evtl. 1656 bei Lorenz L\u00f6w (<em>Nicolaus Gros<\/em>), 1663 bei Johannes Muth (<em>Nicolaus Gro\u00df<\/em>), 1663 bei Johann Peter Holler (<em>Nicolaus Gros<\/em>)<br \/>\n<strong>Herkunft: <\/strong>wohl Osterspai<br \/>\n<strong>Eltern: <\/strong>evtl. <a href=\"http:\/\/www.ahnenforschung-jackmuth.de\/?page_id=1300#01\">Johann Michael Gro\u00df und Sophia<\/a><br \/>\n<strong>+ wohl vor 1671<br \/>\n<\/strong><\/p>\n<p><strong>oo vor 1650 <\/strong>mit<\/p>\n<p style=\"padding-left: 60px;\"><strong>Katharina<br \/>\n<\/strong><\/p>\n<p style=\"padding-left: 90px; text-align: justify;\"><strong>Name: <\/strong>bei Taufe 1655 fehlt der Name, sonst nur <em>Catharina<br \/>\n<\/em><strong>Patenschaften:<\/strong> 1657 bei Johannes Muth (<em>Catharina, uxor Nicolai Gro\u00df ex Osterspey<\/em>), 1664 bei Peter Weinem (<em>Catharina, coniux Nicolai Gros<\/em>), wohl 1671 bei Kuno Kaut (<em>Catharina, relicta Gro\u00df<\/em>)<br \/>\n<strong>+ wohl vor 1674<\/strong><\/p>\n<table border=\"0\" width=\"100%\" cellspacing=\"0\" cellpadding=\"1\">\n<tbody>\n<tr valign=\"TOP\">\n<td width=\"7%\">?<\/td>\n<td width=\"20%\">Michael<\/td>\n<td width=\"30%\"><\/td>\n<td style=\"text-align: justify;\" width=\"43%\">+ vor 30.04.1673<br \/>\n<a href=\"http:\/\/www.ahnenforschung-jackmuth.de\/?page_id=1300#03\">oo 23.11.1671 mit Christina <em>Gringh <\/em><\/a>(evtl. vom Hof Kamperhausen (Pfarrei Kamp)<\/td>\n<\/tr>\n<tr valign=\"TOP\">\n<td width=\"7%\">?<\/td>\n<td width=\"20%\">Philipp<\/td>\n<td width=\"30%\"><\/td>\n<td style=\"text-align: justify;\" width=\"43%\"><a href=\"http:\/\/www.ahnenforschung-jackmuth.de\/?page_id=1300#05\">oo 25.02.1675 mit Anna Margaretha <em>Reiff <\/em>von Dieblich<\/a><\/td>\n<\/tr>\n<tr valign=\"TOP\">\n<td width=\"7%\"><\/td>\n<td width=\"20%\">Anna Katharina<\/td>\n<td width=\"30%\"><\/td>\n<td style=\"text-align: justify;\" width=\"43%\"><a href=\"http:\/\/www.ahnenforschung-jackmuth.de\/?page_id=1294#01\">oo 24.02.1669 mit Balthasar <em>Gring<\/em> vom Hof Kamperhausen<\/a> (Pfarrei Kamp) (<em>Anna Catharina, filia Nicolai Gros<\/em>)<\/td>\n<\/tr>\n<tr valign=\"TOP\">\n<td width=\"7%\"><\/td>\n<td width=\"20%\">Johannes<\/td>\n<td width=\"30%\"><\/td>\n<td style=\"text-align: justify;\" width=\"43%\">Patenschaften: evtl. 1672 bei Quirin Diesler (<em>Joannes Gro\u00df, adolescens<\/em>)<br \/>\n<a href=\"http:\/\/www.ahnenforschung-jackmuth.de\/?page_id=1300#04\">oo 28.11.1674 mit Elisabeth Schauren von Osterspai<\/a> (<em>J<\/em><em>oannes Gros, filius legitimus Nicolai Gros et Catharinae piae memoriae<\/em>)<\/td>\n<\/tr>\n<tr valign=\"TOP\">\n<td width=\"7%\">1)<\/td>\n<td width=\"20%\">Gerhard<\/td>\n<td width=\"30%\">\u00a0gt. 12.01.1655 [010]<\/td>\n<td width=\"43%\">\u00a0mit Vermerk: +<\/td>\n<\/tr>\n<tr valign=\"TOP\">\n<td width=\"7%\">2)<\/td>\n<td width=\"20%\">Anna Maria<\/td>\n<td width=\"30%\">\u00a0gt. 08.02.1656 [017]<\/td>\n<td style=\"text-align: justify;\" width=\"43%\">Patenschaften: evtl. 1667 bei Johannes Muth (<em>Anna Maria Gro\u00df ex Osterspey<\/em>), wohl 1673 bei Kuno Kaut (<em>Anna Maria Gros, virgo ex Osterspey<\/em>)<br \/>\n<a href=\"http:\/\/www.ahnenforschung-jackmuth.de\/?page_id=1429#02\">oo 26.11.1674 mit Adam Rindsf\u00fcsser von Osterspai<\/a> (<em>Anna Maria Gros, relicta filia legitima Nicolai Gros et Catharinae piae memo<\/em><em>riae<\/em>)<\/td>\n<\/tr>\n<tr valign=\"TOP\">\n<td width=\"7%\">3)<\/td>\n<td width=\"20%\">Anna Margaretha<\/td>\n<td width=\"30%\">\u00a0gt. 15.06.1658 [035]<\/td>\n<td width=\"43%\">\u00a0mit Vermerk: + <em>sehr klein Kindgen<\/em><\/td>\n<\/tr>\n<tr valign=\"TOP\">\n<td width=\"7%\">4)<\/td>\n<td width=\"20%\">Nikolaus<\/td>\n<td width=\"30%\">\u00a0gt. 02.01.1661 [058]<\/td>\n<td width=\"43%\"><\/td>\n<\/tr>\n<tr valign=\"TOP\">\n<td width=\"7%\">5)<\/td>\n<td width=\"20%\">Klara<\/td>\n<td width=\"30%\">\u00a0gt. 08.04.1663 [076]<\/td>\n<td width=\"43%\"><\/td>\n<\/tr>\n<tr valign=\"TOP\">\n<td width=\"7%\">6)<\/td>\n<td width=\"20%\">Anna Christina<\/td>\n<td width=\"30%\">\u00a0gt. 26.03.1665 [099a]<\/td>\n<td width=\"43%\"><\/td>\n<\/tr>\n<tr valign=\"TOP\">\n<td width=\"7%\">7)<\/td>\n<td width=\"20%\">Anna Sophia<\/td>\n<td width=\"30%\">\u00a0gt. 26.03.1665 [099b]<\/td>\n<td width=\"43%\"><\/td>\n<\/tr>\n<\/tbody>\n<\/table>\n<p style=\"text-align: justify;\"><strong>Paten<br \/>\n<\/strong>zu 1)<em> Gerhardus Rinsf\u00fcser, civis huius loci, et virgo Anna Helbachin, Jacobi Helbach et Evae, uxoris eius, filia<br \/>\n<\/em>zu 2) <em>Anna Maria Grosin, dicti Nicolai soror, et Joannes Petrus Noll, filius Nicolai Noll ex Camp<br \/>\n<\/em>zu 3) <em>Joannes Reiz, dicti Nicolai, afiinis, habitans in Filtzen, et Margaretha, soror uxoris Nicolai<br \/>\n<\/em>zu 4) <em>Nicolaus Noll ex Camp et Eva Helbach<br \/>\n<\/em>zu 5) <em>Clara Muth et Ludovicus Cappellen<br \/>\n<\/em>zu 6) <em>Christina N: ex Rhens et Gerhardus Rinsf\u00fcser<\/em><br \/>\nzu 7) <em>Sophia, relicta Michaelis Gros, et Laurentius Lew<\/em><\/p>\n<hr \/>\n<p><a name=\"03\"><\/a><strong><span style=\"color: #ff0000;\">[Nr. 3] Gro\u00df, Michael<\/span><em><br \/>\n<\/em><\/strong><\/p>\n<p style=\"padding-left: 30px;\"><strong>Name: <\/strong>bei der Trauung <em>Michael Gro\u00df<\/em>, bei Taufe 1672 fehlt der Vorname (Papierbruch)<br \/>\n<strong>Patenschaften: <\/strong>evtl. 1660 bei N. Helbach (<em>Michael Gro\u00df, adolescens<\/em>), evtl. 1668 bei Kuno Kaut (<em>Michael Gro\u00df<\/em>)<br \/>\n<strong>Herkunft: <\/strong>wohl Osterspai<br \/>\n<strong>Eltern: <\/strong>wohl <a href=\"http:\/\/www.ahnenforschung-jackmuth.de\/?page_id=1300#02\">Nikolaus Gro\u00df und Katharina<\/a><br \/>\n<strong>+ vor 30.04.1673<\/strong><\/p>\n<p><strong>oo 23.11.1671 Osterspai <\/strong>[025] mit<\/p>\n<p style=\"padding-left: 60px;\"><strong><em>Gringh<\/em>, Christina<br \/>\n<\/strong><\/p>\n<p style=\"padding-left: 90px;\"><strong>Name: <\/strong>bei der Trauung <em>Christina Gringh<\/em>, bei Taufe 1672 fehlt der Vorname (Papierbruch)<br \/>\n<strong>Patenschaften: <\/strong>1671 bei Johannes Reifert (<em>Christina, uxor Michaelis Gro\u00df<\/em>)<br \/>\n<strong>Herkunft: <\/strong>evtl. Hof Kamperhausen (Pfarrei Kamp)<br \/>\n<strong>Bem.: <\/strong><a href=\"http:\/\/www.ahnenforschung-jackmuth.de\/?page_id=1329#07\">oo II. 30.04.1673 mit Nikolaus Helbach<\/a> (<em>Christina, relicta Michaelis Gros<\/em>)<\/p>\n<table border=\"0\" width=\"100%\" cellspacing=\"0\" cellpadding=\"1\">\n<tbody>\n<tr valign=\"TOP\">\n<td width=\"7%\">1)<\/td>\n<td width=\"20%\">Valentin<\/td>\n<td width=\"30%\">gt. [ ] 1678 [178]<\/td>\n<td style=\"text-align: justify;\" width=\"43%\">mit Vermerk: +<br \/>\nTextverlust durch Papierbruch; der Eintrag passt am ehesten zu dieser Familie<\/td>\n<\/tr>\n<\/tbody>\n<\/table>\n<p><strong>Paten<br \/>\n<\/strong>zu 1)<em> [Valentinus] Dietinger et Sophia <\/em>[?]<em>, relicta <\/em>[?]<em> uxor<\/em> [?]<em> Michaelis Gro\u00df<\/em><strong><em><br \/>\n<\/em><\/strong><\/p>\n<hr \/>\n<p><a name=\"04\"><\/a><strong><span style=\"color: #ff0000;\">[Nr. 4] Gro\u00df, Johannes<\/span><em><br \/>\n<\/em><\/strong><\/p>\n<p style=\"padding-left: 30px;\"><strong>Name: <\/strong>bei der Trauung <em>Joannes Gros filius legitimus Nicolai Gros et Catharinae piae memoriae, <\/em>bei Taufe 1678 <em>Joannes Gros<br \/>\n<\/em><strong>Patenschaften: <\/strong>wohl 1676 bei Paul Bertram (<em>Joannes Gros<\/em>), 1679 bei Jakob <em>Gertner<\/em> (<em>Joannes Gros<\/em>)<br \/>\n<strong>Herkunft: <\/strong>Osterspai<br \/>\n<strong>Eltern: <\/strong><a href=\"http:\/\/www.ahnenforschung-jackmuth.de\/?page_id=1300#02\">Nikolaus Gro\u00df und Katharina<\/a><\/p>\n<p><strong>oo 28.11.1674 Osterspai <\/strong>[039] mit<\/p>\n<p style=\"padding-left: 60px;\"><strong>Schauren, Elisabeth<br \/>\n<\/strong><\/p>\n<p style=\"padding-left: 90px;\"><strong>Name: <\/strong>bei der Trauung <em>Elisabeta Schauren, filia Joannis Schauren et Clarae, <\/em>bei Taufe 1678 nur <em>Elisabetha<br \/>\n<\/em><strong>Herkunft: <\/strong>Osterspai<br \/>\n<strong>Eltern: <\/strong><a href=\"http:\/\/www.ahnenforschung-jackmuth.de\/?page_id=1469\">Johannes Schauren und Klara<\/a><\/p>\n<table border=\"0\" width=\"100%\" cellspacing=\"0\" cellpadding=\"1\">\n<tbody>\n<tr valign=\"TOP\">\n<td width=\"7%\">1)<\/td>\n<td width=\"20%\">Johannes<\/td>\n<td width=\"30%\">* 17.09.1678 [259]<br \/>\n(gt.\u00a0 21.09.)<\/td>\n<td style=\"text-align: justify;\" width=\"43%\"><\/td>\n<\/tr>\n<\/tbody>\n<\/table>\n<p><strong>Paten<br \/>\n<\/strong>zu 1) <em>Joannes Schauren, avus, et Anna Maria, uxor Joannis Gring<\/em><\/p>\n<hr \/>\n<p><a name=\"05\"><\/a><strong><span style=\"color: #ff0000;\">[Nr. 5] Gro\u00df, Philipp<\/span><em><br \/>\n<\/em><\/strong><\/p>\n<p style=\"padding-left: 30px;\"><strong>Name: <\/strong>bei der Trauung <em>Philippus Gros, <\/em>bei den Taufen <em>Philippus Gros<br \/>\n<\/em><strong>Herkunft: <\/strong>wohl Osterspai<br \/>\n<strong>Eltern: <\/strong>wohl <a href=\"http:\/\/www.ahnenforschung-jackmuth.de\/?page_id=1300#02\">Nikolaus Gro\u00df und Katharina<\/a><\/p>\n<p><strong>oo 25.02.1675 Osterspai <\/strong>[040] mit<\/p>\n<p style=\"padding-left: 60px;\"><strong><em>Reiff<\/em>, Anna Margaretha<br \/>\n<\/strong><\/p>\n<p style=\"padding-left: 90px;\"><strong>Name: <\/strong>bei der Trauung <em>Anna Margareta Reiff ex Dieblich, <\/em>bei den Taufen nur <em>Anna Margaretha<br \/>\n<\/em><strong>Herkunft: <\/strong>Dieblich<\/p>\n<table border=\"0\" width=\"100%\" cellspacing=\"0\" cellpadding=\"1\">\n<tbody>\n<tr valign=\"TOP\">\n<td width=\"7%\">1)<\/td>\n<td width=\"20%\">Nikolaus<\/td>\n<td width=\"30%\">gt.\u00a005.11.1676 [235]<\/td>\n<td style=\"text-align: justify;\" width=\"43%\"><\/td>\n<\/tr>\n<tr valign=\"TOP\">\n<td width=\"7%\">2)<\/td>\n<td width=\"20%\">Klara<\/td>\n<td width=\"30%\">* 21.12.1678 [265]<br \/>\n(gt. 26.12.)<\/td>\n<td style=\"text-align: justify;\" width=\"43%\"><\/td>\n<\/tr>\n<\/tbody>\n<\/table>\n<p><strong>Paten<br \/>\n<\/strong>zu 1)<em> Nicolaus Winthausen et Anna Maria, uxor Adami Rinsf\u00fcser<br \/>\n<\/em>zu 2)\u00a0<em>Jacob H\u00fcrter in Lub\u00f6sch et virgo Clara Helbachin<\/em><\/p>\n<hr \/>\n<p><span style=\"font-size: small;\"><strong>letztes Update: Oktober 2016<\/strong><br \/>\n<span style=\"font-size: small;\"><strong>Ralph Jackmuth<\/strong><\/span><\/span><\/p>\n","protected":false},"excerpt":{"rendered":"<p>Gro\u00df [Nr. 1] Gro\u00df, Johann Michael: Schulthei\u00df + vor 1656 oo mit Sophia Patenschaften: 1656 bei Gerhard Rindsf\u00fcsser (Sophia, Joannis Michaelis Gros relicta), 1665 bei Nikolaus Gro\u00df (Sophia, relicta Michaelis Gros), evtl. 1672 bei Michael Gro\u00df (Sophia [?], relicta [?] uxor [?] Michaelis Gro\u00df) + 1676 Osterspai [013] (relicta Michaelis Gros, praetoris in Osterspey p. &hellip; <a href=\"https:\/\/www.ahnenforschung-jackmuth.de\/?page_id=1300\" class=\"more-link\"><span class=\"screen-reader-text\">\u201eOsterspai &#8211; Taufen 1652-1680 (17)\u201c<\/span> weiterlesen<\/a><\/p>\n","protected":false},"author":1,"featured_media":0,"parent":0,"menu_order":0,"comment_status":"closed","ping_status":"closed","template":"","meta":{"footnotes":""},"class_list":["post-1300","page","type-page","status-publish","hentry"],"_links":{"self":[{"href":"https:\/\/www.ahnenforschung-jackmuth.de\/index.php?rest_route=\/wp\/v2\/pages\/1300","targetHints":{"allow":["GET"]}}],"collection":[{"href":"https:\/\/www.ahnenforschung-jackmuth.de\/index.php?rest_route=\/wp\/v2\/pages"}],"about":[{"href":"https:\/\/www.ahnenforschung-jackmuth.de\/index.php?rest_route=\/wp\/v2\/types\/page"}],"author":[{"embeddable":true,"href":"https:\/\/www.ahnenforschung-jackmuth.de\/index.php?rest_route=\/wp\/v2\/users\/1"}],"replies":[{"embeddable":true,"href":"https:\/\/www.ahnenforschung-jackmuth.de\/index.php?rest_route=%2Fwp%2Fv2%2Fcomments&post=1300"}],"version-history":[{"count":0,"href":"https:\/\/www.ahnenforschung-jackmuth.de\/index.php?rest_route=\/wp\/v2\/pages\/1300\/revisions"}],"wp:attachment":[{"href":"https:\/\/www.ahnenforschung-jackmuth.de\/index.php?rest_route=%2Fwp%2Fv2%2Fmedia&parent=1300"}],"curies":[{"name":"wp","href":"https:\/\/api.w.org\/{rel}","templated":true}]}}