{"id":1219,"date":"2016-10-24T11:41:29","date_gmt":"2016-10-24T11:41:29","guid":{"rendered":"http:\/\/www.ahnenforschung-jackmuth.de\/?page_id=1219"},"modified":"2016-10-29T10:40:09","modified_gmt":"2016-10-29T10:40:09","slug":"osterspai-taufen-1652-1680-8","status":"publish","type":"page","link":"https:\/\/www.ahnenforschung-jackmuth.de\/?page_id=1219","title":{"rendered":"Osterspai &#8211; Taufen 1652-1680 (8)"},"content":{"rendered":"<h5><strong>Didinger<br \/>\n<\/strong><\/h5>\n<hr \/>\n<p><strong>bisher nicht zuzuordnen<\/strong><\/p>\n<ul>\n<li><em>Clara, uxor Joannis Friderici Didinger<\/em> Patin 1674 bei Johannes Becker<\/li>\n<\/ul>\n<hr \/>\n<p><a name=\"01\"><\/a><strong><span style=\"color: #ff0000;\">Didinger, Friedrich<\/span><\/strong><strong><em><br \/>\n<\/em><\/strong><\/p>\n<p style=\"text-align: justify; padding-left: 30px;\"><strong>Patenschaften: <\/strong>1660 bei Nikolaus <em>Theishen <\/em>(<em>Fridericus Didinger<\/em>)<br \/>\n<strong>+ vor 1663<\/strong><em><br \/>\n<\/em><\/p>\n<p><strong>oo <\/strong>mit<\/p>\n<p style=\"padding-left: 60px;\"><strong>Eva<br \/>\n<\/strong><\/p>\n<p style=\"padding-left: 90px;\"><strong>Patenschaften: <\/strong>1657 bei Nikolaus Maus (<em>Eva, uxor Friderici Didinger<\/em>), 1657 bei Philipp Schauren (<em>Eva, uxor Friderici Didinger<\/em>), 1663 bei Philipp Helbach (<em>Eva, relicta Dietinger<\/em>)<\/p>\n<table border=\"0\" width=\"100%\" cellspacing=\"0\" cellpadding=\"1\">\n<tbody>\n<tr valign=\"TOP\">\n<td width=\"7%\">1)<\/td>\n<td width=\"20%\">Valentin<\/td>\n<td width=\"30%\">* vor 1650<\/td>\n<td style=\"text-align: justify;\" width=\"43%\">Pate 1655 bei Philipp Helbach (<em>Valentinus Dininger filius Friderici Dieningeri<\/em>)<br \/>\n<a href=\"http:\/\/www.ahnenforschung-jackmuth.de\/?page_id=1219#02\">oo 04.05.1664 mit Gertrud <em>Gring<\/em><\/a><\/td>\n<\/tr>\n<\/tbody>\n<\/table>\n<hr \/>\n<p><a name=\"02\"><\/a><strong><span style=\"color: #ff0000;\">Didinger, Valentin<\/span><em><br \/>\n<\/em><\/strong><\/p>\n<p style=\"padding-left: 30px; text-align: justify;\"><strong>Name: <\/strong>bei der Trauung <em>Valentinus Dietinger, <\/em>bei Taufe 1667, 1672 <em>Valentinus Diedinger, <\/em>1669 <em>Valentinus Diedinger, <\/em>1675 fehlt der Name (Papierbruch), eine j\u00fcngere Hand tr\u00e4gt hier <em>Vater: Val. Dietinger<\/em> nach, 1676 <em>Valentinus Didinger<br \/>\n<\/em><strong>Patenschaften:<\/strong> 1666 bei Johannes Windhausen (<em>Valentinus Dietinger<\/em>), 1668 bei Nikolaus <em>Theishen <\/em>(<em>Valentinus Dietinger<\/em>), 1672 bei (Michael Gro\u00df ?) (<em>[Valentinus] Dietinger; <\/em>s. Eintragsfragment [178]), 1672 bei Johannes Schauren (<em>Valentinus Dietinger<\/em>)<br \/>\n<strong>Eltern: <\/strong><a href=\"http:\/\/www.ahnenforschung-jackmuth.de\/?page_id=1219#01\">Friedrich Didinger und Eva<\/a><br \/>\n<strong>* vor 1650<\/strong><\/p>\n<p><strong>oo 04.05.1664 Osterspai <\/strong>[013] mit<\/p>\n<p style=\"padding-left: 60px;\"><strong><em>Gring<\/em>, Gertrud<br \/>\n<\/strong><\/p>\n<p style=\"padding-left: 90px; text-align: justify;\"><strong>Name: <\/strong>bei der Trauung <em>Gertrudis<\/em> <em>Gring<\/em>, bei allen Taufen nur <em>Gertrudis, <\/em>eine j\u00fcngere Hand tr\u00e4gt 1669 \u00fcber dem Namen der Mutter <em>Gring<\/em> nach<br \/>\n<strong>Patenschaften: <\/strong>1664 bei Johannes Schauren (<em>Gertrudis, uxor Valentini Dietinger<\/em>), 1675 bei Johannes <em>Gring<\/em> (<em>Gertrudis, uxor Valentini Diedinger<\/em>), 1676 bei Nikolaus Helbach (<em>Gertrudis, Valentini Didingers uxor<\/em>), 1678 bei Gerhard Rindsf\u00fcsser (<em>Gertrudis, uxor Valentini Didinger<\/em>)<br \/>\n<strong>Herkunft: <\/strong>wohl Hof Kamperhausen (Pfarrei Kamp)<\/p>\n<table border=\"0\" width=\"100%\" cellspacing=\"0\" cellpadding=\"1\">\n<tbody>\n<tr valign=\"TOP\">\n<td width=\"7%\">1)<\/td>\n<td width=\"20%\">Balthasar<\/td>\n<td width=\"30%\">gt. &#8230; 07.1667 [124]<\/td>\n<td style=\"text-align: justify;\" width=\"43%\">\n<p style=\"text-align: left;\">mit Vermerk: +<br \/>\nMonatstag durch enge Bindung im Mikrofilm nicht lesbar<\/p>\n<\/td>\n<\/tr>\n<tr valign=\"TOP\">\n<td width=\"7%\">2)<\/td>\n<td width=\"20%\">Philipp<\/td>\n<td width=\"30%\">gt. 03.02.1669 [146]<\/td>\n<td style=\"text-align: justify;\" width=\"43%\"><\/td>\n<\/tr>\n<tr valign=\"TOP\">\n<td width=\"7%\">3)<\/td>\n<td width=\"20%\">Johann Friedrich<\/td>\n<td width=\"30%\">gt. 15.05.1672 [183]<\/td>\n<td width=\"43%\"><\/td>\n<\/tr>\n<tr valign=\"TOP\">\n<td width=\"7%\">4)<\/td>\n<td width=\"20%\">Anna Katharina<\/td>\n<td width=\"30%\">* [ ] 03.1675 [214]<br \/>\n(gt. 24.03.)<\/td>\n<td width=\"43%\">Textverlust beim Monatstag durch Papierbruch<\/td>\n<\/tr>\n<tr valign=\"TOP\">\n<td width=\"7%\">5)<\/td>\n<td width=\"20%\">Valentin<\/td>\n<td width=\"30%\">gt. 22.10.1676 [231]<\/td>\n<td width=\"43%\"><\/td>\n<\/tr>\n<\/tbody>\n<\/table>\n<p style=\"text-align: justify;\"><strong>Paten<br \/>\n<\/strong>zu 1)<em> Balthasar Gring ex Kamperhausen et Eva Helbach ex Osterspey<br \/>\n<\/em>zu 2) <em>Philippus Helbach et Christina Gring<br \/>\n<\/em>zu 3) <em>Joannes Fridericus Helbach, adolescens, et Eva Schauren, virgo<br \/>\n<\/em>zu 4) <em>Joannes Grimber ex Dalhem et Anna Catharina ex Camperhausen<br \/>\n<\/em>zu 5) <em>Valentinus Helbach et Anna Maria, uxor Joannis Gring<\/em><\/p>\n<hr \/>\n<p><span style=\"font-size: small;\"><b>Letztes Update: Oktober 2016<\/b><\/span><br \/>\n<span style=\"font-size: small;\"><b>Ralph Jackmuth<\/b><\/span><\/p>\n","protected":false},"excerpt":{"rendered":"<p>Didinger bisher nicht zuzuordnen Clara, uxor Joannis Friderici Didinger Patin 1674 bei Johannes Becker Didinger, Friedrich Patenschaften: 1660 bei Nikolaus Theishen (Fridericus Didinger) + vor 1663 oo mit Eva Patenschaften: 1657 bei Nikolaus Maus (Eva, uxor Friderici Didinger), 1657 bei Philipp Schauren (Eva, uxor Friderici Didinger), 1663 bei Philipp Helbach (Eva, relicta Dietinger) 1) Valentin &hellip; <a href=\"https:\/\/www.ahnenforschung-jackmuth.de\/?page_id=1219\" class=\"more-link\"><span class=\"screen-reader-text\">\u201eOsterspai &#8211; Taufen 1652-1680 (8)\u201c<\/span> weiterlesen<\/a><\/p>\n","protected":false},"author":1,"featured_media":0,"parent":0,"menu_order":0,"comment_status":"closed","ping_status":"closed","template":"","meta":{"footnotes":""},"class_list":["post-1219","page","type-page","status-publish","hentry"],"_links":{"self":[{"href":"https:\/\/www.ahnenforschung-jackmuth.de\/index.php?rest_route=\/wp\/v2\/pages\/1219","targetHints":{"allow":["GET"]}}],"collection":[{"href":"https:\/\/www.ahnenforschung-jackmuth.de\/index.php?rest_route=\/wp\/v2\/pages"}],"about":[{"href":"https:\/\/www.ahnenforschung-jackmuth.de\/index.php?rest_route=\/wp\/v2\/types\/page"}],"author":[{"embeddable":true,"href":"https:\/\/www.ahnenforschung-jackmuth.de\/index.php?rest_route=\/wp\/v2\/users\/1"}],"replies":[{"embeddable":true,"href":"https:\/\/www.ahnenforschung-jackmuth.de\/index.php?rest_route=%2Fwp%2Fv2%2Fcomments&post=1219"}],"version-history":[{"count":0,"href":"https:\/\/www.ahnenforschung-jackmuth.de\/index.php?rest_route=\/wp\/v2\/pages\/1219\/revisions"}],"wp:attachment":[{"href":"https:\/\/www.ahnenforschung-jackmuth.de\/index.php?rest_route=%2Fwp%2Fv2%2Fmedia&parent=1219"}],"curies":[{"name":"wp","href":"https:\/\/api.w.org\/{rel}","templated":true}]}}