{"id":12132,"date":"2026-05-13T10:11:07","date_gmt":"2026-05-13T10:11:07","guid":{"rendered":"https:\/\/www.ahnenforschung-jackmuth.de\/?page_id=12132"},"modified":"2026-05-13T13:21:33","modified_gmt":"2026-05-13T13:21:33","slug":"kollekten","status":"publish","type":"page","link":"https:\/\/www.ahnenforschung-jackmuth.de\/?page_id=12132","title":{"rendered":"Kollekten"},"content":{"rendered":"<p><span style=\"font-family: times new roman, times, serif; font-size: 14pt;\"><strong>6 Kollekten von Bad- und Brunneng\u00e4sten<\/strong><\/span><\/p>\n<p style=\"text-align: justify;\"><span style=\"font-family: times new roman, times, serif;\">Nach der Rechnung 1707-1711 betragen diese Kollekten 1907 fl. 9 alb., und zwar:<\/span><\/p>\n<ul style=\"text-align: justify;\">\n<li style=\"list-style-type: none;\">\n<ul>\n<li><span style=\"font-family: times new roman, times, serif;\">1680 fl. bestehend aus: 1500 fl., die vorher bei dem f\u00fcrstl. Vogt Johann Nikolaus Herrmann standen (von 1695 bis 1704 gefallen, und 180 fl., die lt. pag. 65 bis 78 des Kollektenbuchs gesammelt wurden (von 1704 bis 1707 gefallen)<\/span><\/li>\n<li><span style=\"font-family: times new roman, times, serif;\">49 fl. 2 alb. 4 d. liefert der Vogt Herrmann am 07.02.1709, die lt. pag. 79-81 des Kollektenbuchs im Jahr 1708 gesammelt wurden<\/span><\/li>\n<li><span style=\"font-family: times new roman, times, serif;\">64 fl. 17 alb. liefert der Vogt Herrmann am 14.02.1710, die lt. pag. 82-86 des Kollektenbuchs im Jahr 1709 gesammelt wurden, nach Abzug von 7 fl. 3 alb. Kollektantengeb\u00fchr (von jedem Gulden 3 alb.)<\/span><\/li>\n<li><span style=\"font-family: times new roman, times, serif;\">40 fl. liefert der Vogt Herrmann am 23.08.1710, die von einigen Jahren her in der Emser Armenb\u00fcchse gesammelt wurde. Hierzu vermerkt der Rechnungsf\u00fchrer: <em>Dieser Posten kann eigentlich nicht beschienen werden, weil es des Auditeurs Archenholz Bericht nach im \u00dcberrest von derjenigen Almo\u00dfenbuchs die vormahls gew\u00f6hnlich gewe\u00dfen und sogleich wieder an die Armen ausgetheilt oder zu Behuff der Krancken und Ab&lt;&#8230;&gt; verwendet worden sey.<\/em><\/span><\/li>\n<li><span style=\"font-family: times new roman, times, serif;\">51 fl. 27 alb. liefert die Witwe des Vogts Hermann am 11.01.1711, die lt. pag. 87-92 des Kollektenbuchs im Jahr 1710 gesammelt wurden, nach Abzug von 5 fl. 21 alb. Kollektantengeb\u00fchr<\/span><\/li>\n<li><span style=\"font-family: times new roman, times, serif;\">21 fl. 22 alb. 4 d. liefert die Witwe des Vogts Hermann am 12.01.1712, die lt. pag. 93-94 des Kollektenbuchs im Jahr 1711 gesammelt wurden, nach Abzug von 2 fl. 12 alb. Kollektantengeb\u00fchr<\/span><\/li>\n<\/ul>\n<\/li>\n<\/ul>\n<p style=\"text-align: justify;\"><span style=\"font-family: times new roman, times, serif;\">Ab 1712 wird nichts mehr vereinnahmt, <em>weilen bey der anno 1712 vorgewesenen Conferenz das Collectenbuch von denen f\u00fcrst[lich] hessen-darmst\u00e4ttischen Herrn Deputirten zu sich genommen und die fernere Colligirung inhibiret <\/em>[verhindert]<em> worden. N[ot]a. Ist noch beyzubringen, von weme die Inhibition <\/em>[Hinderung]<em> und an wene ergangen.<\/em><\/span><\/p>\n<p style=\"text-align: justify;\"><span style=\"font-family: times new roman, times, serif;\">Die Rubrik bleibt auch weiterhin leer, ab 1747 wird dann vermerkt, dass die Kollekten sogleich vom Emser Pfarrer an die Armen ausgeteilt werden. In den Notamina zu den Rechnungen 1752 und 1754 hei\u00dft es: <em>Die von den Curg\u00e4sten eingesammelte Gelder werden theils den Armen ausgetheilt, th[ei]ls zum Bauen des Armen Baads angewendet. <\/em>(<a href=\"https:\/\/www.ahnenforschung-jackmuth.de\/?page_id=12161#rech1754-01\">ABR 1754, Beilage [1]<\/a>)<\/span><\/p>\n<hr \/>\n<p><span style=\"font-size: 10pt; font-family: times new roman, times, serif;\"><strong>Letzte \u00c4nderung: 13. Mai 2026<\/strong><\/span><br \/>\n<span style=\"font-size: 10pt; font-family: times new roman, times, serif;\"><strong>Ralph Jackmuth<\/strong><\/span><\/p>\n","protected":false},"excerpt":{"rendered":"<p>6 Kollekten von Bad- und Brunneng\u00e4sten Nach der Rechnung 1707-1711 betragen diese Kollekten 1907 fl. 9 alb., und zwar: 1680 fl. bestehend aus: 1500 fl., die vorher bei dem f\u00fcrstl. Vogt Johann Nikolaus Herrmann standen (von 1695 bis 1704 gefallen, und 180 fl., die lt. pag. 65 bis 78 des Kollektenbuchs gesammelt wurden (von 1704 &hellip; <a href=\"https:\/\/www.ahnenforschung-jackmuth.de\/?page_id=12132\" class=\"more-link\"><span class=\"screen-reader-text\">\u201eKollekten\u201c<\/span> weiterlesen<\/a><\/p>\n","protected":false},"author":1,"featured_media":0,"parent":0,"menu_order":0,"comment_status":"closed","ping_status":"closed","template":"","meta":{"footnotes":""},"class_list":["post-12132","page","type-page","status-publish","hentry"],"_links":{"self":[{"href":"https:\/\/www.ahnenforschung-jackmuth.de\/index.php?rest_route=\/wp\/v2\/pages\/12132","targetHints":{"allow":["GET"]}}],"collection":[{"href":"https:\/\/www.ahnenforschung-jackmuth.de\/index.php?rest_route=\/wp\/v2\/pages"}],"about":[{"href":"https:\/\/www.ahnenforschung-jackmuth.de\/index.php?rest_route=\/wp\/v2\/types\/page"}],"author":[{"embeddable":true,"href":"https:\/\/www.ahnenforschung-jackmuth.de\/index.php?rest_route=\/wp\/v2\/users\/1"}],"replies":[{"embeddable":true,"href":"https:\/\/www.ahnenforschung-jackmuth.de\/index.php?rest_route=%2Fwp%2Fv2%2Fcomments&post=12132"}],"version-history":[{"count":4,"href":"https:\/\/www.ahnenforschung-jackmuth.de\/index.php?rest_route=\/wp\/v2\/pages\/12132\/revisions"}],"predecessor-version":[{"id":12183,"href":"https:\/\/www.ahnenforschung-jackmuth.de\/index.php?rest_route=\/wp\/v2\/pages\/12132\/revisions\/12183"}],"wp:attachment":[{"href":"https:\/\/www.ahnenforschung-jackmuth.de\/index.php?rest_route=%2Fwp%2Fv2%2Fmedia&parent=12132"}],"curies":[{"name":"wp","href":"https:\/\/api.w.org\/{rel}","templated":true}]}}