{"id":12127,"date":"2026-05-13T09:53:56","date_gmt":"2026-05-13T09:53:56","guid":{"rendered":"https:\/\/www.ahnenforschung-jackmuth.de\/?page_id=12127"},"modified":"2026-05-13T13:18:30","modified_gmt":"2026-05-13T13:18:30","slug":"besoldungen","status":"publish","type":"page","link":"https:\/\/www.ahnenforschung-jackmuth.de\/?page_id=12127","title":{"rendered":"Besoldungen"},"content":{"rendered":"<p><span style=\"font-family: times new roman, times, serif; font-size: 14pt;\"><strong>4 Besoldungen<\/strong><\/span><\/p>\n<p style=\"text-align: justify;\"><span style=\"font-family: times new roman, times, serif;\">F\u00fcr diese zun\u00e4chst unter den Allgemeinen Ausgaben (\u201eInsgemein\u201c) gef\u00fchrten Posten, wird ab 1750 eine eigene Rubrik gebildet.<\/span><\/p>\n<hr \/>\n<p style=\"text-align: justify;\"><span style=\"font-family: times new roman, times, serif;\"><strong>Kriegsmann, Johann Christian: <\/strong>Amtskellner zu Braubach (bg. 05.12.1727 Braubach); Fondsverwalter und Rechnungsf\u00fchrer 1707-1727<\/span><\/p>\n<ul>\n<li style=\"list-style-type: none;\">\n<ul>\n<li style=\"text-align: justify;\"><span style=\"font-family: times new roman, times, serif;\">erh\u00e4lt 20 fl. Besoldung lt. eines f\u00fcrstl. Dekrets (Nr. 3) \u2014 erh\u00e4lt 22 fl. 15 alb. Besoldung f\u00fcr die Jahre 1722 bis 1726, j\u00e4hrlich 5 fl., die ihm jedes Jahr lt. des genannten Dekrets bezahlt werden (ABR 1721-1726)<\/span><\/li>\n<li style=\"text-align: justify;\"><span style=\"font-family: times new roman, times, serif;\">erh\u00e4lt 10 fl. Besoldung lt. eines f\u00fcrstl. Dekrets, das unter Nr. 3 in voriger Rechnung bei pag. 18 beigelegt wurde (ABR 1727-1728)<\/span><\/li>\n<\/ul>\n<\/li>\n<\/ul>\n<hr \/>\n<p style=\"text-align: justify;\"><span style=\"font-family: times new roman, times, serif;\"><strong>Drach, Johann Christoph:<\/strong> Amtsverweser und Kammerrat zu Braubach (+ 22.06.1757); Fondsverwalter und Rechnungsf\u00fchrer 1729-1738<\/span><\/p>\n<ul>\n<li style=\"list-style-type: none;\">\n<ul>\n<li style=\"text-align: justify;\"><span style=\"font-family: times new roman, times, serif;\">erh\u00e4lt 10 fl. Besoldung f\u00fcr 1729-1730 lt. eines f\u00fcrstl. Dekrets, das vorigen Rechnungen beigelegt wurde (ABR-1729-1730)<\/span><\/li>\n<li style=\"text-align: justify;\"><span style=\"font-family: times new roman, times, serif;\">erh\u00e4lt 5 fl. Besoldung (ABR 1731-1738); wegen diesem geringen Betrag schreibt Drach:<em> P[ro] M[emoria]. Weilen die Capitalia zeithero immer st\u00e4rcker worden, folglich die Pensiones gewach\u00dfen sind und Rechner mit Erhebung die\u00dfer Gelder sehr viele M\u00fche und Beschwerlichkeit hat, so lebt derselbe unterth\u00e4nigsten Vertrauens, da\u00df ihm ins k\u00fcnfftig \u00fcber \u00fcbige 5 fl. noch etwas weiters gn\u00e4digst vermacht werden wird. <\/em>(ABR 1738)<\/span><\/li>\n<\/ul>\n<\/li>\n<\/ul>\n<hr \/>\n<p style=\"text-align: justify;\"><span style=\"font-family: times new roman, times, serif;\"><strong>Engelhard, Johann Ludwig:<\/strong> Kriegskassierer zu Braubach (bg. 23.12.1761 Braubach); Fondsverwalter und Rechnungsf\u00fchrer 1739-1761<\/span><\/p>\n<ul>\n<li style=\"list-style-type: none;\">\n<ul>\n<li style=\"text-align: justify;\"><span style=\"font-family: times new roman, times, serif;\">erh\u00e4lt 5 fl. Besoldung, <em>von die\u00dfen Geldern zu erheben und zu berechnen, weilen sich die Capitalia seithero sehr vermehret<\/em> (ABR 1739)<\/span><\/li>\n<li style=\"text-align: justify;\"><span style=\"font-family: times new roman, times, serif;\">erh\u00e4lt 5 fl. Besoldung <em>weilen sich das Capital ziemlich vermehret, daher Rechner viele M\u00fche und Arbeit bey Eintreibung dieser Gelder gehabt<\/em> (ABR 1740)<\/span><\/li>\n<li style=\"text-align: justify;\"><span style=\"font-family: times new roman, times, serif;\">erh\u00e4lt 5 fl. Besoldung <em>weilen sich die Capitalia ziem[lich] vermehret <\/em>(ABR 1741)<\/span><\/li>\n<li style=\"text-align: justify;\"><span style=\"font-family: times new roman, times, serif;\">erh\u00e4lt 21 fl. r\u00fcckst\u00e4ndige Besoldung von 1739-1741 lt. Dekret vom 27.01.1745 (<a href=\"https:\/\/www.ahnenforschung-jackmuth.de\/?page_id=12161#rech1744-02\">ABR 1744 und Beilage [2]<\/a>)<\/span><\/li>\n<li style=\"text-align: justify;\"><span style=\"font-family: times new roman, times, serif;\">erh\u00e4lt 60 fl. r\u00fcckst\u00e4ndige Besoldung von 1742-1744 lt. Dekret (ABR 1744)<\/span><\/li>\n<li style=\"text-align: justify;\"><span style=\"font-family: times new roman, times, serif;\">erh\u00e4lt 20 fl. Besoldung j\u00e4hrlich (ABR 1745-1761)<\/span><\/li>\n<li style=\"text-align: justify;\"><span style=\"font-family: times new roman, times, serif;\">erh\u00e4lt 12 fl. Douceur [Anerkennung] \u201ewegen au\u00dferordentlich gehabter Bem\u00fchung und Geldverlust, so ich bei Eintreibung und Zahlung der Kaufgelder des Steinernen Haus gehabt\u201c (ABR 1750, unter Allg. Ausgaben); zugrunde liegt ein Gesuch Engelhards, pr\u00e4s. Darmstadt, 16.04.1750 (<a href=\"https:\/\/www.ahnenforschung-jackmuth.de\/?page_id=12161#rech1762-13\">ABR 1762, Beilage [13]<\/a>) und ein f\u00fcrstl. Bewilligungsdekret vom 16.04.1750 (<a href=\"https:\/\/www.ahnenforschung-jackmuth.de\/?page_id=12161#rech1762-14\">ABR 1762, Beilage [14]<\/a>)<\/span><\/li>\n<\/ul>\n<\/li>\n<\/ul>\n<hr \/>\n<p style=\"text-align: justify;\"><span style=\"font-family: times new roman, times, serif;\"><strong>Engelhard geb. Ritter, Maria Katharina:<\/strong> Witwe des Vorg\u00e4ngers, Fondsverwalterin und Rechnungsf\u00fchrerin 1762-1764 (bg. 15.02.1768 Braubach)<\/span><\/p>\n<ul>\n<li style=\"list-style-type: none;\">\n<ul>\n<li style=\"text-align: justify;\"><span style=\"font-family: times new roman, times, serif;\">erh\u00e4lt 20 fl. Besoldung j\u00e4hrlich (ABR 1762-1763), 10 fl. vom 01.01. bis 30.06.1764 (ABR 1764-1) und 10 fl. vom 01.07. bis 31.12.1764 (ABR 1764-2)<\/span><\/li>\n<li style=\"text-align: justify;\"><span style=\"font-family: times new roman, times, serif;\">ihre Erben (Kinder des Sch\u00f6nborner Pfarrers Johann Philipp Gran) erhalten diese 20 fl. als \u201eGnadenbesoldung\u201c weiterhin aufgrund eines f\u00fcrstl. Befehls vom 21.12.1767, ausgezahlt mit 10 fl. vom 01.06. bis 31.12.1766 (ABR 1766 unter Allg. Ausgaben), mit 20 fl. (ABR 1767 unter Allg. Ausgaben) und 6 fl. 20 alb. (ABR 1768 unter Allg. Ausgaben)<\/span><\/li>\n<li style=\"text-align: justify;\"><span style=\"font-family: times new roman, times, serif;\">Hierzu informiert ein Brief des Regierungrats Friedrich Jakob Sch\u00f6ndorf zu Darmstadt vom 31.08.1775 (<a href=\"https:\/\/www.ahnenforschung-jackmuth.de\/?page_id=12161#rech1763-07\">ABR 1763, Beilage [7]<\/a>) und ein amtliches Attestat von Amtmann Kekule vom 21.08.1775 (<a href=\"https:\/\/www.ahnenforschung-jackmuth.de\/?page_id=12161#rech1763-08\">ABR 1763, Beilage [8]<\/a>)<\/span><\/li>\n<\/ul>\n<\/li>\n<\/ul>\n<hr \/>\n<p style=\"text-align: justify;\"><span style=\"font-family: times new roman, times, serif;\"><strong>Friedgen, Johann Christian:<\/strong> Kriegskassierer zu Braubach (bg. 04.01.1771 Braubach); Fondsverwalter und Rechnungsf\u00fchrer 1764-1770<\/span><\/p>\n<ul>\n<li style=\"list-style-type: none;\">\n<ul>\n<li><span style=\"font-family: times new roman, times, serif;\">erh\u00e4lt 20 fl. Besoldung j\u00e4hrlich (ABR 1765-1770)<\/span><\/li>\n<li><span style=\"font-family: times new roman, times, serif;\">erh\u00e4lt 10 fl. Besoldungszulage j\u00e4hrlich (ABR 1767-1770)<\/span><\/li>\n<\/ul>\n<\/li>\n<\/ul>\n<hr \/>\n<p><span style=\"font-family: times new roman, times, serif;\"><strong>Leporinus, Charlotta Katharina:<\/strong> Tochter des Emser Pfarrers Leporinus<\/span><\/p>\n<ul>\n<li style=\"list-style-type: none;\">\n<ul>\n<li><span style=\"font-family: times new roman, times, serif;\">erh\u00e4lt 10 fl. Gnadengehalt (ABR 1749-1751, 1749 unter Rubrik Allg. Ausgaben)<\/span><\/li>\n<\/ul>\n<\/li>\n<\/ul>\n<hr \/>\n<p><span style=\"font-family: times new roman, times, serif;\"><strong>Br\u00fcckmann, Philipp Ludwig:<\/strong> Hof- und Badmedikus<\/span><\/p>\n<ul>\n<li style=\"list-style-type: none;\">\n<ul>\n<li style=\"text-align: justify;\"><span style=\"font-family: times new roman, times, serif;\">Ernennungsdekret zum Hof- und Badmedikus vom 21.06.1743. Br\u00fcckmann soll zus\u00e4tzlich zu seiner Besoldung als Stadt- und Amtsphysikus von 50 fl. und 3 Ohm aus der Braubacher Kellerei noch weiter ab 01.07.1743 aus den dortigen Amtsreven\u00fcen erhalten: 30 fl. an Geld, 10 Malter Korn und 2 \u00bd Malter Gerste Bopparder Ma\u00df, sodann 30 fl. aus der Emser Armenbadkasse (<a href=\"https:\/\/www.ahnenforschung-jackmuth.de\/?page_id=12161#rech1743-01\">ABR 1743, Beilage [1]<\/a>)<\/span><\/li>\n<li style=\"text-align: justify;\"><span style=\"font-family: times new roman, times, serif;\">erh\u00e4lt f\u00fcr das 2. Halbjahr 1743 15 fl. und dann 30 fl. Besoldung j\u00e4hrlich (ABR 1743-1770, 1743-1749 unter Rubrik der Allg. Ausgaben, dann unter \u201eBesoldungen\u201c)<\/span><\/li>\n<li style=\"text-align: justify;\"><span style=\"font-family: times new roman, times, serif;\">Br\u00fcckmann quittiert \u00fcber den Empfang von 30 fl.: am 04.01.1744 (<a href=\"https:\/\/www.ahnenforschung-jackmuth.de\/?page_id=12161#rech1743-02\">ABR 1743, Beilage [2]<\/a>), am 07.01.1745 (<a href=\"https:\/\/www.ahnenforschung-jackmuth.de\/?page_id=12161#rech1744-01\">ABR 1744, Beilage [1]<\/a>), am 04.01.1749 (<a href=\"https:\/\/www.ahnenforschung-jackmuth.de\/?page_id=12161#rech1748-03\">ABR 1748, Beilage [3]<\/a>), am 04.01.1762 (<a href=\"https:\/\/www.ahnenforschung-jackmuth.de\/?page_id=12161#rech1761-01\">ABR 1761, Beilage [1]<\/a>)<\/span><\/li>\n<\/ul>\n<\/li>\n<\/ul>\n","protected":false},"excerpt":{"rendered":"<p>4 Besoldungen F\u00fcr diese zun\u00e4chst unter den Allgemeinen Ausgaben (\u201eInsgemein\u201c) gef\u00fchrten Posten, wird ab 1750 eine eigene Rubrik gebildet. Kriegsmann, Johann Christian: Amtskellner zu Braubach (bg. 05.12.1727 Braubach); Fondsverwalter und Rechnungsf\u00fchrer 1707-1727 erh\u00e4lt 20 fl. Besoldung lt. eines f\u00fcrstl. Dekrets (Nr. 3) \u2014 erh\u00e4lt 22 fl. 15 alb. Besoldung f\u00fcr die Jahre 1722 bis 1726, &hellip; <a href=\"https:\/\/www.ahnenforschung-jackmuth.de\/?page_id=12127\" class=\"more-link\"><span class=\"screen-reader-text\">\u201eBesoldungen\u201c<\/span> weiterlesen<\/a><\/p>\n","protected":false},"author":1,"featured_media":0,"parent":0,"menu_order":0,"comment_status":"closed","ping_status":"closed","template":"","meta":{"footnotes":""},"class_list":["post-12127","page","type-page","status-publish","hentry"],"_links":{"self":[{"href":"https:\/\/www.ahnenforschung-jackmuth.de\/index.php?rest_route=\/wp\/v2\/pages\/12127","targetHints":{"allow":["GET"]}}],"collection":[{"href":"https:\/\/www.ahnenforschung-jackmuth.de\/index.php?rest_route=\/wp\/v2\/pages"}],"about":[{"href":"https:\/\/www.ahnenforschung-jackmuth.de\/index.php?rest_route=\/wp\/v2\/types\/page"}],"author":[{"embeddable":true,"href":"https:\/\/www.ahnenforschung-jackmuth.de\/index.php?rest_route=\/wp\/v2\/users\/1"}],"replies":[{"embeddable":true,"href":"https:\/\/www.ahnenforschung-jackmuth.de\/index.php?rest_route=%2Fwp%2Fv2%2Fcomments&post=12127"}],"version-history":[{"count":3,"href":"https:\/\/www.ahnenforschung-jackmuth.de\/index.php?rest_route=\/wp\/v2\/pages\/12127\/revisions"}],"predecessor-version":[{"id":12180,"href":"https:\/\/www.ahnenforschung-jackmuth.de\/index.php?rest_route=\/wp\/v2\/pages\/12127\/revisions\/12180"}],"wp:attachment":[{"href":"https:\/\/www.ahnenforschung-jackmuth.de\/index.php?rest_route=%2Fwp%2Fv2%2Fmedia&parent=12127"}],"curies":[{"name":"wp","href":"https:\/\/api.w.org\/{rel}","templated":true}]}}