{"id":12120,"date":"2026-05-13T09:47:17","date_gmt":"2026-05-13T09:47:17","guid":{"rendered":"https:\/\/www.ahnenforschung-jackmuth.de\/?page_id=12120"},"modified":"2026-05-13T11:05:06","modified_gmt":"2026-05-13T11:05:06","slug":"armenbad","status":"publish","type":"page","link":"https:\/\/www.ahnenforschung-jackmuth.de\/?page_id=12120","title":{"rendered":"Armenbad"},"content":{"rendered":"<p><span style=\"font-family: times new roman, times, serif; font-size: 14pt;\"><strong>3 Armenbad<\/strong><\/span><\/p>\n<p><span style=\"font-family: times new roman, times, serif; font-size: 12pt;\"><strong><a id=\"kap3.1\"><\/a>3.1 Baukosten<\/strong><\/span><\/p>\n<ul>\n<li style=\"list-style-type: none;\">\n<ul>\n<li style=\"text-align: justify;\"><span style=\"font-family: times new roman, times, serif;\">26 fl. 2 alb. 4 d. dem Maurer zu Nassau Lukas Balthasar f\u00fcr Verfertigung eines neuen Kanals am Emser Armenbad zur diesseitigen H\u00e4lfte lt. Befehl Nr. 1 und quittierten Zettels Nr. 2 (ABR 1712-1714)<\/span><\/li>\n<li style=\"text-align: justify;\"><span style=\"font-family: times new roman, times, serif;\">1 fl. 15 alb. dem Glaser zu Braubach Peter Stein f\u00fcr Glaserarbeit auf erw\u00e4hnten Befehl (Nr. 1) und Quittung Nr. 3 (ABR 1712-1714)<\/span><\/li>\n<li style=\"text-align: justify;\"><span style=\"font-family: times new roman, times, serif;\">2 fl. 28 alb. 6 d. Martin Mahl zu Ems f\u00fcr Zimmerarbeit auf erw\u00e4hnten Befehl (Nr. 1) und Quittung Nr. 4 (ABR 1712-1714)<\/span><\/li>\n<li style=\"text-align: justify;\"><span style=\"font-family: times new roman, times, serif;\">3 fl. 22 alb. 4 d. Lukas Balthasar, Maurermeister zu Nassau, f\u00fcr fernere Mauererarbeit am Armenbad lt. ratifizierten Zettels und darauf geschriebener Quittung Nr. 6 \u2014 9 fl. 11 alb. 2 d. weiter demselben wegen Steinbrechen bezahlt lt. erw\u00e4hnten ratifizierten Zettels und Schreibens des f\u00fcrstl. diezischen Beamten Nr. 6, \u201eals welcher die Steine vorgeliehen gehabt und nun von dem Maurer ersetzt worden\u201c (ABR 1712-1714)<\/span><\/li>\n<li style=\"text-align: justify;\"><span style=\"font-family: times new roman, times, serif;\">3 fl. 7 alb. 4 d. Johann Georg Br\u00fcck, dem Schiffmann und Frohn zu Ems, f\u00fcr Trass<a href=\"#_ftn1\" name=\"_ftnref1\">[1]<\/a> und Moselkalk, auch Schifflohn lt. erw\u00e4hnter Ratifikation Nr. 5 vorher und Quittung Nr. 7 (ABR 1712-1714)<\/span><\/li>\n<li style=\"text-align: justify;\"><span style=\"font-family: times new roman, times, serif;\">25 alb. der Witwe des Vogts Herrmann zu Ems f\u00fcr 5 Bretter (<em>Bort<\/em>) zum Armenbad lt. Quittung Nr. 8 (ABR 1712-1714)<\/span><\/li>\n<li style=\"text-align: justify;\"><span style=\"font-family: times new roman, times, serif;\">Zufolge des in Kopie der Rechnung beiliegenden und an den f\u00fcrstl. Vogt Archenholtz ergangenen Befehls vom 12.05.1717 (unter Nr. 2), wurden ausgegeben (ABR 1715-1717); Gesamtkosten: 118 fl. 14 alb. 5\/6 d.<\/span>\n<ul>\n<li><span style=\"font-family: times new roman, times, serif;\">164 Bretter (<em>Bort<\/em>) incl. der Fracht wurden f\u00fcr 24 fl. 7 alb. 4 d. zur Schreinerarbeit gekauft lt. Bescheinigung des Schreiners Tilmann Nu\u00df von Ems<\/span><\/li>\n<li><span style=\"font-family: times new roman, times, serif;\">F\u00fcr 750 Speichern\u00e4gel wurden 1 fl. 3 alb. 6 d. ausgegeben lt. Bescheinigung des Schreiners Tilmann Nu\u00df von Ems<\/span><\/li>\n<li><span style=\"font-family: times new roman, times, serif;\">Peter Stein, dem Glaser zu Braubach, f\u00fcr Glaserarbeit lt. Quittung Nr. 5, 5 fl. 18 alb.<\/span><\/li>\n<li><span style=\"font-family: times new roman, times, serif;\">Martin Mahl, dem Zimmermann zu Ems, f\u00fcr Zimmerarbeit lt. Quittung Nr. 6, 6 fl. 3 alb. 4 d.<\/span><\/li>\n<li><span style=\"font-family: times new roman, times, serif;\">Georg Krau\u00df und Niklas Zimmerschied von Holz zu schneiden, lt. Quittung Nr. 7, 1 fl. 29 alb. 4 \u00bd d.<\/span><\/li>\n<li><span style=\"font-family: times new roman, times, serif;\">Tilmann Nu\u00df, Schreiner zu Ems, f\u00fcr Schreinerarbeit, lt. Zettel Nr. 8, 17 fl. 6 d.<\/span><\/li>\n<li><span style=\"font-family: times new roman, times, serif;\">Johann David Schneider, Schlosser zu Ems, f\u00fcr Schlosserarbeit, lt. Zettel Nr. 9, 4 fl. 15 alb.<\/span><\/li>\n<li><span style=\"font-family: times new roman, times, serif;\">F\u00fcr Maurer- und Wei\u00dfbinderarbeit Martin Stein, Matthes und Konsorten gezahlt lt. Zettel Nr. 10, 54 fl. 13 alb. 4 \u2153 d. (\u201eDieser Zettel ist zur\u00fcckgegeben worden, um sich mit dem Vogt berechnen zu k\u00f6nnen\u201c)<\/span><\/li>\n<li><span style=\"font-family: times new roman, times, serif;\">Johannes Ahrle, dem Leyendecker zu Nassau, f\u00fcr Leyendeckerarbeit lt. Zettel Nr. 11, 3 fl. 12 alb. 4 d.<\/span><\/li>\n<\/ul>\n<\/li>\n<li style=\"text-align: justify;\"><span style=\"font-family: times new roman, times, serif;\">2 fl. 7 alb. 4 d. kommen in der Rechnung von 1721-1726 zur Ausgabe, weil bei den in Rechnung 1715-1717, pag. 9 angesetzten 56 fl. 21 alb. 4 \u2153 d. ein Posten von 4 fl. 15 alb. ausgelassen wurde, wie eine der betreffenden Urkunde angeh\u00e4ngte Bescheinigung ausweist, lt. Urkunde Nr. 2 (ABR 1721-1726)<\/span><\/li>\n<\/ul>\n<\/li>\n<\/ul>\n<hr \/>\n<p><span style=\"font-family: times new roman, times, serif;\"><strong><a id=\"kap3.2\"><\/a>3.2 Sonstige Kosten<\/strong><\/span><\/p>\n<ul>\n<li style=\"list-style-type: none;\">\n<ul>\n<li style=\"text-align: justify;\"><span style=\"font-family: times new roman, times, serif;\">F\u00fcr 30 Decken, zur H\u00e4lfte f\u00fcr die Armen, Hans Peter Fu\u00df aus dem Amt Sohlingen, lt. Quittung Nr. 12, 16 fl. 7 alb. 4 d. (ABR 1715-1717)<\/span><\/li>\n<li style=\"text-align: justify;\"><span style=\"font-family: times new roman, times, serif;\">Johann Anton Hegmann zu Ems f\u00fcr Tuch zu Laken (<em>Leylachen<\/em>), P\u00fclven<a href=\"#_ftn2\" name=\"_ftnref2\">[2]<\/a> und Strohs\u00e4cken, lt. Quittung Nr. 13, 30 fl. (ABR 1715-1717)<\/span><\/li>\n<li style=\"text-align: justify;\"><span style=\"font-family: times new roman, times, serif;\">Georg Henrich <em>Schmitt<\/em>, dem Armenpfleger, sotanes Tuch (s. o.) zu n\u00e4hen, lt. Quittung Nr. 14, 2 fl. 3 alb. (ABR 1715-1717)<\/span><\/li>\n<li style=\"text-align: justify;\"><span style=\"font-family: times new roman, times, serif;\"><span style=\"font-family: times new roman, times, serif;\">Montur des Armenpflegers: <u>1764:<\/u> An den Kr\u00e4mer Kneuper (in Braubach) werden 21 fl. 28 alb. 4 d. f\u00fcr die Montur des Armenpflegers bezahlt lt. herrschaftl. Befehl vom 02.04.1768 (ABR 1764-2) \u2014Schneidermeister Born (in Braubach) erh\u00e4lt 2 fl. 10 alb. Macherlohn hierf\u00fcr (ABR 1764-2) \u2014 <u>1767:<\/u> Herr Hegmann zu Ems erh\u00e4lt 20 fl. f\u00fcr die Montur des Armenpfegers \u2014 <u>1770:<\/u> Armenpfleger Erdmann erh\u00e4lt 20 fl. f\u00fcr die gew\u00f6hnliche Montur<\/span><\/span><\/li>\n<\/ul>\n<\/li>\n<\/ul>\n<hr \/>\n<p><strong><span style=\"font-family: times new roman, times, serif;\">Anmerkungen:<\/span><\/strong><\/p>\n<p style=\"text-align: justify;\"><span style=\"font-family: times new roman, times, serif;\"><a href=\"#_ftnref1\" name=\"_ftn1\"><span style=\"font-size: 10pt;\">[1]<\/span><\/a><span style=\"font-size: 10pt;\"> Trass: Bimssteinart, zun\u00e4chst u. vorwiegend vom Rhein, die pulverisiert und mit Kalk vermischt zum Wasserbau verwandt wird (Grimm: DWB)<br \/>\n<\/span><\/span><span style=\"font-family: times new roman, times, serif; font-size: 10pt;\"><a href=\"#_ftnref2\" name=\"_ftn2\">[2]<\/a> P\u00fclven (von lat. pulvinus) sind Kopfkissen oder Ober- und Deckbetten aus Federn (Rhein. W\u00f6rterbuch)<\/span><\/p>\n<hr \/>\n<p><span style=\"font-size: 10pt; font-family: times new roman, times, serif;\"><strong>Letzte \u00c4nderung: 13. Mai 2026<\/strong><\/span><br \/>\n<span style=\"font-size: 10pt; font-family: times new roman, times, serif;\"><strong>Ralph Jackmuth<\/strong><\/span><\/p>\n","protected":false},"excerpt":{"rendered":"<p>3 Armenbad 3.1 Baukosten 26 fl. 2 alb. 4 d. dem Maurer zu Nassau Lukas Balthasar f\u00fcr Verfertigung eines neuen Kanals am Emser Armenbad zur diesseitigen H\u00e4lfte lt. Befehl Nr. 1 und quittierten Zettels Nr. 2 (ABR 1712-1714) 1 fl. 15 alb. dem Glaser zu Braubach Peter Stein f\u00fcr Glaserarbeit auf erw\u00e4hnten Befehl (Nr. 1) &hellip; <a href=\"https:\/\/www.ahnenforschung-jackmuth.de\/?page_id=12120\" class=\"more-link\"><span class=\"screen-reader-text\">\u201eArmenbad\u201c<\/span> weiterlesen<\/a><\/p>\n","protected":false},"author":1,"featured_media":0,"parent":0,"menu_order":0,"comment_status":"closed","ping_status":"closed","template":"","meta":{"footnotes":""},"class_list":["post-12120","page","type-page","status-publish","hentry"],"_links":{"self":[{"href":"https:\/\/www.ahnenforschung-jackmuth.de\/index.php?rest_route=\/wp\/v2\/pages\/12120","targetHints":{"allow":["GET"]}}],"collection":[{"href":"https:\/\/www.ahnenforschung-jackmuth.de\/index.php?rest_route=\/wp\/v2\/pages"}],"about":[{"href":"https:\/\/www.ahnenforschung-jackmuth.de\/index.php?rest_route=\/wp\/v2\/types\/page"}],"author":[{"embeddable":true,"href":"https:\/\/www.ahnenforschung-jackmuth.de\/index.php?rest_route=\/wp\/v2\/users\/1"}],"replies":[{"embeddable":true,"href":"https:\/\/www.ahnenforschung-jackmuth.de\/index.php?rest_route=%2Fwp%2Fv2%2Fcomments&post=12120"}],"version-history":[{"count":6,"href":"https:\/\/www.ahnenforschung-jackmuth.de\/index.php?rest_route=\/wp\/v2\/pages\/12120\/revisions"}],"predecessor-version":[{"id":12148,"href":"https:\/\/www.ahnenforschung-jackmuth.de\/index.php?rest_route=\/wp\/v2\/pages\/12120\/revisions\/12148"}],"wp:attachment":[{"href":"https:\/\/www.ahnenforschung-jackmuth.de\/index.php?rest_route=%2Fwp%2Fv2%2Fmedia&parent=12120"}],"curies":[{"name":"wp","href":"https:\/\/api.w.org\/{rel}","templated":true}]}}